{"id":5815,"date":"2023-02-23T11:40:32","date_gmt":"2023-02-23T17:40:32","guid":{"rendered":"https:\/\/tecsecmty.com\/index.php\/producto\/bosch-f_gsspk24clpw-altavoz-estrobo-color-blanco-techo-ul\/"},"modified":"2023-03-22T23:21:14","modified_gmt":"2023-03-23T05:21:14","slug":"bosch-f_gsspk24clpw-altavoz-estrobo-color-blanco-techo-ul","status":"publish","type":"product","link":"https:\/\/tecsecmty.com\/index.php\/producto\/bosch-f_gsspk24clpw-altavoz-estrobo-color-blanco-techo-ul\/","title":{"rendered":"BOSCH F_GSSPK24CLPW &#8211; Altavoz ESTROBO \/ Color blanco \/ Techo \/ UL"},"content":{"rendered":"<h5 class=\"card-title text-center\">G-SSPK24CLPW Altavoz de montaje en techo de candelas m\u00faltiples Estrobosc\u00f3pico (blanco, FUEGO)<\/h5>\n<p class=\"ql-align-justify\"><strong>El G-SSPKWLP Altavoz de serie de montaje en pared de bajo perfil las luces estrobosc\u00f3picas est\u00e1n dise\u00f1adas para cumplir con los requisitos de c\u00f3digo para audio, comunicaciones visuales y de voz.<\/strong>\u00a0Esta serie proporciona productos de altavoces de calidad que ofrecen evacuaci\u00f3n confiable se\u00f1alizaci\u00f3n y alarmas visuales, o una combinaci\u00f3n de ambas. Ellos proporcionar un altavoz de 25 VRMS o 70.7 VRMS con campo: tomas de corriente seleccionables de 1\/8 W, 1\/4 W, 1\/2 W, 1 W, 2 W o 4 W.<\/p>\n<p class=\"ql-align-justify\">El G-SSPK24\u201115\/75WLP luz estrobosc\u00f3pica de altavoz de candela fija los modelos est\u00e1n listados por UL en 15 cd, pero proporcionan 75 cd en el eje. Los modelos de luces estrobosc\u00f3picas de candelas m\u00faltiples (G-SSPK24WLP) pueden ser configurado para 15 cd, 30 cd, 60 cd, 75 cd o 110 cd. Las luces estrobosc\u00f3picas mantener una velocidad de flash constante de 1 Hz independientemente de la entrada voltaje Las luces estrobosc\u00f3picas pueden sincronizarse usando el AVSM m\u00f3dulo de sincronizaci\u00f3n, o por paneles de control de alarma contra incendios (FACP) o fuentes de alimentaci\u00f3n que incluyen la sincronizaci\u00f3n de protocolo Gentex.<\/p>\n<p class=\"ql-align-justify\"><strong>Certificaciones y aprobaciones<\/strong><\/p>\n<p class=\"ql-align-justify\"><strong>Nota: Gentex Corporation posee los listados y Aprobaciones.<\/strong><\/p>\n<p class=\"ql-align-justify\"><strong>Certificaci\u00f3n de regi\u00f3n<\/strong><\/p>\n<p class=\"ql-align-justify\"><strong>EE. UU.\u00a0<\/strong><\/p>\n<ul>\n<li class=\"ql-align-justify\">UL UUKC: dispositivos de se\u00f1alizaci\u00f3n y Equipo para personas con discapacidad auditiva (ANSI \/ UL 1971), UUMW: altavoces y Amplificadores para se\u00f1alizaci\u00f3n de protecci\u00f3n contra incendios Sistemas (UL1480).<\/li>\n<li class=\"ql-align-justify\">CSFM 7320-0569: 140.<\/li>\n<li class=\"ql-align-justify\">NYC-MEA 580-06-E, vol. 3.<\/li>\n<li class=\"ql-align-justify\">ADA: cumple con los estadounidenses con discapacidades Actuar.<\/li>\n<li class=\"ql-align-justify\">NFPA: Cumple con la Asociaci\u00f3n Nacional de Protecci\u00f3n contra Incendios NFPA 72.<\/li>\n<\/ul>\n<p class=\"ql-align-justify\"><strong>Notas de instalaci\u00f3n \/ configuraci\u00f3n<\/strong><\/p>\n<p class=\"ql-align-justify\"><strong>Consideraciones de montaje<\/strong><\/p>\n<p class=\"ql-align-justify\">Las luces estrobosc\u00f3picas de altavoces de la serie G\u2011SSPKWLP son para interiores solo instalaci\u00f3n M\u00f3ntelos en paredes interiores u otros materiales duros superficies donde est\u00e1n protegidos de elementos clim\u00e1ticos como lluvia o nieve. Las unidades de montaje empotrado en un est\u00e1ndar caja cuadrada de 4 pulgadas por 2.125 pulgadas de profundidad.<\/p>\n<p class=\"ql-align-justify\"><strong>Consideraciones de cableado<\/strong><\/p>\n<p class=\"ql-align-justify\"><strong>Nota: No utilice estas unidades de luz estrobosc\u00f3pica codificadas o circuitos de se\u00f1alizaci\u00f3n pulsada.<\/strong><\/p>\n<p class=\"ql-align-justify\"><strong>Di\u00e1metro del cable:<\/strong><\/p>\n<p class=\"ql-align-justify\">Los terminales de entrada aceptan cables s\u00f3lidos con di\u00e1metros. entre 18 AWG (1.0 mm) y 12 AWG (2.0 mm) o cables trenzados con di\u00e1metros entre 18 AWG (1.2 mm) y 12 AWG (2,3 mm).<\/p>\n<p class=\"ql-align-justify\">Nota: No utilice cable en bucle debajo de los terminales. Descanso el tendido de cables para proporcionar supervisi\u00f3n de conexi\u00f3n.<\/p>\n<p class=\"ql-align-justify\"><strong>Piezas incluidas<\/strong><\/p>\n<p class=\"ql-align-justify\"><strong>Cuan<\/strong>t.\u00a0<strong>Componente<\/strong><\/p>\n<ul>\n<li class=\"ql-align-justify\">1 altavoz estrobosc\u00f3pico<\/li>\n<li class=\"ql-align-justify\">1 paquete de hardware<\/li>\n<li class=\"ql-align-justify\">1 paquete de literatura<\/li>\n<\/ul>\n<p><strong>Nota:\u00a0<\/strong>G-SSPK24CLPW Altavoz de montaje en techo de candelas m\u00faltiples<\/p>\n<p>Estrobosc\u00f3pico (blanco, FUEGO)<\/p>\n<p>Este altavoz estrobosc\u00f3pico blanco est\u00e1 dise\u00f1ado para cumplir con el c\u00f3digo requisitos para audio, visual y voz comunicaciones Ofrece evacuaci\u00f3n confiable se\u00f1alizaci\u00f3n y alarmas visuales, o una combinaci\u00f3n de ambas.<\/p>\n<p class=\"ql-align-justify\">N\u00famero de pedido: G-SSPK24CLPW<\/p>\n<p class=\"ql-align-justify\"><strong>Principales caracter\u00edsticas\u00a0<\/strong><\/p>\n<ul>\n<li class=\"ql-align-justify\">Salida dB de alta calidad.<\/li>\n<li class=\"ql-align-justify\">Rango de frecuencia de 400 Hz a 4000 Hz.<\/li>\n<li class=\"ql-align-justify\">Terminales de tornillo; cableado de entrada y salida separado 18 AWG (1,2 mm) a 12 AWG (2,3 mm).<\/li>\n<li class=\"ql-align-justify\">Tomas de corriente seleccionables en campo: 1\/8 W, 1\/4 W, 1\/2 W, 1 W, 2 W, 4 W.<\/li>\n<li class=\"ql-align-justify\">Voltaje del altavoz 25 VRMS o 70.7 VRMS est\u00e1ndar; seleccionable en campo.<\/li>\n<li class=\"ql-align-justify\">Parrilla a prueba de manipulaciones.<\/li>\n<li class=\"ql-align-justify\">Montaje empotrado en un cuadrado est\u00e1ndar de 4 pulgadas por 2.125 pulg. caja trasera profunda.<\/li>\n<\/ul>\n<p class=\"ql-align-justify\"><strong>Especificaciones\u00a0<\/strong><\/p>\n<p class=\"ql-align-justify\"><strong>Ambientales<\/strong><\/p>\n<ul>\n<li class=\"ql-align-justify\">Temperatura (en funcionamiento): + 32 \u00b0 F a + 120 \u00b0 F (0 \u00b0 C a + 49 \u00b0 C)<\/li>\n<\/ul>\n<p class=\"ql-align-justify\"><strong>Mec\u00e1nicas<\/strong><\/p>\n<ul>\n<li class=\"ql-align-justify\">Dimensiones (HxWxD): 6.1 pulg. X 6.1 pulg. X 1.88 pulg.(154,9 mm x 154,9 mm x 47,8 mm)<\/li>\n<\/ul>\n<p class=\"ql-align-justify\"><strong>Requerimientos de energ\u00eda<\/strong><\/p>\n<p class=\"ql-align-justify\"><strong>Corriente, funcionamiento m\u00e1ximo (luz estrobosc\u00f3pica)<\/strong><\/p>\n<ul>\n<li class=\"ql-align-justify\">15\/75 cd1 24 VDC: 96 mA; 24 VFWR: 135 mA.<\/li>\n<li class=\"ql-align-justify\">15 cd: 24 V CC: 78 mA; 24 VFWR: 113 mA.<\/li>\n<li class=\"ql-align-justify\">30 cd: 24 V CC: 96 mA; 24 VFWR: 135 mA.<\/li>\n<li class=\"ql-align-justify\">60 cd: 24 V CC: 137 mA; 24 VFWR: 186 mA.<\/li>\n<li class=\"ql-align-justify\">75 cd: 24 V CC: 180 mA; 24 VFWR: 245 mA.<\/li>\n<li class=\"ql-align-justify\">110 cd: 24 V CC: 224 mA; 24 VFWR: 313 mA.<\/li>\n<\/ul>\n<p class=\"ql-align-justify\"><strong>Voltaje<\/strong><\/p>\n<ul>\n<li class=\"ql-align-justify\">Nominal: 24 V (DC o FWR).<\/li>\n<li class=\"ql-align-justify\">Rango: 16 V a 33 V (DC o FWR).<\/li>\n<\/ul>\n<p class=\"ql-align-justify\">Nota: Los modelos G\u2011SSPK24-15 \/ 75WLP tienen una candela fija calificaci\u00f3n de 15\/75 cd; aunque est\u00e1n listados por UL en 15 cd, Proporcionan 75 cd en el eje.<\/p>\n<p class=\"ql-align-justify\"><strong>Altavoz dBA [UL t\u00edpico dB a 10 pies (3 m)]<\/strong><\/p>\n<ul>\n<li class=\"ql-align-justify\">1\/8 W: 25 V: 74,6 dBA; 70.7 V: 73.7 dBA.<\/li>\n<li class=\"ql-align-justify\">1\/4 W: 25 V: 77.7 dBA; 70.7 V: 76.7 dBA.<\/li>\n<li class=\"ql-align-justify\">1\/2 W: 25 V: 80.5 dBA; 70.7 V: 79.6 dBA.<\/li>\n<li class=\"ql-align-justify\">1 W: 25 V: 83,1 dBA; 70.7 V: 82.5 dBA.<\/li>\n<li class=\"ql-align-justify\">2 W: 25 V: 85,6 dBA; 70.7 V: 85.4 dBA.<\/li>\n<li class=\"ql-align-justify\">4 W: 25 V: 87.9 dBA; 70.7 V: 87.9 dBA.<\/li>\n<\/ul>\n<p><img decoding=\"async\" class=\"overview-center-img-web\" src=\"https:\/\/tvc.mx\/media\/36243\/Logoopaginas-oficial-1920x400.png\" alt=\"\" \/><\/p>\n","protected":false},"excerpt":{"rendered":"<p>G-SSPK24CLPW Altavoz de montaje en techo de candelas m\u00faltiples Estrobosc\u00f3pico (blanco, FUEGO) El G-SSPKWLP Altavoz de serie de montaje en pared de bajo perfil las luces estrobosc\u00f3picas est\u00e1n dise\u00f1adas para cumplir con los requisitos de c\u00f3digo para audio, comunicaciones visuales y de voz.\u00a0Esta serie proporciona&hellip;<\/p>\n","protected":false},"featured_media":5814,"comment_status":"open","ping_status":"closed","template":"","meta":{"om_disable_all_campaigns":false,"_monsterinsights_skip_tracking":false,"_monsterinsights_sitenote_active":false,"_monsterinsights_sitenote_note":"","_monsterinsights_sitenote_category":0},"product_brand":[],"product_cat":[504],"product_tag":[495,497,498,499,500,501,496,502],"class_list":{"0":"post-5815","1":"product","2":"type-product","3":"status-publish","4":"has-post-thumbnail","6":"product_cat-estrobos-y-sirenas","7":"product_tag-control-de-incendio","8":"product_tag-detectores","9":"product_tag-estacion-manual","10":"product_tag-estrobos-y-sirenas","11":"product_tag-modulos","12":"product_tag-paneles-de-control","13":"product_tag-sistemas-de-incendio","14":"product_tag-teclados","16":"first","17":"instock","18":"sale","19":"taxable","20":"shipping-taxable","21":"purchasable","22":"product-type-simple"},"aioseo_notices":[],"_links":{"self":[{"href":"https:\/\/tecsecmty.com\/index.php\/wp-json\/wp\/v2\/product\/5815","targetHints":{"allow":["GET"]}}],"collection":[{"href":"https:\/\/tecsecmty.com\/index.php\/wp-json\/wp\/v2\/product"}],"about":[{"href":"https:\/\/tecsecmty.com\/index.php\/wp-json\/wp\/v2\/types\/product"}],"replies":[{"embeddable":true,"href":"https:\/\/tecsecmty.com\/index.php\/wp-json\/wp\/v2\/comments?post=5815"}],"version-history":[{"count":0,"href":"https:\/\/tecsecmty.com\/index.php\/wp-json\/wp\/v2\/product\/5815\/revisions"}],"wp:featuredmedia":[{"embeddable":true,"href":"https:\/\/tecsecmty.com\/index.php\/wp-json\/wp\/v2\/media\/5814"}],"wp:attachment":[{"href":"https:\/\/tecsecmty.com\/index.php\/wp-json\/wp\/v2\/media?parent=5815"}],"wp:term":[{"taxonomy":"product_brand","embeddable":true,"href":"https:\/\/tecsecmty.com\/index.php\/wp-json\/wp\/v2\/product_brand?post=5815"},{"taxonomy":"product_cat","embeddable":true,"href":"https:\/\/tecsecmty.com\/index.php\/wp-json\/wp\/v2\/product_cat?post=5815"},{"taxonomy":"product_tag","embeddable":true,"href":"https:\/\/tecsecmty.com\/index.php\/wp-json\/wp\/v2\/product_tag?post=5815"}],"curies":[{"name":"wp","href":"https:\/\/api.w.org\/{rel}","templated":true}]}}