{"id":5821,"date":"2023-02-23T11:40:42","date_gmt":"2023-02-23T17:40:42","guid":{"rendered":"https:\/\/tecsecmty.com\/index.php\/producto\/bosch-f_mt1224r-sirena-multitono-ocho-patrones-de-tono-dos-niveles\/"},"modified":"2023-03-22T23:21:15","modified_gmt":"2023-03-23T05:21:15","slug":"bosch-f_mt1224r-sirena-multitono-ocho-patrones-de-tono-dos-niveles","status":"publish","type":"product","link":"https:\/\/tecsecmty.com\/index.php\/producto\/bosch-f_mt1224r-sirena-multitono-ocho-patrones-de-tono-dos-niveles\/","title":{"rendered":"BOSCH F_MT1224R- SIRENA MULTITONO\/ OCHO PATRONES DE TONO\/ DOS NIVELES"},"content":{"rendered":"<h5 class=\"card-title text-center\">Aparato electr\u00f3nico multitono MT-12\/24-R<\/h5>\n<p class=\"ql-align-justify\"><strong>El dispositivo Wheelock MT \u2011 12\/24-R es audible dispositivo indicador de alarma dise\u00f1ado para cumplir con especificaciones de patrones temporales sin requerir un mecanismo de c\u00f3digo adicional.<\/strong>\u00a0Ofrece una selecci\u00f3n de ocho patrones de tono y dos niveles de salida de sonido,los los patrones temporales (c\u00f3digo 3) de bocina y tono cumplen con ANSI \/ Requisitos NFPA \/ ISO para emergencias est\u00e1ndar se\u00f1alizaci\u00f3n de evacuaci\u00f3n. El rango de temperatura extendido Satisface todas las aplicaciones en exteriores de clima severo.<\/p>\n<p class=\"ql-align-justify\"><strong>Certificaciones y aprobaciones<\/strong><\/p>\n<p class=\"ql-align-justify\">Cooper Wheelock, Inc. posee estos listados y Aprobaciones:<\/p>\n<p class=\"ql-align-justify\"><strong>Certificaci\u00f3n de regi\u00f3n<\/strong><\/p>\n<p class=\"ql-align-justify\"><strong>USA\u00a0 UL\u00a0<\/strong><\/p>\n<ul>\n<li class=\"ql-align-justify\">UCST: dispositivos de se\u00f1al audible, se\u00f1al general (UL464).<\/li>\n<li class=\"ql-align-justify\">ULSZ: se\u00f1al audible Electrodom\u00e9sticos (UL464)<\/li>\n<li class=\"ql-align-justify\">CSFM vea nuestro sitio web<\/li>\n<\/ul>\n<p class=\"ql-align-justify\"><strong>Canada\u00a0 ULC<\/strong><\/p>\n<ul>\n<li class=\"ql-align-justify\">ULSZC: dispositivos de se\u00f1al audible y<\/li>\n<li class=\"ql-align-justify\">Accesorios, alarma contra incendios<\/li>\n<\/ul>\n<p class=\"ql-align-justify\"><strong>Notas de instalaci\u00f3n \/ configuraci\u00f3n<\/strong><\/p>\n<p class=\"ql-align-justify\"><strong>Productos compatibles<\/strong><\/p>\n<p class=\"ql-align-justify\">Los siguientes productos son compatibles con Aparato electr\u00f3nico MT \u2011 12\/24-R:<\/p>\n<p class=\"ql-align-justify\">Descripci\u00f3n del producto a Controlar:<\/p>\n<p class=\"ql-align-justify\"><strong>Paneles<\/strong><\/p>\n<ul>\n<li class=\"ql-align-justify\">Compatible con todas las series G de Bosch, serie 6000, 2000 Series, DS7400Xi y DS7400XiV4, DS7080iP \u2011 32, Paneles de control de las series DS7200 y DS70601.<\/li>\n<li class=\"ql-align-justify\">D70222 FACP convencional.<\/li>\n<li class=\"ql-align-justify\">D70243 FACP direccionable.<\/li>\n<li class=\"ql-align-justify\">D7024 FACP convencional.<\/li>\n<li class=\"ql-align-justify\">D80244 FACP anal\u00f3gico.<\/li>\n<li class=\"ql-align-justify\">D91244 FACP direccionable.<\/li>\n<li class=\"ql-align-justify\">D10024A4 FACP anal\u00f3gico.<\/li>\n<\/ul>\n<p class=\"ql-align-justify\"><strong>M\u00f3dulos<\/strong><\/p>\n<ul>\n<li class=\"ql-align-justify\">SM \u2011 12\/24 \u2011 R M\u00f3dulo de sincronizaci\u00f3n (rojo).<\/li>\n<li class=\"ql-align-justify\">DSM \u2011 12\/24 \u2011 R M\u00f3dulo de sincronizaci\u00f3n dual (rojo).<\/li>\n<li class=\"ql-align-justify\">RSSP \u2011 121575W \u2011 FR Placa estrobosc\u00f3pica de actualizaci\u00f3n (12 V).<\/li>\n<li class=\"ql-align-justify\">RSSP \u2011 241575W \u2011 FR Luz estrobosc\u00f3pica de modificaci\u00f3n de candela fija placa (24 V).<\/li>\n<li class=\"ql-align-justify\">RSSP \u2011 24MCW \u2011 FR Luz estrobosc\u00f3pica de modificaci\u00f3n m\u00faltiple placa (24 V).<\/li>\n<li class=\"ql-align-justify\">RSSP \u2011 24MCWH \u2011 FR Luz estrobosc\u00f3pica de retroalimentaci\u00f3n de alta candela placa (24 V).<\/li>\n<\/ul>\n<p class=\"ql-align-justify\"><strong>Nota:\u00a0Las placas estrobosc\u00f3picas de retroadaptaci\u00f3n est\u00e1n disponibles en 12 V o Modelos de 24 V. Elige un modelo con el correcto voltaje para el panel de control que se est\u00e1 utilizando. Referirse a uso como dispositivo combinado.<\/strong><\/p>\n<p class=\"ql-align-justify\"><strong>Consideraciones de montaje<\/strong><\/p>\n<p class=\"ql-align-justify\">Aplicaciones en ambientes exteriores o severos para una aplicaci\u00f3n al aire libre o un ambiente severo<\/p>\n<p class=\"ql-align-justify\">(NEMA 3R), estos dispositivos multitono encombinaci\u00f3n con una caja posterior IOB para interiores o exteriores debe montarse en una pared plana de modo que la pared cubre toda la superficie posterior de la caja posterior, los la caja posterior debe tener sus agujeros de drenaje apuntando hacia el<\/p>\n<p class=\"ql-align-justify\">suelo. Los golpes de gracia en la superficie posterior de la espalda la caja debe permanecer intacta.<\/p>\n<p class=\"ql-align-justify\">El orificio ciego en la parte superior de la caja posterior est\u00e1 dimensionado para un conducto de media pulgada y conector a juego. Una adecuada se debe usar un conducto herm\u00e9tico.<\/p>\n<p class=\"ql-align-justify\"><strong>Usar como dispositivo combinado<\/strong><\/p>\n<p class=\"ql-align-justify\">Cuando se requieren aparatos combinados, estos los dispositivos multitono se pueden usar con<\/p>\n<p class=\"ql-align-justify\">RSSP \u2011 121575W \u2011 FR (12 V, 15\/75 cd), RSSP \u2011 241575W \u2011 FR (24 V, 15\/75 cd), RSSP \u2011 24MCW \u2011 FR<\/p>\n<p class=\"ql-align-justify\">(24 V, 15 cd, 30 cd, 75 cd o 110 cd), o RSSP \u2011 24MCWH \u2011 FR (24 V, 135 cd o 185 cd) Adaptaci\u00f3n<\/p>\n<p class=\"ql-align-justify\">Placas estrobosc\u00f3picas que est\u00e1n dise\u00f1adas para cumplir o superar el \u00faltimos requisitos de NFPA 72, ANSI 117.0 y UL 1971. Los dispositivos multitono y la luz estrobosc\u00f3pica retroadaptada las placas tambi\u00e9n son compatibles con el SBL2 \u2011 R Retrofit Caja posterior del dispositivo.<\/p>\n<p class=\"ql-align-justify\"><strong>Cableado<\/strong><\/p>\n<p class=\"ql-align-justify\">Los terminales de entrada aceptan cables con di\u00e1metros, entre 18 AWG y 12 AWG (ISO 0.75 mm2 y 4 mm).<\/p>\n<p class=\"ql-align-justify\"><strong>Partes incluidas<\/strong><\/p>\n<p class=\"ql-align-justify\"><strong>Cuant. Componente<\/strong><\/p>\n<ul>\n<li class=\"ql-align-justify\">1 aparato electr\u00f3nico.<\/li>\n<li class=\"ql-align-justify\">1 paquete de hardware.<\/li>\n<li class=\"ql-align-justify\">1 paquete de literatura.<\/li>\n<\/ul>\n<p class=\"ql-align-justify\"><strong>Nota:\u00a0 Aparato electr\u00f3nico multitono MT-12\/24-R<\/strong><\/p>\n<p class=\"ql-align-justify\"><strong>El dispositivo Wheelock MT \u2011 12\/24-R es audible dispositivo indicador de alarma dise\u00f1ado para cumplir con especificaciones de patrones temporales sin requerir un mecanismo de c\u00f3digo adicional. Ofrece una selecci\u00f3n de ocho patrones de tono y dos niveles de salida de sonido.<\/strong><\/p>\n<p class=\"ql-align-justify\"><strong>N\u00famero de pedido: MT-12\/24-R<\/strong><\/p>\n<p class=\"ql-align-justify\"><strong>Principales caracter\u00edsticas<\/strong><\/p>\n<ul>\n<li class=\"ql-align-justify\">Selecci\u00f3n seleccionable en campo de ocho a nivel nacional y se\u00f1ales de alerta reconocidas internacionalmente.<\/li>\n<li class=\"ql-align-justify\">Dos niveles de salida de sonido seleccionables por el instaladorCumple con NFPA y ANSI.<\/li>\n<li class=\"ql-align-justify\">Listado por UL para uso en interiores o exteriores Bajo consumo de corriente promedio.<\/li>\n<\/ul>\n<p class=\"ql-align-justify\"><strong>Especificaciones\u00a0<\/strong><\/p>\n<p class=\"ql-align-justify\"><strong>Patrones de alarma y clasificaciones Cuerno (continuo) Corriente (m\u00e1xima) a 12 V:<\/strong><\/p>\n<ul>\n<li class=\"ql-align-justify\">Salida alta: 176 mA VDC, 172 mA FWR<\/li>\n<li class=\"ql-align-justify\">Salida est\u00e1ndar: 34 mA VDC, 39 mA VDC<\/li>\n<\/ul>\n<p class=\"ql-align-justify\"><strong>Corriente (m\u00e1xima) a 24 V:<\/strong><\/p>\n<ul>\n<li class=\"ql-align-justify\">Salida alta: 108 mA VDC, 87 mA FWR.<\/li>\n<li class=\"ql-align-justify\">Salida est\u00e1ndar: 44 mA VDC, 45 mA FWR.<\/li>\n<li class=\"ql-align-justify\">Descripci\u00f3n del patr\u00f3n: bocina continua de banda ancha.<\/li>\n<\/ul>\n<p class=\"ql-align-justify\"><strong>Salida de sonido a 10 pies (3 m):<\/strong><\/p>\n<ul>\n<li class=\"ql-align-justify\">Alto rendimiento: 92 dBA.<\/li>\n<li class=\"ql-align-justify\">Salida est\u00e1ndar: 87 dBA.<\/li>\n<\/ul>\n<p class=\"ql-align-justify\"><strong>Campana<\/strong><\/p>\n<p class=\"ql-align-justify\"><strong>Corriente (m\u00e1xima) a 12 V:<\/strong><\/p>\n<ul>\n<li class=\"ql-align-justify\">Salida alta: 95 mA VDC, 98 mA FWR.<\/li>\n<li class=\"ql-align-justify\">Salida est\u00e1ndar: 20 mA VDC, 23 mA FWR.<\/li>\n<\/ul>\n<p class=\"ql-align-justify\"><strong>Corriente (m\u00e1xima) a 24 V:<\/strong><\/p>\n<ul>\n<li class=\"ql-align-justify\">Salida alta: 53 mA VDC y 51 mA FWR.<\/li>\n<li class=\"ql-align-justify\">Salida est\u00e1ndar: 24 mA VDC, 28 mA FWR.<\/li>\n<li class=\"ql-align-justify\">Descripci\u00f3n del patr\u00f3n: 1560 Hz modulada (0.7 seg, repetici\u00f3n).<\/li>\n<\/ul>\n<p class=\"ql-align-justify\"><strong>Salida de sonido a 10 pies (3 m):<\/strong><\/p>\n<ul>\n<li class=\"ql-align-justify\">Alto rendimiento: 86 dBA.<\/li>\n<li class=\"ql-align-justify\">Salida est\u00e1ndar: 80 dBA.<\/li>\n<\/ul>\n<p class=\"ql-align-justify\"><strong>Cuerno (tiempo de marcha)<\/strong><\/p>\n<p class=\"ql-align-justify\"><strong>Corriente (m\u00e1xima) a 12 V:<\/strong><\/p>\n<ul>\n<li class=\"ql-align-justify\">Salida alta: 142 mA VDC, 172 mA FWR.<\/li>\n<li class=\"ql-align-justify\">Salida est\u00e1ndar: 34 mA VDC, 39 mA FWR.<\/li>\n<\/ul>\n<p class=\"ql-align-justify\"><strong>Corriente (m\u00e1xima) a 24 V:.<\/strong><\/p>\n<ul>\n<li class=\"ql-align-justify\">Salida alta: 104 mA VDC, 87 mA FWR.<\/li>\n<li class=\"ql-align-justify\">Salida est\u00e1ndar: 38 mA VDC, 45 mA FWR.<\/li>\n<li class=\"ql-align-justify\">Descripci\u00f3n del patr\u00f3n: Cuerno (0.25 segundos encendido, 0.25 segundos apagado, repetir).<\/li>\n<\/ul>\n<p class=\"ql-align-justify\"><strong>Salida de sonido a 10 pies (3 m):<\/strong><\/p>\n<ul>\n<li class=\"ql-align-justify\">Alto rendimiento: 89 dBA.<\/li>\n<li class=\"ql-align-justify\">Salida est\u00e1ndar: 84 dBA.<\/li>\n<\/ul>\n<p class=\"ql-align-justify\"><strong>Cuerno (C\u00f3digo 3)<\/strong><\/p>\n<p class=\"ql-align-justify\"><strong>Corriente (m\u00e1xima) a 12 V:<\/strong><\/p>\n<ul>\n<li class=\"ql-align-justify\">Salida alta: 142 mA VDC, 172 mA FWR.<\/li>\n<li class=\"ql-align-justify\">Salida est\u00e1ndar: 34 mA VDC, 39 mA FWR.<\/li>\n<\/ul>\n<p class=\"ql-align-justify\"><strong>Corriente (m\u00e1xima) a 24 V:<\/strong><\/p>\n<ul>\n<li class=\"ql-align-justify\">Salida alta: 91 mA VDC, 87 mA FWR.<\/li>\n<li class=\"ql-align-justify\">Salida est\u00e1ndar: 35 mA VDC, 45 mA FWR.<\/li>\n<li class=\"ql-align-justify\">Descripci\u00f3n del patr\u00f3n: bocina (patr\u00f3n temporal ANSI S3.41)..<\/li>\n<\/ul>\n<p class=\"ql-align-justify\"><strong>Salida de sonido a 10 pies (3 m):<\/strong><\/p>\n<ul>\n<li class=\"ql-align-justify\">Alto rendimiento: 88 dBA.<\/li>\n<li class=\"ql-align-justify\">Salida est\u00e1ndar: 83 dBA.<\/li>\n<\/ul>\n<p class=\"ql-align-justify\"><strong>Tono (C\u00f3digo 3)<\/strong><\/p>\n<p class=\"ql-align-justify\"><strong>Corriente (m\u00e1xima) a 12 V:.<\/strong><\/p>\n<ul>\n<li class=\"ql-align-justify\">Salida alta: 105 mA VDC, 103 mA FWR.<\/li>\n<li class=\"ql-align-justify\">Salida est\u00e1ndar: 21 mA VDC, 23 mA FWR.<\/li>\n<\/ul>\n<p class=\"ql-align-justify\"><strong>Corriente (m\u00e1xima) a 24 V:<\/strong><\/p>\n<ul>\n<li class=\"ql-align-justify\">Alto rendimiento: 75 mA VDC, 60 mA FWR.<\/li>\n<li class=\"ql-align-justify\">Salida est\u00e1ndar: 35 mA VDC, 36 mA FWR.<\/li>\n<li class=\"ql-align-justify\">Descripci\u00f3n del patr\u00f3n: 500 Hz (patr\u00f3n temporal ANSI S3.41<\/li>\n<\/ul>\n<p class=\"ql-align-justify\"><strong>Salida de sonido a 10 pies (3 m):<\/strong><\/p>\n<ul>\n<li class=\"ql-align-justify\">Alto rendimiento: 85 dBA.<\/li>\n<li class=\"ql-align-justify\">Salida est\u00e1ndar: 80 dBA.<\/li>\n<\/ul>\n<p class=\"ql-align-justify\"><strong>Whoop lento:<\/strong><\/p>\n<p class=\"ql-align-justify\"><strong>Corriente (m\u00e1xima) a 12 V:<\/strong><\/p>\n<ul>\n<li class=\"ql-align-justify\">Alto rendimiento: 142 mA VDC y FWR.<\/li>\n<li class=\"ql-align-justify\">Salida est\u00e1ndar: 35 mA VDC, 38 mA FWR<\/li>\n<\/ul>\n<p class=\"ql-align-justify\"><strong>Corriente (m\u00e1xima) a 24 V:<\/strong><\/p>\n<ul>\n<li class=\"ql-align-justify\">Salida alta: 98 mA VDC, 92 mA FWR<\/li>\n<li class=\"ql-align-justify\">Salida est\u00e1ndar: 37 mA VDC, 42 mA FWR.<\/li>\n<li class=\"ql-align-justify\">Descripci\u00f3n del patr\u00f3n: barrido de 500 Hz a 1200 Hz (4 segundos encendido, 0.5 segundos apagado, repetir).<\/li>\n<\/ul>\n<p class=\"ql-align-justify\"><strong>Salida de sonido a 10 pies (3 m):<\/strong><\/p>\n<ul>\n<li class=\"ql-align-justify\">Alto rendimiento: 90.<\/li>\n<li class=\"ql-align-justify\">Salida est\u00e1ndar: 85 dBA.<\/li>\n<\/ul>\n<p class=\"ql-align-justify\"><strong>Sirena<\/strong><\/p>\n<p class=\"ql-align-justify\"><strong>Corriente (m\u00e1xima) a 12 V<\/strong>:<\/p>\n<ul>\n<li class=\"ql-align-justify\">Salida alta: 152 mA VDC, 153 mA FWR.<\/li>\n<li class=\"ql-align-justify\">Salida est\u00e1ndar: 30 mA VDC, 34 mA FWR<\/li>\n<\/ul>\n<p class=\"ql-align-justify\"><strong>Corriente (m\u00e1xima) a 24 V:<\/strong><\/p>\n<ul>\n<li class=\"ql-align-justify\">Salida alta: 104 mA VDC, 92 mA FWR.<\/li>\n<li class=\"ql-align-justify\">Salida est\u00e1ndar: 36 mA VDC, 40 mA FWR.<\/li>\n<li class=\"ql-align-justify\">Descripci\u00f3n del patr\u00f3n: barrido de 600 Hz a 1200 Hz (1.0 segundos encendido, repetir).<\/li>\n<\/ul>\n<p class=\"ql-align-justify\"><strong>Salida de sonido a 10 pies (3 m):<\/strong><\/p>\n<ul>\n<li class=\"ql-align-justify\">Alto rendimiento: 89 dBA.<\/li>\n<li class=\"ql-align-justify\">Salida est\u00e1ndar: 84 dBA.<\/li>\n<\/ul>\n<p class=\"ql-align-justify\"><strong>Alta baja<\/strong><\/p>\n<p class=\"ql-align-justify\"><strong>Corriente (m\u00e1xima) a 12 V:<\/strong><\/p>\n<ul>\n<li class=\"ql-align-justify\">Salida alta: 114 mA VDC, 116 mA FWR.<\/li>\n<li class=\"ql-align-justify\">Salida est\u00e1ndar: 26 mA VDC, 29 mA FWR.<\/li>\n<\/ul>\n<p class=\"ql-align-justify\"><strong>Corriente (m\u00e1xima) a 24 V:<\/strong><\/p>\n<ul>\n<li class=\"ql-align-justify\">Salida alta: 57 mA VDC; 58 mA FWR.<\/li>\n<li class=\"ql-align-justify\">Salida est\u00e1ndar: 26 mA VDC, 32 mA FWR.<\/li>\n<li class=\"ql-align-justify\">Descripci\u00f3n del patr\u00f3n: 1000 Hz y 800 Hz (0.25 segundos encendido, alternativo)<\/li>\n<\/ul>\n<p class=\"ql-align-justify\"><strong>Salida de sonido a 10 pies (3 m):<\/strong><\/p>\n<ul>\n<li class=\"ql-align-justify\">Alto rendimiento: 86 dBA.<\/li>\n<li class=\"ql-align-justify\">Salida est\u00e1ndar: 81 dBA<\/li>\n<\/ul>\n<p class=\"ql-align-justify\"><strong>El\u00e9ctrico<\/strong><\/p>\n<ul>\n<li class=\"ql-align-justify\">Voltaje de entrada (nominal): 12 V CC o FWR o 24 V CC o FWR<\/li>\n<li class=\"ql-align-justify\">Rango de voltaje: 12 V: 8.0 V a 17.5 V 24 V: 16.0 V a 33.0 V<\/li>\n<\/ul>\n<p class=\"ql-align-justify\"><strong>Ambiental.<\/strong><\/p>\n<ul>\n<li class=\"ql-align-justify\">Humedad relativa: hasta 95%, sin condensaci\u00f3n.<\/li>\n<li class=\"ql-align-justify\">Temperatura (Operando): -31 \u00b0 F a + 150 \u00b0 F (-35 \u00b0 C a + 66 \u00b0 C).<\/li>\n<\/ul>\n<p class=\"ql-align-justify\"><strong>Mec\u00e1nicas<\/strong><\/p>\n<ul>\n<li class=\"ql-align-justify\">Dimensiones (Alto x ancho x profundidad): 5.125 pulg. X 5.125 pulg. X 2.0 pulg.<\/li>\n<li class=\"ql-align-justify\">(13 cm x 13 cm x 5,1 cm).<\/li>\n<li class=\"ql-align-justify\">Material: termopl\u00e1stico de alto impacto.<\/li>\n<\/ul>\n<p><img decoding=\"async\" class=\"overview-center-img-web\" src=\"https:\/\/tvc.mx\/media\/35345\/Logoopaginas-oficial-1920x400.png\" alt=\"\" \/><\/p>\n","protected":false},"excerpt":{"rendered":"<p>Aparato electr\u00f3nico multitono MT-12\/24-R El dispositivo Wheelock MT \u2011 12\/24-R es audible dispositivo indicador de alarma dise\u00f1ado para cumplir con especificaciones de patrones temporales sin requerir un mecanismo de c\u00f3digo adicional.\u00a0Ofrece una selecci\u00f3n de ocho patrones de tono y dos niveles de salida de sonido,los&hellip;<\/p>\n","protected":false},"featured_media":5820,"comment_status":"open","ping_status":"closed","template":"","meta":{"om_disable_all_campaigns":false,"_monsterinsights_skip_tracking":false,"_monsterinsights_sitenote_active":false,"_monsterinsights_sitenote_note":"","_monsterinsights_sitenote_category":0},"product_brand":[],"product_cat":[504],"product_tag":[495,497,498,499,500,501,496,502],"class_list":{"0":"post-5821","1":"product","2":"type-product","3":"status-publish","4":"has-post-thumbnail","6":"product_cat-estrobos-y-sirenas","7":"product_tag-control-de-incendio","8":"product_tag-detectores","9":"product_tag-estacion-manual","10":"product_tag-estrobos-y-sirenas","11":"product_tag-modulos","12":"product_tag-paneles-de-control","13":"product_tag-sistemas-de-incendio","14":"product_tag-teclados","16":"first","17":"instock","18":"sale","19":"taxable","20":"shipping-taxable","21":"purchasable","22":"product-type-simple"},"aioseo_notices":[],"_links":{"self":[{"href":"https:\/\/tecsecmty.com\/index.php\/wp-json\/wp\/v2\/product\/5821","targetHints":{"allow":["GET"]}}],"collection":[{"href":"https:\/\/tecsecmty.com\/index.php\/wp-json\/wp\/v2\/product"}],"about":[{"href":"https:\/\/tecsecmty.com\/index.php\/wp-json\/wp\/v2\/types\/product"}],"replies":[{"embeddable":true,"href":"https:\/\/tecsecmty.com\/index.php\/wp-json\/wp\/v2\/comments?post=5821"}],"version-history":[{"count":0,"href":"https:\/\/tecsecmty.com\/index.php\/wp-json\/wp\/v2\/product\/5821\/revisions"}],"wp:featuredmedia":[{"embeddable":true,"href":"https:\/\/tecsecmty.com\/index.php\/wp-json\/wp\/v2\/media\/5820"}],"wp:attachment":[{"href":"https:\/\/tecsecmty.com\/index.php\/wp-json\/wp\/v2\/media?parent=5821"}],"wp:term":[{"taxonomy":"product_brand","embeddable":true,"href":"https:\/\/tecsecmty.com\/index.php\/wp-json\/wp\/v2\/product_brand?post=5821"},{"taxonomy":"product_cat","embeddable":true,"href":"https:\/\/tecsecmty.com\/index.php\/wp-json\/wp\/v2\/product_cat?post=5821"},{"taxonomy":"product_tag","embeddable":true,"href":"https:\/\/tecsecmty.com\/index.php\/wp-json\/wp\/v2\/product_tag?post=5821"}],"curies":[{"name":"wp","href":"https:\/\/api.w.org\/{rel}","templated":true}]}}