{"id":5823,"date":"2023-02-23T11:40:47","date_gmt":"2023-02-23T17:40:47","guid":{"rendered":"https:\/\/tecsecmty.com\/index.php\/producto\/bosch-f_mtwp2475wfr-sirena-multito-no-color-rojo-exterior-24v\/"},"modified":"2023-03-22T23:21:15","modified_gmt":"2023-03-23T05:21:15","slug":"bosch-f_mtwp2475wfr-sirena-multito-no-color-rojo-exterior-24v","status":"publish","type":"product","link":"https:\/\/tecsecmty.com\/index.php\/producto\/bosch-f_mtwp2475wfr-sirena-multito-no-color-rojo-exterior-24v\/","title":{"rendered":"BOSCH F_MTWP2475WFR &#8211; Sirena MULTITO NO \/ Color rojo \/ Exterior \/ 24V"},"content":{"rendered":"<h5 class=\"card-title text-center\">MTWP \u2011 2475W \u2011 FR Multitono resistente a la intemperie de montaje en pared<\/h5>\n<p class=\"ql-align-justify\"><strong>Los electrodom\u00e9sticos resistentes a la intemperie MTWP de Wheelock son Aparatos de cuatro cables listados para uso en interiores o exteriores.<\/strong>\u00a0Proporcionan ocho patrones de tono, dos salidas de sonido. niveles y una luz estrobosc\u00f3pica a 75 cd a -31 \u00b0 F (-35 \u00b0 C) y 180 cd a + 77 \u00b0 F (+ 25 \u00b0 C). La bocina temporal (C\u00f3digo 3) y los patrones de tono cumplen con los requisitos ANSI \/ NFPA \/ ISO para se\u00f1alizaci\u00f3n de evacuaci\u00f3n de emergencia est\u00e1ndar, los rango de temperatura extendido satisface todos aplicaciones exteriores en climas severos.<\/p>\n<p class=\"ql-align-justify\">La parte estrobosc\u00f3pica se puede sincronizar usando el SM (simple) o m\u00f3dulos de sincronizaci\u00f3n DSM (dual) o un Panel de control compatible. La parte audible no puede<\/p>\n<p class=\"ql-align-justify\">estar sincronizado, pero se puede conectar a un c\u00f3digo sistema de alarma contra incendios.<\/p>\n<p class=\"ql-align-justify\"><strong>Certificaciones y aprobaciones<\/strong><\/p>\n<p class=\"ql-align-justify\"><strong>Cooper Wheelock, Inc. posee estos listados y Aprobaciones:<\/strong><\/p>\n<p class=\"ql-align-justify\"><strong>Certificaci\u00f3n de regi\u00f3n<\/strong><\/p>\n<p class=\"ql-align-justify\"><strong>EE.UU.<\/strong><\/p>\n<ul>\n<li class=\"ql-align-justify\">UL ULSZ: dispositivos de se\u00f1al audible (ANSI \/ UL 464) y UVAV: se\u00f1al visual<\/li>\n<li class=\"ql-align-justify\">Aparatos para la se\u00f1alizaci\u00f3n de protecci\u00f3n contra incendios Sistemas (ANSI \/ UL 1638).<\/li>\n<li class=\"ql-align-justify\">CSFM vea nuestro sitio web<\/li>\n<\/ul>\n<p class=\"ql-align-justify\"><strong>Paneles<\/strong><\/p>\n<ul>\n<li class=\"ql-align-justify\">D70221: FACP convencional.<\/li>\n<li class=\"ql-align-justify\">D70242: FACP direccionable.<\/li>\n<li class=\"ql-align-justify\">D7024 FACP convencional.<\/li>\n<li class=\"ql-align-justify\">D80241: FACP anal\u00f3gico.<\/li>\n<li class=\"ql-align-justify\">D91241 FACP direccionable.<\/li>\n<li class=\"ql-align-justify\">D10024A1: FACP anal\u00f3gico.<\/li>\n<li class=\"ql-align-justify\">FPD-70242: FACP direccionable.<\/li>\n<li class=\"ql-align-justify\">FPD-7024: FACP convencional.<\/li>\n<li class=\"ql-align-justify\">FPA-1000: FACP direccionables anal\u00f3gicos.<\/li>\n<\/ul>\n<p class=\"ql-align-justify\"><strong>Consideraciones de montaje<\/strong><\/p>\n<p class=\"ql-align-justify\">Aplicaciones en ambientes exteriores o severos.<\/p>\n<p class=\"ql-align-justify\">Nota: Monte los modelos 2475C solo en techos planos y monte los modelos 2475W solo en paredes planas.<\/p>\n<p class=\"ql-align-justify\">Para una aplicaci\u00f3n al aire libre o un ambiente severo (NEMA 3R), monte estos multitonos electrodom\u00e9sticos con una caja posterior IOB para interiores o exteriores en una pared plana o techo para que toda la superficie trasera de la caja posterior est\u00e1 cubierta. Los agujeros de drenaje en la caja posterior, debe apuntar hacia el suelo. Los nocauts en la superficie posterior de la caja posterior debe permanecer intacta.<\/p>\n<p class=\"ql-align-justify\">El orificio ciego en la parte superior de la caja posterior est\u00e1 dimensionado para un<\/p>\n<p class=\"ql-align-justify\">conducto de media pulgada y conector a juego. Utilizar una conexi\u00f3n adecuada del conducto herm\u00e9tico.<\/p>\n<p class=\"ql-align-justify\"><strong>Aplicaciones de modernizaci\u00f3n interior<\/strong><\/p>\n<p class=\"ql-align-justify\">Donde una caja el\u00e9ctrica de gran tama\u00f1o ya est\u00e1 instalada, estos dispositivos multitono se pueden instalar con la Placa de modificaci\u00f3n RP \u2011 R que mide 8 pulgadas (20,3 cm) de altura por 5.875 pulg. (14.9 cm) de ancho.<\/p>\n<p class=\"ql-align-justify\"><strong>Alambrado<\/strong><\/p>\n<p class=\"ql-align-justify\">Nota: No se recomienda el uso de estas unidades estrobosc\u00f3picas, en circuitos de se\u00f1alizaci\u00f3n codificados o pulsados. Los terminales de entrada aceptan cables con di\u00e1metros entre 18 AWG y 12 AWG (ISO 0.75 mm2 y 4 mm2).<\/p>\n<p class=\"ql-align-justify\"><strong>Partes incluidas<\/strong><\/p>\n<p class=\"ql-align-justify\"><strong>Cuant. Componente<\/strong><\/p>\n<ul>\n<li class=\"ql-align-justify\">1 aparato electr\u00f3nico resistente a la intemperie<\/li>\n<li class=\"ql-align-justify\">1 placa de cubierta<\/li>\n<li class=\"ql-align-justify\">1 paquete de hardware<\/li>\n<li class=\"ql-align-justify\">1 paquete de literatura<\/li>\n<\/ul>\n<p class=\"ql-align-justify\"><strong>Nota:\u00a0 MTWP \u2011 2475W \u2011 FR Multitono resistente a la intemperie de montaje en pared<\/strong><\/p>\n<p class=\"ql-align-justify\"><strong>Aparato Electr\u00f3nico Rojo, 24 V CC, montaje en pared, dispositivo de cuatro hilos con ocho patrones de tono, dos niveles de salida de sonido y una luz estrobosc\u00f3pica clasificado a 75 cd a -31 \u00b0 F (-35 \u00b0 C) y 180 cd a + 77 \u00b0 F (+ 25 \u00b0 C).<\/strong><\/p>\n<p class=\"ql-align-justify\"><strong>N\u00famero de pedido: MTWP-2475W-FR<\/strong><\/p>\n<p class=\"ql-align-justify\"><strong>Principales caracter\u00edsticas<\/strong><\/p>\n<ul>\n<li class=\"ql-align-justify\">Selecci\u00f3n seleccionable en campo de ocho a nivel nacional y se\u00f1ales de alerta reconocidas internacionalmente.<\/li>\n<li class=\"ql-align-justify\">Dos niveles de salida de sonido seleccionables por el instalador.<\/li>\n<li class=\"ql-align-justify\">Luz estrobosc\u00f3pica a 75 cd a -31 \u00b0 F (-35 \u00b0 C) y 180 cd a + 77 \u00b0 F (+ 25 \u00b0 C) Cumple con NFPA y ANSI.<\/li>\n<li class=\"ql-align-justify\">Listado por UL para uso en interiores o exteriores<\/li>\n<\/ul>\n<p class=\"ql-align-justify\"><strong>Especificaciones\u00a0<\/strong><\/p>\n<p class=\"ql-align-justify\"><strong>El\u00e9ctrico<\/strong><\/p>\n<p class=\"ql-align-justify\"><strong>Luz estrobosc\u00f3pica actual (m\u00e1xima) solo a 75 cd<\/strong><\/p>\n<ul>\n<li class=\"ql-align-justify\">VDC: 138 mA.<\/li>\n<li class=\"ql-align-justify\">VFWR: 222 mA.<\/li>\n<\/ul>\n<p class=\"ql-align-justify\"><strong>Voltaje (entrada)<\/strong><\/p>\n<ul>\n<li class=\"ql-align-justify\">Nominal: 24 VDC o FWR<\/li>\n<li class=\"ql-align-justify\">Rango: 16.0 VDC o FWR a 33.0 VDC o FWR<\/li>\n<li class=\"ql-align-justify\"><strong>Ambiental<\/strong><\/li>\n<li class=\"ql-align-justify\">Humedad relativa: hasta 95%, sin condensaci\u00f3n.<\/li>\n<li class=\"ql-align-justify\">Temperatura (Operando): De -31 \u00b0 F a + 150 \u00b0 F (-35 \u00b0 C a + 66 \u00b0 C).<\/li>\n<\/ul>\n<p class=\"ql-align-justify\"><strong>Mec\u00e1nico<\/strong><\/p>\n<ul>\n<li class=\"ql-align-justify\">Dimensiones (Alto x ancho x profundidad): De 5-1 \/ 8 pulg. X 5-1 \/ 8 pulg. X 4-3 \/ 8 pulg. (13 cm x 13 cm x 11,1 cm).<\/li>\n<li class=\"ql-align-justify\">Material: termopl\u00e1stico de alto impacto.<\/li>\n<\/ul>\n<p class=\"ql-align-justify\"><strong>Grado estrobosc\u00f3pico (en el eje) 1:<\/strong><\/p>\n<ul>\n<li class=\"ql-align-justify\">A -31 \u00b0 F (-35 \u00b0 C): 75 cd.<\/li>\n<li class=\"ql-align-justify\">A + 77 \u00b0 F (+ 25 \u00b0 C): 180 cd.<\/li>\n<\/ul>\n<p><img decoding=\"async\" class=\"overview-center-img-web\" src=\"https:\/\/tvc.mx\/media\/36297\/Logoopaginas-oficial-1920x400.png\" alt=\"\" \/><\/p>\n","protected":false},"excerpt":{"rendered":"<p>MTWP \u2011 2475W \u2011 FR Multitono resistente a la intemperie de montaje en pared Los electrodom\u00e9sticos resistentes a la intemperie MTWP de Wheelock son Aparatos de cuatro cables listados para uso en interiores o exteriores.\u00a0Proporcionan ocho patrones de tono, dos salidas de sonido. niveles y&hellip;<\/p>\n","protected":false},"featured_media":5822,"comment_status":"open","ping_status":"closed","template":"","meta":{"om_disable_all_campaigns":false,"_monsterinsights_skip_tracking":false,"_monsterinsights_sitenote_active":false,"_monsterinsights_sitenote_note":"","_monsterinsights_sitenote_category":0},"product_brand":[],"product_cat":[504],"product_tag":[495,497,498,499,500,501,496,502],"class_list":{"0":"post-5823","1":"product","2":"type-product","3":"status-publish","4":"has-post-thumbnail","6":"product_cat-estrobos-y-sirenas","7":"product_tag-control-de-incendio","8":"product_tag-detectores","9":"product_tag-estacion-manual","10":"product_tag-estrobos-y-sirenas","11":"product_tag-modulos","12":"product_tag-paneles-de-control","13":"product_tag-sistemas-de-incendio","14":"product_tag-teclados","16":"first","17":"instock","18":"sale","19":"taxable","20":"shipping-taxable","21":"purchasable","22":"product-type-simple"},"aioseo_notices":[],"_links":{"self":[{"href":"https:\/\/tecsecmty.com\/index.php\/wp-json\/wp\/v2\/product\/5823","targetHints":{"allow":["GET"]}}],"collection":[{"href":"https:\/\/tecsecmty.com\/index.php\/wp-json\/wp\/v2\/product"}],"about":[{"href":"https:\/\/tecsecmty.com\/index.php\/wp-json\/wp\/v2\/types\/product"}],"replies":[{"embeddable":true,"href":"https:\/\/tecsecmty.com\/index.php\/wp-json\/wp\/v2\/comments?post=5823"}],"version-history":[{"count":0,"href":"https:\/\/tecsecmty.com\/index.php\/wp-json\/wp\/v2\/product\/5823\/revisions"}],"wp:featuredmedia":[{"embeddable":true,"href":"https:\/\/tecsecmty.com\/index.php\/wp-json\/wp\/v2\/media\/5822"}],"wp:attachment":[{"href":"https:\/\/tecsecmty.com\/index.php\/wp-json\/wp\/v2\/media?parent=5823"}],"wp:term":[{"taxonomy":"product_brand","embeddable":true,"href":"https:\/\/tecsecmty.com\/index.php\/wp-json\/wp\/v2\/product_brand?post=5823"},{"taxonomy":"product_cat","embeddable":true,"href":"https:\/\/tecsecmty.com\/index.php\/wp-json\/wp\/v2\/product_cat?post=5823"},{"taxonomy":"product_tag","embeddable":true,"href":"https:\/\/tecsecmty.com\/index.php\/wp-json\/wp\/v2\/product_tag?post=5823"}],"curies":[{"name":"wp","href":"https:\/\/api.w.org\/{rel}","templated":true}]}}