{"id":5825,"date":"2023-02-23T11:40:49","date_gmt":"2023-02-23T17:40:49","guid":{"rendered":"https:\/\/tecsecmty.com\/index.php\/producto\/bosch-f_sbbr-caja-posterior-para-sirena-color-rojo\/"},"modified":"2023-03-22T23:21:16","modified_gmt":"2023-03-23T05:21:16","slug":"bosch-f_sbbr-caja-posterior-para-sirena-color-rojo","status":"publish","type":"product","link":"https:\/\/tecsecmty.com\/index.php\/producto\/bosch-f_sbbr-caja-posterior-para-sirena-color-rojo\/","title":{"rendered":"BOSCH F_SBBR &#8211; Caja posterior para sirena color rojo"},"content":{"rendered":"<div class=\"row aling-items-center padding-bottom-2x\">\n<div class=\"col-lg-12\">\n<h5 class=\"card-title text-center\">Caja posterior de montaje en superficie SBB \u2011 R (rojo)<\/h5>\n<p class=\"ql-align-justify\">\n<p><img decoding=\"async\" class=\"overview-center-img- aligncenter\" src=\"https:\/\/tvc.mx\/media\/11615\/Logoopaginas-oficial.png\" alt=\"\" \/><\/div>\n<\/div>\n<div class=\"row align-items-center padding-bottom-2x\">\n<div class=\"col-md-5\"><img decoding=\"async\" class=\"d-block m-auto img-thumbnail\" src=\"https:\/\/tvc.mx\/media\/83468\/SBB-Rconfig5.png\" alt=\" \" \/><\/div>\n<div class=\"col-md-7 text-md-left text-center\">\n<h2>Resumen del sistema<\/h2>\n<p class=\"text-muted\">\n<p>Esta es una caja para montaje en superficie ideal para estrobos, sirenas y estrobos con sirena, que nos ayuda en la instalaci\u00f3n de dichos dispositivos a proteger las conexiones.<\/p>\n<p><strong>Nota: Compatible con las Sirenas Estrobosc\u00f3picas\u00a0de Bosch WHSR.<\/strong><\/p>\n<p>&nbsp;<\/p>\n<\/div>\n<\/div>\n<hr class=\"padding-bottom-2x\" \/>\n<div class=\"row align-items-center padding-bottom-2x\">\n<div class=\"col-md-5 order-md-2\"><img decoding=\"async\" class=\"d-block m-auto img-thumbnail\" src=\"https:\/\/tvc.mx\/media\/83472\/SBB-Rconfig6.png\" alt=\" \" \/><\/div>\n<div class=\"col-md-7 order-md-1 text-md-left text-center\">\n<h2>Certificaci\u00f3n de la regi\u00f3n<\/h2>\n<p class=\"text-muted\">\n<p class=\"ql-align-justify\"><strong>EE.UU. UL UCST:<\/strong><\/p>\n<ul>\n<li class=\"ql-align-justify\">Aparatos de Se\u00f1al Audible.<\/li>\n<li class=\"ql-align-justify\">Gener al Siganal (UL464).<\/li>\n<li class=\"ql-align-justify\">ULSZ: Electrodom\u00e9sticos audibles (UL464).<\/li>\n<li class=\"ql-align-justify\">UUMW: Altavoces y amplificadores para protecci\u00f3n contra incendios.<\/li>\n<li class=\"ql-align-justify\">Sistemas de se\u00f1alizaci\u00f3n (UL1480, UL1711 y UL2043).<\/li>\n<li class=\"ql-align-justify\">UVAV: aplicaciones de se\u00f1al visual para sistemas de se\u00f1alizaci\u00f3n de protecci\u00f3n contra incendios (UL1638).<\/li>\n<\/ul>\n<p class=\"ql-align-justify\"><strong>Partes incluidas<\/strong><\/p>\n<ul>\n<li class=\"ql-align-justify\">1 Caja trasera.<\/li>\n<li class=\"ql-align-justify\">1 Caquete de hardware.<\/li>\n<li class=\"ql-align-justify\">1 Literatura &#8211; Manual de instalaci\u00f3n.<\/li>\n<\/ul>\n<p>&nbsp;<\/p>\n<\/div>\n<\/div>\n<hr class=\"padding-bottom-2x\" \/>\n<div class=\"row align-items-center padding-bottom-2x\">\n<div class=\"col-md-5\"><img decoding=\"async\" class=\"d-block m-auto img-thumbnail\" src=\"https:\/\/tvc.mx\/media\/83476\/SBB-Rconfig7.png\" alt=\" \" \/><\/div>\n<div class=\"col-md-7 text-md-left text-center\">\n<h2>Caracter\u00edsticas y Especificaciones<\/h2>\n<p class=\"text-muted\">\n<p class=\"ql-align-justify\"><strong>Nota: Caja posterior de montaje en superficie SBB \u2011 R (rojo)<\/strong><\/p>\n<p class=\"ql-align-justify\"><strong>14 cm (5.5 pulg.) X 14.2 cm (5.6 pulg.) X 9.1 cm (3.6 pulg.)<\/strong><\/p>\n<p class=\"ql-align-justify\"><strong>N\u00famero de pedido: SBB-R.<\/strong><\/p>\n<p class=\"ql-align-justify\"><strong>Especificaciones<\/strong><\/p>\n<p class=\"ql-align-justify\"><strong>Mecanicas<\/strong><\/p>\n<ul>\n<li class=\"ql-align-justify\">Medidas: 14 cm (5.5 pulgadas) x 14.2 cm (5.6 pulgadas) x 9.1 cm (3.6 pulgadas).<\/li>\n<\/ul>\n<\/div>\n<\/div>\n","protected":false},"excerpt":{"rendered":"<p>Caja posterior de montaje en superficie SBB \u2011 R (rojo) Resumen del sistema Esta es una caja para montaje en superficie ideal para estrobos, sirenas y estrobos con sirena, que nos ayuda en la instalaci\u00f3n de dichos dispositivos a proteger las conexiones. Nota: Compatible con&hellip;<\/p>\n","protected":false},"featured_media":5824,"comment_status":"open","ping_status":"closed","template":"","meta":{"om_disable_all_campaigns":false,"_monsterinsights_skip_tracking":false,"_monsterinsights_sitenote_active":false,"_monsterinsights_sitenote_note":"","_monsterinsights_sitenote_category":0},"product_brand":[],"product_cat":[504],"product_tag":[495,497,498,499,500,501,496,502],"class_list":{"0":"post-5825","1":"product","2":"type-product","3":"status-publish","4":"has-post-thumbnail","6":"product_cat-estrobos-y-sirenas","7":"product_tag-control-de-incendio","8":"product_tag-detectores","9":"product_tag-estacion-manual","10":"product_tag-estrobos-y-sirenas","11":"product_tag-modulos","12":"product_tag-paneles-de-control","13":"product_tag-sistemas-de-incendio","14":"product_tag-teclados","16":"first","17":"instock","18":"sale","19":"taxable","20":"shipping-taxable","21":"purchasable","22":"product-type-simple"},"aioseo_notices":[],"_links":{"self":[{"href":"https:\/\/tecsecmty.com\/index.php\/wp-json\/wp\/v2\/product\/5825","targetHints":{"allow":["GET"]}}],"collection":[{"href":"https:\/\/tecsecmty.com\/index.php\/wp-json\/wp\/v2\/product"}],"about":[{"href":"https:\/\/tecsecmty.com\/index.php\/wp-json\/wp\/v2\/types\/product"}],"replies":[{"embeddable":true,"href":"https:\/\/tecsecmty.com\/index.php\/wp-json\/wp\/v2\/comments?post=5825"}],"version-history":[{"count":0,"href":"https:\/\/tecsecmty.com\/index.php\/wp-json\/wp\/v2\/product\/5825\/revisions"}],"wp:featuredmedia":[{"embeddable":true,"href":"https:\/\/tecsecmty.com\/index.php\/wp-json\/wp\/v2\/media\/5824"}],"wp:attachment":[{"href":"https:\/\/tecsecmty.com\/index.php\/wp-json\/wp\/v2\/media?parent=5825"}],"wp:term":[{"taxonomy":"product_brand","embeddable":true,"href":"https:\/\/tecsecmty.com\/index.php\/wp-json\/wp\/v2\/product_brand?post=5825"},{"taxonomy":"product_cat","embeddable":true,"href":"https:\/\/tecsecmty.com\/index.php\/wp-json\/wp\/v2\/product_cat?post=5825"},{"taxonomy":"product_tag","embeddable":true,"href":"https:\/\/tecsecmty.com\/index.php\/wp-json\/wp\/v2\/product_tag?post=5825"}],"curies":[{"name":"wp","href":"https:\/\/api.w.org\/{rel}","templated":true}]}}