{"id":5829,"date":"2023-02-23T11:40:52","date_gmt":"2023-02-23T17:40:52","guid":{"rendered":"https:\/\/tecsecmty.com\/index.php\/producto\/bosch-f_whnr-sirena-de-pared-color-rojo-12-o-24v-ul\/"},"modified":"2023-03-22T23:21:16","modified_gmt":"2023-03-23T05:21:16","slug":"bosch-f_whnr-sirena-de-pared-color-rojo-12-o-24v-ul","status":"publish","type":"product","link":"https:\/\/tecsecmty.com\/index.php\/producto\/bosch-f_whnr-sirena-de-pared-color-rojo-12-o-24v-ul\/","title":{"rendered":"BOSCH F_WHNR &#8211; Sirena de pared \/ Color rojo \/ 12 O 24V \/ UL"},"content":{"rendered":"<h5 class=\"card-title text-center\">Bocina de montaje en pared W\u2011HNR (dos hilos, 12\/24 V, rojo)<\/h5>\n<p class=\"ql-align-justify\"><strong>Los cuernos de la serie Cooper Wheelock Exceder<\/strong>\u00a0cuentan con un elegante dise\u00f1o moderno que incorpora alta confiabilidad para minimizar el consumo de corriente. El consumo de corriente reducido permite una mayor cantidad de dispositivos en los dos cables.<\/p>\n<p class=\"ql-align-justify\">Circuito del aparato de notificaci\u00f3n esto, en combinaci\u00f3n no se necesitan herramientas para cambiar la configuraci\u00f3n, prueba de voltaje puntos, f<strong>uncionamiento de 12 V o 24 V DC<\/strong>, el universal base de montaje, y resultados de m\u00faltiples opciones de montaje en un coste de propiedad reducido.<\/p>\n<p class=\"ql-align-justify\">Estos cuernos proporcionan tres ajustes de sonido en cada uno aparato. Todos los interruptores para cambiar estos ajustes se puede configurar sin una herramienta y se encuentran detr\u00e1s de la parato para evitar la manipulaci\u00f3n.<\/p>\n<p class=\"ql-align-justify\">La base de montaje universal separada puede ser f\u00e1cilmente ontado en cinco tipos de cajas posteriores est\u00e1ndar de la industria.<\/p>\n<p class=\"ql-align-justify\">Tambi\u00e9n se pueden pre-cablear para permitir una prueba completa de la cableado del circuito antes de instalar el aparato y superficie acabada. Estos cuernos de montaje en pared tambi\u00e9n cuentan con puntos de prueba de voltaje para tomar lecturas con una volt\u00edmetro para la soluci\u00f3n de problemas o la inspecci\u00f3n de AHJ.<\/p>\n<p class=\"ql-align-justify\"><strong>Notas de instalaci\u00f3n \/ configuraci\u00f3n<\/strong><\/p>\n<p class=\"ql-align-justify\"><strong>Compatibilidad<\/strong><\/p>\n<p class=\"ql-align-justify\"><strong>Cuerno:<\/strong><\/p>\n<p class=\"ql-align-justify\">Estos cuernos proporcionan un continuo o seleccionable en tipos de los 3 tonos de la bocina cuando se conecta directamente al Panel de Control de Alarma (<strong>FACP<\/strong>). Tambi\u00e9n pueden proporcionar un sincronizado tono de bocina cuando se utiliza en conjuntamente con un FACP que incorpora el protocolo de sincronizaci\u00f3n de notificaciones de Cooper, un Cooper m\u00f3dulo de sincronizaci\u00f3n de notificaciones, o la Notificaci\u00f3n de Cooper.<\/p>\n<p class=\"ql-align-justify\"><strong>Fuente de alimentaci\u00f3n<\/strong><\/p>\n<p class=\"ql-align-justify\">Los electrodom\u00e9sticos Horn pueden ser configurados en el campo para sonido dBA Alto (<strong>HI<\/strong>), Medio (<strong>MED<\/strong>) o Bajo (<strong>LO<\/strong>) salida.<\/p>\n<p class=\"ql-align-justify\"><strong>Productos compatibles<\/strong><\/p>\n<p class=\"ql-align-justify\">Los siguientes productos Bosch Security Systems, Inc. son compatibles con el Cooper Wheelock Exceder.<\/p>\n<p class=\"ql-align-justify\"><strong>Cuernos de la serie:<\/strong><\/p>\n<p class=\"ql-align-justify\"><strong>Paneles de control<\/strong><\/p>\n<ul>\n<li class=\"ql-align-justify\">FPA-10001 Fuego direccionable anal\u00f3gico<\/li>\n<li class=\"ql-align-justify\">FPD-70241 Convencional FACP direccionable.<\/li>\n<li class=\"ql-align-justify\">D10024A FACP anal\u00f3gico.<\/li>\n<li class=\"ql-align-justify\">D8024 anal\u00f3gico.<\/li>\n<li class=\"ql-align-justify\">D9124 FACP direccionable.<\/li>\n<li class=\"ql-align-justify\">D7024 FACP convencional o direccionable.<\/li>\n<li class=\"ql-align-justify\">M\u00f3M\u00f3dulo de sincronizaci\u00f3n SM \u2011 12\/24 \u2011 R(rojo).<\/li>\n<li class=\"ql-align-justify\">M\u00f3dulos SM \u2011 12\/24 \u2011 R M\u00f3dulo de sincronizaci\u00f3n(rojo).<\/li>\n<li class=\"ql-align-justify\">Fuentes de alimentaci\u00f3n: Notificaci\u00f3n remota FPP-RNAC-8A-4C1.<\/li>\n<li class=\"ql-align-justify\">Fuente de alimentaci\u00f3n del circuito del aparato (RNAC).<\/li>\n<\/ul>\n<p class=\"ql-align-justify\"><strong>Consideraciones de montaje<\/strong><\/p>\n<p class=\"ql-align-justify\">La base de montaje universal suministrada con cada bocina uede ser pre-cableado. Con la tapa de contacto suministrada en\u00a0lugar, el circuito precableado se puede verificar ontinuidad antes de que se monten los cuernos. Los cuernos encaje en las bases de montaje universales preinstaladas con las cubiertas de contacto quitadas y se pueden asegurar a la base con un tornillo de seguridad opcional, la Base de montaje universal, montables a ras en una unidad doble cuadrilla, 4 pulg. cuadrada, 4 pulg. octal, 3.5 pulg. octal y cajas traseras tipo europeo de 100 mm.<\/p>\n<p class=\"ql-align-justify\"><strong>Consideraciones de cableado<\/strong><\/p>\n<p class=\"ql-align-justify\">Los terminales de cableado en la Base de Montaje Universal acepta dos cables de electrodom\u00e9sticos con di\u00e1metros entre 12 AWG y 18 AWG (ISO 4 mm2 y 0,75 mm2 en cada terminal.<\/p>\n<p><strong>Nota:\u00a0 Bocina de montaje en pared W\u2011HNR (dos hilos, 12\/24 V, rojo)<\/strong><\/p>\n<p><strong>Bocina roja rectangular de dos hilos seleccionable en campo para Tres opciones de volumen.<\/strong><\/p>\n<p class=\"ql-align-justify\"><strong>N\u00famero de pedido: W-HNR<\/strong><\/p>\n<p class=\"ql-align-justify\"><strong>Principelas Caracter\u00edsticas<\/strong><\/p>\n<ul>\n<li class=\"ql-align-justify\">Elegante est\u00e9tica moderna.<\/li>\n<li class=\"ql-align-justify\">M\u00faltiples voltajes (12 VDC o 24 VDC).<\/li>\n<li class=\"ql-align-justify\">Puntos de prueba de voltaje.<\/li>\n<li class=\"ql-align-justify\">Tres opciones de volumen de bocina.<\/li>\n<li class=\"ql-align-justify\">Base de montaje universal.<\/li>\n<\/ul>\n<p class=\"ql-align-justify\"><strong>Especificaciones<\/strong><\/p>\n<p class=\"ql-align-justify\"><strong>El\u00e9ctricas\u00a0<\/strong><strong>Voltaje (entrada)<\/strong><\/p>\n<p class=\"ql-align-justify\"><strong>Rango regulado:<\/strong><\/p>\n<ul>\n<li class=\"ql-align-justify\">12 VDC 8.0 V a 17.5 V.<\/li>\n<li class=\"ql-align-justify\">24 VDC o Vrms 16.0 V a 33.0 V.<\/li>\n<\/ul>\n<p class=\"ql-align-justify\"><strong>Ambiental<\/strong><\/p>\n<ul>\n<li class=\"ql-align-justify\">Ambiente: Interior, seco.<\/li>\n<li class=\"ql-align-justify\">Humedad relativa: 93 \u00b1 2% m\u00e1ximo, sin condensaci\u00f3n<\/li>\n<li class=\"ql-align-justify\">Temperatura (funcionamiento): + 32 \u00b0 F a + 120 \u00b0 F (0 \u00b0 C a + 49 \u00b0 C)<\/li>\n<\/ul>\n<p class=\"ql-align-justify\"><strong>Mec\u00e1nico<\/strong><\/p>\n<ul>\n<li class=\"ql-align-justify\">Dimensiones: 5.24 pulg. X 4.58 pulg. X 1.6 pulg. 133.1 mm x 116.4 mm x 40.7 mm).<\/li>\n<li class=\"ql-align-justify\">Material: caja de pl\u00e1stico moldeado<\/li>\n<li class=\"ql-align-justify\">Ajustes de volumen: 90 db, 95 db o 99 db.<\/li>\n<\/ul>\n<p><img decoding=\"async\" class=\"overview-center-img-web\" src=\"https:\/\/tvc.mx\/media\/36261\/Logoopaginas-oficial-1920x400.png\" alt=\"\" \/><\/p>\n","protected":false},"excerpt":{"rendered":"<p>Bocina de montaje en pared W\u2011HNR (dos hilos, 12\/24 V, rojo) Los cuernos de la serie Cooper Wheelock Exceder\u00a0cuentan con un elegante dise\u00f1o moderno que incorpora alta confiabilidad para minimizar el consumo de corriente. El consumo de corriente reducido permite una mayor cantidad de dispositivos&hellip;<\/p>\n","protected":false},"featured_media":5828,"comment_status":"open","ping_status":"closed","template":"","meta":{"om_disable_all_campaigns":false,"_monsterinsights_skip_tracking":false,"_monsterinsights_sitenote_active":false,"_monsterinsights_sitenote_note":"","_monsterinsights_sitenote_category":0},"product_brand":[],"product_cat":[504],"product_tag":[495,497,498,499,500,501,496,502],"class_list":{"0":"post-5829","1":"product","2":"type-product","3":"status-publish","4":"has-post-thumbnail","6":"product_cat-estrobos-y-sirenas","7":"product_tag-control-de-incendio","8":"product_tag-detectores","9":"product_tag-estacion-manual","10":"product_tag-estrobos-y-sirenas","11":"product_tag-modulos","12":"product_tag-paneles-de-control","13":"product_tag-sistemas-de-incendio","14":"product_tag-teclados","16":"first","17":"instock","18":"sale","19":"taxable","20":"shipping-taxable","21":"purchasable","22":"product-type-simple"},"aioseo_notices":[],"_links":{"self":[{"href":"https:\/\/tecsecmty.com\/index.php\/wp-json\/wp\/v2\/product\/5829","targetHints":{"allow":["GET"]}}],"collection":[{"href":"https:\/\/tecsecmty.com\/index.php\/wp-json\/wp\/v2\/product"}],"about":[{"href":"https:\/\/tecsecmty.com\/index.php\/wp-json\/wp\/v2\/types\/product"}],"replies":[{"embeddable":true,"href":"https:\/\/tecsecmty.com\/index.php\/wp-json\/wp\/v2\/comments?post=5829"}],"version-history":[{"count":0,"href":"https:\/\/tecsecmty.com\/index.php\/wp-json\/wp\/v2\/product\/5829\/revisions"}],"wp:featuredmedia":[{"embeddable":true,"href":"https:\/\/tecsecmty.com\/index.php\/wp-json\/wp\/v2\/media\/5828"}],"wp:attachment":[{"href":"https:\/\/tecsecmty.com\/index.php\/wp-json\/wp\/v2\/media?parent=5829"}],"wp:term":[{"taxonomy":"product_brand","embeddable":true,"href":"https:\/\/tecsecmty.com\/index.php\/wp-json\/wp\/v2\/product_brand?post=5829"},{"taxonomy":"product_cat","embeddable":true,"href":"https:\/\/tecsecmty.com\/index.php\/wp-json\/wp\/v2\/product_cat?post=5829"},{"taxonomy":"product_tag","embeddable":true,"href":"https:\/\/tecsecmty.com\/index.php\/wp-json\/wp\/v2\/product_tag?post=5829"}],"curies":[{"name":"wp","href":"https:\/\/api.w.org\/{rel}","templated":true}]}}