{"id":5833,"date":"2023-02-23T11:40:59","date_gmt":"2023-02-23T17:40:59","guid":{"rendered":"https:\/\/tecsecmty.com\/index.php\/producto\/bosch-f_whsr-sirena-estrobo-12-24vcd-multicandela-rojo-pared\/"},"modified":"2023-03-22T23:21:16","modified_gmt":"2023-03-23T05:21:16","slug":"bosch-f_whsr-sirena-estrobo-12-24vcd-multicandela-rojo-pared","status":"publish","type":"product","link":"https:\/\/tecsecmty.com\/index.php\/producto\/bosch-f_whsr-sirena-estrobo-12-24vcd-multicandela-rojo-pared\/","title":{"rendered":"BOSCH F_WHSR &#8211; SIRENA-ESTROBO 12 \/ 24VCD Multicandela rojo pared"},"content":{"rendered":"<div class=\"row aling-items-center padding-bottom-2x\">\n<div class=\"col-lg-12\">\n<h5 class=\"card-title text-center\">W-HSR Luz estr pared 2 cab 15-185cd 12\/24V roj<\/h5>\n<p class=\"ql-align-justify\">\n<p><img decoding=\"async\" class=\"overview-center-img- aligncenter\" src=\"https:\/\/tvc.mx\/media\/11570\/Logoopaginas-oficial.png\" alt=\"\" \/><\/div>\n<\/div>\n<div class=\"row align-items-center padding-bottom-2x\">\n<div class=\"col-md-5\"><img decoding=\"async\" class=\"d-block m-auto img-thumbnail\" src=\"https:\/\/tvc.mx\/media\/83368\/W-HSRconfi5.png\" alt=\" \" \/><\/div>\n<div class=\"col-md-7 text-md-left text-center\">\n<h2>Resumen del sistema<\/h2>\n<p class=\"text-muted\">\n<p><strong>Las bocinas con luz estrobosc\u00f3pica de la serie Cooper Wheelock Exceder ofrecen un dise\u00f1o moderno y elegante que incorpora \u00f3ptica de alta fidelidad y eficiencia para minimizar el consumo de corriente.\u00a0<\/strong>Este consumo de corriente reducido permite instalar m\u00e1s dispositivos en el circuito de dispositivos de notificaci\u00f3n de dos cables. Esto, combinado con ocho opciones de candela en un solo dispositivo, el hecho de poder cambiar los ajustes sin herramientas, la disponibilidad de puntos de prueba de tensi\u00f3n, el funcionamiento a\u00a0<strong>12 VCC o 24 VCC<\/strong>, la base de montaje universal y m\u00faltiples opciones de montaje da como resultado un coste de propiedad reducido. Estas bocinas con luz estrobosc\u00f3pica ofrecen ocho ajustes de candelas y tres de sonido en cada dispositivo. Todos los interruptores que se utilizan para cambiar estos ajustes se encuentran detr\u00e1s del dispositivo para evitar sabotajes y se pueden configurar sin necesidad de herramientas. La base de montaje universal aparte se puede montar f\u00e1cilmente sobre cinco tipos de cajas posteriores est\u00e1ndar en el sector. Tambi\u00e9n se pueden cablear previamente para poder realizar pruebas completas del cableado del circuito antes de instalar el dispositivo y realizar el acabado de las superficies. Adem\u00e1s, estas bocinas con luz estrobosc\u00f3pica de montaje mural disponen de puntos de prueba de tensi\u00f3n para tomar lecturas con un volt\u00edmetro a la hora de solucionar problemas o realizar inspecciones AHJ.<\/p>\n<p>&nbsp;<\/p>\n<\/div>\n<\/div>\n<hr class=\"padding-bottom-2x\" \/>\n<div class=\"row align-items-center padding-bottom-2x\">\n<div class=\"col-md-5 order-md-2\"><img decoding=\"async\" class=\"d-block m-auto img-thumbnail\" src=\"https:\/\/tvc.mx\/media\/83372\/W-HSRconfi7.png\" alt=\" \" \/><\/div>\n<div class=\"col-md-7 order-md-1 text-md-left text-center\">\n<h2>Notas de configuraci\u00f3n\/instalaci\u00f3n<\/h2>\n<p class=\"text-muted\">\n<p class=\"ql-align-justify\"><strong>Certificaciones y aprobaciones<\/strong><\/p>\n<p class=\"ql-align-justify\">Los productos Cooper Wheelock cuentan con estas homologaciones y aprobaciones:<\/p>\n<p class=\"ql-align-justify\"><strong>EE. UU.<\/strong><\/p>\n<ul>\n<li class=\"ql-align-justify\">UL<strong>\u00a0<\/strong>UL 464, Audible Signaling Devices for Fire Alarm and Signaling Systems, Including Accessories.<\/li>\n<li class=\"ql-align-justify\">UL UL 1971, Signaling Devices for the Hearing Impaired.<\/li>\n<li class=\"ql-align-justify\">FM see the FM Approval Guide.<\/li>\n<li class=\"ql-align-justify\">CSFM see www.boschsecurity.com (the Bosch website).<\/li>\n<\/ul>\n<p class=\"ql-align-justify\"><strong>Compatibilidad Sirena:<\/strong>\u00a0Estas bocinas emiten un tono seleccionable entre Continuo o C\u00f3digo 3 al conectarse directamente a la CDI. Tambi\u00e9n pueden proporcionar un tono de bocina de C\u00f3digo 3 sincronizado si se usan conjuntamente con una CDI que incluya el protocolo de sincronizaci\u00f3n Cooper, un m\u00f3dulo de sincronizaci\u00f3n Cooper o la fuente de alimentaci\u00f3n de notificaci\u00f3n Cooper. Los dispositivos de bocina se pueden ajustar sobre el terreno para utilizar una salida de sonido en dBA alta (HI), media (MED) o baja (LO).<\/p>\n<p class=\"ql-align-justify\"><strong>Luz estrobosc\u00f3pica:\u00a0<\/strong>Estas luces estrobosc\u00f3picas proporcionan un dispositivo de luz estrobosc\u00f3pica no sincronizada cuando se conectan directamente a una CDI o sirven como dispositivo de luz estrobosc\u00f3pica sincronizada cuando se utilizan conjuntamente con una CDI que incluya el protocolo de sincronizaci\u00f3n de notificaciones Cooper o un m\u00f3dulo de sincronizaci\u00f3n de notificaciones Cooper o la cuente de alimentaci\u00f3n de notificaci\u00f3n Cooper. Est\u00e1n dise\u00f1adas para destellar a raz\u00f3n de 1 parpadeo por segundo como m\u00ednimo en su rango de tensi\u00f3n regulado.<\/p>\n<p class=\"ql-align-justify\"><strong>Productos compatibles<\/strong><\/p>\n<p class=\"ql-align-justify\">Las bocinas con luz estrobosc\u00f3pica de la serie Cooper Wheelock Exceder son compatibles con los productos siguientes de Bosch Building Technologies, Inc.:<\/p>\n<p class=\"ql-align-justify\"><strong>Paneles de control:<\/strong><\/p>\n<ul>\n<li class=\"ql-align-justify\">Centrales de incendio direccionables anal\u00f3gicas FPA-1000.<\/li>\n<li class=\"ql-align-justify\">CDI FPD-7024 convencionales o direccionables.<\/li>\n<li class=\"ql-align-justify\">CDI anal\u00f3gica D10024A.<\/li>\n<li class=\"ql-align-justify\">CDI anal\u00f3gica D8024.<\/li>\n<li class=\"ql-align-justify\">CDI direccionable D9124.<\/li>\n<li class=\"ql-align-justify\">CDI D70243 convencionales o direccionables.<\/li>\n<li class=\"ql-align-justify\">CDI convencional D70223.<\/li>\n<\/ul>\n<p class=\"ql-align-justify\"><strong>Fuentes de alimentaci\u00f3n:<\/strong><\/p>\n<p class=\"ql-align-justify\">Fuente de alimentaci\u00f3n para circuito de dispositivos de notificaci\u00f3n remota (RNAC) FPP-RNAC-8A-4C1 Fuente de alimentaci\u00f3n PS\u201124\u20118MC con protocolo de sincronizaci\u00f3n integrado.<\/p>\n<p class=\"ql-align-justify\"><strong>Consideraciones para el montaje<\/strong><\/p>\n<p class=\"ql-align-justify\">Es posible cablear la base de montaje universal suministrada con cada bocina con luz estrobosc\u00f3pica con antelaci\u00f3n. Con la cubierta de contactos suministrada colocada en su lugar, es posible comprobar la continuidad del circuito previamente cableado antes de montar las bocinas con luz estrobosc\u00f3pica. Las bocinas con luz estrobosc\u00f3pica se encajan en las bases de montaje universal instaladas previamente despu\u00e9s de quitar las cubiertas de contactos y se pueden sujetar a la base con un tornillo de sujeci\u00f3n opcional. La base de montaje universal se monta empotrada sobre cajas posteriores de tipo europeo de una entrada, dos entradas, cuadradas de 4&#8243;, octogonales de 4&#8243;, octogonales de 3,5&#8243; y 100 mm.<\/p>\n<p class=\"ql-align-justify\"><strong>Consideraciones del cableado<\/strong><\/p>\n<p class=\"ql-align-justify\">Los terminales de cableado de la base de montaje universal admiten dos cables de dispositivos con di\u00e1metros de 12 AWG y 18 AWG (ISO 4 mm2 y 0,75 mm2 ) en cada terminal.<\/p>\n<p>&nbsp;<\/p>\n<\/div>\n<\/div>\n<hr class=\"padding-bottom-2x\" \/>\n<div class=\"row align-items-center padding-bottom-2x\">\n<div class=\"col-md-5\"><img decoding=\"async\" class=\"d-block m-auto img-thumbnail\" src=\"https:\/\/tvc.mx\/media\/83376\/W-HSRconfi6.png\" alt=\" \" \/><\/div>\n<div class=\"col-md-7 text-md-left text-center\">\n<h2>Caracter\u00edsticas y Especificaciones<\/h2>\n<p class=\"text-muted\">\n<p class=\"ql-align-justify\"><strong>Nota: W-HSR Luz estr pared 2 cab 15-185cd 12\/24V rojo<\/strong><\/p>\n<p class=\"ql-align-justify\"><strong>Bocina con luz estrobosc\u00f3pica roja rectangular de dos cables con tres opciones de volumen y ocho opciones de candela seleccionables sobre el terreno. W-HSW Luz estr pared 2 cab 15-185cd 12\/24V.<\/strong><\/p>\n<p class=\"ql-align-justify\"><strong>Numero de pedido: W-HSR.\u00a0<\/strong><\/p>\n<p class=\"ql-align-justify\"><strong>Principales Caracter\u00edsticas<\/strong><\/p>\n<ul>\n<li class=\"ql-align-justify\">Est\u00e9tica moderna y elegante.<\/li>\n<li class=\"ql-align-justify\">Varias tensiones (12 VCC o 24 VCC).<\/li>\n<li class=\"ql-align-justify\">Puntos de prueba de tensi\u00f3n.<\/li>\n<li class=\"ql-align-justify\">Ocho opciones de candelas de la luz estrobosc\u00f3pica y tres opciones de volumen de la bocina.<\/li>\n<li class=\"ql-align-justify\">Base de montaje universal.<\/li>\n<\/ul>\n<p class=\"ql-align-justify\"><strong>Especificaciones<\/strong><\/p>\n<p class=\"ql-align-justify\"><strong>El\u00e9ctricas<\/strong><\/p>\n<p class=\"ql-align-justify\"><strong>Consumo de corriente de la bocina y la luz estrobosc\u00f3pica 24 V nominales (rango de 16,0 V a 33,0 V):<\/strong><\/p>\n<ul>\n<li class=\"ql-align-justify\">Tensi\u00f3n Tipo: CC.<\/li>\n<li class=\"ql-align-justify\">Volumen Ajuste: Alta.<\/li>\n<li class=\"ql-align-justify\">Consumo de Corriente: 15 cd: 82 mA, 15\/75 cd: 95 mA, 30 cd: 102 mA, 75 cd: 148 mA, 95 cd: 176 mA, 110 cd: 197 mA, 135 cd: 242 mA, 185 cd: 282 mA.<\/li>\n<\/ul>\n<p class=\"ql-align-justify\"><strong>12 V nominales (rango de 8,0 V a 17,5 V):<\/strong><\/p>\n<ul>\n<li class=\"ql-align-justify\">Tensi\u00f3n Tipo: CC.<\/li>\n<li class=\"ql-align-justify\">Volumen Ajuste: Alta<\/li>\n<li class=\"ql-align-justify\">Consumo de Corriente: 15 cd: 125 mA, 15\/75 cd: 159 mA.<\/li>\n<\/ul>\n<p class=\"ql-align-justify\"><strong>Tensi\u00f3n (entrada):<\/strong><\/p>\n<ul>\n<li class=\"ql-align-justify\">Regulada: 12 VCC. Rango:8,0 V a 17,5 V.<\/li>\n<li class=\"ql-align-justify\">Regulada: 24 VCC o Vrms. Rango: De 16,0 V a 33,0 V.<\/li>\n<\/ul>\n<p class=\"ql-align-justify\"><strong>Ambientales<\/strong><\/p>\n<ul>\n<li class=\"ql-align-justify\">Entorno: Interior, seco Humedad relativa: 93\u00b12% m\u00e1ximo, sin condensaci\u00f3n.<\/li>\n<li class=\"ql-align-justify\">Temperatura (funcionamiento): De 0 \u00b0C a +49 \u00b0C (de +32 \u00b0F a +120 \u00b0F).<\/li>\n<\/ul>\n<p class=\"ql-align-justify\"><strong>Mec\u00e1nica<\/strong><\/p>\n<ul>\n<li class=\"ql-align-justify\">Valores nominales de candelas : 15 cd, 15\/75 cd3 , 30 cd, 75 cd, 95 cd, 110 cd, 135 cd o 185 cd.<\/li>\n<li class=\"ql-align-justify\">Dimensiones: 133,1 mm x 116,4 mm x 55,7 mm (5,24&#8243; x 4,58&#8243; x 2,19&#8243;).<\/li>\n<li class=\"ql-align-justify\">Material: Carcasa de pl\u00e1stico moldeado con un tubo de descarga de xen\u00f3n y una lente de Lexan.<\/li>\n<li class=\"ql-align-justify\">Ajustes de volumen: 90 dB, 95 dB o 99 dB.<\/li>\n<\/ul>\n<\/div>\n<\/div>\n","protected":false},"excerpt":{"rendered":"<p>W-HSR Luz estr pared 2 cab 15-185cd 12\/24V roj Resumen del sistema Las bocinas con luz estrobosc\u00f3pica de la serie Cooper Wheelock Exceder ofrecen un dise\u00f1o moderno y elegante que incorpora \u00f3ptica de alta fidelidad y eficiencia para minimizar el consumo de corriente.\u00a0Este consumo de&hellip;<\/p>\n","protected":false},"featured_media":5832,"comment_status":"open","ping_status":"closed","template":"","meta":{"om_disable_all_campaigns":false,"_monsterinsights_skip_tracking":false,"_monsterinsights_sitenote_active":false,"_monsterinsights_sitenote_note":"","_monsterinsights_sitenote_category":0},"product_brand":[],"product_cat":[504],"product_tag":[495,497,498,499,500,501,496,502],"class_list":{"0":"post-5833","1":"product","2":"type-product","3":"status-publish","4":"has-post-thumbnail","6":"product_cat-estrobos-y-sirenas","7":"product_tag-control-de-incendio","8":"product_tag-detectores","9":"product_tag-estacion-manual","10":"product_tag-estrobos-y-sirenas","11":"product_tag-modulos","12":"product_tag-paneles-de-control","13":"product_tag-sistemas-de-incendio","14":"product_tag-teclados","16":"first","17":"instock","18":"sale","19":"taxable","20":"shipping-taxable","21":"purchasable","22":"product-type-simple"},"aioseo_notices":[],"_links":{"self":[{"href":"https:\/\/tecsecmty.com\/index.php\/wp-json\/wp\/v2\/product\/5833","targetHints":{"allow":["GET"]}}],"collection":[{"href":"https:\/\/tecsecmty.com\/index.php\/wp-json\/wp\/v2\/product"}],"about":[{"href":"https:\/\/tecsecmty.com\/index.php\/wp-json\/wp\/v2\/types\/product"}],"replies":[{"embeddable":true,"href":"https:\/\/tecsecmty.com\/index.php\/wp-json\/wp\/v2\/comments?post=5833"}],"version-history":[{"count":0,"href":"https:\/\/tecsecmty.com\/index.php\/wp-json\/wp\/v2\/product\/5833\/revisions"}],"wp:featuredmedia":[{"embeddable":true,"href":"https:\/\/tecsecmty.com\/index.php\/wp-json\/wp\/v2\/media\/5832"}],"wp:attachment":[{"href":"https:\/\/tecsecmty.com\/index.php\/wp-json\/wp\/v2\/media?parent=5833"}],"wp:term":[{"taxonomy":"product_brand","embeddable":true,"href":"https:\/\/tecsecmty.com\/index.php\/wp-json\/wp\/v2\/product_brand?post=5833"},{"taxonomy":"product_cat","embeddable":true,"href":"https:\/\/tecsecmty.com\/index.php\/wp-json\/wp\/v2\/product_cat?post=5833"},{"taxonomy":"product_tag","embeddable":true,"href":"https:\/\/tecsecmty.com\/index.php\/wp-json\/wp\/v2\/product_tag?post=5833"}],"curies":[{"name":"wp","href":"https:\/\/api.w.org\/{rel}","templated":true}]}}