{"id":5837,"date":"2023-02-23T11:41:11","date_gmt":"2023-02-23T17:41:11","guid":{"rendered":"https:\/\/tecsecmty.com\/index.php\/producto\/bosch-f_whsw-estrobo-multicandela-color-blanco-de-pared-12-o-24v\/"},"modified":"2023-03-22T23:21:16","modified_gmt":"2023-03-23T05:21:16","slug":"bosch-f_whsw-estrobo-multicandela-color-blanco-de-pared-12-o-24v","status":"publish","type":"product","link":"https:\/\/tecsecmty.com\/index.php\/producto\/bosch-f_whsw-estrobo-multicandela-color-blanco-de-pared-12-o-24v\/","title":{"rendered":"BOSCH F_WHSW &#8211; ESTROBO Multicandela \/ Color blanco \/ De pared \/ 12 O 24V"},"content":{"rendered":"<div class=\"row aling-items-center padding-bottom-2x\">\n<div class=\"col-lg-12\">\n<p class=\"ql-align-justify\">Estas luces estrobosc\u00f3picas de bocina proporcionan ocho ajustes de candela y tres ajustes de sonido en cada aparato. Todos los interruptores para cambiar estos ajustes se pueden configurar sin una herramienta y se encuentran detr\u00e1s del aparato para evitar manipulaci\u00f3n.<\/p>\n<p><img decoding=\"async\" class=\"overview-center-img- aligncenter\" src=\"https:\/\/tvc.mx\/media\/6746\/Logoopaginas-oficial.png\" alt=\"\" \/><\/div>\n<\/div>\n<div class=\"row aling-items-center padding-bottom-2x\">\n<div class=\"col-lg-12\">\n<p class=\"ql-align-justify\">La base de montaje universal separada puede ser f\u00e1cilmente montado en cinco tipos de cajas posteriores est\u00e1ndar de la industria. Tambi\u00e9n pueden pre-cablearse para permitir una prueba completa de la cableado del circuito antes de instalar el aparato y superficie acabada. Estas luces estrobosc\u00f3picas de pared. Tambi\u00e9n cuentan con puntos de prueba de voltaje para tomar lecturas con un volt\u00edmetro para solucionar problemas o AHJ inspecci\u00f3n.<\/p>\n<\/div>\n<\/div>\n<div class=\"row aling-items-center padding-bottom-2x\">\n<div class=\"col-lg-12\">\n<pre class=\"ql-syntax ql-align-justify\"><\/pre>\n<p><strong>Notas de instalaci\u00f3n \/ configuraci\u00f3n<\/strong><\/p>\n<p><strong>Compatibilidad<\/strong><\/p>\n<p><strong>Cuerno:<\/strong><\/p>\n<p>Estos cuernos proporcionan un continuo o seleccionable c\u00f3digo 3 tono de bocina cuando se conecta directamente al fuego panel de Control de Alarma (FACP). Tambi\u00e9n pueden proporcionar una c\u00f3digo 3 sincronizado tono de bocina cuando se utiliza en<\/p>\n<p>conjuntamente con un FACP que incorpora el protocolo de sincronizaci\u00f3n de notificaciones de Cooper, un Cooper m\u00f3dulo de sincronizaci\u00f3n de notificaciones, o la notificaci\u00f3n de Cooper fuente de alimentaci\u00f3n. Los electrodom\u00e9sticos Horn pueden ser configurados en el campo para sonido dBA Alto (HI), Medio (MED) o Bajo (LO) salida.<\/p>\n<p><strong>Luz estrobosc\u00f3pica:<\/strong><\/p>\n<p>Estas luces estrobosc\u00f3picas proporcionan un estroboscopio no sincronizado aparato cuando est\u00e1 conectado directamente a una alarma de incendio panel de control (FACP), o proporcionar un sincronizado dispositivo estrobosc\u00f3pico cuando se utiliza junto con una FACP que incorpora la sincronizaci\u00f3n de notificaciones de Cooper protocolo, un m\u00f3dulo de sincronizaci\u00f3n de notificaciones de Cooper o el fuente de alimentaci\u00f3n Cooper Notification. Est\u00e1n dise\u00f1ados para flashear a 1 flash por segundo m\u00ednimo sobre su Rango de voltaje regulado.<\/p>\n<\/div>\n<\/div>\n<div class=\"row aling-items-center padding-bottom-2x\">\n<div class=\"col-lg-12\">\n<pre class=\"ql-syntax\"><\/pre>\n<p><strong>Nota:<\/strong><\/p>\n<ul>\n<li>Estas son compatibles con los paneles Bosch: FPD-7024 y FPA-1000.<\/li>\n<li>El patr\u00f3n temporal del C\u00f3digo 3 debe ser usado solamente para la se\u00f1alizaci\u00f3n de evacuaci\u00f3n de incendios y no para cualquier otro prop\u00f3sito.<\/li>\n<\/ul>\n<\/div>\n<\/div>\n<div class=\"row aling-items-center padding-bottom-2x\">\n<div class=\"col-lg-12\">\n<pre class=\"ql-syntax\"><\/pre>\n<p><strong>Caracter\u00edsticas B\u00e1sicas:<\/strong><\/p>\n<ul>\n<li>Moderna est\u00e9tica y elegante.<\/li>\n<li>M\u00faltiples voltajes (12 VDC o 24 VDC)<\/li>\n<li>puntos de prueba de voltaje<\/li>\n<li>Ocho opciones de candelas estrobosc\u00f3picas y tres bocinas de volumen.<\/li>\n<li>opciones base de montaje universal.<\/li>\n<\/ul>\n<\/div>\n<\/div>\n<div class=\"row aling-items-center padding-bottom-2x\">\n<div class=\"col-lg-12\">\n<p class=\"ql-align-justify\"><strong>Especificaciones:<\/strong><\/p>\n<p class=\"ql-align-justify\"><strong>Voltaje (entrada)<\/strong><\/p>\n<ul>\n<li class=\"ql-align-justify\">Rango regulado:<\/li>\n<li class=\"ql-align-justify\">12 VDC 8.0 V a 17.5 V<\/li>\n<li class=\"ql-align-justify\">24 VDC o Vrms 16.0 V a 33.0 V<\/li>\n<li class=\"ql-align-justify\"><\/li>\n<\/ul>\n<p class=\"ql-align-justify\"><strong>Ambiental<\/strong><\/p>\n<ul>\n<li class=\"ql-align-justify\">Ambiente: Interior, seco.<\/li>\n<li class=\"ql-align-justify\">Humedad relativa: 93 \u00b1 2% m\u00e1ximo, sin condensaci\u00f3n<\/li>\n<li class=\"ql-align-justify\">Temperatura (funcionamiento): + 32 \u00b0 F a + 120 \u00b0 F (0 \u00b0 C a + 49 \u00b0 C)<\/li>\n<\/ul>\n<p class=\"ql-align-justify\"><strong>Mec\u00e1nicas:<\/strong><\/p>\n<ul>\n<li class=\"ql-align-justify\">Candela Ratings3 : 15 cd, 15\/75 cd4 , 30 cd, 75 cd, 95 cd,<\/li>\n<li class=\"ql-align-justify\">110 cd, 135 cd, o 185 cd.<\/li>\n<li class=\"ql-align-justify\">Dimensiones: 5.24 pulg. X 4.58 pulg. X 2.19 pulg.<\/li>\n<li class=\"ql-align-justify\">(133.1 mm x 116.4 mm x 55.7 mm).<\/li>\n<\/ul>\n<p class=\"ql-align-justify\"><strong>Material:<\/strong><\/p>\n<ul>\n<li class=\"ql-align-justify\">Carcasa de pl\u00e1stico moldeado que incorpora.<\/li>\n<li class=\"ql-align-justify\">Un tubo de flash Xenon y una lente Lexan.<\/li>\n<li class=\"ql-align-justify\">Configuraci\u00f3n de volumen: 90 db, 95 db o 99 db.<\/li>\n<\/ul>\n<\/div>\n<\/div>\n","protected":false},"excerpt":{"rendered":"<p>Estas luces estrobosc\u00f3picas de bocina proporcionan ocho ajustes de candela y tres ajustes de sonido en cada aparato. Todos los interruptores para cambiar estos ajustes se pueden configurar sin una herramienta y se encuentran detr\u00e1s del aparato para evitar manipulaci\u00f3n. La base de montaje universal&hellip;<\/p>\n","protected":false},"featured_media":5836,"comment_status":"open","ping_status":"closed","template":"","meta":{"om_disable_all_campaigns":false,"_monsterinsights_skip_tracking":false,"_monsterinsights_sitenote_active":false,"_monsterinsights_sitenote_note":"","_monsterinsights_sitenote_category":0},"product_brand":[],"product_cat":[504],"product_tag":[495,497,498,499,500,501,496,502],"class_list":{"0":"post-5837","1":"product","2":"type-product","3":"status-publish","4":"has-post-thumbnail","6":"product_cat-estrobos-y-sirenas","7":"product_tag-control-de-incendio","8":"product_tag-detectores","9":"product_tag-estacion-manual","10":"product_tag-estrobos-y-sirenas","11":"product_tag-modulos","12":"product_tag-paneles-de-control","13":"product_tag-sistemas-de-incendio","14":"product_tag-teclados","16":"first","17":"instock","18":"sale","19":"taxable","20":"shipping-taxable","21":"purchasable","22":"product-type-simple"},"aioseo_notices":[],"_links":{"self":[{"href":"https:\/\/tecsecmty.com\/index.php\/wp-json\/wp\/v2\/product\/5837","targetHints":{"allow":["GET"]}}],"collection":[{"href":"https:\/\/tecsecmty.com\/index.php\/wp-json\/wp\/v2\/product"}],"about":[{"href":"https:\/\/tecsecmty.com\/index.php\/wp-json\/wp\/v2\/types\/product"}],"replies":[{"embeddable":true,"href":"https:\/\/tecsecmty.com\/index.php\/wp-json\/wp\/v2\/comments?post=5837"}],"version-history":[{"count":0,"href":"https:\/\/tecsecmty.com\/index.php\/wp-json\/wp\/v2\/product\/5837\/revisions"}],"wp:featuredmedia":[{"embeddable":true,"href":"https:\/\/tecsecmty.com\/index.php\/wp-json\/wp\/v2\/media\/5836"}],"wp:attachment":[{"href":"https:\/\/tecsecmty.com\/index.php\/wp-json\/wp\/v2\/media?parent=5837"}],"wp:term":[{"taxonomy":"product_brand","embeddable":true,"href":"https:\/\/tecsecmty.com\/index.php\/wp-json\/wp\/v2\/product_brand?post=5837"},{"taxonomy":"product_cat","embeddable":true,"href":"https:\/\/tecsecmty.com\/index.php\/wp-json\/wp\/v2\/product_cat?post=5837"},{"taxonomy":"product_tag","embeddable":true,"href":"https:\/\/tecsecmty.com\/index.php\/wp-json\/wp\/v2\/product_tag?post=5837"}],"curies":[{"name":"wp","href":"https:\/\/api.w.org\/{rel}","templated":true}]}}