{"id":5839,"date":"2023-02-23T11:41:14","date_gmt":"2023-02-23T17:41:14","guid":{"rendered":"https:\/\/tecsecmty.com\/index.php\/producto\/bosch-f_whswc-sirena-estrobo-12-24vcd-multicandela-blanco-techo\/"},"modified":"2023-03-22T23:21:16","modified_gmt":"2023-03-23T05:21:16","slug":"bosch-f_whswc-sirena-estrobo-12-24vcd-multicandela-blanco-techo","status":"publish","type":"product","link":"https:\/\/tecsecmty.com\/index.php\/producto\/bosch-f_whswc-sirena-estrobo-12-24vcd-multicandela-blanco-techo\/","title":{"rendered":"BOSCH F_WHSWC- SIRENA-ESTROBO 12\/24VCD MULTICANDELA BLANCO TECHO"},"content":{"rendered":"<div class=\"row aling-items-center padding-bottom-2x\">\n<div class=\"col-lg-12\">\n<h5 class=\"card-title text-center\">W\u2011HSWC Luz estrobosc\u00f3pica de bocina multic\u00e1mara de montaje en techo (dos hilos, 12\/24 V, blanco)<\/h5>\n<p class=\"ql-align-justify\">\n<p><img decoding=\"async\" class=\"overview-center-img- aligncenter\" src=\"https:\/\/tvc.mx\/media\/17667\/Logoopaginas-oficial.png\" alt=\"\" \/><\/div>\n<\/div>\n<div class=\"row align-items-center padding-bottom-2x\">\n<div class=\"col-md-5\"><img decoding=\"async\" class=\"d-block m-auto img-thumbnail\" src=\"https:\/\/tvc.mx\/media\/80544\/W-HSWCconfig5.png\" alt=\" \" \/><\/div>\n<div class=\"col-md-7 text-md-left text-center\">\n<h2>Resumen del sistema<\/h2>\n<p class=\"text-muted\">\n<p class=\"ql-align-justify\"><strong>Las luces estrobosc\u00f3picas de cuerno Cooper Wheelock Exceder Series cuentan con\u00a0 un dise\u00f1o moderno y elegante que incorpora alta confiabilidad y \u00f3ptica de alta\u00a0 eficiencia para minimizar consumo de corriente.<\/strong>\u00a0El consumo de corriente reducido\u00a0 permite un mayor n\u00famero de dispositivos en la notificaci\u00f3n de dos hilos circuito\u00a0 electrodom\u00e9stico. Esto, en combinaci\u00f3n con ocho opciones de candela en un\u00a0 dispositivo, no se necesitan herramientas para cambio de configuraciones, puntos\u00a0 de prueba de\u00a0<strong>voltaje, 12 V o 24 V CC\u00a0<\/strong>operaci\u00f3n, la base de montaje universal y\u00a0 m\u00faltiples las opciones de montaje dan como resultado un costo reducido de propiedad.<\/p>\n<p class=\"ql-align-justify\">Estas luces estrobosc\u00f3picas de bocina proporcionan ocho configuraciones de candela y tres configuraciones de sonido en cada aparato. Todos los interruptores para cambiar\u00a0 esta configuraci\u00f3n se pueden configurar sin un herramienta y se encuentran detr\u00e1s\u00a0 del aparato para evitar manipulaci\u00f3n.<\/p>\n<p class=\"ql-align-justify\">La base de montaje universal separada puede ser f\u00e1cilmente montado en cinco tipos de\u00a0 caja posterior est\u00e1ndar de la industria. Tambi\u00e9n se pueden precablear para permitir\u00a0 una prueba completa de cableado del circuito antes de instalar el electrodom\u00e9stico y<\/p>\n<p class=\"ql-align-justify\">superficie terminada. Estas luces estrobosc\u00f3picas de bocina tambi\u00e9n cuentan con puntos\u00a0 de prueba de voltaje para tomar lecturas con un volt\u00edmetro para solucionar problemas o AHJ inspecci\u00f3n.<\/p>\n<p>&nbsp;<\/p>\n<\/div>\n<\/div>\n<hr class=\"padding-bottom-2x\" \/>\n<div class=\"row align-items-center padding-bottom-2x\">\n<div class=\"col-md-5 order-md-2\"><img decoding=\"async\" class=\"d-block m-auto img-thumbnail\" src=\"https:\/\/tvc.mx\/media\/80548\/W-HSWCconfig6.png\" alt=\" \" \/><\/div>\n<div class=\"col-md-7 order-md-1 text-md-left text-center\">\n<h2>Notas de configuraci\u00f3n\/instalaci\u00f3n<\/h2>\n<p class=\"text-muted\">\n<p class=\"ql-align-justify\"><strong>Compatibilidad<\/strong><\/p>\n<p class=\"ql-align-justify\"><strong>Cuerno:<\/strong><\/p>\n<p class=\"ql-align-justify\">Estos cuernos proporcionan un continuo o seleccionable c\u00f3digo 3 tono de la bocina cuando se\u00a0 conecta directamente al fuego panel de control de alarma (FACP). Tambi\u00e9n pueden proporcionar un<\/p>\n<p class=\"ql-align-justify\">tono sincronizado de la bocina del c\u00f3digo 3 cuando se usa en junto con un FACP que incorpora\u00a0 el protocolo de sincronizaci\u00f3n de notificaciones de Cooper, un M\u00f3dulo Cooper de sincronizaci\u00f3n<\/p>\n<p class=\"ql-align-justify\">de notificaciones o la notificaci\u00f3n de Cooper fuente de alimentaci\u00f3n.<\/p>\n<p class=\"ql-align-justify\">Los aparatos de bocina se pueden configurar en el campo para sonido dBA alto (HI), medio (MED)\u00a0 o bajo (LO) salida.<\/p>\n<p class=\"ql-align-justify\"><strong>Luz estrobosc\u00f3pica:<\/strong><\/p>\n<p class=\"ql-align-justify\">Estas luces estrobosc\u00f3picas proporcionan una luz estrobosc\u00f3pica no sincronizada aparato cuando est\u00e1 conectado directamente a una alarma de incendio al panel de control (FACP),\u00a0 o proporcionar un sincronizado dispositivo estrobosc\u00f3pico cuando se usa junto con un<\/p>\n<p class=\"ql-align-justify\">FACP que incorpora la sincronizaci\u00f3n de notificaciones protocolo Cooper , un m\u00f3dulo de\u00a0 sincronizaci\u00f3n de notificaciones de Cooper o la fuente de alimentaci\u00f3n de notificaci\u00f3n de Cooper.<\/p>\n<p class=\"ql-align-justify\">Estan disenados para parpadear a 1 flash por segundo m\u00ednimo sobre su rango de voltaje regulado.<\/p>\n<p class=\"ql-align-justify\"><strong>Consideraciones de montaje<\/strong><\/p>\n<p class=\"ql-align-justify\">La base de montaje universal suministrada con cada bocina la luz estrobosc\u00f3pica se puede precablear.<\/p>\n<p class=\"ql-align-justify\">Con el contacto suministrado cubierta en su lugar, se puede verificar el circuito precableado para continuidad antes de que se monten las luces estrobosc\u00f3picas de la bocina.<\/p>\n<p class=\"ql-align-justify\">Las luces estrobosc\u00f3picas de la bocina encajan en el Universal preinstalado bases de montaje con las cubiertas de contacto quitadas y se puede asegurar a la base con un seguro opcional<\/p>\n<p class=\"ql-align-justify\">tornillo. La base de montaje universal se monta al ras cuadrilla simple, cuadrilla doble, cuadrado de 4 pulg.,\u00a0 octal de 4 pulg, Cajas traseras de 3.5 pulg. Octal y tipo europeo de 100 mm.<\/p>\n<p class=\"ql-align-justify\"><strong>Consideraciones de cableado<\/strong><\/p>\n<p class=\"ql-align-justify\">Los terminales de cableado en la base de montaje universal aceptar dos cables de electrodom\u00e9sticos con di\u00e1metros entre 12 AWG y 18 AWG (ISO 4 mm2 y 0,75 mm2) a cada terminal.<\/p>\n<p>&nbsp;<\/p>\n<\/div>\n<\/div>\n<hr class=\"padding-bottom-2x\" \/>\n<div class=\"row align-items-center padding-bottom-2x\">\n<div class=\"col-md-5\"><img decoding=\"async\" class=\"d-block m-auto img-thumbnail\" src=\"https:\/\/tvc.mx\/media\/80552\/W-HSWCconfig7.png\" alt=\" \" \/><\/div>\n<div class=\"col-md-7 text-md-left text-center\">\n<h2>Caracter\u00edsticas y Especificaciones<\/h2>\n<p class=\"text-muted\">\n<p class=\"ql-align-justify\"><strong>Nota: W\u2011HSWC Luz estrobosc\u00f3pica de bocina multic\u00e1mara de montaje en techo (dos hilos, 12\/24 V, blanco)<\/strong><\/p>\n<p class=\"ql-align-justify\"><strong>Luz estrobosc\u00f3pica circular blanca de dos hilos que es<\/strong><\/p>\n<p class=\"ql-align-justify\"><strong>seleccionable en campo para tres opciones de volumen y ocho<\/strong><\/p>\n<p class=\"ql-align-justify\"><strong>opciones de candela.<\/strong><\/p>\n<p class=\"ql-align-justify\"><strong>N\u00famero de pedido: W-HSWC.<\/strong><\/p>\n<p class=\"ql-align-justify\"><strong>Principales caracter\u00edsticas<\/strong><\/p>\n<ul>\n<li class=\"ql-align-justify\">Est\u00e9tica moderna y elegante.<\/li>\n<li class=\"ql-align-justify\">Tensiones m\u00faltiples (12 VDC o 24 VDC).<\/li>\n<li class=\"ql-align-justify\">Puntos de prueba de voltaje.<\/li>\n<li class=\"ql-align-justify\">Ocho opciones de candelas estrobosc\u00f3picas y tres volumen de bocina opciones.<\/li>\n<li class=\"ql-align-justify\">Base de montaje universal.<\/li>\n<\/ul>\n<p class=\"ql-align-justify\"><strong>Especificaciones<\/strong><\/p>\n<p class=\"ql-align-justify\"><strong>Voltaje (entrada)<\/strong><\/p>\n<p class=\"ql-align-justify\"><strong>Rango Regulado<\/strong><\/p>\n<ul>\n<li class=\"ql-align-justify\">12 VDC 8.0 V a 17.5 V.<\/li>\n<li class=\"ql-align-justify\">24 VDC o Vrms 16.0 V a 33.0 V.<\/li>\n<\/ul>\n<p class=\"ql-align-justify\"><strong>Ambiental<\/strong><\/p>\n<ul>\n<li class=\"ql-align-justify\">Ambiente: interior, seco<\/li>\n<li class=\"ql-align-justify\">Humedad relativa: 93 \u00b1 2% m\u00e1ximo, sin condensaci\u00f3n<\/li>\n<li class=\"ql-align-justify\">Temperatura (en funcionamiento): + 32 \u00b0 F a + 120 \u00b0 F (0 \u00b0 C a + 49 \u00b0 C).<\/li>\n<\/ul>\n<p class=\"ql-align-justify\"><strong>Mec\u00e1nico<\/strong><\/p>\n<ul>\n<li class=\"ql-align-justify\">Calificaciones Candela: 15 cd, 30 cd, 60 cd, 75 cd, 95 cd, 115 cd, 150 cd o 177 cd.<\/li>\n<li class=\"ql-align-justify\">Dimensiones: 6.68 pulg. De di\u00e1metro x 2.63 pulg. De profundidad (170 mm de di\u00e1metro x 67 mm de profundidad)<\/li>\n<li class=\"ql-align-justify\">Material: carcasa de pl\u00e1stico moldeado que incorpora un flashtube de Xenon y una lente Lexan.<\/li>\n<li class=\"ql-align-justify\">Configuraci\u00f3n de volumen: 90 db, 95 db o 99 db.<\/li>\n<\/ul>\n<\/div>\n<\/div>\n","protected":false},"excerpt":{"rendered":"<p>W\u2011HSWC Luz estrobosc\u00f3pica de bocina multic\u00e1mara de montaje en techo (dos hilos, 12\/24 V, blanco) Resumen del sistema Las luces estrobosc\u00f3picas de cuerno Cooper Wheelock Exceder Series cuentan con\u00a0 un dise\u00f1o moderno y elegante que incorpora alta confiabilidad y \u00f3ptica de alta\u00a0 eficiencia para minimizar&hellip;<\/p>\n","protected":false},"featured_media":5838,"comment_status":"open","ping_status":"closed","template":"","meta":{"om_disable_all_campaigns":false,"_monsterinsights_skip_tracking":false,"_monsterinsights_sitenote_active":false,"_monsterinsights_sitenote_note":"","_monsterinsights_sitenote_category":0},"product_brand":[],"product_cat":[504],"product_tag":[495,497,498,499,500,501,496,502],"class_list":{"0":"post-5839","1":"product","2":"type-product","3":"status-publish","4":"has-post-thumbnail","6":"product_cat-estrobos-y-sirenas","7":"product_tag-control-de-incendio","8":"product_tag-detectores","9":"product_tag-estacion-manual","10":"product_tag-estrobos-y-sirenas","11":"product_tag-modulos","12":"product_tag-paneles-de-control","13":"product_tag-sistemas-de-incendio","14":"product_tag-teclados","16":"first","17":"instock","18":"sale","19":"taxable","20":"shipping-taxable","21":"purchasable","22":"product-type-simple"},"aioseo_notices":[],"_links":{"self":[{"href":"https:\/\/tecsecmty.com\/index.php\/wp-json\/wp\/v2\/product\/5839","targetHints":{"allow":["GET"]}}],"collection":[{"href":"https:\/\/tecsecmty.com\/index.php\/wp-json\/wp\/v2\/product"}],"about":[{"href":"https:\/\/tecsecmty.com\/index.php\/wp-json\/wp\/v2\/types\/product"}],"replies":[{"embeddable":true,"href":"https:\/\/tecsecmty.com\/index.php\/wp-json\/wp\/v2\/comments?post=5839"}],"version-history":[{"count":0,"href":"https:\/\/tecsecmty.com\/index.php\/wp-json\/wp\/v2\/product\/5839\/revisions"}],"wp:featuredmedia":[{"embeddable":true,"href":"https:\/\/tecsecmty.com\/index.php\/wp-json\/wp\/v2\/media\/5838"}],"wp:attachment":[{"href":"https:\/\/tecsecmty.com\/index.php\/wp-json\/wp\/v2\/media?parent=5839"}],"wp:term":[{"taxonomy":"product_brand","embeddable":true,"href":"https:\/\/tecsecmty.com\/index.php\/wp-json\/wp\/v2\/product_brand?post=5839"},{"taxonomy":"product_cat","embeddable":true,"href":"https:\/\/tecsecmty.com\/index.php\/wp-json\/wp\/v2\/product_cat?post=5839"},{"taxonomy":"product_tag","embeddable":true,"href":"https:\/\/tecsecmty.com\/index.php\/wp-json\/wp\/v2\/product_tag?post=5839"}],"curies":[{"name":"wp","href":"https:\/\/api.w.org\/{rel}","templated":true}]}}