{"id":5841,"date":"2023-02-23T11:41:18","date_gmt":"2023-02-23T17:41:18","guid":{"rendered":"https:\/\/tecsecmty.com\/index.php\/producto\/bosch-f_wstr-estrobo-de-montaje-en-pared-color-rojo-12-o-24-v\/"},"modified":"2023-03-22T23:21:17","modified_gmt":"2023-03-23T05:21:17","slug":"bosch-f_wstr-estrobo-de-montaje-en-pared-color-rojo-12-o-24-v","status":"publish","type":"product","link":"https:\/\/tecsecmty.com\/index.php\/producto\/bosch-f_wstr-estrobo-de-montaje-en-pared-color-rojo-12-o-24-v\/","title":{"rendered":"BOSCH F_WSTR &#8211; ESTROBO De montaje en pared color rojo 12 o 24 v"},"content":{"rendered":"<h5 class=\"card-title text-center\">W-STR Estrobosc\u00f3pico multi-candela de montaje en pared (dos hilos, 12\/24 V, rojo)<\/h5>\n<p><strong>La funci\u00f3n de luces estrobosc\u00f3picas Cooper Wheelock Exceder Series es un dise\u00f1o moderno y elegante que incorpora alta\u00a0 confiabilidad y \u00f3ptica de alta eficiencia para minimizar el consumo de corriente<\/strong>. El consumo de corriente reducido permite\u00a0un mayor n\u00famero de dispositivos en el dispositivo de notificaci\u00f3n de dos hilos circuito. Esto, en combinaci\u00f3n con ocho\u00a0 opciones de candelas en un aparato, no se necesitan herramientas para cambiar ajustes, puntos de prueba de v<strong>oltaje, 12 V o 24 V CC<\/strong>\u00a0operaci\u00f3n, la base de montaje universal y m\u00faltiples las opciones de montaje dan como resultado un costo reducido de propiedad. Estas luces estrobosc\u00f3picas proporcionan ocho configuraciones de candelas. Todos los interruptores para cambiar\u00a0 esta configuraci\u00f3n se pueden configurar sin un herramienta y se encuentran detr\u00e1s del aparato para evitar manipulaci\u00f3n. La base de montaje universal separada puede ser f\u00e1cilmente montado en cinco tipos de caja posterior est\u00e1ndar de la industria.<\/p>\n<p>Tambi\u00e9n se pueden precablear para permitir una prueba completa de cableado del circuito antes de instalar el electrodom\u00e9stico y Superficie terminada. Estas luces estrobosc\u00f3picas de montaje en pared tambi\u00e9n cuentan con puntos de prueba de voltaje para tomar lecturas con un volt\u00edmetro para resoluci\u00f3n de problemas o inspecci\u00f3n AHJ.<\/p>\n<p>Notas de instalaci\u00f3n \/ configuraci\u00f3n<\/p>\n<p><strong>Compatibilidad de Luz estrobosc\u00f3pica<\/strong>:<\/p>\n<p>Estas luces estrobosc\u00f3picas proporcionan una luz estrobosc\u00f3pica no sincronizada aparato cuando est\u00e1 conectado directamente a una alarma de incendio Panel de control (FACP), o proporcionar un sincronizado dispositivo estrobosc\u00f3pico cuando se usa\u00a0 junto con un FACP que incorpora la sincronizaci\u00f3n de notificaciones Cooper protocolo, un m\u00f3dulo de sincronizaci\u00f3n de notificaciones de Cooper o el Fuente de alimentaci\u00f3n de notificaci\u00f3n de Cooper. Estan disenados para parpadear a 1 flash por segundo m\u00ednimo sobre su Rango de voltaje regulado.<\/p>\n<p><strong>Nota: Las luces estrobosc\u00f3picas no est\u00e1n dise\u00f1adas para usarse en c\u00f3digos sistemas en los que el voltaje aplicado se reinicia y fuera.<\/strong><\/p>\n<p><strong>Productos compatibles<\/strong><\/p>\n<p>Los siguientes productos de Bosch Security Systems, Inc. son compatibles con el Cooper Wheelock Exceder Luces estrobosc\u00f3picas de la serie:<\/p>\n<p><strong>Panel de Control:<\/strong><\/p>\n<ul>\n<li>FPA-10001 Analog Addressable Fire Panels.<\/li>\n<li>FPD-70241 Conventional or Addressable2 FACP.<\/li>\n<li>D10024A3 Analog FACP.<\/li>\n<li>D80243 Analog FACP.<\/li>\n<li>D91243 Addressable FACP.<\/li>\n<\/ul>\n<p><strong>Power Supplies<\/strong><\/p>\n<ul>\n<li>FPP-RNAC-8A-4C1 Remote Notification Appliance Circuit (RNAC) Power Supply.<\/li>\n<\/ul>\n<p><strong>Consideraciones de montaje<\/strong><\/p>\n<p>La base de montaje universal suministrada con cada la luz estrobosc\u00f3pica se puede precablear. Con el contacto suministrado Cubierta en su lugar, se puede verificar el circuito precableado para continuidad antes de que se monten las luces estrobosc\u00f3picas. Las luces estrobosc\u00f3picas encajan en el montaje universal preinstalado Bases con las cubiertas de contacto quitadas y pueden ser asegurado a la base con un tornillo de fijaci\u00f3n opcional. La base de montaje universal se monta al ras en un solo cuerpo, doble pandilla, cuadrada de 4 pulg., Octal de 4 pulg., 3,5 pulg. octal y cajas traseras tipo europeo de 100 mm.<\/p>\n<p><strong>Consideraciones de cableado<\/strong><\/p>\n<p>Los terminales de cableado en la base de montaje universal aceptar dos cables de electrodom\u00e9sticos con di\u00e1metros entre 12 AWG y 18 AWG (ISO 4 mm2 y 0,75 mm2) a cada terminal.<\/p>\n<p><strong>Partes incluidas<\/strong><\/p>\n<ul>\n<li>1 aparato estrobosc\u00f3pico<\/li>\n<li>1 base de montaje universal<\/li>\n<li>1 tapa de contacto.<\/li>\n<li>1 Literatura &#8211; Instrucciones de instalaci\u00f3n<\/li>\n<li>1 Paquete de hardware:<\/li>\n<li>Dos tornillos de montaje de cabeza plana.<\/li>\n<li>Un tornillo de fijaci\u00f3n.<\/li>\n<\/ul>\n<p><strong>Nota: W-STR Estrobosc\u00f3pico multi-candela de montaje en pared (dos hilos, 12\/24 V, rojo)<\/strong><\/p>\n<p><strong>Luz estrobosc\u00f3pica rectangular roja de dos hilos que se puede seleccionar en el campo<\/strong><\/p>\n<p><strong>para ocho opciones de candelas.<\/strong><\/p>\n<p><strong>N\u00famero de pedido: W-STR.<\/strong><\/p>\n<p><strong>Principales caracter\u00edsticas<\/strong><\/p>\n<ul>\n<li>Est\u00e9tica moderna y elegante.<\/li>\n<li>Tensiones m\u00faltiples (12 VDC o 24 VDC).<\/li>\n<li>Puntos de prueba de voltaje.<\/li>\n<li>Ocho opciones de luces estrobosc\u00f3picas.<\/li>\n<li>Base de montaje universa.<\/li>\n<\/ul>\n<p><strong>Especificaciones<\/strong><\/p>\n<p><strong>El\u00e9ctricas<\/strong><\/p>\n<ul>\n<li>Strobe Current Draw: 24 V nominal (rango de 16.0 V a 33.0 V).<\/li>\n<li>DC\/FWR:\u00a0 15 cd: 57 mA, 15\/75 cd: 70 mA, 30 cd: 85 mA, 75 cd: 135 mA, 95 cd: 163 mA, 110 cd: 182 mA, 135 cd: 205 mA, 185 cd: 253 mA.<\/li>\n<li>Voltaje (entrada) yRango Regulado:<\/li>\n<li>12 VDC 8.0 V a 17.5 V.<\/li>\n<li>24 VDC o Vrms 16.0 V a 33.0 V.<\/li>\n<\/ul>\n<p><strong>Ambientales<\/strong><\/p>\n<ul>\n<li>Ambiente: interior, seco<\/li>\n<li>Humedad relativa: 93 \u00b1 2% m\u00e1ximo, sin condensaci\u00f3n.<\/li>\n<li>Temperatura (operando): De + 32 \u00b0 F a + 120 \u00b0 F (0 \u00b0 C a + 49 \u00b0 C).<\/li>\n<\/ul>\n<p><strong>Mec\u00e1nicas<\/strong><\/p>\n<ul>\n<li>Candela Ratings1 : 15 cd, 15\/75 cd2, 30 cd, 75 cd, 95 cd, 110 cd, 135 cd o 185 cd<\/li>\n<li>Dimensiones: 5.24 pulg. X 4.58 pulg. X 2.19 pulg. (133,1 mm x 116,4 mm x 55,7 mm)<\/li>\n<li>Material: caja de pl\u00e1stico moldeado que incorpora un Tubo de flash de xen\u00f3n y lente Lexan.<\/li>\n<\/ul>\n<p><img decoding=\"async\" class=\"overview-center-img-web\" src=\"https:\/\/tvc.mx\/media\/29984\/Logoopaginas-oficial-1920x400.png\" alt=\"\" \/><\/p>\n","protected":false},"excerpt":{"rendered":"<p>W-STR Estrobosc\u00f3pico multi-candela de montaje en pared (dos hilos, 12\/24 V, rojo) La funci\u00f3n de luces estrobosc\u00f3picas Cooper Wheelock Exceder Series es un dise\u00f1o moderno y elegante que incorpora alta\u00a0 confiabilidad y \u00f3ptica de alta eficiencia para minimizar el consumo de corriente. El consumo de&hellip;<\/p>\n","protected":false},"featured_media":5840,"comment_status":"open","ping_status":"closed","template":"","meta":{"om_disable_all_campaigns":false,"_monsterinsights_skip_tracking":false,"_monsterinsights_sitenote_active":false,"_monsterinsights_sitenote_note":"","_monsterinsights_sitenote_category":0},"product_brand":[],"product_cat":[504],"product_tag":[495,497,498,499,500,501,496,502],"class_list":{"0":"post-5841","1":"product","2":"type-product","3":"status-publish","4":"has-post-thumbnail","6":"product_cat-estrobos-y-sirenas","7":"product_tag-control-de-incendio","8":"product_tag-detectores","9":"product_tag-estacion-manual","10":"product_tag-estrobos-y-sirenas","11":"product_tag-modulos","12":"product_tag-paneles-de-control","13":"product_tag-sistemas-de-incendio","14":"product_tag-teclados","16":"first","17":"instock","18":"sale","19":"taxable","20":"shipping-taxable","21":"purchasable","22":"product-type-simple"},"aioseo_notices":[],"_links":{"self":[{"href":"https:\/\/tecsecmty.com\/index.php\/wp-json\/wp\/v2\/product\/5841","targetHints":{"allow":["GET"]}}],"collection":[{"href":"https:\/\/tecsecmty.com\/index.php\/wp-json\/wp\/v2\/product"}],"about":[{"href":"https:\/\/tecsecmty.com\/index.php\/wp-json\/wp\/v2\/types\/product"}],"replies":[{"embeddable":true,"href":"https:\/\/tecsecmty.com\/index.php\/wp-json\/wp\/v2\/comments?post=5841"}],"version-history":[{"count":0,"href":"https:\/\/tecsecmty.com\/index.php\/wp-json\/wp\/v2\/product\/5841\/revisions"}],"wp:featuredmedia":[{"embeddable":true,"href":"https:\/\/tecsecmty.com\/index.php\/wp-json\/wp\/v2\/media\/5840"}],"wp:attachment":[{"href":"https:\/\/tecsecmty.com\/index.php\/wp-json\/wp\/v2\/media?parent=5841"}],"wp:term":[{"taxonomy":"product_brand","embeddable":true,"href":"https:\/\/tecsecmty.com\/index.php\/wp-json\/wp\/v2\/product_brand?post=5841"},{"taxonomy":"product_cat","embeddable":true,"href":"https:\/\/tecsecmty.com\/index.php\/wp-json\/wp\/v2\/product_cat?post=5841"},{"taxonomy":"product_tag","embeddable":true,"href":"https:\/\/tecsecmty.com\/index.php\/wp-json\/wp\/v2\/product_tag?post=5841"}],"curies":[{"name":"wp","href":"https:\/\/api.w.org\/{rel}","templated":true}]}}