{"id":5843,"date":"2023-02-23T11:41:21","date_gmt":"2023-02-23T17:41:21","guid":{"rendered":"https:\/\/tecsecmty.com\/index.php\/producto\/bosch-f_wstrc-estrobo-multi-candela-color-rojo-de-techo-12-y-24v\/"},"modified":"2023-03-22T23:21:17","modified_gmt":"2023-03-23T05:21:17","slug":"bosch-f_wstrc-estrobo-multi-candela-color-rojo-de-techo-12-y-24v","status":"publish","type":"product","link":"https:\/\/tecsecmty.com\/index.php\/producto\/bosch-f_wstrc-estrobo-multi-candela-color-rojo-de-techo-12-y-24v\/","title":{"rendered":"BOSCH F_WSTRC &#8211; ESTROBO Multi candela color rojo de techo \/ 12 Y 24V"},"content":{"rendered":"<h5 class=\"card-title text-center\">W\u2011STRC Luz estrobosc\u00f3pica de candelas m\u00faltiples para montaje en techo (dos hilos, 12\/24 V, rojo)<\/h5>\n<p class=\"ql-align-justify\"><strong>La funci\u00f3n de luces estrobosc\u00f3picas Cooper Wheelock Exceder Series en un dise\u00f1o moderno y elegante que incorpora alta confiabilidad y \u00f3ptica de alta eficiencia para minimizar el consumo de corriente.<\/strong><\/p>\n<p class=\"ql-align-justify\">El consumo de corriente reducido permite un mayor n\u00famero de dispositivos en el dispositivo de notificaci\u00f3n de dos hilos circuito. Esto, en combinaci\u00f3n con ocho opciones de candelas en un aparato, no se necesitan herramientas para cambiar ajustes, puntos de prueba de voltaje, 12 V o 24 V CC operaci\u00f3n, la base de montaje universal y m\u00faltiples las opciones de montaje dan como resultado un costo reducido de propiedad.<\/p>\n<p class=\"ql-align-justify\">Estas luces estrobosc\u00f3picas proporcionan ocho configuraciones de candelas. Todos los interruptores para cambiar esta configuraci\u00f3n se pueden configurar sin un herramienta y se encuentran detr\u00e1s del aparato para evitar manipulaci\u00f3n.<\/p>\n<p class=\"ql-align-justify\">La base de montaje universal separada puede ser f\u00e1cilmente montado en cinco tipos de caja posterior est\u00e1ndar de la industria. Tambi\u00e9n se pueden precablear para permitir una prueba completa de cableado del circuito antes de instalar el electrodom\u00e9stico y Superficie terminada. Estas luces estrobosc\u00f3picas de montaje en pared tambi\u00e9n cuentan con puntos de prueba de voltaje para tomar lecturas con un volt\u00edmetro para resoluci\u00f3n de problemas o inspecci\u00f3n AHJ.<\/p>\n<p class=\"ql-align-justify\"><strong>Certificaciones y aprobaciones<\/strong><\/p>\n<p class=\"ql-align-justify\"><strong>Cooper Wheelock posee estos listados y aprobaciones:<\/strong><\/p>\n<p class=\"ql-align-justify\"><strong>Certificaci\u00f3n de regi\u00f3n<\/strong><\/p>\n<p class=\"ql-align-justify\"><strong>EE. UU.<\/strong><\/p>\n<ul>\n<li class=\"ql-align-justify\">UL UUKC: dispositivos y equipos de se\u00f1alizaci\u00f3n para personas con discapacidad auditiva (ANSI \/ UL 1971).<\/li>\n<li class=\"ql-align-justify\">UVAV: dispositivos de se\u00f1al visual para sistemas de se\u00f1alizaci\u00f3n de protecci\u00f3n contra incendios (ANSI \/ UL 1638).<\/li>\n<li class=\"ql-align-justify\">CSFM vea nuestro sitio web.<\/li>\n<\/ul>\n<p class=\"ql-align-justify\"><strong>Notas de instalaci\u00f3n \/ configuraci\u00f3n<\/strong><\/p>\n<p class=\"ql-align-justify\"><strong>Compatibilidad<\/strong><\/p>\n<p class=\"ql-align-justify\"><strong>Luz estrobosc\u00f3pica:<\/strong><\/p>\n<p class=\"ql-align-justify\">Estas luces estrobosc\u00f3picas proporcionan una luz estrobosc\u00f3pica no sincronizada aparato cuando est\u00e1 conectado directamente a una alarma de incendio Panel de control (FACP), o proporcionar un sincronizado dispositivo estrobosc\u00f3pico cuando se usa junto con un FACP que incorpora la sincronizaci\u00f3n de notificaciones de Cooper protocolo, un m\u00f3dulo de sincronizaci\u00f3n de notificaciones de Cooper o la Fuente de alimentaci\u00f3n de notificaci\u00f3n de Cooper. Estan disenados para parpadear a 1 flash por segundo m\u00ednimo sobre su Rango de voltaje regulado.Las luces estrobosc\u00f3picas no est\u00e1n dise\u00f1adas para usarse en c\u00f3digos sistemas en los que el voltaje aplicado se reinicia y fuera.<\/p>\n<p class=\"ql-align-justify\"><strong>Productos compatibles<\/strong><\/p>\n<p class=\"ql-align-justify\">Los siguientes productos de Bosch Security Systems, Inc. son compatibles con el Cooper Wheelock Exceder Luces estrobosc\u00f3picas de la serie:<\/p>\n<p class=\"ql-align-justify\"><strong>Paneles de control<\/strong><\/p>\n<ul>\n<li class=\"ql-align-justify\">FPA-1000: Fuego direccionable anal\u00f3gico<\/li>\n<li class=\"ql-align-justify\">Paneles FPD-70241 Convencional o Direccionable<\/li>\n<li class=\"ql-align-justify\">FACP D10024A3<\/li>\n<li class=\"ql-align-justify\">FACP anal\u00f3gico D80243<\/li>\n<li class=\"ql-align-justify\">FACP anal\u00f3gico D91243<\/li>\n<li class=\"ql-align-justify\">FACP direccionable D70243 Convencional o Direccionable.<\/li>\n<li class=\"ql-align-justify\">FACP D70223 FACP convencional<\/li>\n<\/ul>\n<p class=\"ql-align-justify\"><strong>M\u00f3dulos<\/strong><\/p>\n<ul>\n<li class=\"ql-align-justify\">SM \u2011 12\/24 \u2011 R M\u00f3dulo de sincronizaci\u00f3n (rojo)<\/li>\n<li class=\"ql-align-justify\">DSM \u2011 12\/24 \u2011 R Sincronizaci\u00f3n dual m\u00f3dulo (rojo)<\/li>\n<\/ul>\n<p class=\"ql-align-justify\"><strong>Fuentes de alimentaci\u00f3n<\/strong><\/p>\n<ul>\n<li class=\"ql-align-justify\">FPP-RNAC-8A-4C1 Notificaci\u00f3n remota Circuito de electrodom\u00e9sticos (RNAC) Fuente de alimentaci\u00f3n.<\/li>\n<li class=\"ql-align-justify\">PS \u2011 24\u20118MC1 Fuente de alimentaci\u00f3n con incorporado protocolo de sincronizaci\u00f3n.<\/li>\n<\/ul>\n<p class=\"ql-align-justify\"><strong>Consideraciones de montaje<\/strong><\/p>\n<p class=\"ql-align-justify\">La base de montaje universal suministrada con cada la luz estrobosc\u00f3pica puede ser precableada. Con el contacto suministrado Cubierta en su lugar, se puede verificar el circuito precableado<\/p>\n<p class=\"ql-align-justify\">para continuidad antes de que se monten las luces estrobosc\u00f3picas, los luces estrobosc\u00f3picas encajan en el montaje universal preinstalado Bases con las cubiertas de contacto quitadas y pueden ser asegurado a la base con un tornillo de fijaci\u00f3n opcional.<\/p>\n<p class=\"ql-align-justify\">La base de montaje universal se monta al ras en un solo cuerpo, doble pandilla, cuadrada de 4 pulg., Octal de 4 pulg., 3,5 pulg. octal y cajas traseras tipo europeo de 100 mm.<\/p>\n<p class=\"ql-align-justify\"><strong>Consideraciones de cableado<\/strong><\/p>\n<p class=\"ql-align-justify\">Los terminales de cableado en la base de montaje universal aceptar dos cables de electrodom\u00e9sticos con di\u00e1metros entre 12 AWG y 18 AWG (ISO 4 mm2 \u00a0y 0,75 mm2) a cada terminal.<\/p>\n<p class=\"ql-align-justify\"><strong>Partes incluidas<\/strong><\/p>\n<ul>\n<li class=\"ql-align-justify\">1 aparato estrobosc\u00f3pico.<\/li>\n<li class=\"ql-align-justify\">1 base de montaje universal.<\/li>\n<li class=\"ql-align-justify\">1 tapa de contacto.<\/li>\n<li class=\"ql-align-justify\">1 paquete de hardware: Dos tornillos de montaje de cabeza plana y Un tornillo de fijaci\u00f3n.<\/li>\n<li class=\"ql-align-justify\">1 Literatura &#8211; Instrucciones de instalaci\u00f3n.<\/li>\n<\/ul>\n<p class=\"ql-align-justify\"><strong>Nota:\u00a0<\/strong><strong>W\u2011STRC Luz estrobosc\u00f3pica de candelas m\u00faltiples para montaje en techo (dos hilos,<\/strong><\/p>\n<p class=\"ql-align-justify\"><strong>12\/24 V, rojo)<\/strong><\/p>\n<p class=\"ql-align-justify\"><strong>Luz estrobosc\u00f3pica roja circular de dos hilos que se puede seleccionar en campo para Ocho opciones de candelas.<\/strong><\/p>\n<p class=\"ql-align-justify\"><strong>N\u00famero de pedido: W-STRC<\/strong><\/p>\n<p class=\"ql-align-justify\"><strong>Principales caracter\u00edsticas<\/strong><\/p>\n<ul>\n<li class=\"ql-align-justify\">Est\u00e9tica moderna y elegante.<\/li>\n<li class=\"ql-align-justify\">Tensiones m\u00faltiples (12 VDC o 24 VDC).<\/li>\n<li class=\"ql-align-justify\">Puntos de prueba de voltaje.<\/li>\n<li class=\"ql-align-justify\">Ocho opciones de luces estrobosc\u00f3picas.<\/li>\n<li class=\"ql-align-justify\">Base de montaje universal.<\/li>\n<\/ul>\n<p class=\"ql-align-justify\"><strong>Especificaciones<\/strong><\/p>\n<p class=\"ql-align-justify\"><strong>El\u00e9ctrico<\/strong><\/p>\n<p class=\"ql-align-justify\"><strong>Strobe Current Draw 24 V nominal (rango de 16.0 V a 33.0 V)<\/strong><\/p>\n<p class=\"ql-align-justify\"><strong>Tipo de voltaje y Consumo de corriente<\/strong><\/p>\n<ul>\n<li class=\"ql-align-justify\">DC: 15 cd: 61 mA, 30 cd: 85 mA, 60 cd: 103 mA, 75 cd: 135 mA, 95 cd: 163 mA, 115 cd: 182 mA, 150 cd: 205 mA, 177 cd: 253 mA.<\/li>\n<li class=\"ql-align-justify\">FWR: 15 cd: 83 mA, 30 cd: 105 mA, 60 cd: 166 mA, 75 cd: 185 mA, 95 cd: 223 mA, 115 cd: 256 mA, 150 cd: 328 mA, 177 cd: 372 mA.<\/li>\n<\/ul>\n<p class=\"ql-align-justify\"><strong>12 V nominal (rango de 8.0 V a 17.5 V)<\/strong><\/p>\n<p class=\"ql-align-justify\"><strong>Tipo de voltaje y Consumo de corriente<\/strong><\/p>\n<p class=\"ql-align-justify\">DC: 15 cd: 110 mA<\/p>\n<p class=\"ql-align-justify\">Voltaje (entrada) y Rango Regulado<\/p>\n<ul>\n<li class=\"ql-align-justify\">12 VDC: 8.0 V a 17.5 V.<\/li>\n<li class=\"ql-align-justify\">24 VDC: o Vrms 16.0 V a 33.0 V.<\/li>\n<\/ul>\n<p class=\"ql-align-justify\"><strong>Ambiental<\/strong><\/p>\n<ul>\n<li class=\"ql-align-justify\">Ambiente: interior, seco.<\/li>\n<li class=\"ql-align-justify\">Humedad relativa: 93 \u00b1 2% m\u00e1ximo, sin condensaci\u00f3n.<\/li>\n<li class=\"ql-align-justify\">Temperatura (operando): + 32 \u00b0 F a + 120 \u00b0 F (0 \u00b0 C a + 49 \u00b0 C).<\/li>\n<\/ul>\n<p class=\"ql-align-justify\"><strong>Mec\u00e1nico<\/strong><\/p>\n<ul>\n<li class=\"ql-align-justify\">Candela Ratings : 15 cd, 30 cd, 60 cd, 75 cd, 95 cd, 115 cd,150 cd o 177 cd.<\/li>\n<li class=\"ql-align-justify\">Dimensiones: 6.68 pulg. De di\u00e1metro x 2.63 pulg. De profundidad (170 mm de di\u00e1metro x 67 mm de profundidad).<\/li>\n<li class=\"ql-align-justify\">Material: caja de pl\u00e1stico moldeado que incorpora un Tubo de flash de xen\u00f3n y lente Lexan.<\/li>\n<\/ul>\n<p><img decoding=\"async\" class=\"overview-center-img-web\" src=\"https:\/\/tvc.mx\/media\/35313\/Logoopaginas-oficial-1920x400.png\" alt=\"\" \/><\/p>\n","protected":false},"excerpt":{"rendered":"<p>W\u2011STRC Luz estrobosc\u00f3pica de candelas m\u00faltiples para montaje en techo (dos hilos, 12\/24 V, rojo) La funci\u00f3n de luces estrobosc\u00f3picas Cooper Wheelock Exceder Series en un dise\u00f1o moderno y elegante que incorpora alta confiabilidad y \u00f3ptica de alta eficiencia para minimizar el consumo de corriente.&hellip;<\/p>\n","protected":false},"featured_media":5842,"comment_status":"open","ping_status":"closed","template":"","meta":{"om_disable_all_campaigns":false,"_monsterinsights_skip_tracking":false,"_monsterinsights_sitenote_active":false,"_monsterinsights_sitenote_note":"","_monsterinsights_sitenote_category":0},"product_brand":[],"product_cat":[504],"product_tag":[495,497,498,499,500,501,496,502],"class_list":{"0":"post-5843","1":"product","2":"type-product","3":"status-publish","4":"has-post-thumbnail","6":"product_cat-estrobos-y-sirenas","7":"product_tag-control-de-incendio","8":"product_tag-detectores","9":"product_tag-estacion-manual","10":"product_tag-estrobos-y-sirenas","11":"product_tag-modulos","12":"product_tag-paneles-de-control","13":"product_tag-sistemas-de-incendio","14":"product_tag-teclados","16":"first","17":"instock","18":"sale","19":"taxable","20":"shipping-taxable","21":"purchasable","22":"product-type-simple"},"aioseo_notices":[],"_links":{"self":[{"href":"https:\/\/tecsecmty.com\/index.php\/wp-json\/wp\/v2\/product\/5843","targetHints":{"allow":["GET"]}}],"collection":[{"href":"https:\/\/tecsecmty.com\/index.php\/wp-json\/wp\/v2\/product"}],"about":[{"href":"https:\/\/tecsecmty.com\/index.php\/wp-json\/wp\/v2\/types\/product"}],"replies":[{"embeddable":true,"href":"https:\/\/tecsecmty.com\/index.php\/wp-json\/wp\/v2\/comments?post=5843"}],"version-history":[{"count":0,"href":"https:\/\/tecsecmty.com\/index.php\/wp-json\/wp\/v2\/product\/5843\/revisions"}],"wp:featuredmedia":[{"embeddable":true,"href":"https:\/\/tecsecmty.com\/index.php\/wp-json\/wp\/v2\/media\/5842"}],"wp:attachment":[{"href":"https:\/\/tecsecmty.com\/index.php\/wp-json\/wp\/v2\/media?parent=5843"}],"wp:term":[{"taxonomy":"product_brand","embeddable":true,"href":"https:\/\/tecsecmty.com\/index.php\/wp-json\/wp\/v2\/product_brand?post=5843"},{"taxonomy":"product_cat","embeddable":true,"href":"https:\/\/tecsecmty.com\/index.php\/wp-json\/wp\/v2\/product_cat?post=5843"},{"taxonomy":"product_tag","embeddable":true,"href":"https:\/\/tecsecmty.com\/index.php\/wp-json\/wp\/v2\/product_tag?post=5843"}],"curies":[{"name":"wp","href":"https:\/\/api.w.org\/{rel}","templated":true}]}}