{"id":5845,"date":"2023-02-23T11:41:26","date_gmt":"2023-02-23T17:41:26","guid":{"rendered":"https:\/\/tecsecmty.com\/index.php\/producto\/bosch-f_wstw-estrobo-multicandela-de-pared-color-blanco-12-y-24v\/"},"modified":"2023-03-22T23:21:17","modified_gmt":"2023-03-23T05:21:17","slug":"bosch-f_wstw-estrobo-multicandela-de-pared-color-blanco-12-y-24v","status":"publish","type":"product","link":"https:\/\/tecsecmty.com\/index.php\/producto\/bosch-f_wstw-estrobo-multicandela-de-pared-color-blanco-12-y-24v\/","title":{"rendered":"BOSCH F_WSTW- ESTROBO MULTICANDELA DE PARED\/ COLOR BLANCO\/ 12 Y 24V"},"content":{"rendered":"<h5 class=\"card-title text-center\">W\u2011STW Luz estrobosc\u00f3pica de candelas m\u00faltiples para montaje en pared (dos cables, 12\/24 V, blanco).<\/h5>\n<p class=\"ql-align-justify\">La funci\u00f3n de luces estrobosc\u00f3picas Cooper Wheelock Exceder Series con un dise\u00f1o moderno y elegante que incorpora alta confiabilidad y \u00f3ptica de alta eficiencia para minimizar el consumo de corriente. El consumo de corriente reducido permite un mayor n\u00famero de dispositivos en el dispositivo de notificaci\u00f3n de dos hilos circuito. Esto, en combinaci\u00f3n con ocho opciones de candelas en un aparato, no se necesitan herramientas para cambiar ajustes, puntos de prueba de voltaje, 12 V o 24 V CC operaci\u00f3n, la base de montaje universal y m\u00faltiples las opciones de montaje dan como resultado un costo reducido de propiedad.<\/p>\n<p class=\"ql-align-justify\">Estas luces estrobosc\u00f3picas proporcionan ocho configuraciones de candelas. Todos los interruptores para cambiar esta configuraci\u00f3n se pueden configurar sin un herramienta y se encuentran detr\u00e1s del aparato para evitar manipulaci\u00f3n.<\/p>\n<p class=\"ql-align-justify\">La base de montaje universal separada puede ser f\u00e1cilmente montado en cinco tipos de caja posterior est\u00e1ndar de la industria. Tambi\u00e9n se pueden precablear para permitir una prueba completa de cableado del circuito antes de instalar el electrodom\u00e9stico y Superficie terminada. Estas luces estrobosc\u00f3picas de montaje en pared tambi\u00e9n cuentan con puntos de prueba de voltaje para tomar lecturas con un volt\u00edmetro para resoluci\u00f3n de problemas o inspecci\u00f3n AHJ.<\/p>\n<p class=\"ql-align-justify\"><strong>Certificaciones y aprobaciones<\/strong><\/p>\n<p class=\"ql-align-justify\"><strong>Cooper Wheelock posee estos listados y aprobaciones:<\/strong><\/p>\n<p class=\"ql-align-justify\"><strong>EE. UU.\u00a0<\/strong><\/p>\n<ul>\n<li class=\"ql-align-justify\">UL UUKC: dispositivos y equipos de se\u00f1alizaci\u00f3n para personas con discapacidad auditiva (ANSI \/ UL 1971), UVAV: dispositivos de se\u00f1al visual para sistemas de se\u00f1alizaci\u00f3n de protecci\u00f3n contra incendios (ANSI \/ UL 1638).<\/li>\n<li class=\"ql-align-justify\">FM vea la Gu\u00eda de aprobaci\u00f3n de FM.<\/li>\n<li class=\"ql-align-justify\">CSFM vea nuestro sitio web.<\/li>\n<\/ul>\n<p class=\"ql-align-justify\"><strong>Notas de instalaci\u00f3n \/ configuraci\u00f3n<\/strong><\/p>\n<p class=\"ql-align-justify\"><strong>Compatibilidad<\/strong><\/p>\n<p class=\"ql-align-justify\"><strong>Luz estrobosc\u00f3pica:<\/strong><\/p>\n<p class=\"ql-align-justify\">Estas luces estrobosc\u00f3picas proporcionan una luz estrobosc\u00f3pica no sincronizada aparato cuando est\u00e1 conectado directamente a una alarma de incendio Panel de control (FACP), o proporcionar un sincronizado dispositivo estrobosc\u00f3pico cuando se usa junto con un<\/p>\n<p class=\"ql-align-justify\">FACP que incorpora la sincronizaci\u00f3n de notificaciones de Cooper protocolo, un m\u00f3dulo de sincronizaci\u00f3n de notificaciones de Cooper o el Fuente de alimentaci\u00f3n de notificaci\u00f3n de Cooper. Estan disenados para parpadear a 1 flash por segundo m\u00ednimo sobre su Rango de voltaje regulado.<\/p>\n<p class=\"ql-align-justify\"><strong>Nota: Las luces estrobosc\u00f3picas no est\u00e1n dise\u00f1adas para usarse en c\u00f3digos sistemas en los que el voltaje aplicado se reinicia y fuera.<\/strong><\/p>\n<p class=\"ql-align-justify\"><strong>Productos compatibles<\/strong><\/p>\n<p class=\"ql-align-justify\">Los siguientes productos de Bosch Security Systems, Inc. son compatibles con el Cooper Wheelock Exceder Luces estrobosc\u00f3picas de la serie:<\/p>\n<p class=\"ql-align-justify\"><strong>Paneles de control\u00a0<\/strong><\/p>\n<ul>\n<li class=\"ql-align-justify\">FPA-10001 Fuego direccionable anal\u00f3gico.<\/li>\n<li class=\"ql-align-justify\">FPD-7024 Convencional o Direccionable FACP.<\/li>\n<li class=\"ql-align-justify\">D10024A3 FACP anal\u00f3gico.<\/li>\n<li class=\"ql-align-justify\">D80243 FACP anal\u00f3gico.<\/li>\n<li class=\"ql-align-justify\">D91243 FACP direccionable.<\/li>\n<li class=\"ql-align-justify\">D7024\u00a0Convencional o Direccionable FACP.<\/li>\n<li class=\"ql-align-justify\">D70223 FACP convencional.<\/li>\n<\/ul>\n<p class=\"ql-align-justify\"><strong>M\u00f3dulos<\/strong><\/p>\n<ul>\n<li class=\"ql-align-justify\">SM \u2011 12\/24 \u2011 R M\u00f3dulo de sincronizaci\u00f3n(rojo).<\/li>\n<li class=\"ql-align-justify\">DSM \u2011 12\/24 \u2011 R Sincronizaci\u00f3n dual m\u00f3dulo (rojo).<\/li>\n<\/ul>\n<p class=\"ql-align-justify\"><strong>Fuentes de alimentaci\u00f3n\u00a0<\/strong><\/p>\n<ul>\n<li class=\"ql-align-justify\">FPP-RNAC-8A-4C1 Notificaci\u00f3n remota Circuito de electrodom\u00e9sticos (RNAC).<\/li>\n<li class=\"ql-align-justify\">PS \u2011 24\u20118MC1 Fuente de alimentaci\u00f3n con incorporado protocolo de sincronizaci\u00f3n.<\/li>\n<\/ul>\n<p class=\"ql-align-justify\"><strong>Consideraciones de montaje<\/strong><\/p>\n<p class=\"ql-align-justify\">La base de montaje universal suministrada con cada la luz estrobosc\u00f3pica puede ser precableada. Con el contacto suministrado Cubierta en su lugar, se puede verificar el circuito precableado para continuidad antes de que se monten las luces estrobosc\u00f3picas, las luces estrobosc\u00f3picas encajan en el montaje universal preinstalado las bases con las cubiertas de contacto quitadas y pueden ser asegurado a la base con un tornillo de fijaci\u00f3n opcional.<\/p>\n<p class=\"ql-align-justify\">La base de montaje universal se monta al ras en un solo cuerpo, doble pandilla, cuadrada de 4 \u00ab, octal de 4\u00bb, 3.5 \u00ab. octal y cajas traseras tipo europeo de 100 mm.<\/p>\n<p class=\"ql-align-justify\"><strong>Consideraciones de cableado<\/strong><\/p>\n<p class=\"ql-align-justify\">Los terminales de cableado en la base de montaje universal aceptar dos cables de electrodom\u00e9sticos con di\u00e1metros entre 12 AWG y 18 AWG (ISO 4 mm2 y 0,75 mm2) a cada terminal.<\/p>\n<p class=\"ql-align-justify\"><strong>Partes incluidas<\/strong><\/p>\n<p class=\"ql-align-justify\"><strong>Cuant. Componente<\/strong><\/p>\n<ul>\n<li class=\"ql-align-justify\">1 aparato estrobosc\u00f3pico.<\/li>\n<li class=\"ql-align-justify\">1 base de montaje universal.<\/li>\n<li class=\"ql-align-justify\">1 tapa de contacto.<\/li>\n<li class=\"ql-align-justify\">1 paquete de hardware: De 2 tornillos de montaje de cabeza plana y Un tornillo de fijaci\u00f3n.<\/li>\n<li class=\"ql-align-justify\">1 Literatura &#8211; Instrucciones de instalaci\u00f3n.<\/li>\n<\/ul>\n<p class=\"ql-align-justify\"><strong>Nota:\u00a0 W\u2011STW Luz estrobosc\u00f3pica de candelas m\u00faltiples para montaje en pared (dos cables, 12\/24 V, blanco).<\/strong><\/p>\n<p class=\"ql-align-justify\"><strong>Luz estrobosc\u00f3pica rectangular blanca de dos hilos que es seleccionable en campo para ocho opciones de candela.<\/strong><\/p>\n<p class=\"ql-align-justify\"><strong>N\u00famero de pedido: W-STW<\/strong><\/p>\n<p class=\"ql-align-justify\"><strong>Principales caracter\u00edsticas<\/strong><\/p>\n<ul>\n<li class=\"ql-align-justify\">Est\u00e9tica moderna y elegante.<\/li>\n<li class=\"ql-align-justify\">Tensiones m\u00faltiples (12 VDC o 24 VDC).<\/li>\n<li class=\"ql-align-justify\">Puntos de prueba de voltaje.<\/li>\n<li class=\"ql-align-justify\">Ocho opciones de luces estrobosc\u00f3picas.<\/li>\n<li class=\"ql-align-justify\">Base de montaje universal.<\/li>\n<\/ul>\n<p class=\"ql-align-justify\"><strong>Especificaciones\u00a0<\/strong><\/p>\n<p class=\"ql-align-justify\"><strong>El\u00e9ctrico<\/strong><\/p>\n<p class=\"ql-align-justify\"><strong>Strobe Current Draw 24 V nominal (rango de 16.0 V a 33.0 V)<\/strong><\/p>\n<ul>\n<li class=\"ql-align-justify\">Tipo de voltaje Consumo de corriente DC \/ FWR: 15 cd: 57 mA, 15\/75 cd: 70 mA, 30 cd: 85 mA, 75 cd: 135 mA, 95 cd: 163 mA, 110 cd: 182 mA, 135 cd: 205 mA, 185 cd: 253 mA.<\/li>\n<\/ul>\n<p class=\"ql-align-justify\"><strong>12 V nominal (rango de 8.0 V a 17.5 V)<\/strong><\/p>\n<ul>\n<li class=\"ql-align-justify\">Tipo de voltaje Consumo de corriente DC: 15 cd: 110 mA, 15\/75 cd: 140 mA.<\/li>\n<li class=\"ql-align-justify\">Voltaje (entrada): 12 VDC 8.0 V a 17.5 V.<\/li>\n<li class=\"ql-align-justify\">Rango Regulado: 24 VDC o Vrms 16.0 V a 33.0 V.<\/li>\n<\/ul>\n<p class=\"ql-align-justify\"><strong>Ambiental<\/strong><\/p>\n<ul>\n<li class=\"ql-align-justify\">Ambiente: interior, seco<\/li>\n<li class=\"ql-align-justify\">Humedad relativa: 93 \u00b1 2% m\u00e1ximo, sin condensaci\u00f3n.<\/li>\n<li class=\"ql-align-justify\">Temperatura (operando): + 32 \u00b0 F a + 120 \u00b0 F (0 \u00b0 C a + 49 \u00b0 C).<\/li>\n<\/ul>\n<p class=\"ql-align-justify\"><strong>Mec\u00e1nico<\/strong><\/p>\n<ul>\n<li class=\"ql-align-justify\">Candela Ratings1 : 15 cd, 15\/75 cd2 , 30 cd, 75 cd, 95 cd, 110 cd, 135 cd o 185 cd<\/li>\n<li class=\"ql-align-justify\">Dimensiones: 5.24 pulg. X 4.58 pulg. X 2.19 pulg. (133,1 mm x 116,4 mm x 55,7 mm)<\/li>\n<li class=\"ql-align-justify\">Material: caja de pl\u00e1stico moldeado que incorpora un Flashtube de xen\u00f3n y lente Lexan.<\/li>\n<\/ul>\n<p><img decoding=\"async\" class=\"overview-center-img-web\" src=\"https:\/\/tvc.mx\/media\/35978\/Logoopaginas-oficial-1920x400.png\" alt=\"\" \/><\/p>\n","protected":false},"excerpt":{"rendered":"<p>W\u2011STW Luz estrobosc\u00f3pica de candelas m\u00faltiples para montaje en pared (dos cables, 12\/24 V, blanco). La funci\u00f3n de luces estrobosc\u00f3picas Cooper Wheelock Exceder Series con un dise\u00f1o moderno y elegante que incorpora alta confiabilidad y \u00f3ptica de alta eficiencia para minimizar el consumo de corriente.&hellip;<\/p>\n","protected":false},"featured_media":5844,"comment_status":"open","ping_status":"closed","template":"","meta":{"om_disable_all_campaigns":false,"_monsterinsights_skip_tracking":false,"_monsterinsights_sitenote_active":false,"_monsterinsights_sitenote_note":"","_monsterinsights_sitenote_category":0},"product_brand":[],"product_cat":[504],"product_tag":[495,497,498,499,500,501,496,502],"class_list":{"0":"post-5845","1":"product","2":"type-product","3":"status-publish","4":"has-post-thumbnail","6":"product_cat-estrobos-y-sirenas","7":"product_tag-control-de-incendio","8":"product_tag-detectores","9":"product_tag-estacion-manual","10":"product_tag-estrobos-y-sirenas","11":"product_tag-modulos","12":"product_tag-paneles-de-control","13":"product_tag-sistemas-de-incendio","14":"product_tag-teclados","16":"first","17":"instock","18":"sale","19":"taxable","20":"shipping-taxable","21":"purchasable","22":"product-type-simple"},"aioseo_notices":[],"_links":{"self":[{"href":"https:\/\/tecsecmty.com\/index.php\/wp-json\/wp\/v2\/product\/5845","targetHints":{"allow":["GET"]}}],"collection":[{"href":"https:\/\/tecsecmty.com\/index.php\/wp-json\/wp\/v2\/product"}],"about":[{"href":"https:\/\/tecsecmty.com\/index.php\/wp-json\/wp\/v2\/types\/product"}],"replies":[{"embeddable":true,"href":"https:\/\/tecsecmty.com\/index.php\/wp-json\/wp\/v2\/comments?post=5845"}],"version-history":[{"count":0,"href":"https:\/\/tecsecmty.com\/index.php\/wp-json\/wp\/v2\/product\/5845\/revisions"}],"wp:featuredmedia":[{"embeddable":true,"href":"https:\/\/tecsecmty.com\/index.php\/wp-json\/wp\/v2\/media\/5844"}],"wp:attachment":[{"href":"https:\/\/tecsecmty.com\/index.php\/wp-json\/wp\/v2\/media?parent=5845"}],"wp:term":[{"taxonomy":"product_brand","embeddable":true,"href":"https:\/\/tecsecmty.com\/index.php\/wp-json\/wp\/v2\/product_brand?post=5845"},{"taxonomy":"product_cat","embeddable":true,"href":"https:\/\/tecsecmty.com\/index.php\/wp-json\/wp\/v2\/product_cat?post=5845"},{"taxonomy":"product_tag","embeddable":true,"href":"https:\/\/tecsecmty.com\/index.php\/wp-json\/wp\/v2\/product_tag?post=5845"}],"curies":[{"name":"wp","href":"https:\/\/api.w.org\/{rel}","templated":true}]}}