{"id":5855,"date":"2023-02-23T11:41:42","date_gmt":"2023-02-23T17:41:42","guid":{"rendered":"https:\/\/tecsecmty.com\/index.php\/producto\/bosch-f_cph0006a-cabina-de-central-modular-para-seis-modulos-panel-fpa5000\/"},"modified":"2023-03-22T23:21:02","modified_gmt":"2023-03-23T05:21:02","slug":"bosch-f_cph0006a-cabina-de-central-modular-para-seis-modulos-panel-fpa5000","status":"publish","type":"product","link":"https:\/\/tecsecmty.com\/index.php\/producto\/bosch-f_cph0006a-cabina-de-central-modular-para-seis-modulos-panel-fpa5000\/","title":{"rendered":"BOSCH F_CPH0006A &#8211; Cabina de central modular para seis modulos \/ Panel FPA5000"},"content":{"rendered":"<h5 class=\"card-title text-center\">CPH 0006 A Cabina de central modular para 6 m\u00f3dulos<\/h5>\n<p class=\"ql-align-justify\"><strong>La carcasa CPH 0006 A puede alojar un unidad de mando y visualizaci\u00f3n MPC con un controlador de la central, seis m\u00f3dulos, dos bater\u00edas de 12 V\/45 Ah y una fuente de alimentaci\u00f3n.<\/strong><\/p>\n<p class=\"ql-align-justify\">El soporte para fuente de alimentaci\u00f3n est\u00e1 incluido. La configuraci\u00f3n modular implica una ampliaci\u00f3n m\u00e1s sencilla.<\/p>\n<p class=\"ql-align-justify\"><strong>Planificaci\u00f3n<\/strong><\/p>\n<p class=\"ql-align-justify\"><strong>El siguiente equipo es necesario para la carcasa de tableros modular CPH 0006 A, instalaci\u00f3n en bastidor:<\/strong><\/p>\n<ul>\n<li class=\"ql-align-justify\">Un bastidor de montaje grande FBH 0000 A o bien &#8211; Un kit de instalaci\u00f3n en rack FRB 0019 A para racks de 482,6 mm (19&#8243;).<\/li>\n<\/ul>\n<p class=\"ql-align-justify\"><strong>Se incluye de serie un soporte para fuentes de alimentaci\u00f3n UPS. Puede equiparse con<\/strong>:<\/p>\n<ul>\n<li class=\"ql-align-justify\">1 unidad de mando y visualizaci\u00f3n MPC con controlador de la central.<\/li>\n<li class=\"ql-align-justify\">1 ra\u00edl de central corto PRS 0002 A para 2 m\u00f3dulos.<\/li>\n<li class=\"ql-align-justify\">1 ra\u00edl de central largo PRD 0004 A para 4 m\u00f3dulos.<\/li>\n<li class=\"ql-align-justify\">1 fuente de alimentaci\u00f3n UPS.<\/li>\n<li class=\"ql-align-justify\">2 bater\u00edas de 12 V\/45 Ah.<\/li>\n<\/ul>\n<p class=\"ql-align-justify\"><strong>Puede ampliarse con:<\/strong><\/p>\n<ul>\n<li class=\"ql-align-justify\">Puerta frontal transparente FDT 0000 A, bloqueo en el lado derecho.<\/li>\n<li class=\"ql-align-justify\">Puerta frontal transparente FDT 0003, bloqueo en el lado izquierdo.<\/li>\n<\/ul>\n<p class=\"ql-align-justify\"><strong>Piezas incluidas<\/strong><\/p>\n<p class=\"ql-align-justify\"><strong>Pos. Descripci\u00f3n<\/strong><\/p>\n<ul>\n<li class=\"ql-align-justify\">1 Carcasa, l\u00e1mina de acero pintada.<\/li>\n<li class=\"ql-align-justify\">1 Soporte para.<\/li>\n<li class=\"ql-align-justify\">1 fuente de alimentaci\u00f3n UPS.<\/li>\n<li class=\"ql-align-justify\">1 Cable de conexi\u00f3n a los polos de las bater\u00edas para carcasa de instalaci\u00f3n en bastidor.<\/li>\n<li class=\"ql-align-justify\">1 Paquete complementario.<\/li>\n<\/ul>\n<p class=\"ql-align-justify\"><strong>Nota: CPH 0006 A Cabina de central modular para 6 m\u00f3dulos<\/strong><\/p>\n<p class=\"ql-align-justify\"><strong>Es una cabina de central modular para 6 m\u00f3dulos, montaje en bastidor para montaje en superficie o instalaci\u00f3n en racks de 482,6 mm (19&#8243;).<\/strong><\/p>\n<p class=\"ql-align-justify\"><strong>Numero de pedido: CPH 0006 A<\/strong><\/p>\n<p><img decoding=\"async\" class=\"overview-center-img-web\" src=\"https:\/\/tvc.mx\/media\/36642\/Logoopaginas-oficial-1920x400.png\" alt=\"\" \/><\/p>\n","protected":false},"excerpt":{"rendered":"<p>CPH 0006 A Cabina de central modular para 6 m\u00f3dulos La carcasa CPH 0006 A puede alojar un unidad de mando y visualizaci\u00f3n MPC con un controlador de la central, seis m\u00f3dulos, dos bater\u00edas de 12 V\/45 Ah y una fuente de alimentaci\u00f3n. El soporte&hellip;<\/p>\n","protected":false},"featured_media":5854,"comment_status":"open","ping_status":"closed","template":"","meta":{"om_disable_all_campaigns":false,"_monsterinsights_skip_tracking":false,"_monsterinsights_sitenote_active":false,"_monsterinsights_sitenote_note":"","_monsterinsights_sitenote_category":0},"product_brand":[],"product_cat":[505],"product_tag":[495,497,498,499,500,501,496,502],"class_list":{"0":"post-5855","1":"product","2":"type-product","3":"status-publish","4":"has-post-thumbnail","6":"product_cat-modulos-bosch-incendio-2","7":"product_tag-control-de-incendio","8":"product_tag-detectores","9":"product_tag-estacion-manual","10":"product_tag-estrobos-y-sirenas","11":"product_tag-modulos","12":"product_tag-paneles-de-control","13":"product_tag-sistemas-de-incendio","14":"product_tag-teclados","16":"first","17":"instock","18":"sale","19":"taxable","20":"shipping-taxable","21":"purchasable","22":"product-type-simple"},"aioseo_notices":[],"_links":{"self":[{"href":"https:\/\/tecsecmty.com\/index.php\/wp-json\/wp\/v2\/product\/5855","targetHints":{"allow":["GET"]}}],"collection":[{"href":"https:\/\/tecsecmty.com\/index.php\/wp-json\/wp\/v2\/product"}],"about":[{"href":"https:\/\/tecsecmty.com\/index.php\/wp-json\/wp\/v2\/types\/product"}],"replies":[{"embeddable":true,"href":"https:\/\/tecsecmty.com\/index.php\/wp-json\/wp\/v2\/comments?post=5855"}],"version-history":[{"count":0,"href":"https:\/\/tecsecmty.com\/index.php\/wp-json\/wp\/v2\/product\/5855\/revisions"}],"wp:featuredmedia":[{"embeddable":true,"href":"https:\/\/tecsecmty.com\/index.php\/wp-json\/wp\/v2\/media\/5854"}],"wp:attachment":[{"href":"https:\/\/tecsecmty.com\/index.php\/wp-json\/wp\/v2\/media?parent=5855"}],"wp:term":[{"taxonomy":"product_brand","embeddable":true,"href":"https:\/\/tecsecmty.com\/index.php\/wp-json\/wp\/v2\/product_brand?post=5855"},{"taxonomy":"product_cat","embeddable":true,"href":"https:\/\/tecsecmty.com\/index.php\/wp-json\/wp\/v2\/product_cat?post=5855"},{"taxonomy":"product_tag","embeddable":true,"href":"https:\/\/tecsecmty.com\/index.php\/wp-json\/wp\/v2\/product_tag?post=5855"}],"curies":[{"name":"wp","href":"https:\/\/api.w.org\/{rel}","templated":true}]}}