{"id":5857,"date":"2023-02-23T11:41:45","date_gmt":"2023-02-23T17:41:45","guid":{"rendered":"https:\/\/tecsecmty.com\/index.php\/producto\/bosch-f_czm0004a-modulo-convencional-de-4-zonas\/"},"modified":"2023-03-22T23:21:03","modified_gmt":"2023-03-23T05:21:03","slug":"bosch-f_czm0004a-modulo-convencional-de-4-zonas","status":"publish","type":"product","link":"https:\/\/tecsecmty.com\/index.php\/producto\/bosch-f_czm0004a-modulo-convencional-de-4-zonas\/","title":{"rendered":"BOSCH F_CZM0004A &#8211; Modulo convencional de 4 zonas"},"content":{"rendered":"<div class=\"row aling-items-center padding-bottom-2x\">\n<div class=\"col-lg-12\">\n<h5 class=\"card-title text-center\">CZM 0004 A M\u00f3dulo convencional de 4 zonas<\/h5>\n<p class=\"ql-align-justify\">El\u00a0<strong>CZM 0004 A<\/strong>\u00a0ofrece cuatro l\u00edneas convencionales controladas y se usa para conectar perif\u00e9ricos convencionales.<\/p>\n<p class=\"ql-align-justify\"><strong>Nota: CZM 0004 A\u00a0<\/strong>M\u00f3dulo convencional de 4 zonas para conectar perif\u00e9ricos convencionales; ofrece cuatro l\u00edneas convencionales controladas\u00a0<strong>CZM 0004<\/strong>.<\/p>\n<p class=\"ql-align-justify\"><strong>Planificaci\u00f3n<\/strong><\/p>\n<ul>\n<li class=\"ql-align-justify\">Todas las salidas de alimentaci\u00f3n auxiliar\u00a0<strong>(AUX 1-AUX 4<\/strong>) se pueden activar y desactivar de forma simult\u00e1nea.<\/li>\n<li class=\"ql-align-justify\">Se pueden conectar componentes convencionales de 2 y 4 cables.<\/li>\n<li class=\"ql-align-justify\">Se deben tener en cuenta los est\u00e1ndares y directrices espec\u00edficos del pa\u00eds en el dise\u00f1o.<\/li>\n<li class=\"ql-align-justify\">Para el funcionamiento del sistema de detecci\u00f3n de incendios conforme a la norma\u00a0<strong>EN 54-13<\/strong>, es necesario que todas las zonas convencionales terminen en un m\u00f3dulo\u00a0<strong>RFL<\/strong>.<\/li>\n<li class=\"ql-align-justify\">Tenga en cuenta la resistencia de l\u00ednea m\u00e1xima:<\/li>\n<li class=\"ql-align-justify\"><strong>25 \u03a9<\/strong>\u00a0para l\u00edneas convencionales con\u00a0<strong>FMC-300-RW<\/strong>\u00a0o detectores de incendios autom\u00e1ticos.<\/li>\n<li class=\"ql-align-justify\"><strong>12 \u03a9<\/strong>\u00a0para l\u00edneas convencionales con pulsadores de incendios manuales\u00a0<strong>FMC-120-DKM<\/strong>.<\/li>\n<\/ul>\n<p><img decoding=\"async\" class=\"overview-center-img- aligncenter\" src=\"https:\/\/tvc.mx\/media\/4903\/Logoopaginas-oficial.png\" alt=\"\" \/><\/div>\n<\/div>\n<div class=\"row aling-items-center padding-bottom-2x\">\n<div class=\"col-lg-12\">\n<p class=\"ql-align-justify\"><strong>Principales Caracter\u00edsticas<\/strong><\/p>\n<ul>\n<li class=\"ql-align-justify\">Conexi\u00f3n de elementos convencionales de 2 y 4 cables<\/li>\n<li class=\"ql-align-justify\">Sistema listo para funcionar, gracias a su tecnolog\u00eda \u00abplug-and-play\u00bb y a los bloques de terminales enchufables.<\/li>\n<\/ul>\n<p class=\"ql-align-justify\"><strong>Especificaciones<\/strong><\/p>\n<p class=\"ql-align-justify\"><strong>El\u00e9ctricas<\/strong><\/p>\n<ul>\n<li class=\"ql-align-justify\">Tensi\u00f3n de entradaDe 20 V CC a 30 VCC (m\u00edn&#8230;m\u00e1x.) 5 V CC \u00b1 5% Consumo de corriente m\u00e1ximo.<\/li>\n<li class=\"ql-align-justify\">Modo reposo (las 4 zonas) 65 mA (a 24 V CC).<\/li>\n<li class=\"ql-align-justify\">Alarma (las 4 zonas) 65 mA + 100 mA por zona (a 24 V CC) Salidas OUT1- OUT4.<\/li>\n<li class=\"ql-align-justify\">Tensi\u00f3n m\u00e1xima de salida 20 V CC \u00b15%.<\/li>\n<li class=\"ql-align-justify\">Corriente de salida m\u00e1x. 100 mA por zona \u00b110%.<\/li>\n<li class=\"ql-align-justify\">Resistencia de l\u00ednea m\u00e1xima 2 x 25 \u03a9 por zona Fuente de alimentaci\u00f3n auxiliar AUX1 &#8211; AUX4.<\/li>\n<li class=\"ql-align-justify\">Corriente de salida m\u00e1xima (de las 4 salidas en total).<\/li>\n<\/ul>\n<\/div>\n<\/div>\n","protected":false},"excerpt":{"rendered":"<p>CZM 0004 A M\u00f3dulo convencional de 4 zonas El\u00a0CZM 0004 A\u00a0ofrece cuatro l\u00edneas convencionales controladas y se usa para conectar perif\u00e9ricos convencionales. Nota: CZM 0004 A\u00a0M\u00f3dulo convencional de 4 zonas para conectar perif\u00e9ricos convencionales; ofrece cuatro l\u00edneas convencionales controladas\u00a0CZM 0004. Planificaci\u00f3n Todas las salidas de&hellip;<\/p>\n","protected":false},"featured_media":5856,"comment_status":"open","ping_status":"closed","template":"","meta":{"om_disable_all_campaigns":false,"_monsterinsights_skip_tracking":false,"_monsterinsights_sitenote_active":false,"_monsterinsights_sitenote_note":"","_monsterinsights_sitenote_category":0},"product_brand":[],"product_cat":[505],"product_tag":[495,497,498,499,500,501,496,502],"class_list":{"0":"post-5857","1":"product","2":"type-product","3":"status-publish","4":"has-post-thumbnail","6":"product_cat-modulos-bosch-incendio-2","7":"product_tag-control-de-incendio","8":"product_tag-detectores","9":"product_tag-estacion-manual","10":"product_tag-estrobos-y-sirenas","11":"product_tag-modulos","12":"product_tag-paneles-de-control","13":"product_tag-sistemas-de-incendio","14":"product_tag-teclados","16":"first","17":"instock","18":"sale","19":"taxable","20":"shipping-taxable","21":"purchasable","22":"product-type-simple"},"aioseo_notices":[],"_links":{"self":[{"href":"https:\/\/tecsecmty.com\/index.php\/wp-json\/wp\/v2\/product\/5857","targetHints":{"allow":["GET"]}}],"collection":[{"href":"https:\/\/tecsecmty.com\/index.php\/wp-json\/wp\/v2\/product"}],"about":[{"href":"https:\/\/tecsecmty.com\/index.php\/wp-json\/wp\/v2\/types\/product"}],"replies":[{"embeddable":true,"href":"https:\/\/tecsecmty.com\/index.php\/wp-json\/wp\/v2\/comments?post=5857"}],"version-history":[{"count":0,"href":"https:\/\/tecsecmty.com\/index.php\/wp-json\/wp\/v2\/product\/5857\/revisions"}],"wp:featuredmedia":[{"embeddable":true,"href":"https:\/\/tecsecmty.com\/index.php\/wp-json\/wp\/v2\/media\/5856"}],"wp:attachment":[{"href":"https:\/\/tecsecmty.com\/index.php\/wp-json\/wp\/v2\/media?parent=5857"}],"wp:term":[{"taxonomy":"product_brand","embeddable":true,"href":"https:\/\/tecsecmty.com\/index.php\/wp-json\/wp\/v2\/product_brand?post=5857"},{"taxonomy":"product_cat","embeddable":true,"href":"https:\/\/tecsecmty.com\/index.php\/wp-json\/wp\/v2\/product_cat?post=5857"},{"taxonomy":"product_tag","embeddable":true,"href":"https:\/\/tecsecmty.com\/index.php\/wp-json\/wp\/v2\/product_tag?post=5857"}],"curies":[{"name":"wp","href":"https:\/\/api.w.org\/{rel}","templated":true}]}}