{"id":5859,"date":"2023-02-23T11:41:46","date_gmt":"2023-02-23T17:41:46","guid":{"rendered":"https:\/\/tecsecmty.com\/index.php\/producto\/bosch-f_d5070-programador-de-dispositivos-analogicos-compatible-con-fpa1000\/"},"modified":"2023-03-22T23:21:04","modified_gmt":"2023-03-23T05:21:04","slug":"bosch-f_d5070-programador-de-dispositivos-analogicos-compatible-con-fpa1000","status":"publish","type":"product","link":"https:\/\/tecsecmty.com\/index.php\/producto\/bosch-f_d5070-programador-de-dispositivos-analogicos-compatible-con-fpa1000\/","title":{"rendered":"BOSCH F_D5070 &#8211; PROGRAMADOR De dispositivos analogicos \/ Compatible con FPA1000"},"content":{"rendered":"<h5 class=\"card-title text-center\">D5070 Programador de Dispositivos Anal\u00f3gicos<\/h5>\n<p class=\"ql-align-justify\"><strong>El Programador de Dispositivos Anal\u00f3gicos D5070 es un dispositivo port\u00e1til que programa las configuraciones de direcci\u00f3n de los dispositivos anal\u00f3gicos con EEPROM programable.<\/strong>\u00a0El programador D5070 consta de una base para la programaci\u00f3n del cabezal de los detectores y un adaptador de programaci\u00f3n de m\u00f3dulos para programar el m\u00f3dulo de rel\u00e9 y el m\u00f3dulo de puntos de contacto.<\/p>\n<p class=\"ql-align-justify\"><strong>Planificaci\u00f3n<\/strong><\/p>\n<p class=\"ql-align-justify\"><strong>Informaci\u00f3n sobre la Compatibilidad<\/strong><\/p>\n<p class=\"ql-align-justify\"><strong>Los siguientes productos se pueden programar con el Programador de Dispositivos Anal\u00f3gicos D5070:<\/strong><\/p>\n<p class=\"ql-align-justify\"><strong>Contactos:<\/strong><\/p>\n<ul>\n<li class=\"ql-align-justify\">D326A M\u00f3dulo anal\u00f3gico de puntos de contacto.<\/li>\n<li class=\"ql-align-justify\">D339A M\u00f3dulo anal\u00f3gico de puntos de contacto.<\/li>\n<li class=\"ql-align-justify\">FLM-325-I4 M\u00f3dulo de monitoreo de contacto (4 pulgadas).<\/li>\n<li class=\"ql-align-justify\">FLM-325-IS M\u00f3dulo de monitoreo de contacto (peque\u00f1o).<\/li>\n<li class=\"ql-align-justify\">FLM-325-IW M\u00f3dulo de monitoreo de contacto con cable flexible de conexi\u00f3n.<\/li>\n<\/ul>\n<p class=\"ql-align-justify\"><strong>Detectores:<\/strong><\/p>\n<ul>\n<li class=\"ql-align-justify\">D322A Detector de calor anal\u00f3gico.<\/li>\n<li class=\"ql-align-justify\">D323A Detector anal\u00f3gico de humo fotoel\u00e9ctrico.<\/li>\n<li class=\"ql-align-justify\">D323A-DH Cabezal de repuesto para el detector anal\u00f3gico de humo para ductos de aire.<\/li>\n<li class=\"ql-align-justify\">D324A Detector anal\u00f3gico de humo i\u00f3nico.<\/li>\n<li class=\"ql-align-justify\">D331A Detector anal\u00f3gico para ductos de aire.<\/li>\n<li class=\"ql-align-justify\">D332A Detector anal\u00f3gico para ductos de aire con rel\u00e9s Formato C.<\/li>\n<li class=\"ql-align-justify\">FAD\u2011325 Detector anal\u00f3gico de humo para ductos de aire.<\/li>\n<li class=\"ql-align-justify\">FAD\u2011325\u2011R Detector anal\u00f3gico de humo para ductos de aire con rel\u00e9.<\/li>\n<li class=\"ql-align-justify\">FAD\u2011325\u2011DH Cabezal de repuesto para el detector anal\u00f3gico de humo para ductos de aire FAH-325 Detector de calor anal\u00f3gico.<\/li>\n<li class=\"ql-align-justify\">FAI-325 Detector anal\u00f3gico de humo i\u00f3nico .<\/li>\n<li class=\"ql-align-justify\">FAP-325 Detector anal\u00f3gico de humo fotoel\u00e9ctrico.<\/li>\n<\/ul>\n<p class=\"ql-align-justify\"><strong>Bases de detectores:<\/strong><\/p>\n<ul>\n<li class=\"ql-align-justify\">FAA-325-B4 Base para detector anal\u00f3gico (4 pulgadas).<\/li>\n<li class=\"ql-align-justify\">FAA-325-B6 Base para detector anal\u00f3gico (6 pulgadas).<\/li>\n<li class=\"ql-align-justify\">FAA-325-B6S Base anal\u00f3gica con sirena.<\/li>\n<\/ul>\n<p class=\"ql-align-justify\"><strong>Estaciones Manuales:<\/strong><\/p>\n<ul>\n<li class=\"ql-align-justify\">FMM-325A Estaci\u00f3n anal\u00f3gica manual de accionamiento \u00fanico.<\/li>\n<li class=\"ql-align-justify\">FMM-325A-D Estaci\u00f3n anal\u00f3gica manual de accionamiento doble.<\/li>\n<\/ul>\n<p class=\"ql-align-justify\"><strong>M\u00f3dulos:<\/strong><\/p>\n<ul>\n<li class=\"ql-align-justify\">D327A M\u00f3dulo anal\u00f3gico con salida NAC.<\/li>\n<li class=\"ql-align-justify\">D328A M\u00f3dulo de rel\u00e9 anal\u00f3gico.<\/li>\n<li class=\"ql-align-justify\">D333A Aislador anal\u00f3gico a prueba de fallos por cortocircuito.<\/li>\n<li class=\"ql-align-justify\">FLM-325-2I4 M\u00f3dulo de monitoreo de doble entrada.<\/li>\n<li class=\"ql-align-justify\">FLM-325-2R4 M\u00f3dulo de doble rel\u00e9.<\/li>\n<li class=\"ql-align-justify\">FLM-325-CZM4 M\u00f3dulo de zona convencional.<\/li>\n<li class=\"ql-align-justify\">FLM-325-I Aislador de cortocircuitos.<\/li>\n<li class=\"ql-align-justify\">FLM-325-N4 M\u00f3dulo de salida supervisado.<\/li>\n<\/ul>\n<p class=\"ql-align-justify\"><strong>Programadores:\u00a0<\/strong><\/p>\n<ul>\n<li class=\"ql-align-justify\">D5070 Programador de dispositivos anal\u00f3gicos.<\/li>\n<\/ul>\n<p class=\"ql-align-justify\"><strong>Consideraciones para la Instalaci\u00f3n<\/strong><\/p>\n<p class=\"ql-align-justify\">Detectores Cabezales de detector montados sobre el programador D5070.<\/p>\n<p class=\"ql-align-justify\"><strong>M\u00f3dulos<\/strong><\/p>\n<p class=\"ql-align-justify\">El adaptador de programaci\u00f3n de m\u00f3dulos dispone de un conector no polarizado que conecta las patillas de programaci\u00f3n de direcciones de los m\u00f3dulos del rel\u00e9 con los m\u00f3dulos de puntos de contacto. El extremo del conector de programaci\u00f3n del adaptador del m\u00f3dulo de programaci\u00f3n se enchufa en el Programador de Dispositivos Anal\u00f3gicos D5070. Todos los m\u00f3dulos de rel\u00e9s y los m\u00f3dulos de puntos de contacto se programan de este modo, a excepci\u00f3n del M\u00f3dulo de Puntos de Contacto D339A. El m\u00f3dulo D339A requiere el cableado de la regleta de conexi\u00f3n para la configuraci\u00f3n de direcci\u00f3n.<\/p>\n<p class=\"ql-align-justify\"><strong>Piezas incluidas<\/strong><\/p>\n<ul>\n<li class=\"ql-align-justify\">1 Programador .<\/li>\n<li class=\"ql-align-justify\">1 Bater\u00eda de 9 VCC .<\/li>\n<li class=\"ql-align-justify\">1 Conector de cuatro conductores.<\/li>\n<li class=\"ql-align-justify\">1 Conector de dos conductores.<\/li>\n<li class=\"ql-align-justify\">1 Paquete de documentaci\u00f3n.<\/li>\n<\/ul>\n<p class=\"ql-align-justify\"><strong>Nota: D5070 Programador de Dispositivos Anal\u00f3gicos<\/strong><\/p>\n<p class=\"ql-align-justify\"><strong>Programa las configuraciones de direcci\u00f3n de los dispositivos anal\u00f3gicos con EEPROM programable.\u00a0<\/strong><\/p>\n<p class=\"ql-align-justify\"><strong>Numero de pedido: D5070<\/strong><\/p>\n<p class=\"ql-align-justify\"><strong>Principales caracter\u00edsticas:<\/strong><\/p>\n<ul>\n<li class=\"ql-align-justify\">Compacto y f\u00e1cil de usar.<\/li>\n<li class=\"ql-align-justify\">Compatible con detectores y m\u00f3dulos.<\/li>\n<li class=\"ql-align-justify\">Provee lectura y configuraci\u00f3n de direcci\u00f3n.<\/li>\n<li class=\"ql-align-justify\">Muestra el valor anal\u00f3gico.<\/li>\n<li class=\"ql-align-justify\">Permite programar m\u00e1s de 8.000 configuraciones de direcci\u00f3n de una bater\u00eda.<\/li>\n<\/ul>\n<p class=\"ql-align-justify\"><strong>Especificaciones<\/strong><\/p>\n<p class=\"ql-align-justify\"><strong>Mec\u00e1nicas<\/strong><\/p>\n<ul>\n<li class=\"ql-align-justify\">Color: Blanco Dimensiones (Al. x An. x Pr.): 15,9 cm. 10,2 cm. x 3,3 cm. (6,25 pulg. x 4 pulg. x 1,3 pulg.)<\/li>\n<li class=\"ql-align-justify\">Peso: 154,2 g. (5,4 onzas ).<\/li>\n<\/ul>\n<p class=\"ql-align-justify\"><strong>Alimentaci\u00f3n<\/strong><\/p>\n<ul>\n<li class=\"ql-align-justify\">Bater\u00eda Vida \u00datil: Aproximadamente 8.000 configuraciones de direcci\u00f3n.<\/li>\n<li class=\"ql-align-justify\">Tensi\u00f3n: 9 VCC.<\/li>\n<\/ul>\n<p><img decoding=\"async\" class=\"overview-center-img-web\" src=\"https:\/\/tvc.mx\/media\/174472\/BANNER-OFICIAL-A.png\" alt=\"\" \/><\/p>\n","protected":false},"excerpt":{"rendered":"<p>D5070 Programador de Dispositivos Anal\u00f3gicos El Programador de Dispositivos Anal\u00f3gicos D5070 es un dispositivo port\u00e1til que programa las configuraciones de direcci\u00f3n de los dispositivos anal\u00f3gicos con EEPROM programable.\u00a0El programador D5070 consta de una base para la programaci\u00f3n del cabezal de los detectores y un adaptador&hellip;<\/p>\n","protected":false},"featured_media":5858,"comment_status":"open","ping_status":"closed","template":"","meta":{"om_disable_all_campaigns":false,"_monsterinsights_skip_tracking":false,"_monsterinsights_sitenote_active":false,"_monsterinsights_sitenote_note":"","_monsterinsights_sitenote_category":0},"product_brand":[],"product_cat":[505],"product_tag":[495,497,498,499,500,501,496,502],"class_list":{"0":"post-5859","1":"product","2":"type-product","3":"status-publish","4":"has-post-thumbnail","6":"product_cat-modulos-bosch-incendio-2","7":"product_tag-control-de-incendio","8":"product_tag-detectores","9":"product_tag-estacion-manual","10":"product_tag-estrobos-y-sirenas","11":"product_tag-modulos","12":"product_tag-paneles-de-control","13":"product_tag-sistemas-de-incendio","14":"product_tag-teclados","16":"first","17":"instock","18":"sale","19":"taxable","20":"shipping-taxable","21":"purchasable","22":"product-type-simple"},"aioseo_notices":[],"_links":{"self":[{"href":"https:\/\/tecsecmty.com\/index.php\/wp-json\/wp\/v2\/product\/5859","targetHints":{"allow":["GET"]}}],"collection":[{"href":"https:\/\/tecsecmty.com\/index.php\/wp-json\/wp\/v2\/product"}],"about":[{"href":"https:\/\/tecsecmty.com\/index.php\/wp-json\/wp\/v2\/types\/product"}],"replies":[{"embeddable":true,"href":"https:\/\/tecsecmty.com\/index.php\/wp-json\/wp\/v2\/comments?post=5859"}],"version-history":[{"count":0,"href":"https:\/\/tecsecmty.com\/index.php\/wp-json\/wp\/v2\/product\/5859\/revisions"}],"wp:featuredmedia":[{"embeddable":true,"href":"https:\/\/tecsecmty.com\/index.php\/wp-json\/wp\/v2\/media\/5858"}],"wp:attachment":[{"href":"https:\/\/tecsecmty.com\/index.php\/wp-json\/wp\/v2\/media?parent=5859"}],"wp:term":[{"taxonomy":"product_brand","embeddable":true,"href":"https:\/\/tecsecmty.com\/index.php\/wp-json\/wp\/v2\/product_brand?post=5859"},{"taxonomy":"product_cat","embeddable":true,"href":"https:\/\/tecsecmty.com\/index.php\/wp-json\/wp\/v2\/product_cat?post=5859"},{"taxonomy":"product_tag","embeddable":true,"href":"https:\/\/tecsecmty.com\/index.php\/wp-json\/wp\/v2\/product_tag?post=5859"}],"curies":[{"name":"wp","href":"https:\/\/api.w.org\/{rel}","templated":true}]}}