{"id":5861,"date":"2023-02-23T11:41:48","date_gmt":"2023-02-23T17:41:48","guid":{"rendered":"https:\/\/tecsecmty.com\/index.php\/producto\/bosch-f_d7035-modulo-de-8-reles-programables-compatible-hasta-2-modulos-en-la-central-de-incendio-fpd-7024\/"},"modified":"2023-03-22T23:21:04","modified_gmt":"2023-03-23T05:21:04","slug":"bosch-f_d7035-modulo-de-8-reles-programables-compatible-hasta-2-modulos-en-la-central-de-incendio-fpd-7024","status":"publish","type":"product","link":"https:\/\/tecsecmty.com\/index.php\/producto\/bosch-f_d7035-modulo-de-8-reles-programables-compatible-hasta-2-modulos-en-la-central-de-incendio-fpd-7024\/","title":{"rendered":"BOSCH F_D7035 &#8211; Modulo de 8 reles programables \/ Compatible hasta 2 modulos en la central de incendio FPD-7024"},"content":{"rendered":"<div class=\"row aling-items-center padding-bottom-2x\">\n<div class=\"col-lg-12\">\n<h5 class=\"card-title text-center\">D7035 M\u00f3dulos de 8 Rel\u00e9s<\/h5>\n<p class=\"ql-align-justify\">\n<p><img decoding=\"async\" class=\"overview-center-img- aligncenter\" src=\"https:\/\/tvc.mx\/media\/11917\/Logoopaginas-oficial.png\" alt=\"\" \/><\/div>\n<\/div>\n<div class=\"row align-items-center padding-bottom-2x\">\n<div class=\"col-md-5\"><img decoding=\"async\" class=\"d-block m-auto img-thumbnail\" src=\"https:\/\/tvc.mx\/media\/83488\/D7035.config5.png\" alt=\" \" \/><\/div>\n<div class=\"col-md-7 text-md-left text-center\">\n<h2>Resumen del sistema<\/h2>\n<p class=\"text-muted\">\n<p class=\"ql-align-justify\"><strong>a serie D7035 de M\u00f3dulos de 8 Rel\u00e9s incluye el D7035 y el D7035B.<\/strong>\u00a0Los m\u00f3dulos cuentan con ocho salidas de rel\u00e9 con Forma C para la Central de Incendio\u00a0<strong>(FACP) D7024<\/strong>,\u00a0<strong>la Central de Incendio FPD-7024 o la Central de Incendio Compacta FPA\u20111000\u2011UL.<\/strong>\u00a0Estas salidas de rel\u00e9 pueden conectar a la Central de Incendio con otros sistemas o entradas de teclado. Los rel\u00e9s pueden usarse tambi\u00e9n para el cierre de puertas, control de ventiladores, anunciadores, indicadores u otros dispositivos de entrada de contacto seco. Los contactos<strong>\u00a0Normalmente Abiertos (NO)<\/strong>\u00a0o\u00a0<strong>Normalmente Cerrados (NC)<\/strong>\u00a0pueden indicar condiciones de alarma, supervisi\u00f3n o condiciones de problemas. Las salidas de estos m\u00f3dulos son programables. Cada salida funciona de manera independiente a las siete salidas restantes del m\u00f3dulo para una flexibilidad total. Las salidas pueden activarse a trav\u00e9s de varios eventos de sistema diferentes.<strong>\u00a0La Central de Incendios admite hasta dos m\u00f3dulos D7035 o D7035B.<\/strong><\/p>\n<p class=\"ql-align-justify\"><strong>Nota: El m\u00f3dulo D7024 no est\u00e1 incluido en la novena edici\u00f3n de la lista UL864.<\/strong><\/p>\n<p>&nbsp;<\/p>\n<\/div>\n<\/div>\n<hr class=\"padding-bottom-2x\" \/>\n<div class=\"row align-items-center padding-bottom-2x\">\n<div class=\"col-md-5 order-md-2\"><img decoding=\"async\" class=\"d-block m-auto img-thumbnail\" src=\"https:\/\/tvc.mx\/media\/83492\/D7035.config6.png\" alt=\" \" \/><\/div>\n<div class=\"col-md-7 order-md-1 text-md-left text-center\">\n<h2>Planificaci\u00f3n<\/h2>\n<p class=\"text-muted\">\n<p class=\"ql-align-justify\"><strong>Informaci\u00f3n sobre Compatibilidad Los siguientes productos son compatibles con los M\u00f3dulos de 8 Rel\u00e9s D7035 y D7035B:\u00a0<\/strong><\/p>\n<p class=\"ql-align-justify\"><strong>Paneles de Control:<\/strong><\/p>\n<ul>\n<li class=\"ql-align-justify\">D7024* FACP direccionable.<\/li>\n<li class=\"ql-align-justify\">D7024 FACP convencional.<\/li>\n<li class=\"ql-align-justify\">FPD-7024* FACP direccionable.<\/li>\n<li class=\"ql-align-justify\">FPD-7024 FACP convencional.<\/li>\n<li class=\"ql-align-justify\">FPA\u20111000\u2011UL Central de Incendio Compacta.<\/li>\n<\/ul>\n<p class=\"ql-align-justify\"><strong>M\u00f3dulos:<\/strong><\/p>\n<ul>\n<li class=\"ql-align-justify\">D132B M\u00f3dulo de inversi\u00f3n de rel\u00e9 para detector de humo.<\/li>\n<li class=\"ql-align-justify\">D185 M\u00f3dulo de polaridad invertida.<\/li>\n<li class=\"ql-align-justify\">D275 M\u00f3dulo de supervisi\u00f3n de alimentaci\u00f3n de final de l\u00ednea.<\/li>\n<li class=\"ql-align-justify\">D7014 M\u00f3dulo conversor de zonas.<\/li>\n<li class=\"ql-align-justify\">D7015 Transformador NAC de Clase B a Clase A.<\/li>\n<li class=\"ql-align-justify\">D7031 M\u00f3dulo de restablecimiento de silencio.<\/li>\n<li class=\"ql-align-justify\">D7034 Expansor de cuatro puntos.<\/li>\n<\/ul>\n<p class=\"ql-align-justify\"><strong>Consideraciones sobre el Montaje<\/strong><\/p>\n<ul>\n<li class=\"ql-align-justify\">M\u00f3dulo D7035: Monte el D7035 directamente en la carcasa del panel de control en el espacio de montaje previsto para ello.<\/li>\n<li class=\"ql-align-justify\">M\u00f3dulo D7035B: El m\u00f3dulo D7035B se comercializa con una placa de montaje y una carcasa met\u00e1lica roja para su montaje en el exterior de la Central de Incendio cuando el espacio es limitado. El m\u00f3dulo puede montarse a una distancia m\u00e1xima de 152 m. (500 pies) del panel de control usando un cable de 1,2 mm. (18 AWG).<\/li>\n<\/ul>\n<p class=\"ql-align-justify\"><strong>Consideraciones sobre el Cableado<\/strong><\/p>\n<p class=\"ql-align-justify\"><strong>La Central de Incendios env\u00eda 12 VCC de alimentaci\u00f3n y datos desde el Bus de Opciones a los terminales de entrada de los m\u00f3dulos a trav\u00e9s de cuatro cables como un circuito de comunicaci\u00f3n supervisado de Clase B (Estilo 4)<\/strong>. El cableado de los terminales cuenta con un c\u00f3digo de colores. La longitud del cable conectado a los terminales del bus de opciones no debe superar los 1.219 m. (4.000 pies).<\/p>\n<p class=\"ql-align-justify\"><strong>Piezas incluidas D7035<\/strong><\/p>\n<ul>\n<li class=\"ql-align-justify\">1 M\u00f3dulo de 8 Rel\u00e9s.<\/li>\n<li class=\"ql-align-justify\">1 Paquete de hardware.<\/li>\n<li class=\"ql-align-justify\">1 Paquete de documentaci\u00f3n.<\/li>\n<\/ul>\n<p>&nbsp;<\/p>\n<\/div>\n<\/div>\n<hr class=\"padding-bottom-2x\" \/>\n<div class=\"row align-items-center padding-bottom-2x\">\n<div class=\"col-md-5\"><img decoding=\"async\" class=\"d-block m-auto img-thumbnail\" src=\"https:\/\/tvc.mx\/media\/83496\/D7035.config7.png\" alt=\" \" \/><\/div>\n<div class=\"col-md-7 text-md-left text-center\">\n<h2>Caracter\u00edsticas y Especificaciones<\/h2>\n<p class=\"text-muted\">\n<p class=\"ql-align-justify\"><strong>Nota: D7035 M\u00f3dulo de 8 Rel\u00e9s Provee ocho salidas de rel\u00e9 con Forma C para la Central de Incendios D7024 o FPD-7024 (sin carcasa)\u00a0<\/strong><\/p>\n<p class=\"ql-align-justify\"><strong>Numero de pedido: D7035.<\/strong><\/p>\n<p class=\"ql-align-justify\"><strong>Principales Caracter\u00edsticas<\/strong><\/p>\n<ul>\n<li class=\"ql-align-justify\">Ocho salidas de rel\u00e9 con Forma C programables.<\/li>\n<li class=\"ql-align-justify\">El m\u00f3dulo D7035 se monta f\u00e1cilmente en el interior de la carcasa de la Central de Incendios sin necesidad de utilizar una carcasa independiente.<\/li>\n<li class=\"ql-align-justify\">El m\u00f3dulo D7035B incluye una placa de montaje y una carcasa para un montaje en el exterior de la carcasa de la Central de Incendio.<\/li>\n<li class=\"ql-align-justify\">La Central de Incendio es compatible con un m\u00e1ximo de dos m\u00f3dulos.<\/li>\n<\/ul>\n<p class=\"ql-align-justify\"><strong>Especificaciones<\/strong><\/p>\n<p class=\"ql-align-justify\"><strong>Ambientales<\/strong><\/p>\n<ul>\n<li class=\"ql-align-justify\">Entorno: Interior, seco.<\/li>\n<\/ul>\n<p class=\"ql-align-justify\"><strong>Mec\u00e1nicas<\/strong><\/p>\n<ul>\n<li class=\"ql-align-justify\">Dimensiones de la Placa (Al. x An. x Pr.) 13 cm. x 8,3 cm. x 2,1 cm. (5 pulg. x 3,3 pulg. x 0,8 pulg.).<\/li>\n<\/ul>\n<p class=\"ql-align-justify\"><strong>Salidas<\/strong><\/p>\n<ul>\n<li class=\"ql-align-justify\">Capacidad del Contacto del Rel\u00e9: 5 A a 28 VCC.<\/li>\n<\/ul>\n<p class=\"ql-align-justify\"><strong>Requisitos de Alimentaci\u00f3n (Bus de Opciones)<\/strong><\/p>\n<ul>\n<li class=\"ql-align-justify\">Consumo de Corriente: 7 mA + 35 mA por cada rel\u00e9 energizado (use 5 mA + 26 mA por cada rel\u00e9 energizado para los c\u00e1lculos de la bater\u00eda).<\/li>\n<li class=\"ql-align-justify\">Tensi\u00f3n (alimentaci\u00f3n): 12 VCC nominal.<\/li>\n<\/ul>\n<\/div>\n<\/div>\n","protected":false},"excerpt":{"rendered":"<p>D7035 M\u00f3dulos de 8 Rel\u00e9s Resumen del sistema a serie D7035 de M\u00f3dulos de 8 Rel\u00e9s incluye el D7035 y el D7035B.\u00a0Los m\u00f3dulos cuentan con ocho salidas de rel\u00e9 con Forma C para la Central de Incendio\u00a0(FACP) D7024,\u00a0la Central de Incendio FPD-7024 o la Central&hellip;<\/p>\n","protected":false},"featured_media":5860,"comment_status":"open","ping_status":"closed","template":"","meta":{"om_disable_all_campaigns":false,"_monsterinsights_skip_tracking":false,"_monsterinsights_sitenote_active":false,"_monsterinsights_sitenote_note":"","_monsterinsights_sitenote_category":0},"product_brand":[],"product_cat":[505],"product_tag":[495,497,498,499,500,501,496,502],"class_list":{"0":"post-5861","1":"product","2":"type-product","3":"status-publish","4":"has-post-thumbnail","6":"product_cat-modulos-bosch-incendio-2","7":"product_tag-control-de-incendio","8":"product_tag-detectores","9":"product_tag-estacion-manual","10":"product_tag-estrobos-y-sirenas","11":"product_tag-modulos","12":"product_tag-paneles-de-control","13":"product_tag-sistemas-de-incendio","14":"product_tag-teclados","16":"first","17":"instock","18":"sale","19":"taxable","20":"shipping-taxable","21":"purchasable","22":"product-type-simple"},"aioseo_notices":[],"_links":{"self":[{"href":"https:\/\/tecsecmty.com\/index.php\/wp-json\/wp\/v2\/product\/5861","targetHints":{"allow":["GET"]}}],"collection":[{"href":"https:\/\/tecsecmty.com\/index.php\/wp-json\/wp\/v2\/product"}],"about":[{"href":"https:\/\/tecsecmty.com\/index.php\/wp-json\/wp\/v2\/types\/product"}],"replies":[{"embeddable":true,"href":"https:\/\/tecsecmty.com\/index.php\/wp-json\/wp\/v2\/comments?post=5861"}],"version-history":[{"count":0,"href":"https:\/\/tecsecmty.com\/index.php\/wp-json\/wp\/v2\/product\/5861\/revisions"}],"wp:featuredmedia":[{"embeddable":true,"href":"https:\/\/tecsecmty.com\/index.php\/wp-json\/wp\/v2\/media\/5860"}],"wp:attachment":[{"href":"https:\/\/tecsecmty.com\/index.php\/wp-json\/wp\/v2\/media?parent=5861"}],"wp:term":[{"taxonomy":"product_brand","embeddable":true,"href":"https:\/\/tecsecmty.com\/index.php\/wp-json\/wp\/v2\/product_brand?post=5861"},{"taxonomy":"product_cat","embeddable":true,"href":"https:\/\/tecsecmty.com\/index.php\/wp-json\/wp\/v2\/product_cat?post=5861"},{"taxonomy":"product_tag","embeddable":true,"href":"https:\/\/tecsecmty.com\/index.php\/wp-json\/wp\/v2\/product_tag?post=5861"}],"curies":[{"name":"wp","href":"https:\/\/api.w.org\/{rel}","templated":true}]}}