{"id":5865,"date":"2023-02-23T11:41:52","date_gmt":"2023-02-23T17:41:52","guid":{"rendered":"https:\/\/tecsecmty.com\/index.php\/producto\/bosch-f_d7044m-mini-modulo-monitor\/"},"modified":"2023-03-22T23:21:04","modified_gmt":"2023-03-23T05:21:04","slug":"bosch-f_d7044m-mini-modulo-monitor","status":"publish","type":"product","link":"https:\/\/tecsecmty.com\/index.php\/producto\/bosch-f_d7044m-mini-modulo-monitor\/","title":{"rendered":"BOSCH F_D7044M &#8211; Mini modulo monitor"},"content":{"rendered":"<h5 class=\"card-title text-center\">D7044M M\u00f3dulo una entrada multiplex mini, 12V<\/h5>\n<p class=\"ql-align-justify\"><strong>El m\u00f3dulo D7044M MUX mini de una sola entrada (12 V) conecta un contacto normalmente abierto (NA) al bus multiplex de una central de alarma de incendio (CDI) direccionable FPD\u20117024, D7024 o DS9400M.<\/strong>\u00a0Utilice la entrada supervisada del modulo en una configuraci\u00f3n de Clase B. Toda la energ\u00eda que necesita el m\u00f3dulo de entrada procede de la CDI. La configuraci\u00f3n de direcci\u00f3n se realiza c\u00f3modamente mediante unos conmutadores rotativos.<\/p>\n<p class=\"ql-align-justify\"><strong>Notas de configuraci\u00f3n\/instalaci\u00f3n<\/strong><\/p>\n<p class=\"ql-align-justify\"><strong>Productos compatibles<\/strong><\/p>\n<p class=\"ql-align-justify\">El D7044 es compatible con las los paneles de control de alarma de incendio FPD-7024 y D7024*. Los m\u00f3dulos se conectan a la CDI mediante un m\u00f3dulo de ampliaci\u00f3n. Utilice el FPE\u20117039 con la CDI FPD-7024 o D7039* con las CDI FPD\u20117024 o D7024*. El DS9400M* incluye el m\u00f3dulo de expansi\u00f3n.<\/p>\n<p class=\"ql-align-justify\">Las centrales FPD-7024 y el m\u00f3dulo de expansi\u00f3n FPE-7039 est\u00e1n homologados conforme a la 10.\u00aa edici\u00f3n de UL864. El m\u00f3dulo de expansi\u00f3n D7039 est\u00e1 homologado conforme a la 9.\u00aa edici\u00f3n de UL864. Las centrales D7024 y DS9400M est\u00e1n homologadas conforme a la 8.\u00aa edici\u00f3n de UL864.<\/p>\n<p class=\"ql-align-justify\"><strong>Montaje<\/strong><\/p>\n<p class=\"ql-align-justify\">El m\u00f3dulo encaja en una caja est\u00e1ndar de una sola entrada donde est\u00e9 montado el dispositivo al que debe monitorizar.<\/p>\n<p class=\"ql-align-justify\"><strong>Cableado<\/strong><\/p>\n<p class=\"ql-align-justify\">Las conexiones del m\u00f3dulo se llevan a cabo con cabos flotantes de 16 AWG (ISO 1,5 mm2 ) procedentes del dispositivo. Todo el cableado est\u00e1 supervisado y su consumo est\u00e1 limitado.<\/p>\n<p class=\"ql-align-justify\"><strong>Piezas incluidas<\/strong><\/p>\n<ul>\n<li class=\"ql-align-justify\">1 M\u00f3dulo D7044M 1 Resistencia de fin de l\u00ednea (RFL) de 2,21 k\u03a9 (P\/N: F.01U. 034.504) 1.<\/li>\n<li class=\"ql-align-justify\">Paquete de documentaci\u00f3n.<\/li>\n<\/ul>\n<p class=\"ql-align-justify\"><strong>Nota: D7044M M\u00f3dulo una entrada multiplex mini, 12V<\/strong><\/p>\n<p class=\"ql-align-justify\"><strong>Conecta un contacto normalmente abierto (NA) al bus multiplex de una CDI FPD\u20117024, D7024 o DS9400M.<\/strong><\/p>\n<p class=\"ql-align-justify\"><strong>N\u00famero de pedido: D7044M.<\/strong><\/p>\n<p class=\"ql-align-justify\"><strong>Principales caracter\u00edsticas:<\/strong><\/p>\n<ul>\n<li class=\"ql-align-justify\">Utilizar con las CDI direccionables FPD\u20117024, D7024 o DS9400M.<\/li>\n<li class=\"ql-align-justify\">Encaja en una caja trasera est\u00e1ndar de una sola entrada.<\/li>\n<li class=\"ql-align-justify\">Direccionamiento f\u00e1cil mediante conmutadores rotativos.<\/li>\n<li class=\"ql-align-justify\">Bajo consumo de corriente.<\/li>\n<\/ul>\n<p class=\"ql-align-justify\"><strong>Especificaciones<\/strong><\/p>\n<p class=\"ql-align-justify\"><strong>El\u00e9ctricas<\/strong><\/p>\n<ul>\n<li class=\"ql-align-justify\">Designaci\u00f3n del circuito Bus MUX Entrada SLC Clase A o SLC Clase B supervisado IDC Clase B supervisado.<\/li>\n<li class=\"ql-align-justify\">Tipo de entrada Una entrada con contacto normalmente abierto (NA) supervisada por una resistencia de fin de l\u00ednea (RFL) de 2,21 k\u03a9 (P\/N: F.01U.034.504).<\/li>\n<li class=\"ql-align-justify\">Alimentaci\u00f3n suministrada por el bus MUX de la CDI Corriente Tensi\u00f3n (m\u00ednima) 0,55 mA 8 V pico (12 VCC nominal).<\/li>\n<\/ul>\n<p class=\"ql-align-justify\"><strong>Ambientales<\/strong><\/p>\n<ul>\n<li class=\"ql-align-justify\">Entorno Interior, seco.<\/li>\n<li class=\"ql-align-justify\">Humedad relativa Hasta un 93 %, sin condensaci\u00f3n.<\/li>\n<li class=\"ql-align-justify\">Temperatura (funcionamiento): De 0 \u00b0C a +49 \u00b0C (de +32 \u00b0F a +120 \u00b0F).<\/li>\n<\/ul>\n<p class=\"ql-align-justify\"><strong>Mec\u00e1nica<\/strong><\/p>\n<ul>\n<li class=\"ql-align-justify\">Color: Blanco.<\/li>\n<li class=\"ql-align-justify\">Dimensiones (largo x ancho x alto) 12 cm (4,7 pulg.) x 5 cm (1,97 pulg.) x 5 cm (1,97 pulg.).<\/li>\n<li class=\"ql-align-justify\">Montaje Caja de doble entrada est\u00e1ndar.<\/li>\n<li class=\"ql-align-justify\">Material Pl\u00e1stico ABS.<\/li>\n<li class=\"ql-align-justify\">Peso Bruto Neto 0,090 kg 0,075 kg.<\/li>\n<\/ul>\n<p><img decoding=\"async\" class=\"overview-center-img-web\" src=\"https:\/\/tvc.mx\/media\/169185\/BANNER-OFICIAL-A.png\" alt=\"\" \/><\/p>\n","protected":false},"excerpt":{"rendered":"<p>D7044M M\u00f3dulo una entrada multiplex mini, 12V El m\u00f3dulo D7044M MUX mini de una sola entrada (12 V) conecta un contacto normalmente abierto (NA) al bus multiplex de una central de alarma de incendio (CDI) direccionable FPD\u20117024, D7024 o DS9400M.\u00a0Utilice la entrada supervisada del modulo&hellip;<\/p>\n","protected":false},"featured_media":5864,"comment_status":"open","ping_status":"closed","template":"","meta":{"om_disable_all_campaigns":false,"_monsterinsights_skip_tracking":false,"_monsterinsights_sitenote_active":false,"_monsterinsights_sitenote_note":"","_monsterinsights_sitenote_category":0},"product_brand":[],"product_cat":[505],"product_tag":[495,497,498,499,500,501,496,502],"class_list":{"0":"post-5865","1":"product","2":"type-product","3":"status-publish","4":"has-post-thumbnail","6":"product_cat-modulos-bosch-incendio-2","7":"product_tag-control-de-incendio","8":"product_tag-detectores","9":"product_tag-estacion-manual","10":"product_tag-estrobos-y-sirenas","11":"product_tag-modulos","12":"product_tag-paneles-de-control","13":"product_tag-sistemas-de-incendio","14":"product_tag-teclados","16":"first","17":"instock","18":"sale","19":"taxable","20":"shipping-taxable","21":"purchasable","22":"product-type-simple"},"aioseo_notices":[],"_links":{"self":[{"href":"https:\/\/tecsecmty.com\/index.php\/wp-json\/wp\/v2\/product\/5865","targetHints":{"allow":["GET"]}}],"collection":[{"href":"https:\/\/tecsecmty.com\/index.php\/wp-json\/wp\/v2\/product"}],"about":[{"href":"https:\/\/tecsecmty.com\/index.php\/wp-json\/wp\/v2\/types\/product"}],"replies":[{"embeddable":true,"href":"https:\/\/tecsecmty.com\/index.php\/wp-json\/wp\/v2\/comments?post=5865"}],"version-history":[{"count":0,"href":"https:\/\/tecsecmty.com\/index.php\/wp-json\/wp\/v2\/product\/5865\/revisions"}],"wp:featuredmedia":[{"embeddable":true,"href":"https:\/\/tecsecmty.com\/index.php\/wp-json\/wp\/v2\/media\/5864"}],"wp:attachment":[{"href":"https:\/\/tecsecmty.com\/index.php\/wp-json\/wp\/v2\/media?parent=5865"}],"wp:term":[{"taxonomy":"product_brand","embeddable":true,"href":"https:\/\/tecsecmty.com\/index.php\/wp-json\/wp\/v2\/product_brand?post=5865"},{"taxonomy":"product_cat","embeddable":true,"href":"https:\/\/tecsecmty.com\/index.php\/wp-json\/wp\/v2\/product_cat?post=5865"},{"taxonomy":"product_tag","embeddable":true,"href":"https:\/\/tecsecmty.com\/index.php\/wp-json\/wp\/v2\/product_tag?post=5865"}],"curies":[{"name":"wp","href":"https:\/\/api.w.org\/{rel}","templated":true}]}}