{"id":5873,"date":"2023-02-23T11:42:08","date_gmt":"2023-02-23T17:42:08","guid":{"rendered":"https:\/\/tecsecmty.com\/index.php\/producto\/bosch-f_dsm1224r-modulo-de-sincronizacion-dual-en-clase-a-o-clase-b\/"},"modified":"2023-03-22T23:21:04","modified_gmt":"2023-03-23T05:21:04","slug":"bosch-f_dsm1224r-modulo-de-sincronizacion-dual-en-clase-a-o-clase-b","status":"publish","type":"product","link":"https:\/\/tecsecmty.com\/index.php\/producto\/bosch-f_dsm1224r-modulo-de-sincronizacion-dual-en-clase-a-o-clase-b\/","title":{"rendered":"BOSCH F_DSM1224R- MODULO DE SINCRONIZACION DUAL\/ EN CLASE A O CLASE B"},"content":{"rendered":"<h5 class=\"card-title text-center\">M\u00f3dulo de sincronizaci\u00f3n DSM-12\/24-R, Wheelock<\/h5>\n<p><strong>El Cooper Wheelock DSM \u2011 12\/24 \u2011 R es un 12\/24 VDC m\u00f3dulo que sincroniza dispositivos de notificaci\u00f3n en un Circuitos individuales de clase A o dos de clase B.\u00a0<\/strong>Puede estar al ras montado o montado en la superficie a un cuadrado de 4.6875 pulgadas por caja de 2.125 pulgadas de profundidad.<\/p>\n<p><strong>Certificaciones y aprobaciones<\/strong><\/p>\n<p><strong>Regi\u00f3n Cumplimiento normativo \/ marcas de calidad:<\/strong><\/p>\n<p><strong>EE. UU.<\/strong><\/p>\n<ul>\n<li>UL: UL 1971, Dispositivos de se\u00f1alizaci\u00f3n para personas con discapacidad auditiva<\/li>\n<li>UL: UL 1638, \u00abDispositivos de se\u00f1alizaci\u00f3n visibles para Sistemas de alarma y se\u00f1alizaci\u00f3n contra incendios, incluidos accesorios.<\/li>\n<li>CSFM ver www.boschsecurity.com (el Bosch sitio web).<\/li>\n<\/ul>\n<p><strong>Canada<\/strong><\/p>\n<ul>\n<li>ULC: ULC-S525, dispositivos de se\u00f1al audible para Sistemas de alarma contra incendios, incluidos accesorios.<\/li>\n<\/ul>\n<p><strong>Nota:\u00a0M\u00f3dulo de sincronizaci\u00f3n DSM-12\/24-R, Wheelock<\/strong><\/p>\n<p><strong>Un m\u00f3dulo 12\/24 VDC Cooper Wheelock que sincroniza dispositivos de notificaci\u00f3n en una sola clase A o dos circuitos de clase B.<\/strong><\/p>\n<p><strong>N\u00famero de pedido: DSM-12\/24-R<\/strong><\/p>\n<p><strong>Principales caracter\u00edsticas<\/strong><\/p>\n<ul>\n<li>Funciona en 12 VDC o 24 VDC Clase A o Clase B circuitos.<\/li>\n<li>Montaje empotrado o en superficie en cajas traseras est\u00e1ndar.<\/li>\n<\/ul>\n<p><strong>Especificaciones\u00a0<\/strong><\/p>\n<p><strong>Ambiental<\/strong><\/p>\n<ul>\n<li>Temperatura (en funcionamiento): + 32 \u00b0 F a + 120 \u00b0 F (0 \u00b0 C a + 49 \u00b0 C)<\/li>\n<\/ul>\n<p><strong>Poder<\/strong><\/p>\n<p><strong>Voltaje (entrada nominal): Voltaje (entrada nominal):<\/strong><\/p>\n<p><strong>Corriente nominal (audible)<\/strong><\/p>\n<ul>\n<li>Promedio: 12 VDC: 4 mA; 24 V CC: 8 mA.<\/li>\n<li>Pico: 12 VDC: 4 mA; 24 V CC: 8 mA.<\/li>\n<li>Inrush: 12 VDC: 19 mA; 24 V CC: 30 mA.<\/li>\n<\/ul>\n<p><strong>Corriente nominal (estrobosc\u00f3pica)<\/strong><\/p>\n<ul>\n<li>Promedio: 12 VDC: 20 mA; 24 V CC: 35 mA.<\/li>\n<li>Pico: 12 VDC: 64 mA; 24 V CC: 80 mA.<\/li>\n<li>Inrush: 12 VDC: 170 mA; 24 VDC: 342 mA.<\/li>\n<\/ul>\n<p><img decoding=\"async\" class=\"overview-center-img-web\" src=\"https:\/\/tvc.mx\/media\/35327\/Logoopaginas-oficial-1920x400.png\" alt=\"\" \/><\/p>\n","protected":false},"excerpt":{"rendered":"<p>M\u00f3dulo de sincronizaci\u00f3n DSM-12\/24-R, Wheelock El Cooper Wheelock DSM \u2011 12\/24 \u2011 R es un 12\/24 VDC m\u00f3dulo que sincroniza dispositivos de notificaci\u00f3n en un Circuitos individuales de clase A o dos de clase B.\u00a0Puede estar al ras montado o montado en la superficie a&hellip;<\/p>\n","protected":false},"featured_media":5872,"comment_status":"open","ping_status":"closed","template":"","meta":{"om_disable_all_campaigns":false,"_monsterinsights_skip_tracking":false,"_monsterinsights_sitenote_active":false,"_monsterinsights_sitenote_note":"","_monsterinsights_sitenote_category":0},"product_brand":[],"product_cat":[505],"product_tag":[495,497,498,499,500,501,496,502],"class_list":{"0":"post-5873","1":"product","2":"type-product","3":"status-publish","4":"has-post-thumbnail","6":"product_cat-modulos-bosch-incendio-2","7":"product_tag-control-de-incendio","8":"product_tag-detectores","9":"product_tag-estacion-manual","10":"product_tag-estrobos-y-sirenas","11":"product_tag-modulos","12":"product_tag-paneles-de-control","13":"product_tag-sistemas-de-incendio","14":"product_tag-teclados","16":"first","17":"instock","18":"sale","19":"taxable","20":"shipping-taxable","21":"purchasable","22":"product-type-simple"},"aioseo_notices":[],"_links":{"self":[{"href":"https:\/\/tecsecmty.com\/index.php\/wp-json\/wp\/v2\/product\/5873","targetHints":{"allow":["GET"]}}],"collection":[{"href":"https:\/\/tecsecmty.com\/index.php\/wp-json\/wp\/v2\/product"}],"about":[{"href":"https:\/\/tecsecmty.com\/index.php\/wp-json\/wp\/v2\/types\/product"}],"replies":[{"embeddable":true,"href":"https:\/\/tecsecmty.com\/index.php\/wp-json\/wp\/v2\/comments?post=5873"}],"version-history":[{"count":0,"href":"https:\/\/tecsecmty.com\/index.php\/wp-json\/wp\/v2\/product\/5873\/revisions"}],"wp:featuredmedia":[{"embeddable":true,"href":"https:\/\/tecsecmty.com\/index.php\/wp-json\/wp\/v2\/media\/5872"}],"wp:attachment":[{"href":"https:\/\/tecsecmty.com\/index.php\/wp-json\/wp\/v2\/media?parent=5873"}],"wp:term":[{"taxonomy":"product_brand","embeddable":true,"href":"https:\/\/tecsecmty.com\/index.php\/wp-json\/wp\/v2\/product_brand?post=5873"},{"taxonomy":"product_cat","embeddable":true,"href":"https:\/\/tecsecmty.com\/index.php\/wp-json\/wp\/v2\/product_cat?post=5873"},{"taxonomy":"product_tag","embeddable":true,"href":"https:\/\/tecsecmty.com\/index.php\/wp-json\/wp\/v2\/product_tag?post=5873"}],"curies":[{"name":"wp","href":"https:\/\/api.w.org\/{rel}","templated":true}]}}