{"id":5875,"date":"2023-02-23T11:42:14","date_gmt":"2023-02-23T17:42:14","guid":{"rendered":"https:\/\/tecsecmty.com\/index.php\/producto\/bosch-f_evax200r8z-amplificador-200w-8-zonas-repetidor-digital-de-mensaje-microfono-rojo\/"},"modified":"2023-03-22T23:21:05","modified_gmt":"2023-03-23T05:21:05","slug":"bosch-f_evax200r8z-amplificador-200w-8-zonas-repetidor-digital-de-mensaje-microfono-rojo","status":"publish","type":"product","link":"https:\/\/tecsecmty.com\/index.php\/producto\/bosch-f_evax200r8z-amplificador-200w-8-zonas-repetidor-digital-de-mensaje-microfono-rojo\/","title":{"rendered":"BOSCH F_EVAX200R8Z- AMPLIFICADOR 200W\/ 8 ZONAS\/ REPETIDOR DIGITAL DE MENSAJE\/ MICROFONO ROJO"},"content":{"rendered":"<h5 class=\"card-title text-center\">Kit con 1 EVX-200R, 2 EVX-4Z, rojo grande<\/h5>\n<p class=\"ql-align-justify\"><strong>Los sistemas de evacuaci\u00f3n por voz de Bosch y la expansi\u00f3n los paneles proporcionan una variedad de opciones que pueden ser f\u00e1cilmente agregado a un sistema de panel de control de alarma contra incendios existente para aplicaciones de \u00e1rea de montaje y para rascacielos evacuaci\u00f3n de voz que no requiere tel\u00e9fonos de bomberos.<\/strong><\/p>\n<p class=\"ql-align-justify\">Elija hasta 2000 W de potencia de amplificador de audio para cumple con los requisitos de potencia de tus altavoces. Usted puede supervisar m\u00faltiples zonas a trav\u00e9s de su elecci\u00f3n de zona divisores.<\/p>\n<p class=\"ql-align-justify\"><strong>Resumen del sistema<\/strong><\/p>\n<p class=\"ql-align-justify\"><strong>Sistemas de evacuaci\u00f3n por voz BOSCH<\/strong><\/p>\n<p class=\"ql-align-justify\">Todos los sistemas de evacuaci\u00f3n por voz de Bosch incluyen todos los caracter\u00edsticas necesarias para proporcionar una voz efectiva sistema de evacuaci\u00f3n:<\/p>\n<ul>\n<li class=\"ql-align-justify\">Amplificador de audio<\/li>\n<li class=\"ql-align-justify\">Repetidor de mensajes digitales (DMR)<\/li>\n<li class=\"ql-align-justify\">Transformador de potencia de 120 VCA y cargador de bater\u00eda.<\/li>\n<li class=\"ql-align-justify\">Generador de tonos<\/li>\n<li class=\"ql-align-justify\">Micr\u00f3fono de paginaci\u00f3n<\/li>\n<\/ul>\n<p class=\"ql-align-justify\">Recinto de montaje en superficie o semi empotrado con un puerta con bisagras y cerradura con llave en gris carb\u00f3n (est\u00e1ndar) o rojo (opcional) EVAX25, EVAX50 y EVAX100 respectivamente proporciona 25 W, 50 W y 100 W de amplificador de audio alimentaci\u00f3n en una caja de tama\u00f1o est\u00e1ndar. El EVAX150 tiene un amplificador de audio de 50 W y un audio de 100 W amplificador en una caja de doble tama\u00f1o. El EVAX200 tiene dos amplificadores de 100 W en una caja de doble tama\u00f1o.<\/p>\n<p class=\"ql-align-justify\">Personalice estos sistemas para satisfacer la mayor\u00eda de las aplicaciones. requisitos mediante la adici\u00f3n de paneles de expansi\u00f3n, expansor m\u00f3dulos o divisores de zona. Los expansores se pueden agrupar juntos en cualquier combinaci\u00f3n para proporcionar hasta 2000 W<\/p>\n<p class=\"ql-align-justify\">de potencia de audio.<\/p>\n<p class=\"ql-align-justify\"><strong>Paneles expansores opcionales<\/strong><\/p>\n<p class=\"ql-align-justify\">Los paneles expansores del sistema Bosch proporcionan un f\u00e1cil y una forma rentable de aumentar la potencia de salida de un sistema de evacuaci\u00f3n por voz de Bosch.<\/p>\n<p class=\"ql-align-justify\">Tambi\u00e9n pueden proporcionar un panel de localizaci\u00f3n de emergencia activado manualmente<\/p>\n<p class=\"ql-align-justify\">para edificios Caracter\u00edsticas de EVAX25E, EVAX50E y EVAX100E:<\/p>\n<ul>\n<li class=\"ql-align-justify\">Amplificador de audio.<\/li>\n<li class=\"ql-align-justify\">Transformador de potencia de 120 VCA y cargador de bater\u00eda.<\/li>\n<li class=\"ql-align-justify\">Generador de tonos.<\/li>\n<li class=\"ql-align-justify\">Micr\u00f3fono de paginaci\u00f3n.<\/li>\n<li class=\"ql-align-justify\">Caja de tama\u00f1o est\u00e1ndar con bisagras, cerradura con llave puerta.<\/li>\n<\/ul>\n<p class=\"ql-align-justify\">Los paneles expansores EVAX150E y EVAX200E proporcionan las mismas caracter\u00edsticas con potencia adicional en un caja de doble tama\u00f1o que aloja dos m\u00f3dulos amplificadores.<\/p>\n<p class=\"ql-align-justify\">Use el EVAX25EM, EVAX50EM o EVAX100EM panel expansor cuando un audio de 25 W, 50 W o 100 W se necesita un expansor con su propio recinto. Utilizar el EVAX150EM EVAX200EM para expansi\u00f3n cuando se requiere mayor potencia en el recinto m\u00e1s grande<\/p>\n<p class=\"ql-align-justify\">configuraci\u00f3n. Los modelos EM tienen todas las caracter\u00edsticas de los modelos E, excepto que no tienen paginaci\u00f3n micr\u00f3fono.<\/p>\n<p class=\"ql-align-justify\"><strong>M\u00f3dulos expansores opcionales<\/strong><\/p>\n<p class=\"ql-align-justify\">Los m\u00f3dulos expansores (modelos EVX) pueden aumentar la capacidad de cualquier sistema de evacuaci\u00f3n por voz de Bosch o Panel expansor. No tienen micr\u00f3fonos de buscapersonas<\/p>\n<p class=\"ql-align-justify\">y est\u00e1n destinados a la instalaci\u00f3n en UL listado recintos (no suministrados). Caracter\u00edsticas de estos m\u00f3dulos:<\/p>\n<ul>\n<li class=\"ql-align-justify\">Amplificador de audio.<\/li>\n<li class=\"ql-align-justify\">Regulador de potencia y cargador de bater\u00eda.<\/li>\n<li class=\"ql-align-justify\">Generador de tonos.<\/li>\n<\/ul>\n<p class=\"ql-align-justify\"><strong>Divisores de zona opcionales<\/strong><\/p>\n<p class=\"ql-align-justify\">Los divisores de zona EVX \u2011 4Z y EVX \u2011 2ZA permiten salida supervisada de cualquier amplificador de audio Bosch a supervisar m\u00faltiples zonas. Caracter\u00edsticas de esta zona.<\/p>\n<p class=\"ql-align-justify\">divisores:<\/p>\n<ul>\n<li class=\"ql-align-justify\">Selecci\u00f3n manual de cualquiera o todas las zonas de evacuaci\u00f3n de voz para la paginaci\u00f3n de emergencia.<\/li>\n<li class=\"ql-align-justify\">Selecci\u00f3n autom\u00e1tica de zonas de evacuaci\u00f3n de voz por conectar contactos normalmente abiertos desde el FACP o otro sistema de control auxiliar<\/li>\n<li class=\"ql-align-justify\">Anunciaci\u00f3n del estado de la zona activa o en falla por LEDs individuales.<\/li>\n<li class=\"ql-align-justify\">Compatibilidad con puente seleccionable de 25 V y 70 V salidas de amplificador<\/li>\n<\/ul>\n<p class=\"ql-align-justify\">El EVX \u2011 4Z tiene cuatro zonas de clase B. El EVX \u2011 2ZA tiene Dos zonas de clase A.<\/p>\n<p class=\"ql-align-justify\"><strong>Las funciones b\u00e1sicas<\/strong><\/p>\n<p class=\"ql-align-justify\"><strong>Repetidor de mensaje digital<\/strong><\/p>\n<p class=\"ql-align-justify\">Cada uno de los sistemas de evacuaci\u00f3n por voz de Bosch (EVAX25, EVAX50, EVAX100, EVAX150 y EVAX200) incluye un repetidor de mensajes digitales (DMR). Los sistemas vienen<\/p>\n<p class=\"ql-align-justify\">con el siguiente mensaje est\u00e1ndar de 15 segundos programado:<\/p>\n<p class=\"ql-align-justify\">\u00abAtenci\u00f3n, por favor. Ha habido un informe de un emergencia. Proceda con calma a la salida m\u00e1s cercana y abandone el edificio de inmediato. No use el ascensores; use escaleras donde sea necesario. Todos los ocupantes discapacitados deber\u00e1n usar el edificio Plan de evacuaci\u00f3n.<\/p>\n<p class=\"ql-align-justify\">El mensaje de evacuaci\u00f3n de voz se transmite hasta que FACP se restablece o hasta que el personal de emergencia interrumpe la transmisi\u00f3n con una p\u00e1gina de manual. Cuando el FACP restablece, el sistema de evacuaci\u00f3n de voz autom\u00e1ticamente vuelve al estado de funcionamiento normal.<\/p>\n<p class=\"ql-align-justify\">El cierre de un contacto desde el FACP o desde cualquier dispositivo de contacto normalmente abierto puede causar transmisi\u00f3n de un tono de timbre seguido del mensaje<\/p>\n<p class=\"ql-align-justify\">\u00abTodo claro.\u00bb<\/p>\n<p class=\"ql-align-justify\">Los mensajes primarios y secundarios opcionales son disponible. Para m\u00e1s informaci\u00f3n, consulte Bosch Mensajes opcionales del sistema de evacuaci\u00f3n por voz T\u00e9cnico<\/p>\n<p class=\"ql-align-justify\"><strong>Micr\u00f3fonos de localizaci\u00f3n remota<\/strong><\/p>\n<p class=\"ql-align-justify\">Micr\u00f3fonos de localizaci\u00f3n remota (hasta cinco por EVX-SC tarjeta de supervisi\u00f3n) son compatibles a trav\u00e9s de un supervisado circuito. Los micr\u00f3fonos remotos pueden montarse hasta 5000 pies (1.5 km) lejos de la evacuaci\u00f3n por voz EVAX panel. Un uso ideal para un micr\u00f3fono remoto es cuando los paneles del sistema de evacuaci\u00f3n por voz y FACP est\u00e1n en un sala el\u00e9ctrica y necesita un micr\u00f3fono en el vest\u00edbulo.<\/p>\n<p class=\"ql-align-justify\"><strong>Ajustes del sistema<\/strong><\/p>\n<p class=\"ql-align-justify\">Control del funcionamiento del sistema mediante la configuraci\u00f3n del interruptor DIP:<\/p>\n<ul>\n<li class=\"ql-align-justify\">Configure tres interruptores DIP para determinar los tonos de alerta de Whoop lento temporal (predeterminado), Hi Lo, Horn, Bell, o 1 kHz.<\/li>\n<li class=\"ql-align-justify\">Activa o desactiva el modo de diagn\u00f3stico (predeterminado).<\/li>\n<li class=\"ql-align-justify\">Configure el informe de falla de alimentaci\u00f3n de CA sin demora (predeterminado) o por un retraso de seis horas.<\/li>\n<li class=\"ql-align-justify\">Indique si las bater\u00edas est\u00e1n conectadas al sistema. los la configuraci\u00f3n predeterminada es que las bater\u00edas est\u00e1n conectadas.<\/li>\n<li class=\"ql-align-justify\">Indique si hay un micr\u00f3fono conectado al sistema la configuraci\u00f3n predeterminada es un micr\u00f3fono conectado.<\/li>\n<li class=\"ql-align-justify\">Establezca el retraso inicial antes de que comience un mensaje para no retraso, retraso de 4 segundos, retraso de 8 segundos (predeterminado), 12 segundos de retraso, 16 segundos de retraso, 20 segundos de retraso, retraso de 24 segundos o retraso de 28 segundos. El elegido el tono suena durante el retraso.<\/li>\n<li class=\"ql-align-justify\">Establezca el retraso entre repeticiones del mensaje para un 4 segundos de retraso, 8 segundos de retraso, 12 segundos de retraso (predeterminado), o retraso de 16 segundos.<\/li>\n<li class=\"ql-align-justify\">Indique si el mensaje se reproduce o no. Mensaje en es el valor por defecto.<\/li>\n<li class=\"ql-align-justify\">Establezca el n\u00famero de veces que el mensaje se reproduce en uno juego, dos jugadas, tres jugadas (predeterminado) o continuo jugar.<\/li>\n<\/ul>\n<h4 class=\"ql-align-justify\"><strong>Nota: Kit con 1 EVX-200R, 2 EVX-4Z, rojo grande<\/strong><\/h4>\n<p class=\"ql-align-justify\"><strong>Los paneles proporcionan una variedad de opciones que pueden ser f\u00e1cilmente agregado a un sistema de panel de control de alarma contra incendios existente para aplicaciones de \u00e1rea de montaje y para rascacielos evacuaci\u00f3n de voz que no requiere tel\u00e9fonos de bomberos.<\/strong><\/p>\n<p class=\"ql-align-justify\"><strong>Numero de pepido: EVAX200R-8<\/strong>Z<\/p>\n<p class=\"ql-align-justify\"><strong>Principales caracter\u00edsticas<\/strong><\/p>\n<ul>\n<li class=\"ql-align-justify\">Proporciona 200 W para alimentar 25 altavoces VRMS o 70 VRMS.<\/li>\n<li class=\"ql-align-justify\">Ofrece 8 circuitos de altavoces de clase B (configurables para 4 circuitos de clase B y 2 de clase A o para 4 circuitos de clase A).<\/li>\n<li class=\"ql-align-justify\">Mensaje de evacuaci\u00f3n autom\u00e1tica grabado digitalmente (hasta 20 minutos de capacidad de mensaje).<\/li>\n<li class=\"ql-align-justify\">Alarma incorporada y se\u00f1ales de alerta.<\/li>\n<li class=\"ql-align-justify\">Anulaci\u00f3n del mensaje y tono del micr\u00f3fono en vivo.<\/li>\n<li class=\"ql-align-justify\">Compatible con paneles de control de alarma contra incendios (FACP) anal\u00f3gicos direccionables o basados \u200b\u200ben microprocesadores de 12 V o 24 V.<\/li>\n<\/ul>\n<p class=\"ql-align-justify\"><strong>Especificaciones<\/strong><\/p>\n<p class=\"ql-align-justify\"><strong>Consideraciones ambientales<\/strong><\/p>\n<ul>\n<li class=\"ql-align-justify\">Humedad relativa: hasta 95%, sin condensaci\u00f3n.<\/li>\n<li class=\"ql-align-justify\">Temperatura (en funcionamiento): + 32 \u00b0 F a + 120 \u00b0 F (0 \u00b0 C a + 49 \u00b0 C.<\/li>\n<\/ul>\n<p class=\"ql-align-justify\"><strong>Propiedades mec\u00e1nicas<\/strong><\/p>\n<p class=\"ql-align-justify\">Color: Est\u00e1ndar: gris carb\u00f3n.<\/p>\n<p class=\"ql-align-justify\">Opcional: rojo.<\/p>\n<p class=\"ql-align-justify\">Dimensiones (H x W x D): Est\u00e1ndar: 18 pulg. X 14.5 pulg. X 4 pulg. (45,7 cm x 36,8 cm x 10,2 cm).<\/p>\n<p class=\"ql-align-justify\">Tama\u00f1o doble: 27 pulg. X 14.5 pulg. X 4 pulg. (68,6 cm x 36,8 cm x 10,2 cm)<\/p>\n<p class=\"ql-align-justify\">Material: acero calibre 16 (1,5 mm).<\/p>\n<p class=\"ql-align-justify\"><strong>Salidas<\/strong><\/p>\n<p class=\"ql-align-justify\">Tono y Voz (a 25\/70 VRMS):<\/p>\n<ul>\n<li class=\"ql-align-justify\">Sistema de 25 W: 25 W.<\/li>\n<li class=\"ql-align-justify\">Sistema de 50 W: 50 W.<\/li>\n<li class=\"ql-align-justify\">Sistema de 100 W: 100 W.<\/li>\n<li class=\"ql-align-justify\">Sistema de 150 W: 150 W.<\/li>\n<li class=\"ql-align-justify\">Sistema de 200 W: 200 W.<\/li>\n<\/ul>\n<p class=\"ql-align-justify\"><strong>Requisitos de energ\u00eda (primario)<\/strong><\/p>\n<p class=\"ql-align-justify\">Corriente (entrada): sistema de 25 W: 0.8 A.<\/p>\n<ul>\n<li class=\"ql-align-justify\">Sistema de 50 W: 0.6 A.<\/li>\n<li class=\"ql-align-justify\">Sistema de 100 W: 2 A.<\/li>\n<li class=\"ql-align-justify\">Sistema de 150 W: 2.6 A.<\/li>\n<li class=\"ql-align-justify\">Sistema de 200 W: 4 A.<\/li>\n<li class=\"ql-align-justify\">Voltaje (entrada nominal): 120 VAC.<\/li>\n<\/ul>\n<p><img decoding=\"async\" class=\"overview-center-img-web\" src=\"https:\/\/tvc.mx\/media\/33075\/Logoopaginas-oficial-1920x400.png\" alt=\"\" \/><\/p>\n","protected":false},"excerpt":{"rendered":"<p>Kit con 1 EVX-200R, 2 EVX-4Z, rojo grande Los sistemas de evacuaci\u00f3n por voz de Bosch y la expansi\u00f3n los paneles proporcionan una variedad de opciones que pueden ser f\u00e1cilmente agregado a un sistema de panel de control de alarma contra incendios existente para aplicaciones&hellip;<\/p>\n","protected":false},"featured_media":5874,"comment_status":"open","ping_status":"closed","template":"","meta":{"om_disable_all_campaigns":false,"_monsterinsights_skip_tracking":false,"_monsterinsights_sitenote_active":false,"_monsterinsights_sitenote_note":"","_monsterinsights_sitenote_category":0},"product_brand":[],"product_cat":[505],"product_tag":[495,497,498,499,500,501,496,502],"class_list":{"0":"post-5875","1":"product","2":"type-product","3":"status-publish","4":"has-post-thumbnail","6":"product_cat-modulos-bosch-incendio-2","7":"product_tag-control-de-incendio","8":"product_tag-detectores","9":"product_tag-estacion-manual","10":"product_tag-estrobos-y-sirenas","11":"product_tag-modulos","12":"product_tag-paneles-de-control","13":"product_tag-sistemas-de-incendio","14":"product_tag-teclados","16":"first","17":"instock","18":"sale","19":"taxable","20":"shipping-taxable","21":"purchasable","22":"product-type-simple"},"aioseo_notices":[],"_links":{"self":[{"href":"https:\/\/tecsecmty.com\/index.php\/wp-json\/wp\/v2\/product\/5875","targetHints":{"allow":["GET"]}}],"collection":[{"href":"https:\/\/tecsecmty.com\/index.php\/wp-json\/wp\/v2\/product"}],"about":[{"href":"https:\/\/tecsecmty.com\/index.php\/wp-json\/wp\/v2\/types\/product"}],"replies":[{"embeddable":true,"href":"https:\/\/tecsecmty.com\/index.php\/wp-json\/wp\/v2\/comments?post=5875"}],"version-history":[{"count":0,"href":"https:\/\/tecsecmty.com\/index.php\/wp-json\/wp\/v2\/product\/5875\/revisions"}],"wp:featuredmedia":[{"embeddable":true,"href":"https:\/\/tecsecmty.com\/index.php\/wp-json\/wp\/v2\/media\/5874"}],"wp:attachment":[{"href":"https:\/\/tecsecmty.com\/index.php\/wp-json\/wp\/v2\/media?parent=5875"}],"wp:term":[{"taxonomy":"product_brand","embeddable":true,"href":"https:\/\/tecsecmty.com\/index.php\/wp-json\/wp\/v2\/product_brand?post=5875"},{"taxonomy":"product_cat","embeddable":true,"href":"https:\/\/tecsecmty.com\/index.php\/wp-json\/wp\/v2\/product_cat?post=5875"},{"taxonomy":"product_tag","embeddable":true,"href":"https:\/\/tecsecmty.com\/index.php\/wp-json\/wp\/v2\/product_tag?post=5875"}],"curies":[{"name":"wp","href":"https:\/\/api.w.org\/{rel}","templated":true}]}}