{"id":5883,"date":"2023-02-23T11:42:19","date_gmt":"2023-02-23T17:42:19","guid":{"rendered":"https:\/\/tecsecmty.com\/index.php\/producto\/bosch-f_fasasdcsl-conexion-directa-entre-la-manguera-de-aspiracion-y-aspiracion-de-tuberia\/"},"modified":"2023-03-22T23:21:07","modified_gmt":"2023-03-23T05:21:07","slug":"bosch-f_fasasdcsl-conexion-directa-entre-la-manguera-de-aspiracion-y-aspiracion-de-tuberia","status":"publish","type":"product","link":"https:\/\/tecsecmty.com\/index.php\/producto\/bosch-f_fasasdcsl-conexion-directa-entre-la-manguera-de-aspiracion-y-aspiracion-de-tuberia\/","title":{"rendered":"BOSCH F_FASASDCSL- CONEXION DIRECTA ENTRE LA MANGUERA DE ASPIRACION Y ASPIRACION DE TUBERIA"},"content":{"rendered":"<div class=\"row align-items-center padding-bottom-2x\">\n<div class=\"col-md-5\"><img decoding=\"async\" class=\"d-block m-auto img-thumbnail\" src=\"https:\/\/tvc.mx\/media\/628706\/400x300-logo.png\" alt=\" \" \/><\/div>\n<div class=\"col-md-7 text-md-left text-center\">\n<h2>Especificaciones t\u00e9cnicas<\/h2>\n<p class=\"text-muted\">\n<p>Peso: (g) 9 g<\/p>\n<p>Instalaci\u00f3n:\u00a0<span class=\"ql-font-serif\">conexi\u00f3n entre el tubo de aspiraci\u00f3n y la tuber\u00eda de aspiraci\u00f3n, incluyendo rosca interna PG16<\/span><\/p>\n<p>&nbsp;<\/p>\n<\/div>\n<\/div>\n<hr class=\"padding-bottom-2x\" \/>\n<div class=\"row align-items-center padding-bottom-2x\">\n<div class=\"col-md-5 order-md-2\"><img decoding=\"async\" class=\"d-block m-auto img-thumbnail\" src=\"https:\/\/tvc.mx\/media\/628718\/400x300-logo-sistema-de-aspiraci%C3%B3n.png\" alt=\" \" \/><\/div>\n<div class=\"col-md-7 order-md-1 text-md-left text-center\">\n<h2>Componentes de los sistemas de aspiraci\u00f3n de humos<\/h2>\n<p class=\"text-muted\">\n<p>Hay disponible una amplia gama de componentes de tuber\u00edas de aspiraci\u00f3n para su uso en sistemas de aspiraci\u00f3n de humos. El uso de los componentes adecuados permite un funcionamiento fiable y seguro incluso en condiciones ambientales extremas.<\/p>\n<\/div>\n<\/div>\n","protected":false},"excerpt":{"rendered":"<p>Especificaciones t\u00e9cnicas Peso: (g) 9 g Instalaci\u00f3n:\u00a0conexi\u00f3n entre el tubo de aspiraci\u00f3n y la tuber\u00eda de aspiraci\u00f3n, incluyendo rosca interna PG16 &nbsp; Componentes de los sistemas de aspiraci\u00f3n de humos Hay disponible una amplia gama de componentes de tuber\u00edas de aspiraci\u00f3n para su uso en&hellip;<\/p>\n","protected":false},"featured_media":5882,"comment_status":"open","ping_status":"closed","template":"","meta":{"om_disable_all_campaigns":false,"_monsterinsights_skip_tracking":false,"_monsterinsights_sitenote_active":false,"_monsterinsights_sitenote_note":"","_monsterinsights_sitenote_category":0},"product_brand":[],"product_cat":[505],"product_tag":[495,497,498,499,500,501,496,502],"class_list":{"0":"post-5883","1":"product","2":"type-product","3":"status-publish","4":"has-post-thumbnail","6":"product_cat-modulos-bosch-incendio-2","7":"product_tag-control-de-incendio","8":"product_tag-detectores","9":"product_tag-estacion-manual","10":"product_tag-estrobos-y-sirenas","11":"product_tag-modulos","12":"product_tag-paneles-de-control","13":"product_tag-sistemas-de-incendio","14":"product_tag-teclados","16":"first","17":"instock","18":"sale","19":"taxable","20":"shipping-taxable","21":"purchasable","22":"product-type-simple"},"aioseo_notices":[],"_links":{"self":[{"href":"https:\/\/tecsecmty.com\/index.php\/wp-json\/wp\/v2\/product\/5883","targetHints":{"allow":["GET"]}}],"collection":[{"href":"https:\/\/tecsecmty.com\/index.php\/wp-json\/wp\/v2\/product"}],"about":[{"href":"https:\/\/tecsecmty.com\/index.php\/wp-json\/wp\/v2\/types\/product"}],"replies":[{"embeddable":true,"href":"https:\/\/tecsecmty.com\/index.php\/wp-json\/wp\/v2\/comments?post=5883"}],"version-history":[{"count":0,"href":"https:\/\/tecsecmty.com\/index.php\/wp-json\/wp\/v2\/product\/5883\/revisions"}],"wp:featuredmedia":[{"embeddable":true,"href":"https:\/\/tecsecmty.com\/index.php\/wp-json\/wp\/v2\/media\/5882"}],"wp:attachment":[{"href":"https:\/\/tecsecmty.com\/index.php\/wp-json\/wp\/v2\/media?parent=5883"}],"wp:term":[{"taxonomy":"product_brand","embeddable":true,"href":"https:\/\/tecsecmty.com\/index.php\/wp-json\/wp\/v2\/product_brand?post=5883"},{"taxonomy":"product_cat","embeddable":true,"href":"https:\/\/tecsecmty.com\/index.php\/wp-json\/wp\/v2\/product_cat?post=5883"},{"taxonomy":"product_tag","embeddable":true,"href":"https:\/\/tecsecmty.com\/index.php\/wp-json\/wp\/v2\/product_tag?post=5883"}],"curies":[{"name":"wp","href":"https:\/\/api.w.org\/{rel}","templated":true}]}}