{"id":5897,"date":"2023-02-23T11:42:32","date_gmt":"2023-02-23T17:42:32","guid":{"rendered":"https:\/\/tecsecmty.com\/index.php\/producto\/bosch-f_flm320eol2w-modulo-rfl-convencional-de-dos-cables\/"},"modified":"2023-03-22T23:21:08","modified_gmt":"2023-03-23T05:21:08","slug":"bosch-f_flm320eol2w-modulo-rfl-convencional-de-dos-cables","status":"publish","type":"product","link":"https:\/\/tecsecmty.com\/index.php\/producto\/bosch-f_flm320eol2w-modulo-rfl-convencional-de-dos-cables\/","title":{"rendered":"BOSCH F_FLM320EOL2W- MODULO RFL CONVENCIONAL DE DOS CABLES"},"content":{"rendered":"<h5 class=\"card-title text-center\">FLM-320-EOL2W M\u00f3dulo final de l\u00ednea, 2 cables<\/h5>\n<p><strong>El m\u00f3dulo RFL termina las l\u00edneas convencionales para la supervisi\u00f3n de rotura de l\u00ednea (ELS, anteriormente requisito EN 54-13).<\/strong><\/p>\n<p>Detecta errores en la l\u00ednea primera y se los notifica a la CDI.<\/p>\n<p><strong>Certificaciones y aprobaciones<\/strong><\/p>\n<p><strong>Regi\u00f3n Marcas de calidad\/cumplimiento normativo<\/strong><\/p>\n<p><strong>Alemania\u00a0<\/strong><\/p>\n<ul>\n<li>VdS G 210007 FLM-320-EOL2W<\/li>\n<\/ul>\n<p><strong>Europa\u00a0<\/strong><\/p>\n<ul>\n<li>CE FLM-320-EOL2W<\/li>\n<li>CPD 0786-CPD-20926 FLM-320-EOL2W<\/li>\n<\/ul>\n<p><strong>Piezas incluidas<\/strong><\/p>\n<ul>\n<li>1 M\u00f3dulo RFL convencional FLM-320-EOL2W<\/li>\n<\/ul>\n<p><strong>Nota: FLM-320-EOL2W M\u00f3dulo final de l\u00ednea, 2 cables<\/strong><\/p>\n<p><strong>Para la terminaci\u00f3n de la l\u00ednea convencional de 2 cables con supervisi\u00f3n ampliada de l\u00ednea (ELS).<\/strong><\/p>\n<p><strong>N\u00famero de pedido: FLM-320-EOL2W.<\/strong><\/p>\n<p><strong>Principales caracter\u00edsticas<\/strong><\/p>\n<ul>\n<li>Para instalaciones con Supervisi\u00f3n ampliada del\u00ednea (ELS)<\/li>\n<\/ul>\n<p><strong>Especificaciones<\/strong><\/p>\n<p><strong>Datos el\u00e9ctricos<\/strong><\/p>\n<ul>\n<li>Tensi\u00f3n en operaci\u00f3n De 9 V CC a 30 V .<\/li>\n<li>Consumo de corriente &lt; 2,0 mA.<\/li>\n<li>Datos mec\u00e1nicos<\/li>\n<li>Material de la carcasa Thermelt 861.<\/li>\n<li>Color de la carcasa negro.<\/li>\n<li>Dimensiones (Al. x An. x Pr.) 25 x 17 x 8 mm.<\/li>\n<li>Peso 7 g.<\/li>\n<\/ul>\n<p><strong>Condiciones ambientales<\/strong><\/p>\n<ul>\n<li>Temperatura de funcionamiento permitida: De -25 \u00b0C a 70 \u00b0C.<\/li>\n<li>Temperatura de almacenamiento permitida: De -25 \u00b0C a 85 \u00b0C.<\/li>\n<li>Humedad relativa permitida: &lt; 96%, sin condensaci\u00f3n.<\/li>\n<li>Clase de protecci\u00f3n seg\u00fan IEC 60529 IP 30.<\/li>\n<\/ul>\n<p><img decoding=\"async\" class=\"overview-center-img- aligncenter\" src=\"https:\/\/tvc.mx\/media\/26935\/Logoopaginas-oficial.png\" alt=\"\" \/><\/p>\n","protected":false},"excerpt":{"rendered":"<p>FLM-320-EOL2W M\u00f3dulo final de l\u00ednea, 2 cables El m\u00f3dulo RFL termina las l\u00edneas convencionales para la supervisi\u00f3n de rotura de l\u00ednea (ELS, anteriormente requisito EN 54-13). Detecta errores en la l\u00ednea primera y se los notifica a la CDI. Certificaciones y aprobaciones Regi\u00f3n Marcas de&hellip;<\/p>\n","protected":false},"featured_media":5896,"comment_status":"open","ping_status":"closed","template":"","meta":{"om_disable_all_campaigns":false,"_monsterinsights_skip_tracking":false,"_monsterinsights_sitenote_active":false,"_monsterinsights_sitenote_note":"","_monsterinsights_sitenote_category":0},"product_brand":[],"product_cat":[505],"product_tag":[495,497,498,499,500,501,496,502],"class_list":{"0":"post-5897","1":"product","2":"type-product","3":"status-publish","4":"has-post-thumbnail","6":"product_cat-modulos-bosch-incendio-2","7":"product_tag-control-de-incendio","8":"product_tag-detectores","9":"product_tag-estacion-manual","10":"product_tag-estrobos-y-sirenas","11":"product_tag-modulos","12":"product_tag-paneles-de-control","13":"product_tag-sistemas-de-incendio","14":"product_tag-teclados","16":"first","17":"instock","18":"sale","19":"taxable","20":"shipping-taxable","21":"purchasable","22":"product-type-simple"},"aioseo_notices":[],"_links":{"self":[{"href":"https:\/\/tecsecmty.com\/index.php\/wp-json\/wp\/v2\/product\/5897","targetHints":{"allow":["GET"]}}],"collection":[{"href":"https:\/\/tecsecmty.com\/index.php\/wp-json\/wp\/v2\/product"}],"about":[{"href":"https:\/\/tecsecmty.com\/index.php\/wp-json\/wp\/v2\/types\/product"}],"replies":[{"embeddable":true,"href":"https:\/\/tecsecmty.com\/index.php\/wp-json\/wp\/v2\/comments?post=5897"}],"version-history":[{"count":0,"href":"https:\/\/tecsecmty.com\/index.php\/wp-json\/wp\/v2\/product\/5897\/revisions"}],"wp:featuredmedia":[{"embeddable":true,"href":"https:\/\/tecsecmty.com\/index.php\/wp-json\/wp\/v2\/media\/5896"}],"wp:attachment":[{"href":"https:\/\/tecsecmty.com\/index.php\/wp-json\/wp\/v2\/media?parent=5897"}],"wp:term":[{"taxonomy":"product_brand","embeddable":true,"href":"https:\/\/tecsecmty.com\/index.php\/wp-json\/wp\/v2\/product_brand?post=5897"},{"taxonomy":"product_cat","embeddable":true,"href":"https:\/\/tecsecmty.com\/index.php\/wp-json\/wp\/v2\/product_cat?post=5897"},{"taxonomy":"product_tag","embeddable":true,"href":"https:\/\/tecsecmty.com\/index.php\/wp-json\/wp\/v2\/product_tag?post=5897"}],"curies":[{"name":"wp","href":"https:\/\/api.w.org\/{rel}","templated":true}]}}