{"id":5903,"date":"2023-02-23T11:42:43","date_gmt":"2023-02-23T17:42:43","guid":{"rendered":"https:\/\/tecsecmty.com\/index.php\/producto\/bosch-f_flm325i4a-modulo-monitor\/"},"modified":"2023-03-22T23:21:08","modified_gmt":"2023-03-23T05:21:08","slug":"bosch-f_flm325i4a-modulo-monitor","status":"publish","type":"product","link":"https:\/\/tecsecmty.com\/index.php\/producto\/bosch-f_flm325i4a-modulo-monitor\/","title":{"rendered":"BOSCH F_FLM325I4A &#8211; Modulo monitor"},"content":{"rendered":"<h5 class=\"card-title text-center\">FLM-325-I4-A Monitor contacto, clase A, 4&#8243;<\/h5>\n<p class=\"ql-align-justify\">Los m\u00f3dulos FLM-325-I4-A y FLM-325-I4-AI se utilizan para conectar contactos secos de tipo normalmente abierto (NA) o normalmente cerrado (NC) de los dispositivos de alarma de incendio estaciones manuales de aviso de alarma o dispositivos de flujo de agua. Los m\u00f3dulos se montan con una tapa en una caja posterior el\u00e9ctrica cuadrada de 4 pulgadas o de doble entrada. Un LED bicolor indica el estado del m\u00f3dulo.<\/p>\n<p class=\"ql-align-justify\"><strong>Funciones<\/strong><\/p>\n<p class=\"ql-align-justify\"><strong>Rango de direcciones<\/strong><\/p>\n<p class=\"ql-align-justify\">Los m\u00f3dulos de monitorizaci\u00f3n de contactos se deben programar con una direcci\u00f3n \u00fanica. Todos los dispositivos conectados a un m\u00f3dulo aparecen solo como una sola direcci\u00f3n en la central de incendio. Los m\u00f3dulos son compatibles con 254 direcciones.\u00a0<strong>Condiciones de estado<\/strong><\/p>\n<p class=\"ql-align-justify\">El m\u00f3dulo supervisa el cableado hacia el contacto con una resistencia RFL. Si se produce una condici\u00f3n de fallo, el m\u00f3dulo env\u00eda una se\u00f1al de aver\u00eda a la central de incendio. Si se produce un cambio de estado, el m\u00f3dulo env\u00eda una se\u00f1al de interrupci\u00f3n a la central de incendio para indicar que se ha producido una alarma.<\/p>\n<p class=\"ql-align-justify\"><strong>Certificaciones y aprobaciones<\/strong><\/p>\n<ul>\n<li class=\"ql-align-justify\">UL UL 864, Control Units and Accessories for Fire Alarm Systems.<\/li>\n<li class=\"ql-align-justify\">CSFM see www.boschsecurity.com (the Bosch website).<\/li>\n<li class=\"ql-align-justify\">FDNY- -CoA 6101.<\/li>\n<\/ul>\n<p class=\"ql-align-justify\"><strong>Notas de configuraci\u00f3n\/instalaci\u00f3n<\/strong><\/p>\n<p class=\"ql-align-justify\"><strong>Informaci\u00f3n sobre compatibilidad<\/strong><\/p>\n<p class=\"ql-align-justify\">Los m\u00f3dulos de monitorizaci\u00f3n de contactos son compatibles con las CDI anal\u00f3gicas\/direccionables FPA-1000. Longitud de los circuitos de datos La longitud del circuito de datos (o de sondeo) comprende la distancia de ida y vuelta que recorre el cableado del circuito desde la conexi\u00f3n en la CDI hasta el dispositivo m\u00e1s distante y de vuelta a la CDI. La longitud del circuito de datos debe incluir la distancia hasta cualquier dispositivo conectado al circuito en una derivaci\u00f3n en T. Los terminales atornillados pueden aceptar cable de 14 AWG (ISO 2,5 mm2 ). Es posible utilizar cable m\u00e1s fino, pero esto reduce la distancia m\u00e1xima permisible en el circuito.<\/p>\n<p class=\"ql-align-justify\"><strong>Conexiones del circuito del dispositivo de iniciaci\u00f3n<\/strong><\/p>\n<p class=\"ql-align-justify\">El circuito del dispositivo de iniciaci\u00f3n puede utilizar cualquier n\u00famero de dispositivos de cierre de contacto normalmente abierto (NA) con homologaci\u00f3n UL. El cableado del circuito del dispositivo no debe superar 50 \u03a9. Instale los dispositivos de cierre de contacto seg\u00fan las instrucciones de instalaci\u00f3n del fabricante. Todo el cableado debe supervisarse y su potencia limitarse.<\/p>\n<p class=\"ql-align-justify\"><strong>Nota: FLM-325-I4-A Monitor contacto, clase A, 4&#8243;<\/strong><\/p>\n<p class=\"ql-align-justify\"><strong>Se puede conectar con cables para circuitos de Clase A o Clase B, montaje en tapa el\u00e9ctrica doble o cuadrada est\u00e1ndar de 4 pulgadas, un LED bicolor indica el estado del m\u00f3dulo; compatible con 254 direcciones.<\/strong><\/p>\n<p class=\"ql-align-justify\"><strong>Numero de pedido: FLM-325-I4-A.<\/strong><\/p>\n<p class=\"ql-align-justify\"><strong>Principales caracter\u00edsticas<\/strong><\/p>\n<ul>\n<li class=\"ql-align-justify\">Monitoriza contactos normalmente abiertos (NA) o normalmente cerrados (NC).<\/li>\n<li class=\"ql-align-justify\">Es posible configurar los contactos normalmente cerrados (NC) monitorizados con o sin resistencia RFL.<\/li>\n<li class=\"ql-align-justify\">Programaci\u00f3n de direcciones de m\u00f3dulo con el programador de dispositivos anal\u00f3gicos D5070<\/li>\n<li class=\"ql-align-justify\">LED bicolor que provee informaci\u00f3n sobre el estado del m\u00f3dulo.<\/li>\n<li class=\"ql-align-justify\">Comunicaci\u00f3n de datos digitales y alimentaci\u00f3n a trav\u00e9s de un circuito de dos cables.<\/li>\n<\/ul>\n<p class=\"ql-align-justify\"><strong>Especificaciones<\/strong><\/p>\n<p class=\"ql-align-justify\"><strong>El\u00e9ctricas<\/strong><\/p>\n<p class=\"ql-align-justify\">Tensi\u00f3n de Entrada: De 25,3 VCC a 39 VCC.<\/p>\n<p class=\"ql-align-justify\"><strong>Corriente<\/strong><\/p>\n<ul>\n<li class=\"ql-align-justify\">Nominal: 0,63 mA.<\/li>\n<li class=\"ql-align-justify\">M\u00e1xima 6,3 mA.<\/li>\n<\/ul>\n<p class=\"ql-align-justify\"><strong>Resistencia<\/strong><\/p>\n<ul>\n<li class=\"ql-align-justify\">Dispositivo de fin de l\u00ednea.<\/li>\n<li class=\"ql-align-justify\">Circuito de dispositivo iniciador 10 k\u03a9, 0,25 W por resistencia Menos de 50 \u03a9.<\/li>\n<\/ul>\n<p class=\"ql-align-justify\"><strong>Ambientales<\/strong><\/p>\n<ul>\n<li class=\"ql-align-justify\">Temperatura de funcionamiento: De 0 \u00b0C a +49 \u00b0C (de +32 \u00b0F a +120 \u00b0F).<\/li>\n<li class=\"ql-align-justify\">Humedad relativa: Hasta el 90 %, sin condensaci\u00f3n.<\/li>\n<\/ul>\n<p class=\"ql-align-justify\"><strong>Mec\u00e1nica<\/strong><\/p>\n<ul>\n<li class=\"ql-align-justify\">Dimensiones (Al. x An. x Pr.) 11,9 cm x 10,7 cm x 3,6 cm (4,7&#8243; x 4,2&#8243; x 1,4&#8243;).<\/li>\n<li class=\"ql-align-justify\">Peso: 567 g (20 oz).<\/li>\n<li class=\"ql-align-justify\">Color: Marfil.<\/li>\n<li class=\"ql-align-justify\">Material Mezcla de ABS.<\/li>\n<li class=\"ql-align-justify\">Tiempo de respuesta: 2 seg.<\/li>\n<\/ul>\n<p><img decoding=\"async\" class=\"overview-center-img-web\" src=\"https:\/\/tvc.mx\/media\/174466\/BANNER-OFICIAL-A.png\" alt=\"\" \/><\/p>\n","protected":false},"excerpt":{"rendered":"<p>FLM-325-I4-A Monitor contacto, clase A, 4&#8243; Los m\u00f3dulos FLM-325-I4-A y FLM-325-I4-AI se utilizan para conectar contactos secos de tipo normalmente abierto (NA) o normalmente cerrado (NC) de los dispositivos de alarma de incendio estaciones manuales de aviso de alarma o dispositivos de flujo de agua.&hellip;<\/p>\n","protected":false},"featured_media":5902,"comment_status":"open","ping_status":"closed","template":"","meta":{"om_disable_all_campaigns":false,"_monsterinsights_skip_tracking":false,"_monsterinsights_sitenote_active":false,"_monsterinsights_sitenote_note":"","_monsterinsights_sitenote_category":0},"product_brand":[],"product_cat":[505],"product_tag":[495,497,498,499,500,501,496,502],"class_list":{"0":"post-5903","1":"product","2":"type-product","3":"status-publish","4":"has-post-thumbnail","6":"product_cat-modulos-bosch-incendio-2","7":"product_tag-control-de-incendio","8":"product_tag-detectores","9":"product_tag-estacion-manual","10":"product_tag-estrobos-y-sirenas","11":"product_tag-modulos","12":"product_tag-paneles-de-control","13":"product_tag-sistemas-de-incendio","14":"product_tag-teclados","16":"first","17":"instock","18":"sale","19":"taxable","20":"shipping-taxable","21":"purchasable","22":"product-type-simple"},"aioseo_notices":[],"_links":{"self":[{"href":"https:\/\/tecsecmty.com\/index.php\/wp-json\/wp\/v2\/product\/5903","targetHints":{"allow":["GET"]}}],"collection":[{"href":"https:\/\/tecsecmty.com\/index.php\/wp-json\/wp\/v2\/product"}],"about":[{"href":"https:\/\/tecsecmty.com\/index.php\/wp-json\/wp\/v2\/types\/product"}],"replies":[{"embeddable":true,"href":"https:\/\/tecsecmty.com\/index.php\/wp-json\/wp\/v2\/comments?post=5903"}],"version-history":[{"count":0,"href":"https:\/\/tecsecmty.com\/index.php\/wp-json\/wp\/v2\/product\/5903\/revisions"}],"wp:featuredmedia":[{"embeddable":true,"href":"https:\/\/tecsecmty.com\/index.php\/wp-json\/wp\/v2\/media\/5902"}],"wp:attachment":[{"href":"https:\/\/tecsecmty.com\/index.php\/wp-json\/wp\/v2\/media?parent=5903"}],"wp:term":[{"taxonomy":"product_brand","embeddable":true,"href":"https:\/\/tecsecmty.com\/index.php\/wp-json\/wp\/v2\/product_brand?post=5903"},{"taxonomy":"product_cat","embeddable":true,"href":"https:\/\/tecsecmty.com\/index.php\/wp-json\/wp\/v2\/product_cat?post=5903"},{"taxonomy":"product_tag","embeddable":true,"href":"https:\/\/tecsecmty.com\/index.php\/wp-json\/wp\/v2\/product_tag?post=5903"}],"curies":[{"name":"wp","href":"https:\/\/api.w.org\/{rel}","templated":true}]}}