{"id":5905,"date":"2023-02-23T11:42:47","date_gmt":"2023-02-23T17:42:47","guid":{"rendered":"https:\/\/tecsecmty.com\/index.php\/producto\/bosch-f_flm325iso-modulo-aislador-de-corto-circuito-compatible-con-panel-fpa1000v2\/"},"modified":"2023-03-22T23:21:08","modified_gmt":"2023-03-23T05:21:08","slug":"bosch-f_flm325iso-modulo-aislador-de-corto-circuito-compatible-con-panel-fpa1000v2","status":"publish","type":"product","link":"https:\/\/tecsecmty.com\/index.php\/producto\/bosch-f_flm325iso-modulo-aislador-de-corto-circuito-compatible-con-panel-fpa1000v2\/","title":{"rendered":"BOSCH F_FLM325ISO &#8211; Modulo aislador de corto circuito compatible con panel FPA1000V2"},"content":{"rendered":"<h5 class=\"card-title text-center\">Modulo Aislador de Cortocircuito FLM\u2011325\u2011ISO<\/h5>\n<p class=\"ql-align-justify\"><strong>El Aislador de Cortocircuito FLM\u2011325\u2011ISO a\u00edsla la secci\u00f3n del lazo SLC en cortocircuito para minimizar la p\u00e9rdida de dispositivos.<\/strong>\u00a0Se ajusta a una caja el\u00e9ctrica doble o cuadrada est\u00e1ndar de 4 pulgadas.<\/p>\n<p class=\"ql-align-justify\"><strong>Funciones b\u00e1sicas<\/strong><\/p>\n<p class=\"ql-align-justify\"><strong>Operaci\u00f3n B\u00e1sica<\/strong><\/p>\n<p class=\"ql-align-justify\">Si se produce un cortocircuito, los aisladores adyacentes se activan y se encienden sus LED respectivos. Esta acci\u00f3n evita que todo el circuito de sondeo quede desactivado. Una vez que se resuelva el cortocircuito, los aisladores FLM\u2011325\u2011ISO vuelven autom\u00e1ticamente al estado normal de operaci\u00f3n.<\/p>\n<p class=\"ql-align-justify\"><strong>Retraso de la puesta en funcionamiento<\/strong><\/p>\n<p class=\"ql-align-justify\">Cuando se suministra energ\u00eda o tras la resoluci\u00f3n de una situaci\u00f3n de cortocircuito, los detectores y los dispositivos no pueden comunicarse con la central de incendios hasta que no est\u00e1n suficientemente cargados. Al conectar un circuito de dispositivos o detectores a un \u00fanico FLM\u2011325\u2011ISO sin un retorno de circuito de lazo opcional (Clase B, estilo 4), se produce un retraso aproximado de 30 segundos en la puesta en funcionamiento debido a que el FLM\u2011325\u2011ISO debe cargar primero los dispositivos que est\u00e1n conectados al circuito de sondeo. Durante el proceso de carga, el LED permanece encendido.<\/p>\n<p class=\"ql-align-justify\"><strong>Indicador de estado<\/strong><\/p>\n<p class=\"ql-align-justify\">En caso de producirse un cortocircuito, el aislador se activa y el LED amarillo se enciende.<\/p>\n<p class=\"ql-align-justify\"><strong>Certificados y homologaciones<\/strong><\/p>\n<p class=\"ql-align-justify\"><strong>Regi\u00f3n Certificaci\u00f3n<\/strong><\/p>\n<p class=\"ql-align-justify\"><strong>EE.UU.<\/strong><\/p>\n<ul>\n<li class=\"ql-align-justify\">UL UOXX: Control Unit Accessories, System (ANSI\/UL 864).<\/li>\n<li class=\"ql-align-justify\">CSFM 7300-1615:230.<\/li>\n<li class=\"ql-align-justify\">FDNYCoA 6034.<\/li>\n<\/ul>\n<p class=\"ql-align-justify\"><strong>Planificaci\u00f3n<\/strong><\/p>\n<p class=\"ql-align-justify\"><strong>Informaci\u00f3n sobre Compatibilidad<\/strong><\/p>\n<p class=\"ql-align-justify\">Los siguientes productos son compatibles con el Aislador de Cortocircuito FLM\u2011325\u2011ISO:<\/p>\n<p class=\"ql-align-justify\"><strong>Centrales de Incendios<\/strong><\/p>\n<ul>\n<li class=\"ql-align-justify\">FPA\u20111000-UL: Central de Incendios Compacta.<\/li>\n<\/ul>\n<p class=\"ql-align-justify\"><strong>Cableado Clase A, Estilo 7<\/strong><\/p>\n<p class=\"ql-align-justify\">El Aislador de Cortocircuito FLM\u2011325\u2011ISO puede colocarse entre dos dispositivos cualquiera en el lazo SLC. En caso de producirse un corto circuito en el lazo SLC, los dos aisladores adyacentes (los m\u00e1s cercanos a izquierda y derecha de la secci\u00f3n afectada) se activan y sus indicadores LED respectivos se encienden. Todos los dispositivos situados entre los dos aisladores de cortocircuito activos se desconectan del lazo. De este modo, se evita el fallo de todo el lazo. Tras la resoluci\u00f3n de la condici\u00f3n de cortocircuito, el FLM\u2011325\u2011ISO vuelve al estado normal y la central de incendios restablece por completo el lazo a su estado de normal de operaci\u00f3n.<\/p>\n<p class=\"ql-align-justify\"><strong>Cableado Clase B, Estilo 4<\/strong><\/p>\n<p class=\"ql-align-justify\">El Aislador de Cortocircuito FLM\u2011325\u2011ISO puede colocarse entre dos dispositivos cualquiera en el lazo SLC. En caso de producirse un cortocircuito en el lazo SLC, el aislador m\u00e1s cercano a la secci\u00f3n afectada se activa y el LED correspondiente se enciende. Todos los dispositivos situados a continuaci\u00f3n de la secci\u00f3n cortocircuitada se desconectan. Tras la resoluci\u00f3n de la condici\u00f3n de cortocircuito, el FLM\u2011325\u2011ISO restablece autom\u00e1ticamente el lazo por completo a su estado normal de operaci\u00f3n.<\/p>\n<p class=\"ql-align-justify\"><strong>Cableado<\/strong><\/p>\n<p class=\"ql-align-justify\">Nota: Todos los cableados deben cumplir los c\u00f3digos, ordenanzas y normativas locales.<\/p>\n<ul>\n<li class=\"ql-align-justify\">1.- Realice el cableado del m\u00f3dulo de acuerdo con las ilustraciones y diagramas de conexiones correspondientes.<\/li>\n<li class=\"ql-align-justify\">2.- Fije el m\u00f3dulo a una caja el\u00e9ctrica certificada (suministrada por el instalador).<\/li>\n<\/ul>\n<p class=\"ql-align-justify\"><strong>Piezas incluidas<\/strong><\/p>\n<p class=\"ql-align-justify\"><strong>Cant. Componente<\/strong><\/p>\n<ul>\n<li class=\"ql-align-justify\">1 FLM\u2011325\u2011ISO Aislador de Cortocircuito.<\/li>\n<li class=\"ql-align-justify\">1 Placa de pared.<\/li>\n<li class=\"ql-align-justify\">1 Paquete de documentaci\u00f3n.<\/li>\n<\/ul>\n<p class=\"ql-align-justify\"><strong>Nota: Modulo Aislador de Cortocircuito FLM\u2011325\u2011ISO<\/strong><\/p>\n<p class=\"ql-align-justify\"><strong>Aislador de Cortocircuito A\u00edsla la secci\u00f3n del lazo SLC en cortocircuito para minimizar la p\u00e9rdida de comunicaci\u00f3n.\u00a0<\/strong><\/p>\n<p class=\"ql-align-justify\"><strong>Numero de pedido: FLM-325-ISO<\/strong><\/p>\n<p class=\"ql-align-justify\"><strong>Principales caracter\u00edsticas<\/strong><\/p>\n<ul>\n<li class=\"ql-align-justify\">Verificaci\u00f3n autom\u00e1tica de la l\u00ednea de DCP para detectar cortocircuitos.<\/li>\n<li class=\"ql-align-justify\">La tensi\u00f3n nominal de los contactos es de 1 A a 30 VCC.<\/li>\n<li class=\"ql-align-justify\">Puede colocarse en cualquier ubicaci\u00f3n del lazo SLC.<\/li>\n<li class=\"ql-align-justify\">256 dispositivos por lazo como m\u00e1ximo para la Clase A (Estilo 7).<\/li>\n<li class=\"ql-align-justify\">LED amarillo que indica el estado de la l\u00ednea de DCP.<\/li>\n<\/ul>\n<p class=\"ql-align-justify\"><strong>Especificaciones\u00a0<\/strong><\/p>\n<p class=\"ql-align-justify\"><strong>Datos el\u00e9ctricos<\/strong><\/p>\n<ul>\n<li class=\"ql-align-justify\">Tensi\u00f3n de Entrada 17 VCC a 41 VCC.<\/li>\n<\/ul>\n<p class=\"ql-align-justify\"><strong>Consumo de Corriente<\/strong><\/p>\n<ul>\n<li class=\"ql-align-justify\">En reposo 0,27 mA.<\/li>\n<li class=\"ql-align-justify\">En funcionamiento (LED activado) 10 mA.<\/li>\n<\/ul>\n<p class=\"ql-align-justify\"><strong>Datos mec\u00e1nicos<\/strong><\/p>\n<ul>\n<li class=\"ql-align-justify\">Dimensiones (Al. x An. x Pr.) (11,9 cm. x 10,7 cm. x 3,6 cm.<\/li>\n<li class=\"ql-align-justify\">4,7 pulg. x 4,2 pulg. x 1,4 pulg.).<\/li>\n<li class=\"ql-align-justify\">Peso 39,7 g. (1,4 onzas).<\/li>\n<li class=\"ql-align-justify\">Indicaci\u00f3n por LED Amarillo.<\/li>\n<li class=\"ql-align-justify\">M\u00e1ximo n\u00famero por lazo 127.<\/li>\n<\/ul>\n<p class=\"ql-align-justify\"><strong>Condiciones Ambientales<\/strong><\/p>\n<ul>\n<li class=\"ql-align-justify\">Temperatura de Operaci\u00f3n De 0 \u00b0C a +49 \u00b0C (de +32 \u00b0F a +120 \u00b0F).<\/li>\n<li class=\"ql-align-justify\">Humedad Relativa 90 % sin condensaci\u00f3n.<\/li>\n<\/ul>\n<p><img decoding=\"async\" class=\"overview-center-img-web\" src=\"https:\/\/tvc.mx\/media\/174454\/BANNER-OFICIAL-A.png\" alt=\"\" \/><\/p>\n","protected":false},"excerpt":{"rendered":"<p>Modulo Aislador de Cortocircuito FLM\u2011325\u2011ISO El Aislador de Cortocircuito FLM\u2011325\u2011ISO a\u00edsla la secci\u00f3n del lazo SLC en cortocircuito para minimizar la p\u00e9rdida de dispositivos.\u00a0Se ajusta a una caja el\u00e9ctrica doble o cuadrada est\u00e1ndar de 4 pulgadas. Funciones b\u00e1sicas Operaci\u00f3n B\u00e1sica Si se produce un cortocircuito,&hellip;<\/p>\n","protected":false},"featured_media":5904,"comment_status":"open","ping_status":"closed","template":"","meta":{"om_disable_all_campaigns":false,"_monsterinsights_skip_tracking":false,"_monsterinsights_sitenote_active":false,"_monsterinsights_sitenote_note":"","_monsterinsights_sitenote_category":0},"product_brand":[],"product_cat":[505],"product_tag":[495,497,498,499,500,501,496,502],"class_list":{"0":"post-5905","1":"product","2":"type-product","3":"status-publish","4":"has-post-thumbnail","6":"product_cat-modulos-bosch-incendio-2","7":"product_tag-control-de-incendio","8":"product_tag-detectores","9":"product_tag-estacion-manual","10":"product_tag-estrobos-y-sirenas","11":"product_tag-modulos","12":"product_tag-paneles-de-control","13":"product_tag-sistemas-de-incendio","14":"product_tag-teclados","16":"first","17":"instock","18":"sale","19":"taxable","20":"shipping-taxable","21":"purchasable","22":"product-type-simple"},"aioseo_notices":[],"_links":{"self":[{"href":"https:\/\/tecsecmty.com\/index.php\/wp-json\/wp\/v2\/product\/5905","targetHints":{"allow":["GET"]}}],"collection":[{"href":"https:\/\/tecsecmty.com\/index.php\/wp-json\/wp\/v2\/product"}],"about":[{"href":"https:\/\/tecsecmty.com\/index.php\/wp-json\/wp\/v2\/types\/product"}],"replies":[{"embeddable":true,"href":"https:\/\/tecsecmty.com\/index.php\/wp-json\/wp\/v2\/comments?post=5905"}],"version-history":[{"count":0,"href":"https:\/\/tecsecmty.com\/index.php\/wp-json\/wp\/v2\/product\/5905\/revisions"}],"wp:featuredmedia":[{"embeddable":true,"href":"https:\/\/tecsecmty.com\/index.php\/wp-json\/wp\/v2\/media\/5904"}],"wp:attachment":[{"href":"https:\/\/tecsecmty.com\/index.php\/wp-json\/wp\/v2\/media?parent=5905"}],"wp:term":[{"taxonomy":"product_brand","embeddable":true,"href":"https:\/\/tecsecmty.com\/index.php\/wp-json\/wp\/v2\/product_brand?post=5905"},{"taxonomy":"product_cat","embeddable":true,"href":"https:\/\/tecsecmty.com\/index.php\/wp-json\/wp\/v2\/product_cat?post=5905"},{"taxonomy":"product_tag","embeddable":true,"href":"https:\/\/tecsecmty.com\/index.php\/wp-json\/wp\/v2\/product_tag?post=5905"}],"curies":[{"name":"wp","href":"https:\/\/api.w.org\/{rel}","templated":true}]}}