{"id":5907,"date":"2023-02-23T11:42:48","date_gmt":"2023-02-23T17:42:48","guid":{"rendered":"https:\/\/tecsecmty.com\/index.php\/producto\/bosch-f_flm325na4-modulo-de-salida-supervisada-clase-a-y-clase-b-compatible-con-fpa1000\/"},"modified":"2023-03-22T23:21:08","modified_gmt":"2023-03-23T05:21:08","slug":"bosch-f_flm325na4-modulo-de-salida-supervisada-clase-a-y-clase-b-compatible-con-fpa1000","status":"publish","type":"product","link":"https:\/\/tecsecmty.com\/index.php\/producto\/bosch-f_flm325na4-modulo-de-salida-supervisada-clase-a-y-clase-b-compatible-con-fpa1000\/","title":{"rendered":"BOSCH F_FLM325NA4 &#8211; Modulo de salida SUPERVISADA \/ Clase a y clase b \/ Compatible con FPA1000"},"content":{"rendered":"<h5 class=\"card-title text-center\">M\u00f3dulo de salida supervisada FLM-325-NA4 (Clase A y SI)<\/h5>\n<p>Los m\u00f3dulos proporcionan una inversi\u00f3n de polaridad supervisada salida utilizada para dispositivos de se\u00f1alizaci\u00f3n audible y visual o para activar un expansor de potencia NAC remoto. Ellos requieren un voltaje de entrada auxiliar de 24 V CC que se puede proporcionar por los paneles de incendios direccionables anal\u00f3gicos FPA \u2011 1000 o otras fuentes de alimentaci\u00f3n con certificaci\u00f3n UL.<\/p>\n<p>Los m\u00f3dulos proporcionan un circuito de clase B clasificado para 2 A en 24 VDC. Se ajustan a un cuadrado est\u00e1ndar de 4 pulgadas o caja posterior el\u00e9ctrica de doble pandilla.<\/p>\n<p><strong>Las funciones<\/strong><\/p>\n<p><strong>Tonos de evacuaci\u00f3n<\/strong><\/p>\n<p>Se pueden seleccionar los siguientes patrones programables:<\/p>\n<p>\u2022 Constante<\/p>\n<p>\u2022 Pulsante<\/p>\n<p>\u2022 Temporal 3<\/p>\n<p><strong>Flexibilidad<\/strong><\/p>\n<p>Los par\u00e1metros de funcionamiento de los m\u00f3dulos se guardan en la EEPROM integrada y mantenida por el m\u00f3dulo para que durante situaciones de emergencia no haya comunicaci\u00f3n<\/p>\n<p>con el panel de fuego es necesario, lo que proporciona flexibilidad y respuesta r\u00e1pida a condiciones de emergencia. El fuego el panel solo transmite las condiciones del sistema en el<\/p>\n<p>Circuito de l\u00ednea de se\u00f1alizaci\u00f3n (SLC) y cada m\u00f3dulo los procesa de acuerdo con su configuraci\u00f3n.<\/p>\n<p><strong>Indicaci\u00f3n de estado<\/strong><\/p>\n<p>Un LED bicolor parpadea cada vez que se enciende el m\u00f3dulo sondeado y se puede encender de manera estable cuando el el m\u00f3dulo entra en condici\u00f3n activa.<\/p>\n<p><strong>Aislamiento de corto circuito<\/strong><\/p>\n<p>Circuito de aislamiento de cortocircuito (SCI) incorporado que, en el evento de un corto circuito en la l\u00ednea SLC, Prevenir la falla del circuito completo y enviar un corto circuito informe de condici\u00f3n a la FACP y, tras la eliminaci\u00f3n de la condici\u00f3n de cortocircuito, restaura autom\u00e1ticamente el<\/p>\n<p>lazo completo a la operaci\u00f3n normal.<\/p>\n<p><strong>Certificaciones y aprobaciones<\/strong><\/p>\n<p>Estados Unidos<\/p>\n<ul>\n<li>UL UOXX: accesorios de la unidad de control, sistema (ANSI \/ UL 864).<\/li>\n<li>CSFM vea nuestro sitio web.<\/li>\n<\/ul>\n<p><strong>Notas de instalaci\u00f3n \/ configuraci\u00f3n<\/strong><\/p>\n<p>Los siguientes productos son compatibles con m\u00f3dulos:<\/p>\n<ul>\n<li>PPaneles contra incendios direccionables anal\u00f3gicos FPA \u2011 1000.<\/li>\n<li>Programador D5070 Programador de dispositivos anal\u00f3gicos.<\/li>\n<\/ul>\n<p><strong>Partes incluidas<\/strong><\/p>\n<ul>\n<li>1 M\u00f3dulo de salida supervisada de la familia FLM \u2011 325 \u2011 NA4.<\/li>\n<li>1 placa de pared.<\/li>\n<li>1 paquete de literatura.<\/li>\n<\/ul>\n<p><strong>Nota: M\u00f3dulo de salida supervisada FLM-325-NA4 (Clase A y SI)<\/strong><\/p>\n<p><strong>Se puede conectar para circuitos de Clase A o Clase B compatible con 254 direcciones<\/strong><\/p>\n<p><strong>N\u00famero de pedido: FLM-325-NA4<\/strong><\/p>\n<p><strong>Principales caracter\u00edsticas<\/strong><\/p>\n<ul>\n<li>Los contactos tienen una clasificaci\u00f3n de 2 A a 24 V CC.<\/li>\n<li>Aplicaci\u00f3n flexible y respuesta r\u00e1pida a condiciones de emergencia..<\/li>\n<li>Puede alarmarse o restablecerse por zona o por individuo direcci\u00f3n.<\/li>\n<li>Programaci\u00f3n de direcci\u00f3n de m\u00f3dulo con la D5070, Programador de dispositivos anal\u00f3gicos.<\/li>\n<li>El LED bicolor proporciona el estado del m\u00f3dulo.<\/li>\n<\/ul>\n<p><strong>Especificaciones<\/strong><\/p>\n<p><strong>El\u00e9ctrico<\/strong><\/p>\n<ul>\n<li>Entrada: 25.3 VDC a 39 VDC<\/li>\n<li>Entrada auxiliar: 24 VDC<\/li>\n<\/ul>\n<p><strong>Consumo actual:<\/strong><\/p>\n<ul>\n<li>FLM \u2011 325 \u2011 NA4: T\u00edpico: 0.22 mA y M\u00e1ximo: 6 mA.<\/li>\n<li>FLM \u2011 325 \u2011 NAI4: T\u00edpico: 0,42 mA y M\u00e1ximo: 6 mA.<\/li>\n<li>M\u00e1ximo Salida: 2 A a 24 V CC, potencia limitada.<\/li>\n<\/ul>\n<p><strong>LIC<\/strong><\/p>\n<ul>\n<li>Detecci\u00f3n de fallas L\u00edmite: 12 V t\u00edpico.<\/li>\n<li>Aislamiento de Corriente: 10 mA t\u00edpic.<\/li>\n<\/ul>\n<p><strong>Ambiental<\/strong><\/p>\n<ul>\n<li>Operando Temperatura: + 32 \u00b0 F a + 120 \u00b0 F (0 \u00b0 C a + 49 \u00b0 C).<\/li>\n<li>Humedad relativa: hasta 90%, sin condensaci\u00f3n<\/li>\n<\/ul>\n<p><strong>Mec\u00e1nico<\/strong><\/p>\n<ul>\n<li>Dimensiones (Alto x ancho x profundidad): 4.7 pulgadas x 4.2 pulgadas x 1.4 pulgadas (11.9 cm x 10.7 cm x 3,6 cm).<\/li>\n<li>LED bicolor: rojo y verde.<\/li>\n<\/ul>\n<p><img decoding=\"async\" class=\"overview-center-img-web\" src=\"https:\/\/tvc.mx\/media\/174460\/BANNER-OFICIAL-A.png\" alt=\"\" \/><\/p>\n","protected":false},"excerpt":{"rendered":"<p>M\u00f3dulo de salida supervisada FLM-325-NA4 (Clase A y SI) Los m\u00f3dulos proporcionan una inversi\u00f3n de polaridad supervisada salida utilizada para dispositivos de se\u00f1alizaci\u00f3n audible y visual o para activar un expansor de potencia NAC remoto. Ellos requieren un voltaje de entrada auxiliar de 24 V&hellip;<\/p>\n","protected":false},"featured_media":5906,"comment_status":"open","ping_status":"closed","template":"","meta":{"om_disable_all_campaigns":false,"_monsterinsights_skip_tracking":false,"_monsterinsights_sitenote_active":false,"_monsterinsights_sitenote_note":"","_monsterinsights_sitenote_category":0},"product_brand":[],"product_cat":[505],"product_tag":[495,497,498,499,500,501,496,502],"class_list":{"0":"post-5907","1":"product","2":"type-product","3":"status-publish","4":"has-post-thumbnail","6":"product_cat-modulos-bosch-incendio-2","7":"product_tag-control-de-incendio","8":"product_tag-detectores","9":"product_tag-estacion-manual","10":"product_tag-estrobos-y-sirenas","11":"product_tag-modulos","12":"product_tag-paneles-de-control","13":"product_tag-sistemas-de-incendio","14":"product_tag-teclados","16":"first","17":"instock","18":"sale","19":"taxable","20":"shipping-taxable","21":"purchasable","22":"product-type-simple"},"aioseo_notices":[],"_links":{"self":[{"href":"https:\/\/tecsecmty.com\/index.php\/wp-json\/wp\/v2\/product\/5907","targetHints":{"allow":["GET"]}}],"collection":[{"href":"https:\/\/tecsecmty.com\/index.php\/wp-json\/wp\/v2\/product"}],"about":[{"href":"https:\/\/tecsecmty.com\/index.php\/wp-json\/wp\/v2\/types\/product"}],"replies":[{"embeddable":true,"href":"https:\/\/tecsecmty.com\/index.php\/wp-json\/wp\/v2\/comments?post=5907"}],"version-history":[{"count":0,"href":"https:\/\/tecsecmty.com\/index.php\/wp-json\/wp\/v2\/product\/5907\/revisions"}],"wp:featuredmedia":[{"embeddable":true,"href":"https:\/\/tecsecmty.com\/index.php\/wp-json\/wp\/v2\/media\/5906"}],"wp:attachment":[{"href":"https:\/\/tecsecmty.com\/index.php\/wp-json\/wp\/v2\/media?parent=5907"}],"wp:term":[{"taxonomy":"product_brand","embeddable":true,"href":"https:\/\/tecsecmty.com\/index.php\/wp-json\/wp\/v2\/product_brand?post=5907"},{"taxonomy":"product_cat","embeddable":true,"href":"https:\/\/tecsecmty.com\/index.php\/wp-json\/wp\/v2\/product_cat?post=5907"},{"taxonomy":"product_tag","embeddable":true,"href":"https:\/\/tecsecmty.com\/index.php\/wp-json\/wp\/v2\/product_tag?post=5907"}],"curies":[{"name":"wp","href":"https:\/\/api.w.org\/{rel}","templated":true}]}}