{"id":5909,"date":"2023-02-23T11:42:50","date_gmt":"2023-02-23T17:42:50","guid":{"rendered":"https:\/\/tecsecmty.com\/index.php\/producto\/bosch-f_flm325nai4-modulo-de-salida-supervisada-clase-a-y-clase-b-con-aislador-compatible-con-fpa1000\/"},"modified":"2023-03-22T23:21:08","modified_gmt":"2023-03-23T05:21:08","slug":"bosch-f_flm325nai4-modulo-de-salida-supervisada-clase-a-y-clase-b-con-aislador-compatible-con-fpa1000","status":"publish","type":"product","link":"https:\/\/tecsecmty.com\/index.php\/producto\/bosch-f_flm325nai4-modulo-de-salida-supervisada-clase-a-y-clase-b-con-aislador-compatible-con-fpa1000\/","title":{"rendered":"BOSCH F_FLM325NAi4 &#8211; Modulo de salida SUPERVISADA \/ Clase a y clase b con aislador \/ Compatible con FPA1000"},"content":{"rendered":"<h5 class=\"card-title text-center\">M\u00f3dulo de Salida Supervisado FLM-325-NAI4 (Clase A y B, con aislador)<\/h5>\n<p class=\"ql-align-justify\"><strong>Los m\u00f3dulos proveen una salida supervisada con polaridad invertida que se utiliza en los dispositivos de se\u00f1alizaci\u00f3n auditiva y visual o para activar un expansor de potencia de NAC remoto.\u00a0<\/strong>Requieren una tensi\u00f3n de entrada auxiliar de 24 VCC que puede suministrarse mediante las centrales de alarma de incendios direccionables anal\u00f3gicas FPA\u20111000\u2011UL u otra fuente de alimentaci\u00f3n incluida en la lista UL.<\/p>\n<p class=\"ql-align-justify\">Los m\u00f3dulos proveen un circuito de clase B con una tensi\u00f3n nominal de 2 A a 24 VCC. Se ajustan a una caja el\u00e9ctrica doble o cuadrada est\u00e1ndar de 4 pulgadas.<\/p>\n<p class=\"ql-align-justify\"><strong>Funciones b\u00e1sicas<\/strong><\/p>\n<p class=\"ql-align-justify\"><strong>Tonos de Evacuaci\u00f3n<\/strong><\/p>\n<p class=\"ql-align-justify\">Los patrones programables que aparecen a continuaci\u00f3n pueden programarse:<\/p>\n<ul>\n<li class=\"ql-align-justify\">Continuo.<\/li>\n<li class=\"ql-align-justify\">Pulsado.<\/li>\n<li class=\"ql-align-justify\">Temporal 3.<\/li>\n<\/ul>\n<p class=\"ql-align-justify\"><strong>Flexibilidad<\/strong><\/p>\n<p class=\"ql-align-justify\">Los par\u00e1metros de operaci\u00f3n de los m\u00f3dulos se guardan en la memoria EEPROM y el m\u00f3dulo las conserva de modo que, durante las situaciones de emergencia, no es necesario comunicarse con la central de alarma de incendios, lo cual proporciona condiciones de flexibilidad y respuesta r\u00e1pida ante emergencias. La central de incendios solo informa de las condiciones de emergencia en el SLC y cada m\u00f3dulo las procesa de acuerdo a los par\u00e1metros configurados.<\/p>\n<p class=\"ql-align-justify\"><strong>Indicador de estado<\/strong><\/p>\n<p class=\"ql-align-justify\">Un LED bicolor parpadea cada vez que se realiza un sondeo en el m\u00f3dulo y que permanece iluminado cuando el m\u00f3dulo pasa al estado activo.<\/p>\n<p class=\"ql-align-justify\"><strong>Aislamiento de cortocircuito<\/strong><\/p>\n<p class=\"ql-align-justify\">El cortocircuito de aislamiento (SCI, Short Circuit Isolating) integrado, que en caso de que se produzca un cortocircuito en la l\u00ednea SLC, prevendr\u00e1 que el lazo falle por completo, enviar\u00e1 un informe de estado del cortocircuito a la central de alarma de incendios<\/p>\n<p class=\"ql-align-justify\">(FACP, Fire Alarm Control Panel) y, cuando se retire la condici\u00f3n del cortocircuito, restablecer\u00e1 autom\u00e1ticamente el lazo completo a su estado de operaci\u00f3n normal.<\/p>\n<p class=\"ql-align-justify\"><strong>Certificados y homologaciones<\/strong><\/p>\n<p class=\"ql-align-justify\"><strong>Regi\u00f3n Certificaci\u00f3n<\/strong><\/p>\n<p class=\"ql-align-justify\"><strong>EE. UU.<\/strong><\/p>\n<ul>\n<li class=\"ql-align-justify\">UL UOXX: Control Unit Accessories, System (ANSI\/UL 864).<\/li>\n<li class=\"ql-align-justify\">CSFM see our website.<\/li>\n<\/ul>\n<p class=\"ql-align-justify\"><strong>Planificaci\u00f3n<\/strong><\/p>\n<p class=\"ql-align-justify\"><strong>Informaci\u00f3n sobre compatibilidad<\/strong><\/p>\n<p class=\"ql-align-justify\">Los siguientes productos son compatibles con los m\u00f3dulos:<\/p>\n<p class=\"ql-align-justify\"><strong>Centrales de incendio<\/strong><\/p>\n<ul>\n<li class=\"ql-align-justify\">FPA\u20111000 Centrales de incendio direccionables anal\u00f3gicas.<\/li>\n<li class=\"ql-align-justify\">Programador D5070 Programador de dispositivos anal\u00f3gicos.<\/li>\n<\/ul>\n<p class=\"ql-align-justify\"><strong>Piezas incluidas<\/strong><\/p>\n<p class=\"ql-align-justify\"><strong>Cantidad Componente<\/strong><\/p>\n<ul>\n<li class=\"ql-align-justify\">1 M\u00f3dulo de salida supervisado familiar FLM\u2011325\u2011NA4.<\/li>\n<li class=\"ql-align-justify\">1 Placa de pared.<\/li>\n<li class=\"ql-align-justify\">1 Paquete de documentaci\u00f3n.<\/li>\n<\/ul>\n<p class=\"ql-align-justify\"><strong>Nota: M\u00f3dulo de Salida Supervisado FLM-325-NAI4 (Clase A y B, con aislador)<\/strong><\/p>\n<p class=\"ql-align-justify\"><strong>Circuito aislador de cortorcircuito integrado; se puede conectar con cables para circuitos de Clase A o Clase B; compatible con 254 direcciones<\/strong><\/p>\n<p class=\"ql-align-justify\"><strong>N\u00famero de pedido: FLM-325-NAI4<\/strong><\/p>\n<p class=\"ql-align-justify\"><strong>Principales caracter\u00edsticas<\/strong><\/p>\n<ul>\n<li class=\"ql-align-justify\">La tensi\u00f3n nominal de los contactos es de 2 A a 24 VCC.<\/li>\n<li class=\"ql-align-justify\">Aplicaci\u00f3n flexible y r\u00e1pida respuesta ante situaciones de emergencia.<\/li>\n<li class=\"ql-align-justify\">La alarma se puede activar o restablecer por zona o por direcci\u00f3n individual.<\/li>\n<li class=\"ql-align-justify\">Programaci\u00f3n de direcciones de m\u00f3dulo con el programador de dispositivos anal\u00f3gicos D5070.<\/li>\n<li class=\"ql-align-justify\">LED bicolor que provee informaci\u00f3n sobre el estado del m\u00f3dulo.<\/li>\n<\/ul>\n<p class=\"ql-align-justify\"><strong>Especificaciones<\/strong><\/p>\n<p class=\"ql-align-justify\"><strong>Datos el\u00e9ctricos<\/strong><\/p>\n<p class=\"ql-align-justify\"><strong>Voltaje<\/strong><\/p>\n<ul>\n<li class=\"ql-align-justify\">Entrada: De 25,3 VCC a 39 VCC.<\/li>\n<li class=\"ql-align-justify\">Tensi\u00f3n de entrada auxiliar: 24 VCC.<\/li>\n<li class=\"ql-align-justify\">Salida m\u00e1xima: 2 A a 24 VCC (potencia limitada).<\/li>\n<\/ul>\n<p class=\"ql-align-justify\"><strong>Consumo de Corriente<\/strong><\/p>\n<p class=\"ql-align-justify\"><strong>FLM\u2011325\u2011NA4:<\/strong><\/p>\n<ul>\n<li class=\"ql-align-justify\">T\u00edpico: 0,22 mA.<\/li>\n<li class=\"ql-align-justify\">M\u00e1ximo: 6 mA.<\/li>\n<\/ul>\n<p class=\"ql-align-justify\"><strong>FLM\u2011325\u2011NAI4 :<\/strong><\/p>\n<ul>\n<li class=\"ql-align-justify\">T\u00edpico: 0,42 mA.<\/li>\n<li class=\"ql-align-justify\">M\u00e1ximo: 6 mA.<\/li>\n<\/ul>\n<p class=\"ql-align-justify\"><strong>SCI<\/strong><\/p>\n<ul>\n<li class=\"ql-align-justify\">Umbral de detecci\u00f3n de fallas: 12 V t\u00edpico.<\/li>\n<li class=\"ql-align-justify\">Aislamiento de corriente: 10 mA t\u00edpico<\/li>\n<\/ul>\n<p class=\"ql-align-justify\"><strong>Condiciones ambientales<\/strong><\/p>\n<ul>\n<li class=\"ql-align-justify\">Temperatura de Operaci\u00f3n: De 0 \u00b0C a +49 \u00b0C (de +32 \u00b0F a +120 \u00b0F).<\/li>\n<li class=\"ql-align-justify\">Humedad relativa: Hasta el 90%, sin condensaci\u00f3n.<\/li>\n<\/ul>\n<p><img decoding=\"async\" class=\"overview-center-img-web\" src=\"https:\/\/tvc.mx\/media\/174463\/BANNER-OFICIAL-A.png\" alt=\"\" \/><\/p>\n","protected":false},"excerpt":{"rendered":"<p>M\u00f3dulo de Salida Supervisado FLM-325-NAI4 (Clase A y B, con aislador) Los m\u00f3dulos proveen una salida supervisada con polaridad invertida que se utiliza en los dispositivos de se\u00f1alizaci\u00f3n auditiva y visual o para activar un expansor de potencia de NAC remoto.\u00a0Requieren una tensi\u00f3n de entrada&hellip;<\/p>\n","protected":false},"featured_media":5908,"comment_status":"open","ping_status":"closed","template":"","meta":{"om_disable_all_campaigns":false,"_monsterinsights_skip_tracking":false,"_monsterinsights_sitenote_active":false,"_monsterinsights_sitenote_note":"","_monsterinsights_sitenote_category":0},"product_brand":[],"product_cat":[505],"product_tag":[495,497,498,499,500,501,496,502],"class_list":{"0":"post-5909","1":"product","2":"type-product","3":"status-publish","4":"has-post-thumbnail","6":"product_cat-modulos-bosch-incendio-2","7":"product_tag-control-de-incendio","8":"product_tag-detectores","9":"product_tag-estacion-manual","10":"product_tag-estrobos-y-sirenas","11":"product_tag-modulos","12":"product_tag-paneles-de-control","13":"product_tag-sistemas-de-incendio","14":"product_tag-teclados","16":"first","17":"instock","18":"sale","19":"taxable","20":"shipping-taxable","21":"purchasable","22":"product-type-simple"},"aioseo_notices":[],"_links":{"self":[{"href":"https:\/\/tecsecmty.com\/index.php\/wp-json\/wp\/v2\/product\/5909","targetHints":{"allow":["GET"]}}],"collection":[{"href":"https:\/\/tecsecmty.com\/index.php\/wp-json\/wp\/v2\/product"}],"about":[{"href":"https:\/\/tecsecmty.com\/index.php\/wp-json\/wp\/v2\/types\/product"}],"replies":[{"embeddable":true,"href":"https:\/\/tecsecmty.com\/index.php\/wp-json\/wp\/v2\/comments?post=5909"}],"version-history":[{"count":0,"href":"https:\/\/tecsecmty.com\/index.php\/wp-json\/wp\/v2\/product\/5909\/revisions"}],"wp:featuredmedia":[{"embeddable":true,"href":"https:\/\/tecsecmty.com\/index.php\/wp-json\/wp\/v2\/media\/5908"}],"wp:attachment":[{"href":"https:\/\/tecsecmty.com\/index.php\/wp-json\/wp\/v2\/media?parent=5909"}],"wp:term":[{"taxonomy":"product_brand","embeddable":true,"href":"https:\/\/tecsecmty.com\/index.php\/wp-json\/wp\/v2\/product_brand?post=5909"},{"taxonomy":"product_cat","embeddable":true,"href":"https:\/\/tecsecmty.com\/index.php\/wp-json\/wp\/v2\/product_cat?post=5909"},{"taxonomy":"product_tag","embeddable":true,"href":"https:\/\/tecsecmty.com\/index.php\/wp-json\/wp\/v2\/product_tag?post=5909"}],"curies":[{"name":"wp","href":"https:\/\/api.w.org\/{rel}","templated":true}]}}