{"id":5911,"date":"2023-02-23T11:42:53","date_gmt":"2023-02-23T17:42:53","guid":{"rendered":"https:\/\/tecsecmty.com\/index.php\/producto\/bosch-f_flm4204cond-modulo-de-interconexion-convencionales-de-cuatro-cables-compatible-fpa5000\/"},"modified":"2023-03-22T23:21:08","modified_gmt":"2023-03-23T05:21:08","slug":"bosch-f_flm4204cond-modulo-de-interconexion-convencionales-de-cuatro-cables-compatible-fpa5000","status":"publish","type":"product","link":"https:\/\/tecsecmty.com\/index.php\/producto\/bosch-f_flm4204cond-modulo-de-interconexion-convencionales-de-cuatro-cables-compatible-fpa5000\/","title":{"rendered":"BOSCH F_FLM4204COND &#8211; Modulo de interconexion convencionales de cuatro cables \/ Compatible FPA5000"},"content":{"rendered":"<h5 class=\"card-title text-center\">M\u00f3dulo de interconexi\u00f3n convencional FLM-420\/4-CON-D<\/h5>\n<p class=\"ql-align-justify\"><strong>El m\u00f3dulo de campo convencional FLM\u2011420\/4\u2011CON permite conectar los detectores convencionales a centrales de incendios LSN a trav\u00e9s de 4 hilos (Red de Seguridad Local LSN con fuente de alimentaci\u00f3n externa).<\/strong>\u00a0Los m\u00f3dulos de campo de la serie 420 han sido espec\u00edficamente desarrollados para conectarse a la versi\u00f3n LSN improved de la red de seguridad local y proporcionan las funciones ampliadas de dicha tecnolog\u00eda. En el modo cl\u00e1sico, cuando se seleccionan con los conmutadores giratorios integrados, los m\u00f3dulos de interconexi\u00f3n se pueden conectar a todas las centrales de incendios LSN cl\u00e1sicas.<\/p>\n<p class=\"ql-align-justify\"><strong>Funciones b\u00e1sicas<\/strong><\/p>\n<p class=\"ql-align-justify\"><strong>Caracter\u00edsticas de l\u00edneas convencionales<\/strong><\/p>\n<p class=\"ql-align-justify\">Los par\u00e1metros individuales del detector se pueden programar para cada ramal. Los par\u00e1metros individuales del detector deben ser coherentes dentro del ramal o lazo. S\u00f3lo se puede seleccionar una resistencia RFL para cada m\u00f3dulo de campo. La tensi\u00f3n del detector AUX (suministro a detectores de 4 hilos) se puede activar y desactivar individualmente para cada l\u00ednea. En configuraciones con un \u00fanico ramal o lazo, las dos salidas AUX con intensidad de voltaje m\u00e1xima de 200 mA se pueden activar en paralelo. Si una l\u00ednea tiene s\u00f3lo detectores de 2 hilos conectados, la salida AUX de esta l\u00ednea podr\u00eda activarse en paralelo con la salida AUX de la segunda l\u00ednea (con detectores de 4 hilos). En este caso, ambas salidas AUX se reinician a la vez en paralelo. Si ambas l\u00edneas tienen s\u00f3lo detectores de 2 hilos, se desactivan las dos salidas AUX. Las l\u00edneas del detector son a prueba de cortocircuitos. En caso de cortocircuito en una l\u00ednea, se env\u00eda un mensaje de aver\u00eda al panel de control. En caso de una interrupci\u00f3n de l\u00ednea en el lazo, el lazo se divide en dos ramales para conservar todos los detectores. El sistema detecta la retirada de detectores e indica un mensaje de aver\u00eda en la central de incendios. La central de incendios detecta una derivaci\u00f3n a tierra en cada l\u00ednea individual.<\/p>\n<p class=\"ql-align-justify\"><strong>Caracter\u00edsticas de LSN<\/strong><\/p>\n<p class=\"ql-align-justify\">Los aisladores integrados garantizan que se mantenga el funcionamiento en caso de cortocircuito o una interrupci\u00f3n de l\u00ednea en el lazo LSN. Se env\u00eda un mensaje de aver\u00eda a la central de incendios.<\/p>\n<p class=\"ql-align-justify\"><strong>Funciones del m\u00f3dulo de campo<\/strong><\/p>\n<p class=\"ql-align-justify\">Un LED que parpadea en rojo en el dispositivo indica una alarma en una o ambas l\u00edneas primarias. Tambi\u00e9n se pueden mostrar los valores actuales y otros par\u00e1metros.<\/p>\n<p class=\"ql-align-justify\"><strong>Interruptores de direcciones<\/strong><\/p>\n<p class=\"ql-align-justify\">Los interruptores giratorios del m\u00f3dulo de campo se pueden utilizar para seleccionar el direccionamiento autom\u00e1tico o manual con o sin detecci\u00f3n autom\u00e1tica.<\/p>\n<p class=\"ql-align-justify\"><strong>Caracter\u00edsticas de la versi\u00f3n LSN improved<\/strong><\/p>\n<p class=\"ql-align-justify\">Los m\u00f3dulos de interconexi\u00f3n de la serie 420 proporcionan todas las caracter\u00edsticas de la tecnolog\u00eda LSN improved:<\/p>\n<ul>\n<li class=\"ql-align-justify\">Estructuras de red flexibles, incluyendo derivaciones en T sin elementos adicionales.<\/li>\n<li class=\"ql-align-justify\">Hasta 254 elementos de LSN-improved por central de incendios o ramal.<\/li>\n<li class=\"ql-align-justify\">Los interruptores giratorios permiten que el operario seleccione el direccionamiento autom\u00e1tico o manual, con o sin detecci\u00f3n autom\u00e1tica.<\/li>\n<li class=\"ql-align-justify\">Posibilidad de uso de cable sin protecci\u00f3n.<\/li>\n<li class=\"ql-align-justify\">Compatible con versiones anteriores de sistemas LSN y centrales existentes.<\/li>\n<\/ul>\n<p class=\"ql-align-justify\"><strong>Variantes de interconexi\u00f3n<\/strong><\/p>\n<p class=\"ql-align-justify\"><strong>Hay disponibles diferentes versiones del m\u00f3dulo de campo:<\/strong><\/p>\n<ul>\n<li class=\"ql-align-justify\">FLM\u2011420\/4\u2011CON\u2011S para montaje en superficie con carcasa.<\/li>\n<li class=\"ql-align-justify\">FLM\u2011420\/4\u2011CON\u2011D para instalaci\u00f3n con un adaptador en un carril DIN o en una carcasa FLM\u2011IFB126\u2011S de montaje en superficie.<\/li>\n<\/ul>\n<p class=\"ql-align-justify\"><strong>Certificados y homologaciones<\/strong><\/p>\n<p class=\"ql-align-justify\"><strong>Cumple con la norma<\/strong><\/p>\n<ul>\n<li class=\"ql-align-justify\">EN54-17:2005.<\/li>\n<li class=\"ql-align-justify\">EN54-18:2005.<\/li>\n<\/ul>\n<p class=\"ql-align-justify\"><strong>Planificaci\u00f3n<\/strong><\/p>\n<ul>\n<li class=\"ql-align-justify\">Se puede conectar a las centrales de incendios FPA\u20115000 y FPA\u20111200, as\u00ed como a las centrales de incendios LSN cl\u00e1sicas BZ 500 LSN, UEZ 2000 LSN y UGM 2020.<\/li>\n<li class=\"ql-align-justify\">Si desea ver los dispositivos compatibles, consulte la lista de compatibilidad (n\u00famero de documento F.01U. 079.455), disponible para su descarga en www.boschsecurity.com\/emea\/fire.<\/li>\n<li class=\"ql-align-justify\">La programaci\u00f3n se realiza con el software de programaci\u00f3n de la central de incendios.<\/li>\n<li class=\"ql-align-justify\">Dentro del mismo ramal (clase B) o lazo (clase A), los par\u00e1metros del detector deben ser coherentes (por ejemplo, corriente de reposo, resistencia de la alarma).<\/li>\n<li class=\"ql-align-justify\">El cableado del lazo de la zona convencional (clase A) no necesita una resistencia RFL, ya que est\u00e1 integrada en el m\u00f3dulo de campo.<\/li>\n<li class=\"ql-align-justify\">La alimentaci\u00f3n se suministra a trav\u00e9s de los dos hilos de la fuente de alimentaci\u00f3n LSN auxiliar o mediante una fuente de alimentaci\u00f3n externa. Las fuentes de alimentaci\u00f3n externas no deben tener toma de tierra.<\/li>\n<li class=\"ql-align-justify\">Tenga en cuenta que las l\u00edneas convencionales con pulsadores de incendios manuales o detectores de incendios autom\u00e1ticos deben tener una resistencia de l\u00ednea m\u00e1xima de 25 \u03a9.<\/li>\n<\/ul>\n<p class=\"ql-align-justify\"><strong>La carcasa para montaje en superficie tiene dos conductos para cables en las caras opuestas:<\/strong><\/p>\n<ul>\n<li class=\"ql-align-justify\">2 x 2 conductos para cables pretaladrados para un di\u00e1metro de hasta 21 mm\/34 mm (para tubos).<\/li>\n<li class=\"ql-align-justify\">2 x 4 manguitos de goma con di\u00e1metros de hasta 8 mm.<\/li>\n<\/ul>\n<p class=\"ql-align-justify\"><strong>Adem\u00e1s, hay conductos para cables en la base de la carcasa para montaje en superficie:<\/strong><\/p>\n<ul>\n<li class=\"ql-align-justify\">1 x conducto para cables pretaladrado para un di\u00e1metro de hasta 21 mm (para tubos).<\/li>\n<li class=\"ql-align-justify\">2 x 4 manguitos de goma con di\u00e1metros de hasta 8 mm.<\/li>\n<\/ul>\n<p class=\"ql-align-justify\"><strong>Para utilizar el sistema de detecci\u00f3n de incendios conforme a EN 54-13:<\/strong><\/p>\n<ul>\n<li class=\"ql-align-justify\">Se necesita finalizar cada zona convencional con m\u00f3dulos de RFL.<\/li>\n<li class=\"ql-align-justify\">Se debe suministrar alimentaci\u00f3n a los detectores convencionales de 4 cables mediante una fuente de alimentaci\u00f3n externa. El m\u00f3dulo de interfaz convencional FLM-420\/4-CON debe recibir alimentaci\u00f3n de la fuente de alimentaci\u00f3n auxiliar LSN.<\/li>\n<\/ul>\n<p class=\"ql-align-justify\"><strong>Piezas incluidas\u00a0<\/strong><\/p>\n<ul>\n<li class=\"ql-align-justify\">1 FLM-420\/4-CON-D.<\/li>\n<li class=\"ql-align-justify\">2 Resistencias de 2,2 kOhm.<\/li>\n<\/ul>\n<p class=\"ql-align-justify\"><strong>Nota: M\u00f3dulo de interconexi\u00f3n convencional FLM-420\/4-CON-D<\/strong><\/p>\n<p class=\"ql-align-justify\"><strong>M\u00f3dulo de interconexi\u00f3n convencional para LSN de cuatro hilos, con adaptador para instalaci\u00f3n en carril DIN de acuerdo con la norma EN 60715, tuber\u00eda de luz y cable con resistencia RFL (3k92).<\/strong><\/p>\n<p class=\"ql-align-justify\"><strong>Numero de pedido: FLM-420\/4-CON-D.<\/strong><\/p>\n<p class=\"ql-align-justify\"><strong>Principales caracter\u00edsticas<\/strong><\/p>\n<ul>\n<li class=\"ql-align-justify\">Se puede utilizar con una amplia gama de detectores convencionales.<\/li>\n<li class=\"ql-align-justify\">Supervisi\u00f3n de alarmas, cortocircuitos y cortes de cableado por zona.<\/li>\n<li class=\"ql-align-justify\">Los detectores convencionales se pueden conectar en dos ramales o en un lazo.<\/li>\n<li class=\"ql-align-justify\">Los par\u00e1metros individuales del detector se pueden programar para cada ramal.<\/li>\n<li class=\"ql-align-justify\">Dos aisladores integrados que conservan las funciones del lazo LSN en caso de cortocircuito o interrupci\u00f3n de cables.<\/li>\n<\/ul>\n<p class=\"ql-align-justify\"><strong>Especificaciones<\/strong><\/p>\n<p class=\"ql-align-justify\"><strong>El\u00e9ctricas<\/strong><\/p>\n<p class=\"ql-align-justify\"><strong>LSN<\/strong><\/p>\n<ul>\n<li class=\"ql-align-justify\">Tensi\u00f3n de entrada LSN 15 V CC a 33 V CC (m\u00edn. a m\u00e1x.).<\/li>\n<li class=\"ql-align-justify\">Consumo de corriente m\u00e1ximo de LSN 8,5 mA.<\/li>\n<\/ul>\n<p class=\"ql-align-justify\"><strong>L\u00ednea primaria<\/strong><\/p>\n<ul>\n<li class=\"ql-align-justify\">Tensi\u00f3n de l\u00ednea 21 a 22 V CC (t\u00edpica de 21,5 V CC \u00b10,5 V CC)).<\/li>\n<li class=\"ql-align-justify\">Suministro de corriente m\u00e1x. a sensor de 2 cables 6 mA.<\/li>\n<li class=\"ql-align-justify\">Corriente de l\u00ednea m\u00e1xima 80 mA por l\u00ednea (\u00b110 % a 25 \u00b0C).<\/li>\n<li class=\"ql-align-justify\">Resistencia de l\u00ednea m\u00e1xima 50 \u03a9 por l\u00ednea (m\u00e1x. 2 x 25 \u03a9).<\/li>\n<li class=\"ql-align-justify\">Aislamiento galv\u00e1nico de LSN S\u00ed.<\/li>\n<\/ul>\n<p class=\"ql-align-justify\"><strong>Entrada de fuente de alimentaci\u00f3n (PWR IN)<\/strong><\/p>\n<ul>\n<li class=\"ql-align-justify\">Tensi\u00f3n De 24 a 30 VCC.<\/li>\n<li class=\"ql-align-justify\">Onda residual &lt; 150 mV.<\/li>\n<\/ul>\n<p class=\"ql-align-justify\"><strong>Detectores a 4 hilos con salida de alimentaci\u00f3n (AUX)<\/strong><\/p>\n<ul>\n<li class=\"ql-align-justify\">Tensi\u00f3n 23,5 V a 30 VCC (tensi\u00f3n nominal de 24 VCC)<\/li>\n<li class=\"ql-align-justify\">Onda residual &lt; 300 mV.<\/li>\n<li class=\"ql-align-justify\">Corriente m\u00e1x. (suministro a detector de 4 hilos) 200 mA por salida (se puede conectar en paralelo).<\/li>\n<\/ul>\n<p class=\"ql-align-justify\"><strong>Resistencia RFL para el cableado del ramal de la zona convencional (clase B)<\/strong><\/p>\n<ul>\n<li class=\"ql-align-justify\">Con valor de calibraci\u00f3n 2,2 k\u2126.<\/li>\n<li class=\"ql-align-justify\">Sin valor de calibraci\u00f3n 2,2 k\u2126 \/ 3,9 k\u2126.<\/li>\n<\/ul>\n<p class=\"ql-align-justify\"><strong>Consumo de corriente adicional (PWR IN):<\/strong><\/p>\n<ul>\n<li class=\"ql-align-justify\">Margen de seguridad a tener en cuenta. Solo cuando se utilizan sensores de 4 cables y se alimentan a trav\u00e9s de la salida de alimentaci\u00f3n (AUX 2+ 1\/2 1+) del FLM-420\/4-CON. A\u00f1ada las cifras siguientes una sola vez para determinar el consumo de energ\u00eda total de cada salida de la fuente de alimentaci\u00f3n.<\/li>\n<li class=\"ql-align-justify\">Sin salida de alimentaci\u00f3n de 4 hilos conmutada en paralelo 325 mA.<\/li>\n<li class=\"ql-align-justify\">Con salida de alimentaci\u00f3n de 4 hilos conmutada en paralelo 650 mA.<\/li>\n<\/ul>\n<p class=\"ql-align-justify\"><strong>Mec\u00e1nicos<\/strong><\/p>\n<ul>\n<li class=\"ql-align-justify\">Medio de informaci\u00f3n 1 LED rojo, parpadea a 1 Hz en caso de alarma.<\/li>\n<li class=\"ql-align-justify\">Configuraci\u00f3n de direcci\u00f3n 3 conmutadores giratorios.<\/li>\n<li class=\"ql-align-justify\">Conexiones 12 bornes.<\/li>\n<li class=\"ql-align-justify\">Secci\u00f3n transversal del cable permitida De 0,6 a 3,3 mm2.<\/li>\n<\/ul>\n<p class=\"ql-align-justify\"><strong>Material de la carcasa<\/strong><\/p>\n<ul>\n<li class=\"ql-align-justify\">Carcasa para montaje en superficie Mezcla ABS\/PC.<\/li>\n<li class=\"ql-align-justify\">Carcasa para m\u00f3dulo y adaptador PPO (Noryl).<\/li>\n<\/ul>\n<p class=\"ql-align-justify\"><strong>Color<\/strong><\/p>\n<ul>\n<li class=\"ql-align-justify\">Carcasa para montaje en superficie Blanco, RAL 9003.<\/li>\n<li class=\"ql-align-justify\">Carcasa para m\u00f3dulo y adaptador Blanquecino, similar a RAL 9002.<\/li>\n<\/ul>\n<p class=\"ql-align-justify\"><strong>Dimensiones<\/strong><\/p>\n<ul>\n<li class=\"ql-align-justify\">FLM-420\/4-CON-S Aprox. 126 x 126 x 71 mm (Al. x An. x Pr.)<\/li>\n<li class=\"ql-align-justify\">FLM-420\/4-CON-D Aprox. 110 mm x 110 mm x 48 mm (An. x Al. x Pr.) Peso Sin\/con embalaje.<\/li>\n<li class=\"ql-align-justify\">FLM-420\/4-CON-S Aprox. 390 g \/ 590 g \u2022 FLM-420\/4-CON-D Aprox. 150 g \/ 350 g.<\/li>\n<\/ul>\n<p class=\"ql-align-justify\"><strong>Ambientales<\/strong><\/p>\n<ul>\n<li class=\"ql-align-justify\">Temperatura de funcionamiento permitida: De -20 \u00b0C a +55 \u00b0C.<\/li>\n<li class=\"ql-align-justify\">Temperatura de almacenamiento permitida: De -25 \u00b0C a +80 \u00b0C.<\/li>\n<li class=\"ql-align-justify\">Humedad relativa permitida: De &lt; 96 % (sin condensaci\u00f3n).<\/li>\n<li class=\"ql-align-justify\">Clases de equipo seg\u00fan IEC 60950.<\/li>\n<li class=\"ql-align-justify\">Equipo de Clase III.<\/li>\n<\/ul>\n<p class=\"ql-align-justify\"><strong>Clase de protecci\u00f3n seg\u00fan IEC 60529<\/strong><\/p>\n<ul>\n<li class=\"ql-align-justify\">FLM-420\/4-CON-S IP 54.<\/li>\n<li class=\"ql-align-justify\">FLM-420\/4-CON-D IP 30.<\/li>\n<\/ul>\n<p><img decoding=\"async\" class=\"overview-center-img-web\" src=\"https:\/\/tvc.mx\/media\/37992\/Logoopaginas-oficial-1920x400.png\" alt=\"\" \/><\/p>\n","protected":false},"excerpt":{"rendered":"<p>M\u00f3dulo de interconexi\u00f3n convencional FLM-420\/4-CON-D El m\u00f3dulo de campo convencional FLM\u2011420\/4\u2011CON permite conectar los detectores convencionales a centrales de incendios LSN a trav\u00e9s de 4 hilos (Red de Seguridad Local LSN con fuente de alimentaci\u00f3n externa).\u00a0Los m\u00f3dulos de campo de la serie 420 han sido&hellip;<\/p>\n","protected":false},"featured_media":5910,"comment_status":"open","ping_status":"closed","template":"","meta":{"om_disable_all_campaigns":false,"_monsterinsights_skip_tracking":false,"_monsterinsights_sitenote_active":false,"_monsterinsights_sitenote_note":"","_monsterinsights_sitenote_category":0},"product_brand":[],"product_cat":[505],"product_tag":[495,497,498,499,500,501,496,502],"class_list":{"0":"post-5911","1":"product","2":"type-product","3":"status-publish","4":"has-post-thumbnail","6":"product_cat-modulos-bosch-incendio-2","7":"product_tag-control-de-incendio","8":"product_tag-detectores","9":"product_tag-estacion-manual","10":"product_tag-estrobos-y-sirenas","11":"product_tag-modulos","12":"product_tag-paneles-de-control","13":"product_tag-sistemas-de-incendio","14":"product_tag-teclados","16":"first","17":"instock","18":"sale","19":"taxable","20":"shipping-taxable","21":"purchasable","22":"product-type-simple"},"aioseo_notices":[],"_links":{"self":[{"href":"https:\/\/tecsecmty.com\/index.php\/wp-json\/wp\/v2\/product\/5911","targetHints":{"allow":["GET"]}}],"collection":[{"href":"https:\/\/tecsecmty.com\/index.php\/wp-json\/wp\/v2\/product"}],"about":[{"href":"https:\/\/tecsecmty.com\/index.php\/wp-json\/wp\/v2\/types\/product"}],"replies":[{"embeddable":true,"href":"https:\/\/tecsecmty.com\/index.php\/wp-json\/wp\/v2\/comments?post=5911"}],"version-history":[{"count":0,"href":"https:\/\/tecsecmty.com\/index.php\/wp-json\/wp\/v2\/product\/5911\/revisions"}],"wp:featuredmedia":[{"embeddable":true,"href":"https:\/\/tecsecmty.com\/index.php\/wp-json\/wp\/v2\/media\/5910"}],"wp:attachment":[{"href":"https:\/\/tecsecmty.com\/index.php\/wp-json\/wp\/v2\/media?parent=5911"}],"wp:term":[{"taxonomy":"product_brand","embeddable":true,"href":"https:\/\/tecsecmty.com\/index.php\/wp-json\/wp\/v2\/product_brand?post=5911"},{"taxonomy":"product_cat","embeddable":true,"href":"https:\/\/tecsecmty.com\/index.php\/wp-json\/wp\/v2\/product_cat?post=5911"},{"taxonomy":"product_tag","embeddable":true,"href":"https:\/\/tecsecmty.com\/index.php\/wp-json\/wp\/v2\/product_tag?post=5911"}],"curies":[{"name":"wp","href":"https:\/\/api.w.org\/{rel}","templated":true}]}}