{"id":5919,"date":"2023-02-23T11:43:05","date_gmt":"2023-02-23T17:43:05","guid":{"rendered":"https:\/\/tecsecmty.com\/index.php\/producto\/bosch-f_flm420i2e-modulo-de-entradas\/"},"modified":"2023-03-22T23:21:08","modified_gmt":"2023-03-23T05:21:08","slug":"bosch-f_flm420i2e-modulo-de-entradas","status":"publish","type":"product","link":"https:\/\/tecsecmty.com\/index.php\/producto\/bosch-f_flm420i2e-modulo-de-entradas\/","title":{"rendered":"BOSCH F_FLM420I2E &#8211; Modulo de entradas"},"content":{"rendered":"<h5 class=\"card-title text-center\">M\u00f3dulo de entrada FLM\u2011420\u2011I2\u2011E<\/h5>\n<p class=\"ql-align-justify\"><strong>Los m\u00f3dulos de campo de entrada FLM\u2011420\u2011I2 controlan hasta dos entradas. Se trata de elementos LSN de 2 cables para conectar a la versi\u00f3n LSN improved de la red de seguridad local con funcionalidad mejorada.<\/strong><\/p>\n<p class=\"ql-align-justify\"><strong>Funciones b\u00e1sicas<\/strong><\/p>\n<p class=\"ql-align-justify\"><strong>Funciones de control<\/strong><\/p>\n<p class=\"ql-align-justify\">Los m\u00f3dulos de campo de entrada FLM\u2011420\u2011I2 cuentan con tres funciones de control:<\/p>\n<ol>\n<li class=\"ql-align-justify\">Supervisi\u00f3n de una l\u00ednea resistencia final de l\u00ednea.<\/li>\n<li class=\"ql-align-justify\">Control de un contacto sin tensi\u00f3n.<\/li>\n<li class=\"ql-align-justify\">Control de tensi\u00f3n<\/li>\n<\/ol>\n<p class=\"ql-align-justify\">Las funciones de control se pueden seleccionar de forma individual para las dos entradas gracias al ajuste de direcciones mediante el software de programaci\u00f3n.<\/p>\n<p class=\"ql-align-justify\"><strong>Supervisi\u00f3n de l\u00ednea con resistencia final de l\u00ednea<\/strong><\/p>\n<p class=\"ql-align-justify\">Se puede programar el funcionamiento con la resistencia RFL en cada entrada de forma individual. La resistencia RFL est\u00e1ndar es de 3,9 k\u2126.<\/p>\n<p class=\"ql-align-justify\">El m\u00f3dulo de campo detecta<\/p>\n<ul>\n<li class=\"ql-align-justify\">En reposo.<\/li>\n<li class=\"ql-align-justify\">Activaci\u00f3n en caso de interrupci\u00f3n de l\u00ednea.<\/li>\n<li class=\"ql-align-justify\">Activaci\u00f3n en caso de cortocircuito.<\/li>\n<\/ul>\n<p class=\"ql-align-justify\">El m\u00f3dulo de campo eval\u00faa el funcionamiento de las l\u00edneas \u00ababiertas\u00bb o \u00abcerradas\u00bb. Se puede programar la condici\u00f3n de funcionamiento normal para cada entrada. El control de los contactos se lleva a cabo con una intensidad de impulsos de 8 mA. El m\u00f3dulo detecta las se\u00f1ales que tienen una duraci\u00f3n m\u00ednima de 300 ms.<\/p>\n<p class=\"ql-align-justify\">El control de tensi\u00f3n se lleva a cabo entre los 0 V CC y los 30 V CC. Se puede emplear el software de programaci\u00f3n para seleccionar dos valores del umbral. Interruptores de direcciones.<\/p>\n<p class=\"ql-align-justify\">Puede ajustar las direcciones de los m\u00f3dulos de campo con los siguientes elementos:<\/p>\n<ul>\n<li class=\"ql-align-justify\">Interruptores DIP para FLM\u2011420\u2011I2\u2011E y FLM\u2011420\u2011I2\u2011W.<\/li>\n<li class=\"ql-align-justify\">Interruptores giratorios para FLM\u2011420\u2011I2\u2011D.<\/li>\n<\/ul>\n<p class=\"ql-align-justify\"><strong>Caracter\u00edsticas de LSN<\/strong><\/p>\n<p class=\"ql-align-justify\">Los aisladores integrados garantizan que se mantenga el funcionamiento en caso de cortocircuito o una interrupci\u00f3n de l\u00ednea en el lazo LSN. Se env\u00eda un mensaje de aver\u00eda a la central de incendios.<\/p>\n<p class=\"ql-align-justify\"><strong>Caracter\u00edsticas de la versi\u00f3n LSN improved<\/strong><\/p>\n<p class=\"ql-align-justify\">Los m\u00f3dulos de campo de la serie 420 proporcionan todas las caracter\u00edsticas de la tecnolog\u00eda LSN improved:<\/p>\n<ul>\n<li class=\"ql-align-justify\">Estructuras de red flexibles, incluyendo derivaciones en T sin elementos adicionales.<\/li>\n<li class=\"ql-align-justify\">Hasta 254 elementos de LSN-improved por l\u00ednea de lazos o ramales.<\/li>\n<li class=\"ql-align-justify\">Posibilidad de uso de cable sin protecci\u00f3n.<\/li>\n<\/ul>\n<p class=\"ql-align-justify\"><strong>Variantes de interconexi\u00f3n<\/strong><\/p>\n<p class=\"ql-align-justify\">Hay distintos dise\u00f1os de m\u00f3dulos de campo de entrada disponibles:<\/p>\n<ul>\n<li class=\"ql-align-justify\"><strong>Tipo FLM\u2011420\u2011I2\u2011E integrado<\/strong>: &#8211; Se puede integrar en cajas el\u00e9ctricas est\u00e1ndar seg\u00fan la norma EN 60670 (por ejemplo, bajo programas de conmutaci\u00f3n est\u00e1ndar) &#8211; Para ahorrar espacio al instalarlo en dispositivos<\/li>\n<li class=\"ql-align-justify\"><strong>FLM\u2011420\u2011I2\u2011W de montaje de pared (con cubierta de la carcasa)<\/strong>: &#8211; Se puede integrar en cajas el\u00e9ctricas est\u00e1ndar seg\u00fan la norma EN 60670 &#8211; Para montaje en superficie junto con la caja de interconexi\u00f3n FMX\u2011IFB55\u2011S.<\/li>\n<li class=\"ql-align-justify\"><strong>Tipo de carril DIN FLM\u2011420\u2011I2\u2011D:<\/strong>\u00a0&#8211; Para instalaci\u00f3n de un carril DIN seg\u00fan la norma EN 60715, con adaptador incluido &#8211; Se puede integrar en una carcasa de montaje en superficie FLM\u2011IFB126\u2011S.<\/li>\n<\/ul>\n<p class=\"ql-align-justify\"><strong>Planificaci\u00f3n<\/strong><\/p>\n<ul>\n<li class=\"ql-align-justify\">Se puede conectar a las centrales de incendios FPA\u20115000 y FPA\u20111200.<\/li>\n<li class=\"ql-align-justify\">La programaci\u00f3n se realiza con el software de programaci\u00f3n de la central de incendios.<\/li>\n<li class=\"ql-align-justify\">La conexi\u00f3n LSN se establece mediante los dos cables de la l\u00ednea LSN.<\/li>\n<li class=\"ql-align-justify\">Se permite una longitud de cable m\u00e1xima de 3 m por entrada.<\/li>\n<li class=\"ql-align-justify\">Al montar el m\u00f3dulo de campo de tipo integrado bajo un interruptor, se recomienda dejar una distancia m\u00ednima de 60 mm con respecto a la caja de electricidad.<\/li>\n<li class=\"ql-align-justify\">Las versiones integrada (-E) y de montaje en pared (- W) incluyen terminales que permiten enlazar un segundo par de cables a la fuente de alimentaci\u00f3n LSN de los dem\u00e1s elementos.<\/li>\n<\/ul>\n<p class=\"ql-align-justify\"><strong>Piezas incluidas\u00a0<\/strong><\/p>\n<ul>\n<li class=\"ql-align-justify\">1 M\u00f3dulo de interconexi\u00f3n de entrada, tipo integrado\u00a0FLM-420-I2-E.<\/li>\n<\/ul>\n<p class=\"ql-align-justify\"><strong>Nota: FLM\u2011420\u2011I2\u2011E M\u00f3dulo de entrada<\/strong><\/p>\n<p class=\"ql-align-justify\"><strong>M\u00f3dulo de entrada con 2 entradas supervisadas, montaje empotrado.<\/strong><\/p>\n<p class=\"ql-align-justify\"><strong>Numero de pedido: FLM-420-I2-E.<\/strong><\/p>\n<p class=\"ql-align-justify\"><strong>Principales caracter\u00edsticas<\/strong><\/p>\n<ul>\n<li class=\"ql-align-justify\">Supervisi\u00f3n de L\u00ednea con resistencia final de l\u00ednea.<\/li>\n<li class=\"ql-align-justify\">Control de contacto.<\/li>\n<li class=\"ql-align-justify\">Control de tensi\u00f3n.<\/li>\n<li class=\"ql-align-justify\">Control individual de las dos entradas.<\/li>\n<li class=\"ql-align-justify\">Dos aisladores integrados que conservan las funciones del lazo LSN en caso de cortocircuito o interrupci\u00f3n de cables.<\/li>\n<\/ul>\n<p class=\"ql-align-justify\"><strong>Especificaciones<\/strong><\/p>\n<p class=\"ql-align-justify\"><strong>El\u00e9ctricas<\/strong><\/p>\n<p class=\"ql-align-justify\"><strong>LSN<\/strong><\/p>\n<ul>\n<li class=\"ql-align-justify\">Tensi\u00f3n de entrada LSN De 15 V CC a 33 V CC.<\/li>\n<li class=\"ql-align-justify\">Consumo de corriente m\u00e1ximo de LSN 10,4 mA.<\/li>\n<li class=\"ql-align-justify\">Entradas 2, independientes entre s\u00ed.<\/li>\n<\/ul>\n<p class=\"ql-align-justify\"><strong>Control de l\u00ednea con RFL<\/strong><\/p>\n<ul>\n<li class=\"ql-align-justify\">Resistencia RFL Nominal, 3,9 k\u03a9.<\/li>\n<li class=\"ql-align-justify\">Resistencia general de la l\u00ednea.<\/li>\n<li class=\"ql-align-justify\">Durante reposo: 1.500 a 6.000 \u03a9.<\/li>\n<li class=\"ql-align-justify\">Interrupci\u00f3n: &gt; 12.000 \u03a9.<\/li>\n<li class=\"ql-align-justify\">Cortocircuito: &lt; 800 \u03a9.<\/li>\n<\/ul>\n<p class=\"ql-align-justify\"><strong>Control de contacto<\/strong><\/p>\n<ul>\n<li class=\"ql-align-justify\">Corriente m\u00e1x. (pico de corriente) 8 mA.<\/li>\n<\/ul>\n<p class=\"ql-align-justify\"><strong>Control de tensi\u00f3n<\/strong><\/p>\n<ul>\n<li class=\"ql-align-justify\">Rango de tensi\u00f3n 0 a 30 V CC.<\/li>\n<li class=\"ql-align-justify\">Resistencia de entrada \u2265 50 k\u03a9.<\/li>\n<\/ul>\n<p class=\"ql-align-justify\"><strong>Mec\u00e1nicas<\/strong><\/p>\n<ul>\n<li class=\"ql-align-justify\">Conexiones FLM-420-I2-E \/ W :14 bornes.<\/li>\n<li class=\"ql-align-justify\">Secci\u00f3n transversal del cable permitida:0,6 a 2 mm2.<\/li>\n<li class=\"ql-align-justify\">Ajuste de direcciones: 8 interruptores DIP.<\/li>\n<li class=\"ql-align-justify\">Material de la carcasa: Mezcla ABS\/PC.<\/li>\n<li class=\"ql-align-justify\">Color: Blanco, RAL 9003.<\/li>\n<li class=\"ql-align-justify\">Dimensiones: Aprox. 50 mm x 22 mm (\u00d8 x Al.).<\/li>\n<li class=\"ql-align-justify\">Peso: Aprox. 35 g \/ 130 g.<\/li>\n<\/ul>\n<p class=\"ql-align-justify\"><strong>Ambientales<\/strong><\/p>\n<ul>\n<li class=\"ql-align-justify\">Temperatura de funcionamiento permitida: De -20 \u00b0C a +65 \u00b0C.<\/li>\n<li class=\"ql-align-justify\">Temperatura de almacenamiento permitida: De -25 \u00b0C a +80 \u00b0C.<\/li>\n<li class=\"ql-align-justify\">Humedad rel. permitida: &lt; 96% (sin condensaci\u00f3n).<\/li>\n<li class=\"ql-align-justify\">Clases de equipo seg\u00fan.<\/li>\n<li class=\"ql-align-justify\">IEC 60950.<\/li>\n<li class=\"ql-align-justify\">Equipo clase III.<\/li>\n<li class=\"ql-align-justify\">Clase de protecci\u00f3n seg\u00fan.<\/li>\n<li class=\"ql-align-justify\">IEC 60529.<\/li>\n<li class=\"ql-align-justify\">IP 30.<\/li>\n<\/ul>\n<p><img decoding=\"async\" class=\"overview-center-img-web\" src=\"https:\/\/tvc.mx\/media\/30007\/Logoopaginas-oficial-1920x400.png\" alt=\"\" \/><\/p>\n","protected":false},"excerpt":{"rendered":"<p>M\u00f3dulo de entrada FLM\u2011420\u2011I2\u2011E Los m\u00f3dulos de campo de entrada FLM\u2011420\u2011I2 controlan hasta dos entradas. Se trata de elementos LSN de 2 cables para conectar a la versi\u00f3n LSN improved de la red de seguridad local con funcionalidad mejorada. Funciones b\u00e1sicas Funciones de control Los&hellip;<\/p>\n","protected":false},"featured_media":5918,"comment_status":"open","ping_status":"closed","template":"","meta":{"om_disable_all_campaigns":false,"_monsterinsights_skip_tracking":false,"_monsterinsights_sitenote_active":false,"_monsterinsights_sitenote_note":"","_monsterinsights_sitenote_category":0},"product_brand":[],"product_cat":[505],"product_tag":[495,497,498,499,500,501,496,502],"class_list":{"0":"post-5919","1":"product","2":"type-product","3":"status-publish","4":"has-post-thumbnail","6":"product_cat-modulos-bosch-incendio-2","7":"product_tag-control-de-incendio","8":"product_tag-detectores","9":"product_tag-estacion-manual","10":"product_tag-estrobos-y-sirenas","11":"product_tag-modulos","12":"product_tag-paneles-de-control","13":"product_tag-sistemas-de-incendio","14":"product_tag-teclados","16":"first","17":"instock","18":"sale","19":"taxable","20":"shipping-taxable","21":"purchasable","22":"product-type-simple"},"aioseo_notices":[],"_links":{"self":[{"href":"https:\/\/tecsecmty.com\/index.php\/wp-json\/wp\/v2\/product\/5919","targetHints":{"allow":["GET"]}}],"collection":[{"href":"https:\/\/tecsecmty.com\/index.php\/wp-json\/wp\/v2\/product"}],"about":[{"href":"https:\/\/tecsecmty.com\/index.php\/wp-json\/wp\/v2\/types\/product"}],"replies":[{"embeddable":true,"href":"https:\/\/tecsecmty.com\/index.php\/wp-json\/wp\/v2\/comments?post=5919"}],"version-history":[{"count":0,"href":"https:\/\/tecsecmty.com\/index.php\/wp-json\/wp\/v2\/product\/5919\/revisions"}],"wp:featuredmedia":[{"embeddable":true,"href":"https:\/\/tecsecmty.com\/index.php\/wp-json\/wp\/v2\/media\/5918"}],"wp:attachment":[{"href":"https:\/\/tecsecmty.com\/index.php\/wp-json\/wp\/v2\/media?parent=5919"}],"wp:term":[{"taxonomy":"product_brand","embeddable":true,"href":"https:\/\/tecsecmty.com\/index.php\/wp-json\/wp\/v2\/product_brand?post=5919"},{"taxonomy":"product_cat","embeddable":true,"href":"https:\/\/tecsecmty.com\/index.php\/wp-json\/wp\/v2\/product_cat?post=5919"},{"taxonomy":"product_tag","embeddable":true,"href":"https:\/\/tecsecmty.com\/index.php\/wp-json\/wp\/v2\/product_tag?post=5919"}],"curies":[{"name":"wp","href":"https:\/\/api.w.org\/{rel}","templated":true}]}}