{"id":5925,"date":"2023-02-23T11:43:10","date_gmt":"2023-02-23T17:43:10","guid":{"rendered":"https:\/\/tecsecmty.com\/index.php\/producto\/bosch-f_flm420nacs-nac-lsni-modulo-de-interconexion-de-dispositivos-de-senalizacion\/"},"modified":"2023-03-22T23:21:08","modified_gmt":"2023-03-23T05:21:08","slug":"bosch-f_flm420nacs-nac-lsni-modulo-de-interconexion-de-dispositivos-de-senalizacion","status":"publish","type":"product","link":"https:\/\/tecsecmty.com\/index.php\/producto\/bosch-f_flm420nacs-nac-lsni-modulo-de-interconexion-de-dispositivos-de-senalizacion\/","title":{"rendered":"BOSCH F_FLM420NACS &#8211; NAC LSNI \/ Modulo de interconexion de dispositivos de SENALIZACION"},"content":{"rendered":"<div class=\"row aling-items-center padding-bottom-2x\">\n<div class=\"col-lg-12\">\n<h5 class=\"card-title text-center\">FLM\u2011420\u2011NAC\u2011S M\u00f3dulo de interconexi\u00f3n de dispositivos de se\u00f1alizaci\u00f3n<\/h5>\n<p>&nbsp;<\/p>\n<p><img decoding=\"async\" class=\"overview-center-img- aligncenter\" src=\"https:\/\/tvc.mx\/media\/17668\/Logoopaginas-oficial.png\" alt=\"\" \/><\/div>\n<\/div>\n<div class=\"row align-items-center padding-bottom-2x\">\n<div class=\"col-md-5\"><img decoding=\"async\" class=\"d-block m-auto img-thumbnail\" src=\"https:\/\/tvc.mx\/media\/80744\/ADC-0512-A.config5.png\" alt=\" \" \/><\/div>\n<div class=\"col-md-7 text-md-left text-center\">\n<h2>Resumen del sistema<\/h2>\n<p class=\"text-muted\">\n<p>Los m\u00f3dulos de activaci\u00f3n de dispositivos de se\u00f1alizaci\u00f3n FLM\u2011420\u2011NAC permiten controlar y activar un grupo de dispositivos de se\u00f1alizaci\u00f3n (NAC = Notification Appliance Circuit) convencionales. Cada m\u00f3dulo proporciona una l\u00ednea primaria supervisada. Esto significa que una l\u00ednea se puede conectar a las centrales de incendios LSN.<\/p>\n<p class=\"ql-align-justify\"><strong>Puede conectar lo siguiente:<\/strong><\/p>\n<ul>\n<li class=\"ql-align-justify\">Sirenas.<\/li>\n<li class=\"ql-align-justify\">Luces estrobosc\u00f3picas.<\/li>\n<li class=\"ql-align-justify\">Bocinas.<\/li>\n<\/ul>\n<p>&nbsp;<\/p>\n<\/div>\n<\/div>\n<hr class=\"padding-bottom-2x\" \/>\n<div class=\"row align-items-center padding-bottom-2x\">\n<div class=\"col-md-5 order-md-2\"><img decoding=\"async\" class=\"d-block m-auto img-thumbnail\" src=\"https:\/\/tvc.mx\/media\/80748\/ADC-0512-A.config6.png\" alt=\" \" \/><\/div>\n<div class=\"col-md-7 order-md-1 text-md-left text-center\">\n<h2>Funciones b\u00e1sicas<\/h2>\n<p class=\"text-muted\">\n<p class=\"ql-align-justify\"><strong>Versiones de m\u00f3dulos de campo<\/strong><\/p>\n<p class=\"ql-align-justify\">Dos diferentes versiones del m\u00f3dulo de campo est\u00e1n disponibles:<\/p>\n<ul>\n<li class=\"ql-align-justify\"><strong>FLM\u2011420\u2011NAC\u2011S\u00a0<\/strong>para montaje en superficie con carcasa<\/li>\n<li class=\"ql-align-justify\"><strong>FLM\u2011420\u2011NAC\u2011D<\/strong>\u00a0para la instalaci\u00f3n en un carril DIN con adaptador.<\/li>\n<\/ul>\n<p class=\"ql-align-justify\"><strong>FLM\u2011420\u2011NAC\u2011S M\u00f3dulo de interconexi\u00f3n de dispositivos de se\u00f1alizaci\u00f3n con 1 l\u00ednea de salida supervisada para dispositivos de se\u00f1alizaci\u00f3n convencionales y carcasa para montaje en superficie.<\/strong><\/p>\n<p class=\"ql-align-justify\"><strong>Funciones<\/strong><\/p>\n<p class=\"ql-align-justify\"><strong>Las funciones del m\u00f3dulo de campo de dispositivos de se\u00f1alizaci\u00f3n son:<\/strong><\/p>\n<ul>\n<li>1. Activaci\u00f3n de los dispositivos de se\u00f1alizaci\u00f3n en caso de alarma. 2. Control de la l\u00ednea del dispositivo de se\u00f1alizaci\u00f3n.<\/li>\n<li>3. Control de la fuente de fuente de alimentaci\u00f3n ext.<\/li>\n<li>4. Indicaci\u00f3n de estado mediante LED.<\/li>\n<\/ul>\n<p class=\"ql-align-justify\">Cuando los dispositivos de se\u00f1alizaci\u00f3n conectados a las zonas\u00a0<strong>FLM\u2011420\u2011NAC<\/strong>\u00a0se sincronizan a trav\u00e9s del m\u00f3dulo LSN al que se encuentran conectos.<\/p>\n<p class=\"ql-align-justify\">El control de la l\u00ednea de dispositivos de se\u00f1alizaci\u00f3n se realiza por inversi\u00f3n de polaridad. El estado de la zona NAC se indica mediante un LED verde y un LED rojo.<\/p>\n<p class=\"ql-align-justify\"><strong>Interruptores giratorios<\/strong><\/p>\n<p class=\"ql-align-justify\">El interruptor giratorio integrado en el m\u00f3dulo de campo se puede utilizar para seleccionar entre direccionamiento autom\u00e1tico o manual, con o sin detecci\u00f3n autom\u00e1tica.<\/p>\n<p class=\"ql-align-justify\"><strong>Se pueden realizar los siguientes ajustes:<\/strong><\/p>\n<ul>\n<li class=\"ql-align-justify\"><strong>0 0 0:<\/strong>\u00a0Lazo\/ramal en modo LSN improved con direccionamiento autom\u00e1tico (el sistema de derivaci\u00f3n en T no es posible).<\/li>\n<li class=\"ql-align-justify\"><strong>0 0 1 &#8211; 254:<\/strong>\u00a0Sistema de lazo\/ramal\/derivaci\u00f3n en T en modo LSN improved con direccionamiento manual.<\/li>\n<li class=\"ql-align-justify\"><strong>CL 0 0:<\/strong>\u00a0Lazo\/ramal en modo LSN cl\u00e1sico.<\/li>\n<\/ul>\n<p class=\"ql-align-justify\"><strong>Caracter\u00edsticas de LSN<\/strong><\/p>\n<p class=\"ql-align-justify\">Los aisladores integrados garantizan que se mantenga el funcionamiento en caso de cortocircuito o una interrupci\u00f3n de l\u00ednea en el lazo LSN. Se env\u00eda un mensaje de aver\u00eda a la central de incendios.<\/p>\n<p class=\"ql-align-justify\"><strong>Caracter\u00edsticas de la versi\u00f3n LSN improved<\/strong><\/p>\n<p class=\"ql-align-justify\">Los m\u00f3dulos de campo de la serie 420 proporcionan todas las caracter\u00edsticas de la tecnolog\u00eda LSN improved:<\/p>\n<ul>\n<li class=\"ql-align-justify\">Estructuras de red flexibles, incluyendo derivaciones en T sin elementos adicionales.<\/li>\n<li class=\"ql-align-justify\">Hasta 254 elementos LSN improved por lazo o ramal.<\/li>\n<li class=\"ql-align-justify\">Posibilidad de uso de cable sin protecci\u00f3n.<\/li>\n<li class=\"ql-align-justify\">Compatible con versiones anteriores de sistemas LSN y centrales existentes.<\/li>\n<\/ul>\n<p class=\"ql-align-justify\"><strong>Planificaci\u00f3n<\/strong><\/p>\n<ul>\n<li class=\"ql-align-justify\">Se puede conectar a las centrales de incendios FPA\u20115000 y FPA\u20111200 y las centrales de incendios LSN cl\u00e1sicas BZ 500 LSN, UEZ 2000 LSN y UGM 2020.<\/li>\n<li class=\"ql-align-justify\">Deben tenerse en cuenta los est\u00e1ndares y directrices nacionales durante la fase de dise\u00f1o.<\/li>\n<li class=\"ql-align-justify\">Se necesita una fuente de alimentaci\u00f3n externa para el m\u00f3dulo de campo FLM\u2011420\u2011NAC.<\/li>\n<li class=\"ql-align-justify\">La carcasa para montaje en superficie tiene dos conductos para cables en las caras opuestas: &#8211; 2 x 2 conductos para cables pretaladrados para un di\u00e1metro de hasta 21 mm\/34 mm (para tubos) &#8211; 2 x 4 manguitos de goma con di\u00e1metros de hasta 8 mm.<\/li>\n<li class=\"ql-align-justify\">Adem\u00e1s, hay conductos para cables en la base de la carcasa para montaje en superficie: &#8211; 1 x conducto para cables pretaladrado para un di\u00e1metro de hasta 21 mm (para tubos) &#8211; 2 x 4 manguitos de goma con di\u00e1metros de hasta 8 mm.<\/li>\n<\/ul>\n<p>&nbsp;<\/p>\n<\/div>\n<\/div>\n<hr class=\"padding-bottom-2x\" \/>\n<div class=\"row align-items-center padding-bottom-2x\">\n<div class=\"col-md-5\"><img decoding=\"async\" class=\"d-block m-auto img-thumbnail\" src=\"https:\/\/tvc.mx\/media\/80752\/ADC-0512-A.config6.png\" alt=\" \" \/><\/div>\n<div class=\"col-md-7 text-md-left text-center\">\n<h2>Caracter\u00edsticas y Especificaciones<\/h2>\n<p class=\"text-muted\">\n<p class=\"ql-align-justify\"><strong>Nota: FLM\u2011420\u2011NAC\u2011S<\/strong><\/p>\n<p class=\"ql-align-justify\"><strong>M\u00f3dulo de interconexi\u00f3n de dispositivos de se\u00f1alizaci\u00f3n con 1 l\u00ednea de salida supervisada para dispositivos de se\u00f1alizaci\u00f3n convencionales y carcasa para montaje en superficie.<\/strong><\/p>\n<p class=\"ql-align-justify\"><strong>Numero de pedido: FLM-420-NAC-S.<\/strong><\/p>\n<p class=\"ql-align-justify\"><strong>Principales Caracter\u00edsticas:<\/strong><\/p>\n<ul>\n<li class=\"ql-align-justify\">Interruptores giratorios para el ajuste manual de direcciones.<\/li>\n<li class=\"ql-align-justify\">Control de la l\u00ednea por inversi\u00f3n de polaridad.<\/li>\n<li class=\"ql-align-justify\">Activaci\u00f3n sincronizada de todos los dispositivos de se\u00f1alizaci\u00f3n conectados a un lazo mediante m\u00f3dulos de interconexi\u00f3n de dispositivos de se\u00f1alizaci\u00f3n FLM\u2011420\u2011NAC.<\/li>\n<li class=\"ql-align-justify\">Diez se\u00f1ales de salida diferentes seleccionables por software.<\/li>\n<li class=\"ql-align-justify\">Dos aisladores integrados que conservan las funciones del lazo LSN en caso de cortocircuito o interrupci\u00f3n de cables.<\/li>\n<li class=\"ql-align-justify\">Disponible con carcasa para montaje en superficie o adaptador de carril DIN.<\/li>\n<\/ul>\n<p class=\"ql-align-justify\"><strong>Especificaciones<\/strong><\/p>\n<p class=\"ql-align-justify\"><strong>T\u00e9cnicas<\/strong><\/p>\n<p class=\"ql-align-justify\"><strong>El\u00e9ctricos<\/strong><\/p>\n<ul>\n<li class=\"ql-align-justify\">Tensi\u00f3n de entrada: De 15 V CC a 33 V CC Consumo de corriente m\u00e1ximo<\/li>\n<li class=\"ql-align-justify\">Desde LSN 6,06 mA (funcionamiento normal y alarma)<\/li>\n<li class=\"ql-align-justify\">Desde alimentaci\u00f3n auxiliar 15 mA (funcionamiento normal) + corriente de salida.<\/li>\n<li class=\"ql-align-justify\">Fuente de alimentaci\u00f3n externa: De 20,4 V CC a 29 V CC.<\/li>\n<li class=\"ql-align-justify\">Corriente de salida m\u00e1x.: 3 A (durante una alarma, desde fuente de alimentaci\u00f3n auxiliar).<\/li>\n<li class=\"ql-align-justify\">Resistencia RFL: 3,9 k\u03a9.<\/li>\n<\/ul>\n<p class=\"ql-align-justify\"><strong>Mec\u00e1nicos<\/strong><\/p>\n<p class=\"ql-align-justify\"><strong>Elementos indicadores<\/strong><\/p>\n<ul>\n<li class=\"ql-align-justify\">\u2022 LED rojo Alarma.<\/li>\n<li class=\"ql-align-justify\">\u2022 LED verde Funcionamiento normal<\/li>\n<\/ul>\n<p class=\"ql-align-justify\"><strong>Ajuste de LSN\/direcciones 3 interruptores giratorios para:<\/strong><\/p>\n<ul>\n<li class=\"ql-align-justify\">Modo LSN \u00abcl\u00e1sico\u00bb o LSN improved.<\/li>\n<li class=\"ql-align-justify\">Asignaci\u00f3n de direcciones autom\u00e1tico o manual<\/li>\n<li class=\"ql-align-justify\">Conexiones: 12 abrazaderas roscadas.<\/li>\n<li>Di\u00e1metro m\u00e1x. de cable para terminales: 3,3 mm2 (12 AWG)<\/li>\n<\/ul>\n<p><strong>Material de la carcasa<\/strong><\/p>\n<ul>\n<li class=\"ql-align-justify\">M\u00f3dulo LSN PPO (Noryl)<\/li>\n<li class=\"ql-align-justify\">Carcasa para montaje en superficie Mezcla ABS\/PC<\/li>\n<li class=\"ql-align-justify\">Color de la carcasa<\/li>\n<li class=\"ql-align-justify\">M\u00f3dulo LSN Blanquecino, parecido a RAL 9002<\/li>\n<li class=\"ql-align-justify\">Carcasa para montaje en superficie Blanco, RAL 9003<\/li>\n<\/ul>\n<p class=\"ql-align-justify\"><strong>Dimensiones<\/strong><\/p>\n<ul>\n<li class=\"ql-align-justify\">FLM-420-NAC-S Aprox. 126 x 126 x 71 mm (4,96 x 4,96 x 2,8 pulg.)<\/li>\n<li class=\"ql-align-justify\">FLM-420-NAC-D (con adaptador de carril DIN) Aprox. 110 x 110 x 48 mm (4,33 x 4,33 x 1,89 pulg.)<\/li>\n<\/ul>\n<p class=\"ql-align-justify\"><strong>Peso<\/strong><\/p>\n<ul>\n<li class=\"ql-align-justify\">FLM-420-NAC-S Aprox. 390 g (13,8 onzas)<\/li>\n<li class=\"ql-align-justify\">FLM-420-NAC-D (con adaptador de carril DIN) Aprox. 150 g (5,3 onzas).<\/li>\n<\/ul>\n<\/div>\n<\/div>\n","protected":false},"excerpt":{"rendered":"<p>FLM\u2011420\u2011NAC\u2011S M\u00f3dulo de interconexi\u00f3n de dispositivos de se\u00f1alizaci\u00f3n &nbsp; Resumen del sistema Los m\u00f3dulos de activaci\u00f3n de dispositivos de se\u00f1alizaci\u00f3n FLM\u2011420\u2011NAC permiten controlar y activar un grupo de dispositivos de se\u00f1alizaci\u00f3n (NAC = Notification Appliance Circuit) convencionales. Cada m\u00f3dulo proporciona una l\u00ednea primaria supervisada. Esto&hellip;<\/p>\n","protected":false},"featured_media":5924,"comment_status":"open","ping_status":"closed","template":"","meta":{"om_disable_all_campaigns":false,"_monsterinsights_skip_tracking":false,"_monsterinsights_sitenote_active":false,"_monsterinsights_sitenote_note":"","_monsterinsights_sitenote_category":0},"product_brand":[],"product_cat":[505],"product_tag":[495,497,498,499,500,501,496,502],"class_list":{"0":"post-5925","1":"product","2":"type-product","3":"status-publish","4":"has-post-thumbnail","6":"product_cat-modulos-bosch-incendio-2","7":"product_tag-control-de-incendio","8":"product_tag-detectores","9":"product_tag-estacion-manual","10":"product_tag-estrobos-y-sirenas","11":"product_tag-modulos","12":"product_tag-paneles-de-control","13":"product_tag-sistemas-de-incendio","14":"product_tag-teclados","16":"first","17":"instock","18":"sale","19":"taxable","20":"shipping-taxable","21":"purchasable","22":"product-type-simple"},"aioseo_notices":[],"_links":{"self":[{"href":"https:\/\/tecsecmty.com\/index.php\/wp-json\/wp\/v2\/product\/5925","targetHints":{"allow":["GET"]}}],"collection":[{"href":"https:\/\/tecsecmty.com\/index.php\/wp-json\/wp\/v2\/product"}],"about":[{"href":"https:\/\/tecsecmty.com\/index.php\/wp-json\/wp\/v2\/types\/product"}],"replies":[{"embeddable":true,"href":"https:\/\/tecsecmty.com\/index.php\/wp-json\/wp\/v2\/comments?post=5925"}],"version-history":[{"count":0,"href":"https:\/\/tecsecmty.com\/index.php\/wp-json\/wp\/v2\/product\/5925\/revisions"}],"wp:featuredmedia":[{"embeddable":true,"href":"https:\/\/tecsecmty.com\/index.php\/wp-json\/wp\/v2\/media\/5924"}],"wp:attachment":[{"href":"https:\/\/tecsecmty.com\/index.php\/wp-json\/wp\/v2\/media?parent=5925"}],"wp:term":[{"taxonomy":"product_brand","embeddable":true,"href":"https:\/\/tecsecmty.com\/index.php\/wp-json\/wp\/v2\/product_brand?post=5925"},{"taxonomy":"product_cat","embeddable":true,"href":"https:\/\/tecsecmty.com\/index.php\/wp-json\/wp\/v2\/product_cat?post=5925"},{"taxonomy":"product_tag","embeddable":true,"href":"https:\/\/tecsecmty.com\/index.php\/wp-json\/wp\/v2\/product_tag?post=5925"}],"curies":[{"name":"wp","href":"https:\/\/api.w.org\/{rel}","templated":true}]}}