{"id":5929,"date":"2023-02-23T11:43:17","date_gmt":"2023-02-23T17:43:17","guid":{"rendered":"https:\/\/tecsecmty.com\/index.php\/producto\/bosch-f_flm420o1i1e-modulo-de-interconexion-de-entrada-y-salida-version-integrada\/"},"modified":"2023-03-22T23:21:09","modified_gmt":"2023-03-23T05:21:09","slug":"bosch-f_flm420o1i1e-modulo-de-interconexion-de-entrada-y-salida-version-integrada","status":"publish","type":"product","link":"https:\/\/tecsecmty.com\/index.php\/producto\/bosch-f_flm420o1i1e-modulo-de-interconexion-de-entrada-y-salida-version-integrada\/","title":{"rendered":"BOSCH F_FLM420O1I1E- MODULO DE INTERCONEXION DE ENTRADA Y SALIDA\/ VERSION INTEGRADA"},"content":{"rendered":"<h5 class=\"card-title text-center\">M\u00f3dulo de interconexi\u00f3n de entrada y salida FLM\u2011420\u2011O1I1\u2011E<\/h5>\n<p class=\"ql-align-justify\">L<strong>os m\u00f3dulos de entrada y salida FLM\u2011420\u2011O1I1 est\u00e1n equipados con una salida para controlar dispositivos externos y con una entrada supervisada.<\/strong>\u00a0Son elementos LSN de 2 cables para conectarse a la central de incendios FPA-5000 y FPA-1200 y que ofrecen funciones mejoradas de la tecnolog\u00eda LSN improved.<\/p>\n<p class=\"ql-align-justify\"><strong>Funciones b\u00e1sicas<\/strong><\/p>\n<p class=\"ql-align-justify\"><strong>Salida<\/strong><\/p>\n<p class=\"ql-align-justify\">La salida est\u00e1 aislada el\u00e9ctricamente del lazo LSN y protegida contra cortocircuitos.<\/p>\n<p class=\"ql-align-justify\"><strong>Salida de fuente de alimentaci\u00f3n<\/strong><\/p>\n<p class=\"ql-align-justify\">La fuente de alimentaci\u00f3n para cargas conectadas a la salida pueden seleccionarse como:<\/p>\n<ul>\n<li class=\"ql-align-justify\">Fuente de alimentaci\u00f3n auxiliar de la central de incendios.<\/li>\n<li class=\"ql-align-justify\">Fuentes de alimentaci\u00f3n externas.<\/li>\n<\/ul>\n<p class=\"ql-align-justify\"><strong>Funciones de control de entrada<\/strong><\/p>\n<p class=\"ql-align-justify\">El m\u00f3dulo de entrada y salida FLM\u2011420\u2011O1I1 ofrece dos funciones de control: 1. Control de una l\u00ednea mediante una resistencia RFL 2.<\/p>\n<p class=\"ql-align-justify\"><strong>Control de un contacto sin tensi\u00f3n<\/strong><\/p>\n<p class=\"ql-align-justify\">Las funciones de control de entrada pueden seleccionarse mediante el ajuste de las direcciones correspondientes. Supervisi\u00f3n de l\u00ednea con resistencia final de l\u00ednea La resistencia RFL tiene una resistencia est\u00e1ndar de 3,9 k\u03a9.<\/p>\n<p class=\"ql-align-justify\">El m\u00f3dulo de campo detecta:<\/p>\n<ul>\n<li class=\"ql-align-justify\">En reposo.<\/li>\n<li class=\"ql-align-justify\">Activaci\u00f3n en caso de cortocircuito.<\/li>\n<li class=\"ql-align-justify\">Activaci\u00f3n en caso de interrupci\u00f3n de l\u00ednea.<\/li>\n<\/ul>\n<p class=\"ql-align-justify\"><strong>Control de contacto<\/strong><\/p>\n<p class=\"ql-align-justify\">El m\u00f3dulo de campo eval\u00faa el funcionamiento de las l\u00edneas \u00ababiertas\u00bb o \u00abcerradas\u00bb. Se puede programar la condici\u00f3n de funcionamiento normal para cada entrada. El control de los contactos tiene una intensidad de impulsos de 8 mA.<\/p>\n<p class=\"ql-align-justify\"><strong>Interruptores de direcciones<\/strong><\/p>\n<p class=\"ql-align-justify\">El ajuste de las direcciones de los m\u00f3dulos de campo se realiza mediante:<\/p>\n<ul>\n<li class=\"ql-align-justify\">Interruptores DIP para el FLM\u2011420\u2011O1I1\u2011E.<\/li>\n<li class=\"ql-align-justify\">Interruptores giratorios para el FLM\u2011420\u2011O1I1\u2011D.<\/li>\n<\/ul>\n<p class=\"ql-align-justify\">Al conectar el campo LSN improved, el operador puede seleccionar entre un direccionamiento autom\u00e1tico o manual, con o sin detecci\u00f3n autom\u00e1tica.<\/p>\n<p class=\"ql-align-justify\"><strong>Caracter\u00edsticas de LSN<\/strong><\/p>\n<p class=\"ql-align-justify\">Los aisladores integrados garantizan que se mantenga el funcionamiento en caso de cortocircuito o una interrupci\u00f3n de l\u00ednea en el lazo LSN. Se env\u00eda un mensaje de aver\u00eda a la central de incendios.<\/p>\n<p class=\"ql-align-justify\"><strong>Caracter\u00edsticas de la versi\u00f3n LSN improved<\/strong><\/p>\n<p class=\"ql-align-justify\">Los m\u00f3dulos de campo de la serie 420 proporcionan todas las caracter\u00edsticas de la tecnolog\u00eda LSN improved:<\/p>\n<ul>\n<li class=\"ql-align-justify\">Estructuras de red flexibles, incluyendo derivaciones en T sin elementos adicionales.<\/li>\n<li class=\"ql-align-justify\">Hasta 254 elementos LSN improved por l\u00ednea de lazos o ramal.<\/li>\n<li class=\"ql-align-justify\">Posibilidad de uso de cable sin protecci\u00f3n.<\/li>\n<\/ul>\n<p class=\"ql-align-justify\"><strong>Variantes de interconexi\u00f3n<\/strong><\/p>\n<p class=\"ql-align-justify\"><strong>Los m\u00f3dulos de interconexi\u00f3n de entrada y salida est\u00e1n disponibles en diferentes dise\u00f1os:<\/strong><\/p>\n<ul>\n<li class=\"ql-align-justify\"><strong>FLM\u2011420\u2011O1I1\u2011E, versi\u00f3n integrada:\u00a0<\/strong>Apto para cajas el\u00e9ctricas est\u00e1ndar seg\u00fan la norma EN 60670 y para ahorrar espacio en la instalaci\u00f3n de los dispositivos.<\/li>\n<li class=\"ql-align-justify\"><strong>FLM\u2011420\u2011O1I1\u2011D, versi\u00f3n en carril DIN:<\/strong>\u00a0Apto para su instalaci\u00f3n en un carril DIN seg\u00fan la norma EN 60715, con adaptador incluido y para la carcasa para montaje en superficie FLM\u2011IFB126\u2011S.<\/li>\n<\/ul>\n<p class=\"ql-align-justify\"><strong>Certificados y homologaciones<\/strong><\/p>\n<p class=\"ql-align-justify\"><strong>Cumple con la norma<\/strong><\/p>\n<ul>\n<li class=\"ql-align-justify\">EN 54-17: 2005<\/li>\n<li class=\"ql-align-justify\">EN 54-18: 2005 + AC:2007<\/li>\n<\/ul>\n<p class=\"ql-align-justify\"><strong>Alemania VdS<\/strong><\/p>\n<ul>\n<li class=\"ql-align-justify\">G 209070 FLM-420-O1I1-E.<\/li>\n<li class=\"ql-align-justify\">G 209069 FLM-420-O1I1-D.<\/li>\n<\/ul>\n<p class=\"ql-align-justify\"><strong>Europa<\/strong><\/p>\n<ul>\n<li class=\"ql-align-justify\">CE: FLM-420-O1I1-E y FLM-420-O1I1-D.<\/li>\n<li class=\"ql-align-justify\">CPD: 0786-CPD-20714 FLM-420-O1I1-E 0786-CPD-20715 FLM-420-O1I1-D.<\/li>\n<\/ul>\n<p class=\"ql-align-justify\"><strong>Hungr\u00eda<\/strong><\/p>\n<ul>\n<li class=\"ql-align-justify\">TMT TMT-36\/2010 szamu FLM-420-O8I2-S, FLM-420-O1I1-E, FLM-420-O1I1-D, FLM-420-RLE-S.<\/li>\n<\/ul>\n<p class=\"ql-align-justify\"><strong>Planificaci\u00f3n<\/strong><\/p>\n<ul>\n<li class=\"ql-align-justify\">Se puede conectar a las centrales de incendios FPA\u20115000 y FPA\u20111200.<\/li>\n<li class=\"ql-align-justify\">La programaci\u00f3n se realiza con el software de programaci\u00f3n de la central de incendios.<\/li>\n<li class=\"ql-align-justify\">La conexi\u00f3n LSN se establece mediante los dos hilos de la l\u00ednea LSN.<\/li>\n<li class=\"ql-align-justify\">La fuente de alimentaci\u00f3n de la salida puede estar alimentada por la fuente de alimentaci\u00f3n auxiliar, por la central de incendios o por una unidad de fuente de alimentaci\u00f3n externa. Las fuentes de alimentaci\u00f3n externas no deben tener toma de tierra.<\/li>\n<li class=\"ql-align-justify\">Las salidas OUT\/OUT- se conmutan con la tensi\u00f3n negativa del m\u00f3dulo de campo (POWER IN\/0V). La tensi\u00f3n positiva (OUT\/POW+) procede de la fuente de alimentaci\u00f3n auxiliar (AUX), de la central de incendios o de una unidad de fuente de alimentaci\u00f3n externa.<\/li>\n<li class=\"ql-align-justify\">La tensi\u00f3n conmutable m\u00e1xima de la salida semiconductora es de 30 V CC. La tensi\u00f3n conmutable m\u00e1xima es de 700 mA (dependiendo de la fuente de alimentaci\u00f3n externa).<\/li>\n<li class=\"ql-align-justify\">La activaci\u00f3n de la entrada IN debe llevarse a cabo con aislamiento el\u00e9ctrico de LSN (como contactos rel\u00e9, pulsador, etc.).<\/li>\n<li class=\"ql-align-justify\">La entrada debe tener un tiempo de activaci\u00f3n m\u00ednimo de 3,2 segundos.<\/li>\n<li class=\"ql-align-justify\">Se permite una longitud de cable m\u00e1xima de 3 m por entrada y salida.<\/li>\n<li class=\"ql-align-justify\">La longitud de cable m\u00e1xima de todas las entradas conectadas al lazo o ramal es de 500 m en total. Adem\u00e1s, todas las salidas que no est\u00e9n aisladas el\u00e9ctricamente de LSN deben incluirse en el c\u00e1lculo de longitud total de la l\u00ednea (por ejemplo, los perif\u00e9ricos conectados mediante los puntos C). Con UEZ 2000 LSN y UGM 2020, la limitaci\u00f3n de 500 m se aplica a todos los convertidores de procesamiento de red (NVU).<\/li>\n<li class=\"ql-align-justify\">El m\u00f3dulo de campo tiene bloques de bornes que permiten enlazar un segundo par de hilos de alimentaci\u00f3n auxiliar para alimentar con LSN a los elementos siguientes:<\/li>\n<li class=\"ql-align-justify\">Para el funcionamiento de un sistema contra incendios de acuerdo con la norma EN 54-2, los m\u00f3dulos de interconexi\u00f3n utilizados para activar el equipo de protecci\u00f3n contra incendios (cuyas salidas no est\u00e9n controladas) se deben instalar junto al dispositivo que se activar\u00e1 o en su interior.<\/li>\n<\/ul>\n<p class=\"ql-align-justify\"><strong>Piezas incluidas<\/strong><\/p>\n<ul>\n<li class=\"ql-align-justify\">1 M\u00f3dulo de interconexi\u00f3n de entrada y salida integrado FLM-420- O1I1-E.<\/li>\n<\/ul>\n<p class=\"ql-align-justify\"><strong>Nota: M\u00f3dulo de interconexi\u00f3n de entrada y salida FLM\u2011420\u2011O1I1\u2011E<\/strong><\/p>\n<p class=\"ql-align-justify\"><strong>M\u00f3dulo de interconexi\u00f3n de entrada y salida con una salida de colector abierto y una entrada supervisada, versi\u00f3n integrada.<\/strong><\/p>\n<p class=\"ql-align-justify\"><strong>Numero de pedido: FLM\u2011420\u2011O1I1\u2011E<\/strong><\/p>\n<p class=\"ql-align-justify\"><strong>Principales caracter\u00edsticas<\/strong><\/p>\n<ul>\n<li class=\"ql-align-justify\">Las salidas disponen de aislamiento el\u00e9ctrico del lazo LSN y est\u00e1n protegidas contra cortocircuitos.<\/li>\n<li class=\"ql-align-justify\">Corriente conmutable m\u00e1x. por salida: 700 mA.<\/li>\n<li class=\"ql-align-justify\">Selecci\u00f3n individual de las funciones de control (RFL o contacto).<\/li>\n<li class=\"ql-align-justify\">Mantiene las funciones de lazo LSN en caso de interrupci\u00f3n en los cables o cortocuircuito gracias a dos aisladores integrados.<\/li>\n<\/ul>\n<p class=\"ql-align-justify\"><strong>Especificaciones<\/strong><\/p>\n<p class=\"ql-align-justify\"><strong>El\u00e9ctricas<\/strong><\/p>\n<p class=\"ql-align-justify\"><strong>LSN<\/strong><\/p>\n<ul>\n<li class=\"ql-align-justify\">Tensi\u00f3n de entrada LSN De 15 V CC a 33 V CC.<\/li>\n<li class=\"ql-align-justify\">Consumo de corriente m\u00e1ximo de LSN 1,9 mA.<\/li>\n<\/ul>\n<p class=\"ql-align-justify\"><strong>Salida<\/strong><\/p>\n<ul>\n<li class=\"ql-align-justify\">Tensi\u00f3n conmutable m\u00e1xima de la salida 30 VCC.<\/li>\n<li class=\"ql-align-justify\">Corriente de salida conmutable m\u00e1x. 700 mA (seg\u00fan la fuente de alimentaci\u00f3n externa).<\/li>\n<li class=\"ql-align-justify\">Alimentaci\u00f3n externa De 5 V CC a 30 V CC.<\/li>\n<\/ul>\n<p class=\"ql-align-justify\"><strong>Entrada<\/strong><\/p>\n<p class=\"ql-align-justify\"><strong>Control de l\u00ednea con RFL<\/strong><\/p>\n<ul>\n<li class=\"ql-align-justify\">Resistencia RFL Nominal, 3,9 k\u2126.<\/li>\n<li class=\"ql-align-justify\">Resistencia general de la l\u00ednea R\u03a3 con R\u03a3 = RL\/ 1 + RL\/2 + RRFL.<\/li>\n<li class=\"ql-align-justify\">Reposo: 1.500 \u2126 a 6.000 \u2126.<\/li>\n<li class=\"ql-align-justify\">Cortocircuito: &lt; 800 \u2126.<\/li>\n<li class=\"ql-align-justify\">Interrupci\u00f3n de l\u00ednea: &gt; 12.000 \u2126.<\/li>\n<\/ul>\n<p class=\"ql-align-justify\"><strong>Control de contacto<\/strong><\/p>\n<ul>\n<li class=\"ql-align-justify\">Potencia de corriente m\u00e1xima (impulso de corriente) 8 mA.<\/li>\n<li class=\"ql-align-justify\">Tiempo de activaci\u00f3n m\u00ednimo de la entrada 3,2 s.<\/li>\n<\/ul>\n<p class=\"ql-align-justify\"><strong>Mec\u00e1nicas<\/strong><\/p>\n<p class=\"ql-align-justify\"><strong>Conexiones<\/strong><\/p>\n<ul>\n<li class=\"ql-align-justify\">FLM-420-O1I1-E 14 bornes.<\/li>\n<li class=\"ql-align-justify\">Di\u00e1metro de cable permitido: De 0,6 mm2 a 2,0 mm2.<\/li>\n<li class=\"ql-align-justify\">Ajuste de direcciones: 8 interruptores DIP.<\/li>\n<li class=\"ql-align-justify\">Material de la carcasa: Mezcla ABS\/PC.<\/li>\n<li class=\"ql-align-justify\">Color de la carcasa: Blanco, RAL 9003.<\/li>\n<li class=\"ql-align-justify\">Dimensiones Aprox.: De 50 mm x 22 mm (\u00d8 x Al.).<\/li>\n<li class=\"ql-align-justify\">Peso Aprox.: De 35 g \/ 170 g.<\/li>\n<\/ul>\n<p class=\"ql-align-justify\"><strong>Ambientales<\/strong><\/p>\n<ul>\n<li class=\"ql-align-justify\">Temperatura de funcionamiento permitida: De -20 \u00b0C a +65 \u00b0C.<\/li>\n<li class=\"ql-align-justify\">Temperatura de almacenamiento permitida: De -25 \u00b0C a +80 \u00b0C.<\/li>\n<li class=\"ql-align-justify\">Humedad relativa permitida: &lt; 96% (sin condensaci\u00f3n).<\/li>\n<li class=\"ql-align-justify\">Clases de instalaci\u00f3n seg\u00fan IEC 60950.<\/li>\n<li class=\"ql-align-justify\">Instalaci\u00f3n clase III.<\/li>\n<li class=\"ql-align-justify\">Clase de protecci\u00f3n seg\u00fan IEC 60529 IP 30.<\/li>\n<\/ul>\n<p><img decoding=\"async\" class=\"overview-center-img-web\" src=\"https:\/\/tvc.mx\/media\/37986\/Logoopaginas-oficial-1920x400.png\" alt=\"\" \/><\/p>\n","protected":false},"excerpt":{"rendered":"<p>M\u00f3dulo de interconexi\u00f3n de entrada y salida FLM\u2011420\u2011O1I1\u2011E Los m\u00f3dulos de entrada y salida FLM\u2011420\u2011O1I1 est\u00e1n equipados con una salida para controlar dispositivos externos y con una entrada supervisada.\u00a0Son elementos LSN de 2 cables para conectarse a la central de incendios FPA-5000 y FPA-1200 y&hellip;<\/p>\n","protected":false},"featured_media":5928,"comment_status":"open","ping_status":"closed","template":"","meta":{"om_disable_all_campaigns":false,"_monsterinsights_skip_tracking":false,"_monsterinsights_sitenote_active":false,"_monsterinsights_sitenote_note":"","_monsterinsights_sitenote_category":0},"product_brand":[],"product_cat":[505],"product_tag":[495,497,498,499,500,501,496,502],"class_list":{"0":"post-5929","1":"product","2":"type-product","3":"status-publish","4":"has-post-thumbnail","6":"product_cat-modulos-bosch-incendio-2","7":"product_tag-control-de-incendio","8":"product_tag-detectores","9":"product_tag-estacion-manual","10":"product_tag-estrobos-y-sirenas","11":"product_tag-modulos","12":"product_tag-paneles-de-control","13":"product_tag-sistemas-de-incendio","14":"product_tag-teclados","16":"first","17":"instock","18":"sale","19":"taxable","20":"shipping-taxable","21":"purchasable","22":"product-type-simple"},"aioseo_notices":[],"_links":{"self":[{"href":"https:\/\/tecsecmty.com\/index.php\/wp-json\/wp\/v2\/product\/5929","targetHints":{"allow":["GET"]}}],"collection":[{"href":"https:\/\/tecsecmty.com\/index.php\/wp-json\/wp\/v2\/product"}],"about":[{"href":"https:\/\/tecsecmty.com\/index.php\/wp-json\/wp\/v2\/types\/product"}],"replies":[{"embeddable":true,"href":"https:\/\/tecsecmty.com\/index.php\/wp-json\/wp\/v2\/comments?post=5929"}],"version-history":[{"count":0,"href":"https:\/\/tecsecmty.com\/index.php\/wp-json\/wp\/v2\/product\/5929\/revisions"}],"wp:featuredmedia":[{"embeddable":true,"href":"https:\/\/tecsecmty.com\/index.php\/wp-json\/wp\/v2\/media\/5928"}],"wp:attachment":[{"href":"https:\/\/tecsecmty.com\/index.php\/wp-json\/wp\/v2\/media?parent=5929"}],"wp:term":[{"taxonomy":"product_brand","embeddable":true,"href":"https:\/\/tecsecmty.com\/index.php\/wp-json\/wp\/v2\/product_brand?post=5929"},{"taxonomy":"product_cat","embeddable":true,"href":"https:\/\/tecsecmty.com\/index.php\/wp-json\/wp\/v2\/product_cat?post=5929"},{"taxonomy":"product_tag","embeddable":true,"href":"https:\/\/tecsecmty.com\/index.php\/wp-json\/wp\/v2\/product_tag?post=5929"}],"curies":[{"name":"wp","href":"https:\/\/api.w.org\/{rel}","templated":true}]}}