{"id":5935,"date":"2023-02-23T11:43:25","date_gmt":"2023-02-23T17:43:25","guid":{"rendered":"https:\/\/tecsecmty.com\/index.php\/producto\/bosch-f_flm420rles-modulo-de-campo-para-sistemas-de-extinsion\/"},"modified":"2023-03-22T23:21:09","modified_gmt":"2023-03-23T05:21:09","slug":"bosch-f_flm420rles-modulo-de-campo-para-sistemas-de-extinsion","status":"publish","type":"product","link":"https:\/\/tecsecmty.com\/index.php\/producto\/bosch-f_flm420rles-modulo-de-campo-para-sistemas-de-extinsion\/","title":{"rendered":"BOSCH F_FLM420RLES- MODULO DE CAMPO PARA SISTEMAS DE EXTINSION"},"content":{"rendered":"<h5 class=\"card-title text-center\">FLM-420-RLE-S M\u00f3dulo extinci\u00f3n<\/h5>\n<p class=\"ql-align-justify\"><strong>El m\u00f3dulo FLM-420-RLE-S se utiliza para el control y activaci\u00f3n supervisados de los sistemas de extinci\u00f3n conectados a la red de seguridad local (LSN).<\/strong><\/p>\n<p class=\"ql-align-justify\"><strong>Funciones b\u00e1sicas<\/strong><\/p>\n<p class=\"ql-align-justify\">El M\u00f3dulo FLM-420-RLE-S est\u00e1 equipado con un rel\u00e9 de bajo voltaje para conectar un sistema de extinci\u00f3n a una central de incendios LSN. Las dos l\u00edneas de retroalimentaci\u00f3n permiten al m\u00f3dulo FLM-420-RLE-S enviar una se\u00f1al en caso de que se produzca una aver\u00eda o la activaci\u00f3n del sistema de extinci\u00f3n. Est\u00e1n indicadas mediante un LED amarillo y rojo. Las l\u00edneas de retroalimentaci\u00f3n se pueden utilizar tambi\u00e9n como l\u00edneas de entrada independientes para el control supervisado de distintos perif\u00e9ricos. La direcci\u00f3n del m\u00f3dulo de campo se define configurando los interruptores giratorios de la manera adecuada.<\/p>\n<p class=\"ql-align-justify\"><strong>Ajuste de la direcci\u00f3n (interruptores giratorios 1-3)<\/strong><\/p>\n<ul>\n<li class=\"ql-align-justify\">0 0 0 Lazo\/ramal en modo LSN improved version con direccionamiento autom\u00e1tico (no son posibles derivaciones en T).<\/li>\n<li class=\"ql-align-justify\">0 0 1 &#8211; 254 Sistema de lazo\/ramal\/derivaci\u00f3n en T en modo LSN improved con direccionamiento manual.<\/li>\n<li class=\"ql-align-justify\">CL 0 0 Lazo\/ramal en modo LSN cl\u00e1sico.<\/li>\n<\/ul>\n<p class=\"ql-align-justify\"><strong>Caracter\u00edsticas de la versi\u00f3n LSN improved<\/strong><\/p>\n<p class=\"ql-align-justify\">Los m\u00f3dulos de campo de la serie 420 proporcionan todas las caracter\u00edsticas de la tecnolog\u00eda LSN improved:<\/p>\n<ul>\n<li class=\"ql-align-justify\">Estructuras de red flexibles, incluyendo derivaciones en T sin elementos adicionales.<\/li>\n<li class=\"ql-align-justify\">Hasta 254 elementos LSN improved por lazo o ramal.<\/li>\n<li class=\"ql-align-justify\">Posibilidad de uso de cables sin protecci\u00f3n.<\/li>\n<li class=\"ql-align-justify\">Compatible con versiones anteriores de paneles de control y sistemas LSN existentes.<\/li>\n<\/ul>\n<p class=\"ql-align-justify\"><strong>Aisladores de cortocircuitos<\/strong><\/p>\n<p class=\"ql-align-justify\">Los aisladores integrados garantizan que se mantenga el funcionamiento en caso de cortocircuito o una interrupci\u00f3n de l\u00ednea en el lazo LSN (seg\u00fan EN 54-17). Se env\u00eda un mensaje de aver\u00eda a la central de incendios.<\/p>\n<p class=\"ql-align-justify\"><strong>Certificaciones y aprobaciones<\/strong><\/p>\n<p class=\"ql-align-justify\"><strong>Cumple con EN 54\u201117:2005, EN 54-18:2005 y VdS 2496<\/strong><\/p>\n<p class=\"ql-align-justify\"><strong>Regi\u00f3n Marcas de calidad\/cumplimiento normativo<\/strong><\/p>\n<ul>\n<li class=\"ql-align-justify\">Alemania VdS G 209085 FLM-420-RLE-S.<\/li>\n<li class=\"ql-align-justify\">Europa CE FLM-420-RLE-S CPD 0786-CPD-20725 FLM-420-RLE-S.<\/li>\n<li class=\"ql-align-justify\">Hungr\u00eda TMT TMT-36\/2010 szamu FLM-420-O8I2-S, FLM-420-O1I1-E, FLM-420-O1I1-D, FLM-420-RLE-S.<\/li>\n<li class=\"ql-align-justify\">Ucrania MOE UA1.016.0120702-11 FLM-420-RLE-S.<\/li>\n<\/ul>\n<p class=\"ql-align-justify\"><strong>Notas de configuraci\u00f3n\/instalaci\u00f3n<\/strong><\/p>\n<ul>\n<li class=\"ql-align-justify\">Se puede conectar a las centrales de incendios FPA-5000 y FPA-1200 y a los paneles de control LSN cl\u00e1sicos BZ 500 LSN, UEZ 2000 LSN y UGM 2020 (desde la versi\u00f3n 4.83 del software WinPara).<\/li>\n<li class=\"ql-align-justify\">El m\u00f3dulo FLM-420-RLE-S se puede montar en superficie con la carcasa proporcionada o montarse en un ra\u00edl DIN sin la carcasa. Se incluye un adaptador de ra\u00edl DIN.<\/li>\n<\/ul>\n<p class=\"ql-align-justify\"><strong>Piezas incluidas<\/strong><\/p>\n<p class=\"ql-align-justify\"><strong>Canti dad Componente<\/strong><\/p>\n<ul>\n<li class=\"ql-align-justify\">1 M\u00f3dulo interfaz de extinci\u00f3n FLM-420-RLE-S.<\/li>\n<li class=\"ql-align-justify\">1 Carcasa para montaje en superficie.<\/li>\n<li class=\"ql-align-justify\">1 Adaptador de carril DIN.<\/li>\n<li class=\"ql-align-justify\">2 Resistencias de 3,3 kOhm.<\/li>\n<li class=\"ql-align-justify\">2 Resistencias de 680 ohmios.<\/li>\n<\/ul>\n<p class=\"ql-align-justify\"><strong>Nota: FLM-420-RLE-S M\u00f3dulo extinci\u00f3n<\/strong><\/p>\n<p class=\"ql-align-justify\"><strong>El m\u00f3dulo FLM-420-RLE-S se utiliza para el control y activaci\u00f3n supervisados de los sistemas de extinci\u00f3n.<\/strong><\/p>\n<p class=\"ql-align-justify\"><strong>N\u00famero de pedido: FLM-420-RLE-S<\/strong><\/p>\n<p class=\"ql-align-justify\"><strong>Principales caracter\u00edsticas<\/strong><\/p>\n<ul>\n<li class=\"ql-align-justify\">Interruptores giratorios para la configuraci\u00f3n manual o autom\u00e1tica de la direcci\u00f3n.<\/li>\n<li class=\"ql-align-justify\">2 l\u00edneas de entrada pueden utilizarse como entradas independientes.<\/li>\n<li class=\"ql-align-justify\">Pantalla LED para la indicaci\u00f3n de estado.<\/li>\n<li class=\"ql-align-justify\">Fuente de alimentaci\u00f3n, a trav\u00e9s de LSN.<\/li>\n<li class=\"ql-align-justify\">Montaje en carril DIN o en superficie.<\/li>\n<\/ul>\n<p class=\"ql-align-justify\"><strong>Especificaciones<\/strong><\/p>\n<p class=\"ql-align-justify\"><strong>El\u00e9ctricas<\/strong><\/p>\n<ul>\n<li class=\"ql-align-justify\">Tensi\u00f3n de entrada: De 15 V CC a 33 V CC.<\/li>\n<li class=\"ql-align-justify\">Consumo de corriente m\u00e1ximo: 7,9 mA.<\/li>\n<\/ul>\n<p class=\"ql-align-justify\"><strong>Activaci\u00f3n del sistema de extinci\u00f3n<\/strong><\/p>\n<ul>\n<li class=\"ql-align-justify\">Tras la inicializaci\u00f3n\/en reposo 3,3 kilohmios.<\/li>\n<li class=\"ql-align-justify\">Durante la alarma 680 Ohm.<\/li>\n<li class=\"ql-align-justify\">Tensi\u00f3n de supervisi\u00f3n m\u00e1xima 6 V.<\/li>\n<li class=\"ql-align-justify\">Corriente de supervisi\u00f3n m\u00e1xima 1,5 mA (cortocircuito de l\u00ednea).<\/li>\n<\/ul>\n<p class=\"ql-align-justify\"><strong>Mec\u00e1nicos<\/strong><\/p>\n<ul>\n<li class=\"ql-align-justify\">Elementos de funcionamiento\/indicadores 2 LED (1 amarillo, 1 rojo).<\/li>\n<\/ul>\n<p class=\"ql-align-justify\"><strong>Configuraci\u00f3n de direcci\u00f3n 3 interruptores giratorios para:<\/strong><\/p>\n<ul>\n<li class=\"ql-align-justify\">Modo LSN cl\u00e1sico o LSN improved.<\/li>\n<li class=\"ql-align-justify\">Asignaci\u00f3n de direcciones autom\u00e1tica o manual.<\/li>\n<li class=\"ql-align-justify\">Conexi\u00f3n 8 bornes.<\/li>\n<\/ul>\n<p class=\"ql-align-justify\"><strong>Material<\/strong><\/p>\n<ul>\n<li class=\"ql-align-justify\">M\u00f3dulo interfaz PPO (Noryl).<\/li>\n<li class=\"ql-align-justify\">Carcasa para montaje en superficie Mezcla ABS\/PC.<\/li>\n<\/ul>\n<p class=\"ql-align-justify\"><strong>Color<\/strong><\/p>\n<ul>\n<li class=\"ql-align-justify\">M\u00f3dulo interfaz Gris claro, similar a RAL 9002.<\/li>\n<li class=\"ql-align-justify\">Carcasa Blanco, RAL 9003.<\/li>\n<\/ul>\n<p class=\"ql-align-justify\"><strong>Dimensiones<\/strong><\/p>\n<ul>\n<li class=\"ql-align-justify\">Con carcasa Aprox. 126 x 126 x 71 mm (4,96 x 4,96 x 2,8 pulg.)<\/li>\n<li class=\"ql-align-justify\">Sin carcasa (con adaptador de carril DIN) Aprox. 110 x 110 x 48 mm (4,33 x 4,33 x 1,89 pulg.)<\/li>\n<\/ul>\n<p class=\"ql-align-justify\"><strong>Peso<\/strong><\/p>\n<ul>\n<li class=\"ql-align-justify\">Con carcasa Aprox. 390 g (13,8 onzas).<\/li>\n<li class=\"ql-align-justify\">Sin carcasa Aprox. 150 g (5,3 onzas).<\/li>\n<\/ul>\n<p class=\"ql-align-justify\"><strong>Ambientales<\/strong><\/p>\n<ul>\n<li class=\"ql-align-justify\">Temperatura de funcionamiento permitida: De -20 \u00b0C a 50 \u00b0C (de -4 \u00b0F a 122 \u00b0F).<\/li>\n<li class=\"ql-align-justify\">Temperatura de almacenamiento permitida: De -25 \u00b0C a +85 \u00b0C (de -13 \u00b0F a 176 \u00b0F).<\/li>\n<li class=\"ql-align-justify\">Humedad relativa permitida: De &lt; 96 %.<\/li>\n<li class=\"ql-align-justify\">Clases de equipo seg\u00fan IEC 60950 Equipo de Clase III.<\/li>\n<li class=\"ql-align-justify\">Clase de protecci\u00f3n seg\u00fan IEC 60529: IP 54.<\/li>\n<\/ul>\n<p><img decoding=\"async\" class=\"overview-center-img-web\" src=\"https:\/\/tvc.mx\/media\/37773\/Logoopaginas-oficial-1920x400.png\" alt=\"\" \/><\/p>\n","protected":false},"excerpt":{"rendered":"<p>FLM-420-RLE-S M\u00f3dulo extinci\u00f3n El m\u00f3dulo FLM-420-RLE-S se utiliza para el control y activaci\u00f3n supervisados de los sistemas de extinci\u00f3n conectados a la red de seguridad local (LSN). Funciones b\u00e1sicas El M\u00f3dulo FLM-420-RLE-S est\u00e1 equipado con un rel\u00e9 de bajo voltaje para conectar un sistema de&hellip;<\/p>\n","protected":false},"featured_media":5934,"comment_status":"open","ping_status":"closed","template":"","meta":{"om_disable_all_campaigns":false,"_monsterinsights_skip_tracking":false,"_monsterinsights_sitenote_active":false,"_monsterinsights_sitenote_note":"","_monsterinsights_sitenote_category":0},"product_brand":[],"product_cat":[505],"product_tag":[495,497,498,499,500,501,496,502],"class_list":{"0":"post-5935","1":"product","2":"type-product","3":"status-publish","4":"has-post-thumbnail","6":"product_cat-modulos-bosch-incendio-2","7":"product_tag-control-de-incendio","8":"product_tag-detectores","9":"product_tag-estacion-manual","10":"product_tag-estrobos-y-sirenas","11":"product_tag-modulos","12":"product_tag-paneles-de-control","13":"product_tag-sistemas-de-incendio","14":"product_tag-teclados","16":"first","17":"instock","18":"sale","19":"taxable","20":"shipping-taxable","21":"purchasable","22":"product-type-simple"},"aioseo_notices":[],"_links":{"self":[{"href":"https:\/\/tecsecmty.com\/index.php\/wp-json\/wp\/v2\/product\/5935","targetHints":{"allow":["GET"]}}],"collection":[{"href":"https:\/\/tecsecmty.com\/index.php\/wp-json\/wp\/v2\/product"}],"about":[{"href":"https:\/\/tecsecmty.com\/index.php\/wp-json\/wp\/v2\/types\/product"}],"replies":[{"embeddable":true,"href":"https:\/\/tecsecmty.com\/index.php\/wp-json\/wp\/v2\/comments?post=5935"}],"version-history":[{"count":0,"href":"https:\/\/tecsecmty.com\/index.php\/wp-json\/wp\/v2\/product\/5935\/revisions"}],"wp:featuredmedia":[{"embeddable":true,"href":"https:\/\/tecsecmty.com\/index.php\/wp-json\/wp\/v2\/media\/5934"}],"wp:attachment":[{"href":"https:\/\/tecsecmty.com\/index.php\/wp-json\/wp\/v2\/media?parent=5935"}],"wp:term":[{"taxonomy":"product_brand","embeddable":true,"href":"https:\/\/tecsecmty.com\/index.php\/wp-json\/wp\/v2\/product_brand?post=5935"},{"taxonomy":"product_cat","embeddable":true,"href":"https:\/\/tecsecmty.com\/index.php\/wp-json\/wp\/v2\/product_cat?post=5935"},{"taxonomy":"product_tag","embeddable":true,"href":"https:\/\/tecsecmty.com\/index.php\/wp-json\/wp\/v2\/product_tag?post=5935"}],"curies":[{"name":"wp","href":"https:\/\/api.w.org\/{rel}","templated":true}]}}