{"id":5939,"date":"2023-02-23T11:43:31","date_gmt":"2023-02-23T17:43:31","guid":{"rendered":"https:\/\/tecsecmty.com\/index.php\/producto\/bosch-f_flm420rlv1e-modulo-de-interconexion-de-relay-de-baja-tension\/"},"modified":"2023-03-22T23:21:09","modified_gmt":"2023-03-23T05:21:09","slug":"bosch-f_flm420rlv1e-modulo-de-interconexion-de-relay-de-baja-tension","status":"publish","type":"product","link":"https:\/\/tecsecmty.com\/index.php\/producto\/bosch-f_flm420rlv1e-modulo-de-interconexion-de-relay-de-baja-tension\/","title":{"rendered":"BOSCH F_FLM420RLV1E &#8211; Modulo de interconexion de RELAY de baja tension"},"content":{"rendered":"<h5 class=\"card-title text-center\">FLM\u2011420\u2011RLV1\u2011E M\u00f3dulo de interconexi\u00f3n de rel\u00e9<\/h5>\n<p class=\"ql-align-justify\"><strong>Los m\u00f3dulos de interconexi\u00f3n de rel\u00e9 de baja tensi\u00f3n FLM-420-RLV1 incluyen un rel\u00e9 de contacto de conmutaci\u00f3n que proporciona un contacto de salida sin tensi\u00f3n. Se trata de elementos LSN a 2 hilos.<\/strong>\u00a0Al conectarlo a las centrales de incendios FPA-5000 y FPA-1200, el modulo de campo ofrece la funcionalidad mejorada de la tecnolog\u00eda LSN improved.<\/p>\n<p class=\"ql-align-justify\"><strong>Caracter\u00edsticas de LSN<\/strong><\/p>\n<p class=\"ql-align-justify\">Los aisladores integrados garantizan que se mantenga el funcionamiento en caso de cortocircuito o una interrupci\u00f3n de l\u00ednea en el lazo LSN. Se env\u00eda un mensaje de aver\u00eda a la central de incendios.<\/p>\n<p class=\"ql-align-justify\"><strong>Caracter\u00edsticas de la versi\u00f3n LSN improved<\/strong><\/p>\n<p class=\"ql-align-justify\">Los m\u00f3dulos de campo de la serie 420 proporcionan todas las caracter\u00edsticas de la tecnolog\u00eda LSN improved:<\/p>\n<ul>\n<li class=\"ql-align-justify\">Estructuras de red flexibles, incluyendo derivaciones en T sin elementos adicionales.<\/li>\n<li class=\"ql-align-justify\">Hasta 254 elementos LSN improved por lazo o ramal.<\/li>\n<li class=\"ql-align-justify\">Posibilidad de uso de cable sin protecci\u00f3n.<\/li>\n<li class=\"ql-align-justify\">Compatible con versiones anteriores de sistemas LSN y centrales existentes.<\/li>\n<\/ul>\n<p class=\"ql-align-justify\"><strong>Variantes de interconexi\u00f3n<\/strong><\/p>\n<p class=\"ql-align-justify\"><strong>Hay distintos dise\u00f1os de m\u00f3dulos de interfaz de entrada disponibles:<\/strong><\/p>\n<ul>\n<li class=\"ql-align-justify\"><strong>Tipo FLM\u2011420\u2011RLV1\u2011E integrado:<\/strong>\u00a0&#8211; Se puede integrar en cajas el\u00e9ctricas est\u00e1ndar seg\u00fan la norma EN 60670 &#8211; Para ahorrar espacio al instalarlo en dispositivos.<\/li>\n<li class=\"ql-align-justify\"><strong>Tipo de carril FLM\u2011420\u2011RLV1\u2011D:<\/strong>\u00a0&#8211; Para instalaci\u00f3n de un carril DIN seg\u00fan la norma EN 60715, con adaptador incluido &#8211; Se puede integrar en una carcasa de montaje en superficie FLM\u2011IFB126\u2011S.<\/li>\n<\/ul>\n<p class=\"ql-align-justify\"><strong>Funciones b\u00e1sicas<\/strong><\/p>\n<p class=\"ql-align-justify\"><strong>Interruptores de direcciones<\/strong><\/p>\n<p class=\"ql-align-justify\"><strong>Puede ajustar las direcciones de los m\u00f3dulos de campo con los siguientes elementos:<\/strong><\/p>\n<ul>\n<li class=\"ql-align-justify\">Conmutadores DIP para FLM\u2011420\u2011RLV1\u2011E.<\/li>\n<li class=\"ql-align-justify\">Interruptores giratorios para FLM\u2011420\u2011RLV1\u2011D.<\/li>\n<\/ul>\n<p class=\"ql-align-justify\">Al conectarlos a la central de incendios modular FPA-5000 (modo LSN improved), el operador puede seleccionar entre el direccionamiento autom\u00e1tico o manual, con o sin detecci\u00f3n autom\u00e1tica. En el modo LSN cl\u00e1sico, se puede establecer una conexi\u00f3n con las centrales de incendios BZ 500 LSN, UEZ 2000 LSN y UGM 2020.<\/p>\n<p class=\"ql-align-justify\"><strong>Certificados y homologaciones<\/strong><\/p>\n<p class=\"ql-align-justify\"><strong>Cumple con la norma:<\/strong><\/p>\n<ul>\n<li class=\"ql-align-justify\"><strong>EN54-17:2005.<\/strong><\/li>\n<li class=\"ql-align-justify\"><strong>EN54-18:2005.<\/strong><\/li>\n<\/ul>\n<p class=\"ql-align-justify\"><strong>Planificaci\u00f3n<\/strong><\/p>\n<ul>\n<li class=\"ql-align-justify\">Se puede conectar a las centrales de incendios FPA\u20115000 y FPA\u20111200 y a las centrales LSN cl\u00e1sicas de BZ 500 LSN, UEZ 2000 LSN y UGM 2020.<\/li>\n<li class=\"ql-align-justify\">La programaci\u00f3n se realiza con el software de programaci\u00f3n de la central de incendios.<\/li>\n<li class=\"ql-align-justify\">El dispositivo conectado debe tener un tiempo de activaci\u00f3n m\u00ednimo de 20 ms.<\/li>\n<li class=\"ql-align-justify\">La conexi\u00f3n LSN se establece mediante los dos cables de la l\u00ednea LSN.<\/li>\n<li class=\"ql-align-justify\">La versi\u00f3n integrada (-E) incluye terminales que permiten enlazar un segundo par de hilos a la fuente de alimentaci\u00f3n LSN de los dem\u00e1s elementos.<\/li>\n<li class=\"ql-align-justify\">Para el funcionamiento de un sistema contra incendios de acuerdo con la norma EN 54-2, los m\u00f3dulos de interconexi\u00f3n utilizados para activar el equipo de protecci\u00f3n contra incendios (cuyas salidas no est\u00e9n controladas) se deben instalar junto al dispositivo que se activar\u00e1 o en su interior.<\/li>\n<\/ul>\n<p class=\"ql-align-justify\"><strong>Nota: FLM\u2011420\u2011RLV1\u2011E M\u00f3dulo de interconexi\u00f3n de rel\u00e9<\/strong><\/p>\n<p class=\"ql-align-justify\"><strong>M\u00f3dulo de interconexi\u00f3n de rel\u00e9 de baja tensi\u00f3n con 1 salida de rel\u00e9 integrada.<\/strong><\/p>\n<p class=\"ql-align-justify\"><strong>Numero de pedido: FLM-420-RLV1-E.<\/strong><\/p>\n<p class=\"ql-align-justify\"><strong>Principales caracter\u00edsticas<\/strong><\/p>\n<ul>\n<li class=\"ql-align-justify\">Corriente de conmutaci\u00f3n m\u00e1xima de 5 A (carril DIN) \/ 1 A (integrado).<\/li>\n<li class=\"ql-align-justify\">Bajo consumo de corriente.<\/li>\n<li class=\"ql-align-justify\">Dos aisladores integrados que conservan las funciones del lazo LSN en caso de cortocircuito o interrupci\u00f3n de cables.<\/li>\n<\/ul>\n<p class=\"ql-align-justify\"><strong>Especificaciones<\/strong><\/p>\n<p class=\"ql-align-justify\"><strong>El\u00e9ctricos<\/strong><\/p>\n<p class=\"ql-align-justify\"><strong>LSN<\/strong><\/p>\n<ul>\n<li class=\"ql-align-justify\">Tensi\u00f3n de entrada LSN 15 V CC a 33 V CC (m\u00edn. a m\u00e1x.).<\/li>\n<li class=\"ql-align-justify\">Consumo de corriente m\u00e1ximo de LSN 1,75 mA.<\/li>\n<\/ul>\n<p class=\"ql-align-justify\"><strong>Carga de contacto (carga resistiva en ohmios) FLM\u2011420\u2011RLV1\u2011E<\/strong><\/p>\n<ul>\n<li class=\"ql-align-justify\">Corriente de conmutaci\u00f3n m\u00e1x. 1 A.<\/li>\n<li class=\"ql-align-justify\">Tensi\u00f3n de conmutaci\u00f3n m\u00e1x. 30 V CC.<\/li>\n<li class=\"ql-align-justify\">Corriente de conmutaci\u00f3n m\u00edn. 0,01 mA.<\/li>\n<li class=\"ql-align-justify\">Tensi\u00f3n de conmutaci\u00f3n m\u00edn. 10 mV CC.<\/li>\n<\/ul>\n<p class=\"ql-align-justify\"><strong>Mec\u00e1nica<\/strong><\/p>\n<p class=\"ql-align-justify\"><strong>Conexiones<\/strong><\/p>\n<ul>\n<li class=\"ql-align-justify\">FLM-420-RLV1-E 12 bornes.<\/li>\n<li class=\"ql-align-justify\">Secci\u00f3n transversal del cable permitida: 0,6 a 2 mm2.<\/li>\n<li class=\"ql-align-justify\">Ajuste de direcciones: 8 interruptores DIP<\/li>\n<li class=\"ql-align-justify\">Material de la carcasa: Mezcla ABS\/PC.<\/li>\n<li class=\"ql-align-justify\">Color: Blanco, RAL 9003.<\/li>\n<li class=\"ql-align-justify\">Dimensiones: Aprox. 50 mm x 22 mm (\u00d8 x Al.).<\/li>\n<li class=\"ql-align-justify\">Peso:Aprox. 35 g \/ 130 g.<\/li>\n<\/ul>\n<p class=\"ql-align-justify\"><strong>Ambientales<\/strong><\/p>\n<ul>\n<li class=\"ql-align-justify\">Temperatura de funcionamiento permitida: De -20 \u00b0C a +55 \u00b0C.<\/li>\n<li class=\"ql-align-justify\">Temperatura de almacenamiento permitida: De -25 \u00b0C a +80 \u00b0C.<\/li>\n<li class=\"ql-align-justify\">Humedad rel. permitida: &lt; 96% (sin condensaci\u00f3n).<\/li>\n<li class=\"ql-align-justify\">Clases de equipo seg\u00fan: IEC 60950.<\/li>\n<li class=\"ql-align-justify\">Equipo clase III.<\/li>\n<li class=\"ql-align-justify\">Clase de protecci\u00f3n seg\u00fan.<\/li>\n<li class=\"ql-align-justify\">IEC 60529.<\/li>\n<li class=\"ql-align-justify\">IP 30.<\/li>\n<\/ul>\n<p><img decoding=\"async\" class=\"overview-center-img-web\" src=\"https:\/\/tvc.mx\/media\/29993\/Logoopaginas-oficial-1920x400.png\" alt=\"\" \/><\/p>\n","protected":false},"excerpt":{"rendered":"<p>FLM\u2011420\u2011RLV1\u2011E M\u00f3dulo de interconexi\u00f3n de rel\u00e9 Los m\u00f3dulos de interconexi\u00f3n de rel\u00e9 de baja tensi\u00f3n FLM-420-RLV1 incluyen un rel\u00e9 de contacto de conmutaci\u00f3n que proporciona un contacto de salida sin tensi\u00f3n. Se trata de elementos LSN a 2 hilos.\u00a0Al conectarlo a las centrales de incendios&hellip;<\/p>\n","protected":false},"featured_media":5938,"comment_status":"open","ping_status":"closed","template":"","meta":{"om_disable_all_campaigns":false,"_monsterinsights_skip_tracking":false,"_monsterinsights_sitenote_active":false,"_monsterinsights_sitenote_note":"","_monsterinsights_sitenote_category":0},"product_brand":[],"product_cat":[505],"product_tag":[495,497,498,499,500,501,496,502],"class_list":{"0":"post-5939","1":"product","2":"type-product","3":"status-publish","4":"has-post-thumbnail","6":"product_cat-modulos-bosch-incendio-2","7":"product_tag-control-de-incendio","8":"product_tag-detectores","9":"product_tag-estacion-manual","10":"product_tag-estrobos-y-sirenas","11":"product_tag-modulos","12":"product_tag-paneles-de-control","13":"product_tag-sistemas-de-incendio","14":"product_tag-teclados","16":"first","17":"instock","18":"sale","19":"taxable","20":"shipping-taxable","21":"purchasable","22":"product-type-simple"},"aioseo_notices":[],"_links":{"self":[{"href":"https:\/\/tecsecmty.com\/index.php\/wp-json\/wp\/v2\/product\/5939","targetHints":{"allow":["GET"]}}],"collection":[{"href":"https:\/\/tecsecmty.com\/index.php\/wp-json\/wp\/v2\/product"}],"about":[{"href":"https:\/\/tecsecmty.com\/index.php\/wp-json\/wp\/v2\/types\/product"}],"replies":[{"embeddable":true,"href":"https:\/\/tecsecmty.com\/index.php\/wp-json\/wp\/v2\/comments?post=5939"}],"version-history":[{"count":0,"href":"https:\/\/tecsecmty.com\/index.php\/wp-json\/wp\/v2\/product\/5939\/revisions"}],"wp:featuredmedia":[{"embeddable":true,"href":"https:\/\/tecsecmty.com\/index.php\/wp-json\/wp\/v2\/media\/5938"}],"wp:attachment":[{"href":"https:\/\/tecsecmty.com\/index.php\/wp-json\/wp\/v2\/media?parent=5939"}],"wp:term":[{"taxonomy":"product_brand","embeddable":true,"href":"https:\/\/tecsecmty.com\/index.php\/wp-json\/wp\/v2\/product_brand?post=5939"},{"taxonomy":"product_cat","embeddable":true,"href":"https:\/\/tecsecmty.com\/index.php\/wp-json\/wp\/v2\/product_cat?post=5939"},{"taxonomy":"product_tag","embeddable":true,"href":"https:\/\/tecsecmty.com\/index.php\/wp-json\/wp\/v2\/product_tag?post=5939"}],"curies":[{"name":"wp","href":"https:\/\/api.w.org\/{rel}","templated":true}]}}