{"id":5941,"date":"2023-02-23T11:43:33","date_gmt":"2023-02-23T17:43:33","guid":{"rendered":"https:\/\/tecsecmty.com\/index.php\/producto\/bosch-f_flm420rlv8s-modulo-de-interconexion-de-ocho-reles-de-baja-tension\/"},"modified":"2023-03-22T23:21:09","modified_gmt":"2023-03-23T05:21:09","slug":"bosch-f_flm420rlv8s-modulo-de-interconexion-de-ocho-reles-de-baja-tension","status":"publish","type":"product","link":"https:\/\/tecsecmty.com\/index.php\/producto\/bosch-f_flm420rlv8s-modulo-de-interconexion-de-ocho-reles-de-baja-tension\/","title":{"rendered":"BOSCH F_FLM420RLV8S- MODULO DE INTERCONEXION DE OCHO RELES DE BAJA TENSION"},"content":{"rendered":"<h5 class=\"card-title text-center\">FLM\u2011420\u2011RLV8\u2011S M\u00f3dulo de interconexi\u00f3n de ocho rel\u00e9s de baja tensi\u00f3n<\/h5>\n<p class=\"ql-align-justify\"><strong>El m\u00f3dulo de campo FLM\u2011420\u2011RLV8\u2011S de baja tensi\u00f3n incluye ocho rel\u00e9s de contacto de conmutaci\u00f3n que proporcionan contactos de salida sin tensi\u00f3n<\/strong>. Es un elemento LSN de 2 hilos. Al conectarlo a las centrales de incendios FPA\u20115000 y FPA\u20111200, el m\u00f3dulo de campo ofrece las funciones ampliadas de la tecnolog\u00eda LSN improved.<\/p>\n<p class=\"ql-align-justify\"><strong>Funciones b\u00e1sicas<\/strong><\/p>\n<p class=\"ql-align-justify\"><strong>Funci\u00f3n de rel\u00e9<\/strong><\/p>\n<p class=\"ql-align-justify\">Los ocho rel\u00e9s de contacto de conmutaci\u00f3n FLM\u2011420\u2011RLV8\u2011S permiten la conexi\u00f3n por separado de hasta ocho elementos externos individuales. La carga de contacto m\u00e1xima (carga resistiva) es de 2 A \/ 30 VCC.<\/p>\n<p class=\"ql-align-justify\"><strong>Interruptores de direcciones<\/strong><\/p>\n<p class=\"ql-align-justify\">Las direcciones de los m\u00f3dulos de campo est\u00e1n configuradas por interruptores giratorios. En caso de conexi\u00f3n a la versi\u00f3n LSN improved de la red de seguridad local, el operador puede seleccionar entre un direccionamiento autom\u00e1tico o manual, con o sin detecci\u00f3n autom\u00e1tica. En el modo LSN cl\u00e1sico, se puede establecer una conexi\u00f3n con las centrales de incendios BZ 500 LSN, UEZ 2000 LSN y UGM 2020.<\/p>\n<p class=\"ql-align-justify\"><strong>Caracter\u00edsticas de LSN<\/strong><\/p>\n<p class=\"ql-align-justify\">Los aisladores integrados garantizan que se mantenga el funcionamiento en caso de cortocircuito o una interrupci\u00f3n de l\u00ednea en el lazo LSN. Se env\u00eda un mensaje de aver\u00eda a la central de incendios.<\/p>\n<p class=\"ql-align-justify\"><strong>Caracter\u00edsticas de la versi\u00f3n LSN improved<\/strong><\/p>\n<p class=\"ql-align-justify\">Los m\u00f3dulos de interconexi\u00f3n de la serie 420 tienen todas las caracter\u00edsticas de la tecnolog\u00eda LSN improved:<\/p>\n<ul>\n<li class=\"ql-align-justify\">Estructuras de red flexibles, incluyendo derivaciones en T sin elementos adicionales.<\/li>\n<li class=\"ql-align-justify\">Hasta 254 elementos LSN improved por l\u00ednea de lazos o ramal.<\/li>\n<li class=\"ql-align-justify\">Posibilidad de uso de cable sin protecci\u00f3n.<\/li>\n<li class=\"ql-align-justify\">Compatible con versiones anteriores de sistemas LSN y centrales existentes.<\/li>\n<\/ul>\n<p class=\"ql-align-justify\"><strong>Certificados y homologaciones<\/strong><\/p>\n<p class=\"ql-align-justify\">Cumple con la norma:<\/p>\n<ul>\n<li class=\"ql-align-justify\">EN54-17:2005.<\/li>\n<li class=\"ql-align-justify\">EN54-18:2005.<\/li>\n<\/ul>\n<p class=\"ql-align-justify\"><strong>Planificaci\u00f3n<\/strong><\/p>\n<ul>\n<li class=\"ql-align-justify\">Se pueden conectar a las centrales de incendios FPA\u20115000 y FPA\u20111200 y a las centrales de incendios LSN cl\u00e1sicas BZ 500 LSN, UEZ 2000 LSN y UGM 2020.<\/li>\n<li class=\"ql-align-justify\">La programaci\u00f3n se realiza con el software de programaci\u00f3n de la central de incendios.<\/li>\n<li class=\"ql-align-justify\">La conexi\u00f3n LSN se establece mediante los dos hilos de la l\u00ednea LSN.<\/li>\n<li class=\"ql-align-justify\">El m\u00f3dulo de campo tiene bloques de bornes que permiten enlazar un segundo par de hilos de alimentaci\u00f3n auxiliar para alimentar a los elementos siguientes.<\/li>\n<li class=\"ql-align-justify\">Los cables est\u00e1n alimentados mediante manguitos de goma o prensaestopas PG.<\/li>\n<li class=\"ql-align-justify\">Los bloques de bornes enchufables permiten un cableado sencillo, incluso si el m\u00f3dulo de campo se encuentra integrado.<\/li>\n<li class=\"ql-align-justify\">Utilice los separadores que se incluyen cuando realice un montaje en superficies desiguales.<\/li>\n<li class=\"ql-align-justify\">Para el funcionamiento de un sistema contra incendios conforme a la norma EN 54\u20112, los m\u00f3dulos de interconexi\u00f3n utilizados para activar el equipo de protecci\u00f3n contra incendios (cuyas salidas no est\u00e9n controladas) se deben instalar junto al dispositivo a activar o en su interior.<\/li>\n<\/ul>\n<p class=\"ql-align-justify\"><strong>Piezas incluidas\u00a0<\/strong><\/p>\n<ul>\n<li class=\"ql-align-justify\">1 M\u00f3dulo de ocho Rel\u00e9s de Baja Tensi\u00f3n, carcasa para montaje en superficie FLM-420-RLV8-S.<\/li>\n<\/ul>\n<p class=\"ql-align-justify\"><strong>Nota: FLM\u2011420\u2011RLV8\u2011S M\u00f3dulo de interconexi\u00f3n de ocho rel\u00e9s de baja tensi\u00f3n<\/strong><\/p>\n<p class=\"ql-align-justify\"><strong>Elementos LSN a dos hilos con ocho rel\u00e9s de contacto de conmutaci\u00f3n que proporcionan contactos de salida sin tensi\u00f3n, carcasa para montaje en superficie.<\/strong><\/p>\n<p class=\"ql-align-justify\"><strong>Numero pedido: FLM-420-RLV8-S\u00a0<\/strong><\/p>\n<p class=\"ql-align-justify\"><strong>Principales caracter\u00edsticas<\/strong><\/p>\n<ul>\n<li class=\"ql-align-justify\">M\u00e1xima capacidad de conmutaci\u00f3n de los rel\u00e9s de 2 A \/ 30 VCC.<\/li>\n<li class=\"ql-align-justify\">Bajo consumo de corriente.<\/li>\n<li class=\"ql-align-justify\">Dos aisladores integrados que conservan las funciones del lazo LSN en caso de cortocircuito o interrupci\u00f3n de cables.<\/li>\n<li class=\"ql-align-justify\">Cableado sencillo gracias a los bloques de bornes conectables.<\/li>\n<\/ul>\n<p class=\"ql-align-justify\"><strong>Especificaciones<\/strong><\/p>\n<p class=\"ql-align-justify\"><strong>Datos el\u00e9ctricos<\/strong><\/p>\n<p class=\"ql-align-justify\"><strong>LSN<\/strong><\/p>\n<ul>\n<li class=\"ql-align-justify\">Tensi\u00f3n de entrada LSN De 15 V CC a 33 V CC (de m\u00edn. a m\u00e1x.).<\/li>\n<li class=\"ql-align-justify\">Consumo de corriente m\u00e1ximo de LSN 3,55 mA.<\/li>\n<\/ul>\n<p class=\"ql-align-justify\"><strong>8 rel\u00e9s (baja tensi\u00f3n) (Contacto NC \/ COM \/ contacto NO)<\/strong><\/p>\n<p class=\"ql-align-justify\">Carga de contacto (carga resistiva)<\/p>\n<ul>\n<li class=\"ql-align-justify\">Corriente de conmutaci\u00f3n m\u00e1x. 2 A.<\/li>\n<li class=\"ql-align-justify\">Tensi\u00f3n de conmutaci\u00f3n m\u00e1x. 30 V CC.<\/li>\n<li class=\"ql-align-justify\">Corriente de conmutaci\u00f3n m\u00edn. 0,01 mA.<\/li>\n<li class=\"ql-align-justify\">Tensi\u00f3n de conmutaci\u00f3n m\u00edn. 10 mV CC.<\/li>\n<\/ul>\n<p class=\"ql-align-justify\"><strong>Mec\u00e1nicas<\/strong><\/p>\n<ul>\n<li class=\"ql-align-justify\">Conexiones Bornes Di\u00e1metro del cable De 0,6 a 3,3 mm2.<\/li>\n<li class=\"ql-align-justify\">Ajuste de direcciones 3 conmutadores giratorios.<\/li>\n<li class=\"ql-align-justify\">Material ABS + PC-FR.<\/li>\n<li class=\"ql-align-justify\">Color de la carcasa Blanco, RAL 9003.<\/li>\n<li class=\"ql-align-justify\">Dimensiones Aprox. de 140 mm x 200 mm x 48 mm (An. x Al. x Pr.)<\/li>\n<li class=\"ql-align-justify\">Peso (sin\/con embalaje) Aprox. de 490 g \/ 810 g.<\/li>\n<\/ul>\n<p class=\"ql-align-justify\"><strong>Ambientales<\/strong><\/p>\n<ul>\n<li class=\"ql-align-justify\">Temperatura de funcionamiento permitida: De -20 \u00b0C a +65 \u00b0C.<\/li>\n<li class=\"ql-align-justify\">Temperatura de almacenamiento permitida: De -25 \u00b0C a +80 \u00b0C.<\/li>\n<li class=\"ql-align-justify\">Humedad relativa permitida &lt; 96% (sin condensaci\u00f3n).<\/li>\n<li class=\"ql-align-justify\">Clases de equipo seg\u00fan IEC 60950 Equipo de Clase III.<\/li>\n<li class=\"ql-align-justify\">Clase de protecci\u00f3n seg\u00fan IEC 60529 IP 54.<\/li>\n<\/ul>\n<p><img decoding=\"async\" class=\"overview-center-img-web\" src=\"https:\/\/tvc.mx\/media\/32342\/Logoopaginas-oficial-1920x400.png\" alt=\"\" \/><\/p>\n","protected":false},"excerpt":{"rendered":"<p>FLM\u2011420\u2011RLV8\u2011S M\u00f3dulo de interconexi\u00f3n de ocho rel\u00e9s de baja tensi\u00f3n El m\u00f3dulo de campo FLM\u2011420\u2011RLV8\u2011S de baja tensi\u00f3n incluye ocho rel\u00e9s de contacto de conmutaci\u00f3n que proporcionan contactos de salida sin tensi\u00f3n. Es un elemento LSN de 2 hilos. Al conectarlo a las centrales de&hellip;<\/p>\n","protected":false},"featured_media":5940,"comment_status":"open","ping_status":"closed","template":"","meta":{"om_disable_all_campaigns":false,"_monsterinsights_skip_tracking":false,"_monsterinsights_sitenote_active":false,"_monsterinsights_sitenote_note":"","_monsterinsights_sitenote_category":0},"product_brand":[],"product_cat":[505],"product_tag":[495,497,498,499,500,501,496,502],"class_list":{"0":"post-5941","1":"product","2":"type-product","3":"status-publish","4":"has-post-thumbnail","6":"product_cat-modulos-bosch-incendio-2","7":"product_tag-control-de-incendio","8":"product_tag-detectores","9":"product_tag-estacion-manual","10":"product_tag-estrobos-y-sirenas","11":"product_tag-modulos","12":"product_tag-paneles-de-control","13":"product_tag-sistemas-de-incendio","14":"product_tag-teclados","16":"first","17":"instock","18":"sale","19":"taxable","20":"shipping-taxable","21":"purchasable","22":"product-type-simple"},"aioseo_notices":[],"_links":{"self":[{"href":"https:\/\/tecsecmty.com\/index.php\/wp-json\/wp\/v2\/product\/5941","targetHints":{"allow":["GET"]}}],"collection":[{"href":"https:\/\/tecsecmty.com\/index.php\/wp-json\/wp\/v2\/product"}],"about":[{"href":"https:\/\/tecsecmty.com\/index.php\/wp-json\/wp\/v2\/types\/product"}],"replies":[{"embeddable":true,"href":"https:\/\/tecsecmty.com\/index.php\/wp-json\/wp\/v2\/comments?post=5941"}],"version-history":[{"count":0,"href":"https:\/\/tecsecmty.com\/index.php\/wp-json\/wp\/v2\/product\/5941\/revisions"}],"wp:featuredmedia":[{"embeddable":true,"href":"https:\/\/tecsecmty.com\/index.php\/wp-json\/wp\/v2\/media\/5940"}],"wp:attachment":[{"href":"https:\/\/tecsecmty.com\/index.php\/wp-json\/wp\/v2\/media?parent=5941"}],"wp:term":[{"taxonomy":"product_brand","embeddable":true,"href":"https:\/\/tecsecmty.com\/index.php\/wp-json\/wp\/v2\/product_brand?post=5941"},{"taxonomy":"product_cat","embeddable":true,"href":"https:\/\/tecsecmty.com\/index.php\/wp-json\/wp\/v2\/product_cat?post=5941"},{"taxonomy":"product_tag","embeddable":true,"href":"https:\/\/tecsecmty.com\/index.php\/wp-json\/wp\/v2\/product_tag?post=5941"}],"curies":[{"name":"wp","href":"https:\/\/api.w.org\/{rel}","templated":true}]}}