{"id":5943,"date":"2023-02-23T11:43:34","date_gmt":"2023-02-23T17:43:34","guid":{"rendered":"https:\/\/tecsecmty.com\/index.php\/producto\/bosch-f_flm7024iso-modulo-aislador-de-bus-mux\/"},"modified":"2023-03-22T23:21:09","modified_gmt":"2023-03-23T05:21:09","slug":"bosch-f_flm7024iso-modulo-aislador-de-bus-mux","status":"publish","type":"product","link":"https:\/\/tecsecmty.com\/index.php\/producto\/bosch-f_flm7024iso-modulo-aislador-de-bus-mux\/","title":{"rendered":"BOSCH F_FLM7024ISO- MODULO AISLADOR DE BUS MUX"},"content":{"rendered":"<h5 class=\"card-title text-center\">M\u00f3dulo aislador de bus MUX FLM-7024-ISO<\/h5>\n<p class=\"ql-align-justify\"><strong>El m\u00f3dulo aislador de bus MUX FLM-7024-ISO se coloca entre los dispositivos en el bus MUX.<\/strong>\u00a0Un cortocircuito en el bus provoca la activaci\u00f3n de los aisladores adyacentes a cualquiera de los lados del cortocircuito. Esto genera la separaci\u00f3n efectiva de todos los dispositivos situados entre los aisladores activados del resto del bus. As\u00ed, se evita la falla de todo el bus. Una vez que se resuelve el cortocircuito, los aisladores restablecen autom\u00e1ticamente la operaci\u00f3n normal del circuito completo.<\/p>\n<p class=\"ql-align-justify\">Funciones b\u00e1sicas<\/p>\n<p class=\"ql-align-justify\">LED de estado El LED de color amarillo se ilumina de manera fija cuando el aislador est\u00e1 activado.<\/p>\n<p class=\"ql-align-justify\">Es visible:<\/p>\n<ul>\n<li class=\"ql-align-justify\">En luz ambiente (de hasta 500 lx).<\/li>\n<li class=\"ql-align-justify\">A una distancia de 3 m.<\/li>\n<li class=\"ql-align-justify\">A un \u00e1ngulo de hasta 22,5\u00ba contra la normal a la superficie Certificados y homologaciones.<\/li>\n<\/ul>\n<p class=\"ql-align-justify\"><strong>Regi\u00f3n Certificaci\u00f3n<\/strong><\/p>\n<p class=\"ql-align-justify\"><strong>EE. UU.<\/strong><\/p>\n<ul>\n<li class=\"ql-align-justify\">UL ANSI\/UL 864, Control Units and Accessories for Fire Alarm Systems\u00bb (10th edition).<\/li>\n<li class=\"ql-align-justify\">CSFM see our website\u00a0.<\/li>\n<\/ul>\n<p class=\"ql-align-justify\"><strong>Planificaci\u00f3n<\/strong><\/p>\n<p class=\"ql-align-justify\"><strong>Productos compatibles<\/strong><\/p>\n<p class=\"ql-align-justify\">Los siguientes productos son compatibles con el m\u00f3dulo FLM-7024-ISO:<\/p>\n<p class=\"ql-align-justify\"><strong>Descripci\u00f3n del producto<\/strong><\/p>\n<ul>\n<li class=\"ql-align-justify\">Paneles de control: FPD-7024 FACP direccionables (v1.03 o superior).<\/li>\n<li class=\"ql-align-justify\">M\u00f3dulo requerido: FPE-7039 M\u00f3dulo de expansi\u00f3n MUX.<\/li>\n<\/ul>\n<p class=\"ql-align-justify\"><strong>Consideraciones sobre el montaje<\/strong><\/p>\n<p class=\"ql-align-justify\">El m\u00f3dulo se ensambla en una caja el\u00e9ctrica cuadrada de 4 pulgadas.<\/p>\n<p class=\"ql-align-justify\"><strong>Consideraciones sobre el cableado<\/strong><\/p>\n<p class=\"ql-align-justify\">El m\u00f3dulo admite cables de calibre entre 18 AWG (ISO 0,75 mm2 ) y 12 AWG (ISO 4 mm2 ).<\/p>\n<p class=\"ql-align-justify\">Nota: No utilice cables blindados. El cable de par trenzado no es recomendado, pero es aceptable si se reduce un 50% la longitud del cable.<\/p>\n<p class=\"ql-align-justify\"><strong>Piezas incluidas<\/strong><\/p>\n<p class=\"ql-align-justify\"><strong>Cantidad Componente<\/strong><\/p>\n<ul>\n<li class=\"ql-align-justify\">1 Base con panel de control.<\/li>\n<li class=\"ql-align-justify\">1 Cubierta con bisel.<\/li>\n<li class=\"ql-align-justify\">1 Paquete de 2 tornillos SCR STD TC632x0.500O2P-ST PLT.<\/li>\n<li class=\"ql-align-justify\">1 Folleter\u00eda: Manual de instalaci\u00f3n.<\/li>\n<\/ul>\n<p class=\"ql-align-justify\"><strong>Nota: M\u00f3dulo aislador de bus MUX FLM-7024-ISO<\/strong><\/p>\n<p class=\"ql-align-justify\"><strong>Este m\u00f3dulo se conecta al m\u00f3dulo de expansi\u00f3n FPE-7039 MUX en el FPD-7024 FACP sin usar una direcci\u00f3n de bus MUX. A\u00edsla la secci\u00f3n en corto en el SLC del resto del sistema a fin de minimizar la p\u00e9rdida de comunicaci\u00f3n.<\/strong><\/p>\n<p class=\"ql-align-justify\"><strong>N\u00famero de pedido: FLM-7024-ISO<\/strong><\/p>\n<p class=\"ql-align-justify\"><strong>Principales caracter\u00edsticas<\/strong><\/p>\n<ul>\n<li class=\"ql-align-justify\">Se instala f\u00e1cilmente en una caja el\u00e9ctrica cuadrada de 4 pulgadas.<\/li>\n<li class=\"ql-align-justify\">Un LED fijo de color amarillo indica que el aislador est\u00e1 activado.<\/li>\n<li class=\"ql-align-justify\">Puede cablearse como Clase X, Clase A o Clase B.<\/li>\n<\/ul>\n<p class=\"ql-align-justify\"><strong>Especificaciones<\/strong><\/p>\n<p class=\"ql-align-justify\"><strong>Datos el\u00e9ctricos<\/strong><\/p>\n<ul>\n<li class=\"ql-align-justify\">Corriente en reposo Actividad en reposo: De 0,1 mA 5 mA Voltaje (m\u00ednimo) y 8 V m\u00e1ximo (12 V CC nominal).<\/li>\n<\/ul>\n<p class=\"ql-align-justify\"><strong>Condiciones ambientales<\/strong><\/p>\n<ul>\n<li class=\"ql-align-justify\">Entorno: Interior, seco.<\/li>\n<li class=\"ql-align-justify\">Humedad relativa: Hasta un 95% sin condensaci\u00f3n.<\/li>\n<li class=\"ql-align-justify\">Temperatura (en funcionamiento): 0\u00b0C a +38\u00b0C (+32\u00b0F a +100\u00b0F).<\/li>\n<\/ul>\n<p class=\"ql-align-justify\"><strong>Datos mec\u00e1nicos<\/strong><\/p>\n<ul>\n<li class=\"ql-align-justify\">Color: Blanco.<\/li>\n<li class=\"ql-align-justify\">Dimensiones: De 10,9 cm (4,3125 pulg.) todos los lados por 2,7 cm (1,0625 pulg.) de profundidad.<\/li>\n<li class=\"ql-align-justify\">Material Pl\u00e1stico ABS.<\/li>\n<li class=\"ql-align-justify\">Peso: 110 g (3,9 onzas).<\/li>\n<li class=\"ql-align-justify\">Rendimiento Dispositivos: en grupo 25 Corto tiempo de demora 250 ms.<\/li>\n<\/ul>\n<p><img decoding=\"async\" class=\"overview-center-img-web\" src=\"https:\/\/tvc.mx\/media\/40329\/Logoopaginas-oficial-1920x400.png\" alt=\"\" \/><\/p>\n","protected":false},"excerpt":{"rendered":"<p>M\u00f3dulo aislador de bus MUX FLM-7024-ISO El m\u00f3dulo aislador de bus MUX FLM-7024-ISO se coloca entre los dispositivos en el bus MUX.\u00a0Un cortocircuito en el bus provoca la activaci\u00f3n de los aisladores adyacentes a cualquiera de los lados del cortocircuito. Esto genera la separaci\u00f3n efectiva&hellip;<\/p>\n","protected":false},"featured_media":5942,"comment_status":"open","ping_status":"closed","template":"","meta":{"om_disable_all_campaigns":false,"_monsterinsights_skip_tracking":false,"_monsterinsights_sitenote_active":false,"_monsterinsights_sitenote_note":"","_monsterinsights_sitenote_category":0},"product_brand":[],"product_cat":[505],"product_tag":[495,497,498,499,500,501,496,502],"class_list":{"0":"post-5943","1":"product","2":"type-product","3":"status-publish","4":"has-post-thumbnail","6":"product_cat-modulos-bosch-incendio-2","7":"product_tag-control-de-incendio","8":"product_tag-detectores","9":"product_tag-estacion-manual","10":"product_tag-estrobos-y-sirenas","11":"product_tag-modulos","12":"product_tag-paneles-de-control","13":"product_tag-sistemas-de-incendio","14":"product_tag-teclados","16":"first","17":"instock","18":"sale","19":"taxable","20":"shipping-taxable","21":"purchasable","22":"product-type-simple"},"aioseo_notices":[],"_links":{"self":[{"href":"https:\/\/tecsecmty.com\/index.php\/wp-json\/wp\/v2\/product\/5943","targetHints":{"allow":["GET"]}}],"collection":[{"href":"https:\/\/tecsecmty.com\/index.php\/wp-json\/wp\/v2\/product"}],"about":[{"href":"https:\/\/tecsecmty.com\/index.php\/wp-json\/wp\/v2\/types\/product"}],"replies":[{"embeddable":true,"href":"https:\/\/tecsecmty.com\/index.php\/wp-json\/wp\/v2\/comments?post=5943"}],"version-history":[{"count":0,"href":"https:\/\/tecsecmty.com\/index.php\/wp-json\/wp\/v2\/product\/5943\/revisions"}],"wp:featuredmedia":[{"embeddable":true,"href":"https:\/\/tecsecmty.com\/index.php\/wp-json\/wp\/v2\/media\/5942"}],"wp:attachment":[{"href":"https:\/\/tecsecmty.com\/index.php\/wp-json\/wp\/v2\/media?parent=5943"}],"wp:term":[{"taxonomy":"product_brand","embeddable":true,"href":"https:\/\/tecsecmty.com\/index.php\/wp-json\/wp\/v2\/product_brand?post=5943"},{"taxonomy":"product_cat","embeddable":true,"href":"https:\/\/tecsecmty.com\/index.php\/wp-json\/wp\/v2\/product_cat?post=5943"},{"taxonomy":"product_tag","embeddable":true,"href":"https:\/\/tecsecmty.com\/index.php\/wp-json\/wp\/v2\/product_tag?post=5943"}],"curies":[{"name":"wp","href":"https:\/\/api.w.org\/{rel}","templated":true}]}}