{"id":5945,"date":"2023-02-23T11:43:37","date_gmt":"2023-02-23T17:43:37","guid":{"rendered":"https:\/\/tecsecmty.com\/index.php\/producto\/bosch-f_flmi420s-modulo-aislador-de-cortocircuito\/"},"modified":"2023-03-22T23:21:10","modified_gmt":"2023-03-23T05:21:10","slug":"bosch-f_flmi420s-modulo-aislador-de-cortocircuito","status":"publish","type":"product","link":"https:\/\/tecsecmty.com\/index.php\/producto\/bosch-f_flmi420s-modulo-aislador-de-cortocircuito\/","title":{"rendered":"BOSCH F_FLMI420S &#8211; Modulo aislador de CORTOCIRCUITO"},"content":{"rendered":"<h5 class=\"card-title text-center\">Modulo aislador de cortocircuito FLM-I420-S<\/h5>\n<p class=\"ql-align-justify\">El aislador de cortocircuito a\u00edsla las zonas de alarma en las que un se ha producido un cortocircuito.\u00a0 Esto significa la funcionalidad de el resto de la red permanece preservado.<\/p>\n<p class=\"ql-align-justify\"><strong>Funciones b\u00e1sicas<\/strong><\/p>\n<p class=\"ql-align-justify\"><strong>Caracter\u00edsticas de LSN mejorado<\/strong><\/p>\n<p class=\"ql-align-justify\">Los m\u00f3dulos de interfaz de la serie 420 ofrecen todos los Caracter\u00edsticas de la tecnolog\u00eda LSN mejorada:<\/p>\n<ul>\n<li class=\"ql-align-justify\">Estructuras de red flexibles que incluyen T-tapping sin elementos adicionales<\/li>\n<li class=\"ql-align-justify\">Hasta 254 elementos mejorados LSN por bucle o trozo l\u00ednea<\/li>\n<li class=\"ql-align-justify\">Se puede usar cable sin blindaje<\/li>\n<\/ul>\n<p class=\"ql-align-justify\"><strong>Configuraci\u00f3n<\/strong><\/p>\n<p class=\"ql-align-justify\">El aislador de cortocircuito a\u00edsla las zonas de alarma en las que ha producido un cortocircuito.<\/p>\n<p class=\"ql-align-justify\"><strong>Notas de instalaci\u00f3n \/ configuraci\u00f3n<\/strong><\/p>\n<p class=\"ql-align-justify\">Deben tenerse en cuenta las normas y directrices nacionales cuenta durante la etapa de planificaci\u00f3n.<\/p>\n<p class=\"ql-align-justify\">La carcasa montada en superficie tiene dos conductos de cable en lados opuestos:<\/p>\n<ul>\n<li class=\"ql-align-justify\">2 x 2 preperforados para di\u00e1metros de hasta 21 mm \/ a 34 mm (para conductos).<\/li>\n<li class=\"ql-align-justify\">2 x 4 casquillos de goma para insertar cables con di\u00e1metros de hasta 8 mm.<\/li>\n<\/ul>\n<p class=\"ql-align-justify\">Adem\u00e1s, hay conductos para cables en la base del carcasa montada en superficie:<\/p>\n<ul>\n<li class=\"ql-align-justify\">1 x conductos de cable preperforados para di\u00e1metros de hasta 21 mm (para conductos)<\/li>\n<li class=\"ql-align-justify\">2 x 4 casquillos de goma para insertar cables con di\u00e1metros de hasta 8 mm.<\/li>\n<\/ul>\n<p class=\"ql-align-justify\">Conectable a las centrales de incendios FPA \u2011 5000 Modular y FPA \u2011 1200 con tecnolog\u00eda LSN versi\u00f3n mejorada.<\/p>\n<p class=\"ql-align-justify\"><strong>Piezas incluidas<\/strong><\/p>\n<ul>\n<li class=\"ql-align-justify\">1 aislador de cortocircuito con carcasa montada en superficie.<\/li>\n<li class=\"ql-align-justify\">1 adaptador de riel DIN<\/li>\n<\/ul>\n<p class=\"ql-align-justify\">Nota: Como alternativa al uso de la carcasa montada en superficie, el aislador puede ser montado en un riel DIN con el incluido adaptador.<\/p>\n<p class=\"ql-align-justify\"><strong>Nota: Modulo aislador de cortocircuito FLM-I420-S<\/strong><\/p>\n<p class=\"ql-align-justify\"><strong>Este aislador de cortocircuito para el aislamiento de zonas de alarma en las que un se ha producido un cortocircuito.<\/strong><\/p>\n<p class=\"ql-align-justify\"><strong>Numero de pedido: FLM-I 420-S.<\/strong><\/p>\n<p class=\"ql-align-justify\"><strong>Principales caracter\u00edsticas<\/strong><\/p>\n<ul>\n<li class=\"ql-align-justify\">Interruptor giratorio para direcci\u00f3n autom\u00e1tica y manual ajuste.<\/li>\n<li class=\"ql-align-justify\">Preservaci\u00f3n de las funciones de bucle LSN en caso de un cortocircuito por dos aisladores integrados.<\/li>\n<li class=\"ql-align-justify\">Fuente de alimentaci\u00f3n a trav\u00e9s de LSN.<\/li>\n<li class=\"ql-align-justify\">Tres terminales de tornillo libres.<\/li>\n<\/ul>\n<p class=\"ql-align-justify\"><strong>Especificaciones<\/strong><\/p>\n<p class=\"ql-align-justify\"><strong>El\u00e9ctricas<\/strong><\/p>\n<ul>\n<li class=\"ql-align-justify\">Voltaje de entrada 15 V CC a 33 V CCMax.<\/li>\n<\/ul>\n<p class=\"ql-align-justify\">Consumo actual<\/p>\n<ul>\n<li class=\"ql-align-justify\">Durante la inicializaci\u00f3n &lt;0.4 mA.<\/li>\n<li class=\"ql-align-justify\">Despu\u00e9s de la inicializaci\u00f3n &lt;0.25.<\/li>\n<\/ul>\n<p class=\"ql-align-justify\"><strong>Mec\u00e1nicas<\/strong><\/p>\n<p class=\"ql-align-justify\">Configuraci\u00f3n de LSN \/ Direcci\u00f3n 3 interruptores giratorios para:<\/p>\n<ul>\n<li class=\"ql-align-justify\">Modo LSN cl\u00e1sico o LSN mejorado versi\u00f3n.<\/li>\n<li class=\"ql-align-justify\">Direccionamiento autom\u00e1tico o manual.<\/li>\n<\/ul>\n<p class=\"ql-align-justify\">Material de la carcasa:<\/p>\n<ul>\n<li class=\"ql-align-justify\">M\u00f3dulo aislador PPO (Noryl).<\/li>\n<li class=\"ql-align-justify\">Carcasa de montaje en superficie ABS \/ PC-Blend.<\/li>\n<\/ul>\n<p class=\"ql-align-justify\">Color de la carcasa:<\/p>\n<ul>\n<li class=\"ql-align-justify\">M\u00f3dulo aislador Blanco hueso, similar a RAL 9002<\/li>\n<li class=\"ql-align-justify\">Carcasa de montaje en superficie Se\u00f1al blanca, RAL 9003<\/li>\n<\/ul>\n<p class=\"ql-align-justify\"><strong>Ambientales<\/strong><\/p>\n<ul>\n<li class=\"ql-align-justify\">Temperatura de funcionamiento permitida: De -20 \u00b0 C a 50 \u00b0 C (-4 \u00b0 F a 122 \u00b0 F)<\/li>\n<li class=\"ql-align-justify\">Temperatura de almacenamiento permitida: De -25 \u00b0 C a 85 \u00b0 C (-13 \u00b0 F a. 176 \u00b0 F)<\/li>\n<li class=\"ql-align-justify\">Humedad relativa permitida: &lt;96%.<\/li>\n<li class=\"ql-align-justify\">Clases de equipos seg\u00fan IEC 60950: Equipo de clase III<\/li>\n<li class=\"ql-align-justify\">Clase de protecci\u00f3n seg\u00fan IEC 60529: IP 54.<\/li>\n<\/ul>\n<p><img decoding=\"async\" class=\"overview-center-img-web\" src=\"https:\/\/tvc.mx\/media\/30033\/Logoopaginas-oficial-1920x400.png\" alt=\"\" \/><\/p>\n","protected":false},"excerpt":{"rendered":"<p>Modulo aislador de cortocircuito FLM-I420-S El aislador de cortocircuito a\u00edsla las zonas de alarma en las que un se ha producido un cortocircuito.\u00a0 Esto significa la funcionalidad de el resto de la red permanece preservado. Funciones b\u00e1sicas Caracter\u00edsticas de LSN mejorado Los m\u00f3dulos de interfaz&hellip;<\/p>\n","protected":false},"featured_media":5944,"comment_status":"open","ping_status":"closed","template":"","meta":{"om_disable_all_campaigns":false,"_monsterinsights_skip_tracking":false,"_monsterinsights_sitenote_active":false,"_monsterinsights_sitenote_note":"","_monsterinsights_sitenote_category":0},"product_brand":[],"product_cat":[505],"product_tag":[495,497,498,499,500,501,496,502],"class_list":{"0":"post-5945","1":"product","2":"type-product","3":"status-publish","4":"has-post-thumbnail","6":"product_cat-modulos-bosch-incendio-2","7":"product_tag-control-de-incendio","8":"product_tag-detectores","9":"product_tag-estacion-manual","10":"product_tag-estrobos-y-sirenas","11":"product_tag-modulos","12":"product_tag-paneles-de-control","13":"product_tag-sistemas-de-incendio","14":"product_tag-teclados","16":"first","17":"instock","18":"sale","19":"taxable","20":"shipping-taxable","21":"purchasable","22":"product-type-simple"},"aioseo_notices":[],"_links":{"self":[{"href":"https:\/\/tecsecmty.com\/index.php\/wp-json\/wp\/v2\/product\/5945","targetHints":{"allow":["GET"]}}],"collection":[{"href":"https:\/\/tecsecmty.com\/index.php\/wp-json\/wp\/v2\/product"}],"about":[{"href":"https:\/\/tecsecmty.com\/index.php\/wp-json\/wp\/v2\/types\/product"}],"replies":[{"embeddable":true,"href":"https:\/\/tecsecmty.com\/index.php\/wp-json\/wp\/v2\/comments?post=5945"}],"version-history":[{"count":0,"href":"https:\/\/tecsecmty.com\/index.php\/wp-json\/wp\/v2\/product\/5945\/revisions"}],"wp:featuredmedia":[{"embeddable":true,"href":"https:\/\/tecsecmty.com\/index.php\/wp-json\/wp\/v2\/media\/5944"}],"wp:attachment":[{"href":"https:\/\/tecsecmty.com\/index.php\/wp-json\/wp\/v2\/media?parent=5945"}],"wp:term":[{"taxonomy":"product_brand","embeddable":true,"href":"https:\/\/tecsecmty.com\/index.php\/wp-json\/wp\/v2\/product_brand?post=5945"},{"taxonomy":"product_cat","embeddable":true,"href":"https:\/\/tecsecmty.com\/index.php\/wp-json\/wp\/v2\/product_cat?post=5945"},{"taxonomy":"product_tag","embeddable":true,"href":"https:\/\/tecsecmty.com\/index.php\/wp-json\/wp\/v2\/product_tag?post=5945"}],"curies":[{"name":"wp","href":"https:\/\/api.w.org\/{rel}","templated":true}]}}