{"id":5947,"date":"2023-02-23T11:43:41","date_gmt":"2023-02-23T17:43:41","guid":{"rendered":"https:\/\/tecsecmty.com\/index.php\/producto\/bosch-f_flmifb126s-carcasa-para-montaje-en-superficie\/"},"modified":"2023-03-22T23:21:10","modified_gmt":"2023-03-23T05:21:10","slug":"bosch-f_flmifb126s-carcasa-para-montaje-en-superficie","status":"publish","type":"product","link":"https:\/\/tecsecmty.com\/index.php\/producto\/bosch-f_flmifb126s-carcasa-para-montaje-en-superficie\/","title":{"rendered":"BOSCH F_FLMIFB126S &#8211; Carcasa para montaje en superficie"},"content":{"rendered":"<h5 class=\"card-title text-center\">FLM\u2011IFB126\u2011S Carcasa para montaje en superficie<\/h5>\n<p class=\"ql-align-justify\"><strong>La carcasa para montaje en superficie FLM\u2011IFB126\u2011S funciona como retenedor para m\u00f3dulos de interconexi\u00f3n tipo carril DIN o como carcasa de repuesto para montaje en superficie de la serie 420.<\/strong><\/p>\n<p class=\"ql-align-justify\"><strong>Planificaci\u00f3n<\/strong><\/p>\n<p class=\"ql-align-justify\"><strong>La carcasa para montaje en superficie tiene dos conductos para cables en las caras opuestas:<\/strong><\/p>\n<ul>\n<li class=\"ql-align-justify\">2 x 2 conductos para cables pretaladrados para un di\u00e1metro de hasta 21 mm\/34 mm (para tubos).<\/li>\n<li class=\"ql-align-justify\">2 x 4 manguitos de goma con di\u00e1metros de hasta 8 mm.<\/li>\n<\/ul>\n<p class=\"ql-align-justify\"><strong>Adem\u00e1s, hay conductos para cables en la base de la carcasa para montaje en superficie:<\/strong><\/p>\n<ul>\n<li class=\"ql-align-justify\">1 x conducto para cables pretaladrado para un di\u00e1metro de hasta 21 mm (para tubos).<\/li>\n<li class=\"ql-align-justify\">2 x 4 manguitos de goma con di\u00e1metros de hasta 8 mm.<\/li>\n<\/ul>\n<p class=\"ql-align-justify\"><strong>Informaci\u00f3n sobre pedidos FLM\u2011IFB126\u2011S<\/strong><\/p>\n<p class=\"ql-align-justify\">Carcasa para montaje en superficie como retenedor para los m\u00f3dulos de interconexi\u00f3n de la serie 420, tipo de carril DIN (-D) o carcasa de repuesto para montaje en superficie (-S).<\/p>\n<p class=\"ql-align-justify\"><strong>Especificaciones t\u00e9cnicas:<\/strong><\/p>\n<ul>\n<li class=\"ql-align-justify\">Material Mezcla: ABS\/PC<\/li>\n<li class=\"ql-align-justify\">Color: Blanco (RAL 9003)<\/li>\n<li class=\"ql-align-justify\">Dimensiones: Aprox. 126 x 126 x 70 mm.<\/li>\n<li class=\"ql-align-justify\">Peso: Aprox. 235 g.<\/li>\n<\/ul>\n<p><img decoding=\"async\" class=\"overview-center-img- aligncenter\" src=\"https:\/\/tvc.mx\/media\/6252\/Logoopaginas-oficial.png\" alt=\"\" \/><\/p>\n","protected":false},"excerpt":{"rendered":"<p>FLM\u2011IFB126\u2011S Carcasa para montaje en superficie La carcasa para montaje en superficie FLM\u2011IFB126\u2011S funciona como retenedor para m\u00f3dulos de interconexi\u00f3n tipo carril DIN o como carcasa de repuesto para montaje en superficie de la serie 420. Planificaci\u00f3n La carcasa para montaje en superficie tiene dos&hellip;<\/p>\n","protected":false},"featured_media":5946,"comment_status":"open","ping_status":"closed","template":"","meta":{"om_disable_all_campaigns":false,"_monsterinsights_skip_tracking":false,"_monsterinsights_sitenote_active":false,"_monsterinsights_sitenote_note":"","_monsterinsights_sitenote_category":0},"product_brand":[],"product_cat":[505],"product_tag":[495,497,498,499,500,501,496,502],"class_list":{"0":"post-5947","1":"product","2":"type-product","3":"status-publish","4":"has-post-thumbnail","6":"product_cat-modulos-bosch-incendio-2","7":"product_tag-control-de-incendio","8":"product_tag-detectores","9":"product_tag-estacion-manual","10":"product_tag-estrobos-y-sirenas","11":"product_tag-modulos","12":"product_tag-paneles-de-control","13":"product_tag-sistemas-de-incendio","14":"product_tag-teclados","16":"first","17":"instock","18":"sale","19":"taxable","20":"shipping-taxable","21":"purchasable","22":"product-type-simple"},"aioseo_notices":[],"_links":{"self":[{"href":"https:\/\/tecsecmty.com\/index.php\/wp-json\/wp\/v2\/product\/5947","targetHints":{"allow":["GET"]}}],"collection":[{"href":"https:\/\/tecsecmty.com\/index.php\/wp-json\/wp\/v2\/product"}],"about":[{"href":"https:\/\/tecsecmty.com\/index.php\/wp-json\/wp\/v2\/types\/product"}],"replies":[{"embeddable":true,"href":"https:\/\/tecsecmty.com\/index.php\/wp-json\/wp\/v2\/comments?post=5947"}],"version-history":[{"count":0,"href":"https:\/\/tecsecmty.com\/index.php\/wp-json\/wp\/v2\/product\/5947\/revisions"}],"wp:featuredmedia":[{"embeddable":true,"href":"https:\/\/tecsecmty.com\/index.php\/wp-json\/wp\/v2\/media\/5946"}],"wp:attachment":[{"href":"https:\/\/tecsecmty.com\/index.php\/wp-json\/wp\/v2\/media?parent=5947"}],"wp:term":[{"taxonomy":"product_brand","embeddable":true,"href":"https:\/\/tecsecmty.com\/index.php\/wp-json\/wp\/v2\/product_brand?post=5947"},{"taxonomy":"product_cat","embeddable":true,"href":"https:\/\/tecsecmty.com\/index.php\/wp-json\/wp\/v2\/product_cat?post=5947"},{"taxonomy":"product_tag","embeddable":true,"href":"https:\/\/tecsecmty.com\/index.php\/wp-json\/wp\/v2\/product_tag?post=5947"}],"curies":[{"name":"wp","href":"https:\/\/api.w.org\/{rel}","templated":true}]}}