{"id":5953,"date":"2023-02-23T11:43:46","date_gmt":"2023-02-23T17:43:46","guid":{"rendered":"https:\/\/tecsecmty.com\/index.php\/producto\/bosch-f_fpe1000slc-modulo-enchufable-de-circuito-de-linea-hasta-254-detectores-y-modulos-o-127-bases-analogicas\/"},"modified":"2023-03-22T23:21:12","modified_gmt":"2023-03-23T05:21:12","slug":"bosch-f_fpe1000slc-modulo-enchufable-de-circuito-de-linea-hasta-254-detectores-y-modulos-o-127-bases-analogicas","status":"publish","type":"product","link":"https:\/\/tecsecmty.com\/index.php\/producto\/bosch-f_fpe1000slc-modulo-enchufable-de-circuito-de-linea-hasta-254-detectores-y-modulos-o-127-bases-analogicas\/","title":{"rendered":"BOSCH F_FPE1000SLC &#8211; Modulo ENCHUFABLE de circuito de linea \/ Hasta 254 detectores y m\u00f3dulos o 127 bases anal\u00f3gicas"},"content":{"rendered":"<h5 class=\"card-title text-center\">FPE-1000-SLC M\u00f3dulo SLC conectable para FPA-1000<\/h5>\n<p class=\"ql-align-justify\"><strong>El m\u00f3dulo enchufable del circuito de l\u00ednea de se\u00f1alizaci\u00f3n FPE-1000-SLC proporciona un circuito de l\u00ednea de se\u00f1alizaci\u00f3n (SLC) para la conexi\u00f3n de dispositivos anal\u00f3gicos a las centrales de incendios anal\u00f3gicas direccionables FPA-1000.<\/strong>\u00a0Se trata de un equipo de uso obligatorio que se instala en la posici\u00f3n superior de la placa principal en la central de incendios. De manera opcional, se puede instalar un segundo M\u00f3dulo Enchufable FPE-1000-SLC debajo de la primera placa de circuito SLC. La posici\u00f3n inferior se puede equipar con un M\u00f3dulo Enchufable City Tie FPE-1000-CITY opcional. Los m\u00f3dulos enchufables se conectan directamente a la placa principal.<\/p>\n<p class=\"ql-align-justify\">Los Circuitos de L\u00ednea de Se\u00f1alizaci\u00f3n pueden estar cableados como Circuitos de Clase A, Estilo 6 \u00f3 7, o de Clase B, Estilo 4. Se recomienda la configuraci\u00f3n de Clase A porque permite que el sistema interrogue el lazo en ambas direcciones, lo que garantiza el funcionamiento del circuito en caso de que se produzca una apertura\/ interrupci\u00f3n simple del cableado. La potencia de los circuitos SLC es limitada y est\u00e1n supervisados.<\/p>\n<p class=\"ql-align-justify\"><strong>Funciones b\u00e1sicas<\/strong><\/p>\n<p class=\"ql-align-justify\"><strong>Asignaci\u00f3n de direcciones de la base con sirena<\/strong><\/p>\n<p class=\"ql-align-justify\">Para asignar direcciones a una combinaci\u00f3n de detectorbase con sirena, est\u00e1n disponibles las direcciones 1 a 127 para el detector y las direcciones 128 a 254 para la base con sirena. A la base con sirena se le asignar\u00e1 autom\u00e1ticamente la direcci\u00f3n en funci\u00f3n de la direcci\u00f3n del detector (direcci\u00f3n del detector + 127).<\/p>\n<p class=\"ql-align-justify\"><strong>Planificaci\u00f3n<\/strong><\/p>\n<p class=\"ql-align-justify\"><strong>Consideraciones sobre el cableado<\/strong><\/p>\n<p class=\"ql-align-justify\">Utilice cable sencillo. Se puede utilizar cable apantallado o de par trenzado en entornos hostiles, pero debe reducirse la longitud total del cable. Tenga en cuenta que la resistencia m\u00e1xima del circuito es de 50 \u03a9.<\/p>\n<p class=\"ql-align-justify\"><strong>Piezas incluidas<\/strong><\/p>\n<ul>\n<li class=\"ql-align-justify\">1 M\u00f3dulo FPE\u20111000\u2011SLC.<\/li>\n<li class=\"ql-align-justify\">1 Documentaci\u00f3n: Gu\u00eda de Instalaci\u00f3n.<\/li>\n<\/ul>\n<p class=\"ql-align-justify\"><strong>Nota: FPE-1000 M\u00f3dulo Enchufable de Circuito de L\u00ednea de Se\u00f1alizaci\u00f3n<\/strong><\/p>\n<p class=\"ql-align-justify\"><strong>Proporciona un circuito de l\u00ednea de se\u00f1alizaci\u00f3n (SLC) para la conexi\u00f3n de dispositivos anal\u00f3gicos direccionables a las centrales de incendios compactas FPA-1000.\u00a0<\/strong><\/p>\n<p class=\"ql-align-justify\"><strong>Numero de pedido: FPE-1000-SLC<\/strong><\/p>\n<p class=\"ql-align-justify\"><strong>Principales caracter\u00edsticas<\/strong><\/p>\n<ul>\n<li class=\"ql-align-justify\">La potencia de los Circuitos de L\u00ednea de Se\u00f1alizaci\u00f3n (SLC) es limitada y est\u00e1n supervisados.<\/li>\n<li class=\"ql-align-justify\">Configurable como un circuito de Clase A, Estilo 6 \u00f3 7, o uno de Clase B, Estilo 4.<\/li>\n<li class=\"ql-align-justify\">Hasta 254 detectores y m\u00f3dulos o 127 bases anal\u00f3gicas con sirena en combinaci\u00f3n con detectores adecuados.<\/li>\n<\/ul>\n<p class=\"ql-align-justify\"><strong>Especificaciones<\/strong><\/p>\n<p class=\"ql-align-justify\"><strong>El\u00e9ctricas<\/strong><\/p>\n<ul>\n<li class=\"ql-align-justify\">Tensi\u00f3n de l\u00ednea: Nominal: 39 VCC.<\/li>\n<li class=\"ql-align-justify\">Rango: de 29 VCC a 40 VCC.<\/li>\n<li class=\"ql-align-justify\">Corriente de l\u00ednea: 204 mA (por FPE-1000-SLC).<\/li>\n<li class=\"ql-align-justify\">Resistencia del Circuito: &lt; 50 \u03a9.<\/li>\n<li class=\"ql-align-justify\">Capacitancia del Circuito: &lt; 1 \u03bcF.<\/li>\n<li class=\"ql-align-justify\">Inductancia del Circuito: &lt; 1 mH.<\/li>\n<li class=\"ql-align-justify\">Configuraci\u00f3n (por FPE-1000-SLC): Uno o dos de Clase B, Estilo 4, o uno de Clase A, Estilo 6 \u00f3 7.<\/li>\n<li class=\"ql-align-justify\">Secci\u00f3n del Cable: De 12 AWG a 18 AWG (de 3,3 mm.2 a 0,8 mm.2.<\/li>\n<\/ul>\n<p class=\"ql-align-justify\"><strong>Ambientales<\/strong><\/p>\n<ul>\n<li class=\"ql-align-justify\">Respetuoso con el Medio Ambiente: Conforme a RoHS.<\/li>\n<li class=\"ql-align-justify\">Humedad relativa: Hasta un 95%, sin condensaci\u00f3n.<\/li>\n<li class=\"ql-align-justify\">Temperatura (operaci\u00f3n): De 0 \u00b0C a +49 \u00b0C (de +32 \u00b0F a +120 \u00b0F).<\/li>\n<li class=\"ql-align-justify\">Temperatura (almacenamiento): De -20 \u00b0C a +60 \u00b0C (de -4 \u00b0F a +140 \u00b0F).<\/li>\n<\/ul>\n<p><img decoding=\"async\" class=\"overview-center-img-web\" src=\"https:\/\/tvc.mx\/media\/31645\/Logoopaginas-oficial-1920x400.png\" alt=\"\" \/><\/p>\n","protected":false},"excerpt":{"rendered":"<p>FPE-1000-SLC M\u00f3dulo SLC conectable para FPA-1000 El m\u00f3dulo enchufable del circuito de l\u00ednea de se\u00f1alizaci\u00f3n FPE-1000-SLC proporciona un circuito de l\u00ednea de se\u00f1alizaci\u00f3n (SLC) para la conexi\u00f3n de dispositivos anal\u00f3gicos a las centrales de incendios anal\u00f3gicas direccionables FPA-1000.\u00a0Se trata de un equipo de uso obligatorio&hellip;<\/p>\n","protected":false},"featured_media":5952,"comment_status":"open","ping_status":"closed","template":"","meta":{"om_disable_all_campaigns":false,"_monsterinsights_skip_tracking":false,"_monsterinsights_sitenote_active":false,"_monsterinsights_sitenote_note":"","_monsterinsights_sitenote_category":0},"product_brand":[],"product_cat":[505],"product_tag":[495,497,498,499,500,501,496,502],"class_list":{"0":"post-5953","1":"product","2":"type-product","3":"status-publish","4":"has-post-thumbnail","6":"product_cat-modulos-bosch-incendio-2","7":"product_tag-control-de-incendio","8":"product_tag-detectores","9":"product_tag-estacion-manual","10":"product_tag-estrobos-y-sirenas","11":"product_tag-modulos","12":"product_tag-paneles-de-control","13":"product_tag-sistemas-de-incendio","14":"product_tag-teclados","16":"first","17":"instock","18":"sale","19":"taxable","20":"shipping-taxable","21":"purchasable","22":"product-type-simple"},"aioseo_notices":[],"_links":{"self":[{"href":"https:\/\/tecsecmty.com\/index.php\/wp-json\/wp\/v2\/product\/5953","targetHints":{"allow":["GET"]}}],"collection":[{"href":"https:\/\/tecsecmty.com\/index.php\/wp-json\/wp\/v2\/product"}],"about":[{"href":"https:\/\/tecsecmty.com\/index.php\/wp-json\/wp\/v2\/types\/product"}],"replies":[{"embeddable":true,"href":"https:\/\/tecsecmty.com\/index.php\/wp-json\/wp\/v2\/comments?post=5953"}],"version-history":[{"count":0,"href":"https:\/\/tecsecmty.com\/index.php\/wp-json\/wp\/v2\/product\/5953\/revisions"}],"wp:featuredmedia":[{"embeddable":true,"href":"https:\/\/tecsecmty.com\/index.php\/wp-json\/wp\/v2\/media\/5952"}],"wp:attachment":[{"href":"https:\/\/tecsecmty.com\/index.php\/wp-json\/wp\/v2\/media?parent=5953"}],"wp:term":[{"taxonomy":"product_brand","embeddable":true,"href":"https:\/\/tecsecmty.com\/index.php\/wp-json\/wp\/v2\/product_brand?post=5953"},{"taxonomy":"product_cat","embeddable":true,"href":"https:\/\/tecsecmty.com\/index.php\/wp-json\/wp\/v2\/product_cat?post=5953"},{"taxonomy":"product_tag","embeddable":true,"href":"https:\/\/tecsecmty.com\/index.php\/wp-json\/wp\/v2\/product_tag?post=5953"}],"curies":[{"name":"wp","href":"https:\/\/api.w.org\/{rel}","templated":true}]}}