{"id":5955,"date":"2023-02-23T11:43:48","date_gmt":"2023-02-23T17:43:48","guid":{"rendered":"https:\/\/tecsecmty.com\/index.php\/producto\/bosch-f_fpe7039-modulo-de-expansion-para-panel-fpd7024-integra-detectores-direccionables\/"},"modified":"2023-03-22T23:21:13","modified_gmt":"2023-03-23T05:21:13","slug":"bosch-f_fpe7039-modulo-de-expansion-para-panel-fpd7024-integra-detectores-direccionables","status":"publish","type":"product","link":"https:\/\/tecsecmty.com\/index.php\/producto\/bosch-f_fpe7039-modulo-de-expansion-para-panel-fpd7024-integra-detectores-direccionables\/","title":{"rendered":"BOSCH F_FPE7039 &#8211; Modulo de expansion \/ Para panel FPD7024 \/ Integra detectores DIRECCIONABLES"},"content":{"rendered":"<h5 class=\"card-title text-center\">M\u00f3dulo de expansi\u00f3n MUX FPE-7039<\/h5>\n<p class=\"ql-align-justify\"><strong>El m\u00f3dulo de expansi\u00f3n FPE-7039 MUX est\u00e1 dise\u00f1ado para mejorar las caracter\u00edsticas convencionales de FACP D7024 o FPD-7024 o DS9400.\u00a0<\/strong>El m\u00f3dulo se conecta directamente al FACP y genera un total de 255 puntos direccionables. El m\u00f3dulo adem\u00e1s aumenta la cantidad de salidas de rel\u00e9 (a 58 en los paneles de control D7024 y 59 en los paneles de control FPD 7024). Agrega 400 eventos adicionales a la memoria intermedia hist\u00f3rica para un total de 499 eventos permanentes. Adem\u00e1s permite hasta 100 usuarios de sistema (84 PIN adicionales del sistema base). El m\u00f3dulo se puede programar de manera remota desde una PC utilizando el software de programaci\u00f3n remota RPS.<\/p>\n<p class=\"ql-align-justify\">Nota: Nota Los paneles D7024 y DS9400 est\u00e1n incluidos en la octava edici\u00f3n de la lista UL864.<\/p>\n<p class=\"ql-align-justify\"><strong>Certificados y homologaciones<\/strong><\/p>\n<p class=\"ql-align-justify\"><strong>Regi\u00f3n Certificaci\u00f3n<\/strong><\/p>\n<p class=\"ql-align-justify\"><strong>EE. UU.<\/strong><\/p>\n<ul>\n<li class=\"ql-align-justify\">UL UOJZ: Control Units, System (ANSI\/UL 864).<\/li>\n<li class=\"ql-align-justify\">CSFM see our website.<\/li>\n<\/ul>\n<p class=\"ql-align-justify\"><strong>Planificaci\u00f3n<\/strong><\/p>\n<p class=\"ql-align-justify\"><strong>Productos compatibles<\/strong><\/p>\n<p class=\"ql-align-justify\">Los siguientes productos son compatibles con el m\u00f3dulo de expansi\u00f3n MUX FPE-7039:<\/p>\n<p class=\"ql-align-justify\"><strong>Paneles de Control<\/strong><\/p>\n<ul>\n<li class=\"ql-align-justify\">FPD-7024 FACP direccionables y convencionales.<\/li>\n<li class=\"ql-align-justify\">D7024* FACP direccionables y convencionales.<\/li>\n<li class=\"ql-align-justify\">DS9400* Paneles de control.<\/li>\n<\/ul>\n<p class=\"ql-align-justify\"><strong>M\u00f3dulos<\/strong><\/p>\n<ul>\n<li class=\"ql-align-justify\">D343* Carcasa de detector MUX para ductos con rel\u00e9 auxiliar.<\/li>\n<li class=\"ql-align-justify\">D7042 M\u00f3dulo Remoto MUX de 8 entradas clase B.<\/li>\n<li class=\"ql-align-justify\">D7042B M\u00f3dulo MUX con carcasa de metal, 8 entradas.<\/li>\n<li class=\"ql-align-justify\">D7044 M\u00f3dulo de entrada simple MUX de 12 V.<\/li>\n<li class=\"ql-align-justify\">D7044M M\u00f3dulo de entrada simple MUX, 12 V.<\/li>\n<li class=\"ql-align-justify\">D7050 Cabezal de detector de humo MUX.<\/li>\n<li class=\"ql-align-justify\">D7050DH Cabezal de detector de humo de ductos MUX.<\/li>\n<li class=\"ql-align-justify\">D7050TH Cabezal de detector de humo MUX con calor fijo (135\u00b0F).<\/li>\n<li class=\"ql-align-justify\">D7050-B6 Base MUX de 2 cables.<\/li>\n<li class=\"ql-align-justify\">D7052 M\u00f3dulo de entrada doble MUX, 12 V.<\/li>\n<li class=\"ql-align-justify\">D7053 M\u00f3dulo de entrada\/salida MUX, 12 V.<\/li>\n<li class=\"ql-align-justify\">FLM-7024-ISO M\u00f3dulo de expansi\u00f3n de bus MUX.<\/li>\n<li class=\"ql-align-justify\">FMM-7045 Estaci\u00f3n manual MUX, acci\u00f3n \u00fanica, roja.<\/li>\n<li class=\"ql-align-justify\">FMM-7045-D Estaci\u00f3n manual MUX, doble acci\u00f3n, roja.<\/li>\n<\/ul>\n<p class=\"ql-align-justify\"><strong>Consideraciones sobre el montaje<\/strong><\/p>\n<p class=\"ql-align-justify\">El m\u00f3dulo se monta en el panel de control dentro del gabinete del panel de control mediante clavijas de conexi\u00f3n. El panel de entrada y salida se monta en la pared interior del gabinete para cableado de campo.<\/p>\n<p class=\"ql-align-justify\"><strong>Consideraciones sobre el cableado<\/strong><\/p>\n<p class=\"ql-align-justify\">Consulte el manual de instalaci\u00f3n del panel de control para conocer los requisitos de cableado adicionales.<\/p>\n<p class=\"ql-align-justify\">Nota:<\/p>\n<ul>\n<li class=\"ql-align-justify\">Si se utiliza en las aplicaciones contra incendios, se requiere un m\u00ednimo de 18 AWG (ISO 0,75 mm2 ).<\/li>\n<li class=\"ql-align-justify\">Resistencia del cable 50 \u03a9 a +20\u00b0C (+68\u00b0F), seg\u00fan el m\u00e9todo y el tama\u00f1o del cable que se utilicen.<\/li>\n<li class=\"ql-align-justify\">Longitud del cable 5950 pies (1810 m), seg\u00fan el tama\u00f1o del cable y la cantidad de dispositivos.<\/li>\n<li class=\"ql-align-justify\">Capacitancia del cable &lt; 0,12 \u03bcF (m\u00e1ximo por bus).<\/li>\n<\/ul>\n<p class=\"ql-align-justify\"><strong>Piezas incluidas<\/strong><\/p>\n<p class=\"ql-align-justify\"><strong>Cantidad Componente<\/strong><\/p>\n<ul>\n<li class=\"ql-align-justify\">1 Panel FPE-7039.<\/li>\n<li class=\"ql-align-justify\">1 Panel de entrada y salida FPE\u20117039.<\/li>\n<li class=\"ql-align-justify\">3 Separadores para panel de entrada y salida.<\/li>\n<li class=\"ql-align-justify\">4 Separadores para panel FPE\u20117039.<\/li>\n<li class=\"ql-align-justify\">1 Paquete de documentaci\u00f3n\u00a0.<\/li>\n<\/ul>\n<p class=\"ql-align-justify\"><strong>Nota: M\u00f3dulo de expansi\u00f3n MUX FPE-7039<\/strong><\/p>\n<p class=\"ql-align-justify\"><strong>Mejora las funciones de los FACP. Aumenta el n\u00famero de puntos direccionables a 247. Aumenta el n\u00famero de salidas de rel\u00e9 a 58 en el D7024\/DS9400 o 59 en el FPD\u20117024. Aumenta el n\u00famero de eventos en la memoria intermedia hist\u00f3rica a 499.<\/strong><\/p>\n<p class=\"ql-align-justify\"><strong>N\u00famero de pedido: FPE-7039<\/strong><\/p>\n<p class=\"ql-align-justify\"><strong>Principales caracter\u00edsticas<\/strong><\/p>\n<ul>\n<li class=\"ql-align-justify\">Ofrece dos buses m\u00faltiples clase B (admite direcciones 9 a 128, 129 a 255).<\/li>\n<li class=\"ql-align-justify\">Proporciona un bus m\u00faltiple clase A (admite direcciones 9 a 128).<\/li>\n<li class=\"ql-align-justify\">Le permite al sistema admitir dispositivos convencionales y direccionables al mismo tiempo.<\/li>\n<li class=\"ql-align-justify\">Escala de un sistema convencional a uno direccionable sin cambiar el panel de control.<\/li>\n<li class=\"ql-align-justify\">Aumenta la memoria intermedia hist\u00f3rica a 499 eventos.<\/li>\n<\/ul>\n<p class=\"ql-align-justify\"><strong>Especificaciones<\/strong><\/p>\n<p class=\"ql-align-justify\"><strong>Condiciones ambientales<\/strong><\/p>\n<ul>\n<li class=\"ql-align-justify\">Entorno: Interior, seco.<\/li>\n<\/ul>\n<p class=\"ql-align-justify\"><strong>Alimentaci\u00f3n<\/strong><\/p>\n<p class=\"ql-align-justify\"><strong>Consumo de corriente<\/strong><\/p>\n<ul>\n<li class=\"ql-align-justify\">Alarma Carga, 190 mA m\u00e1ximo.<\/li>\n<li class=\"ql-align-justify\">Carga Clase A, 100 mA m\u00e1ximo.<\/li>\n<li class=\"ql-align-justify\">En reposo Clase B 100 mA m\u00e1ximo para cada bus y 190 mA m\u00e1ximo Tensi\u00f3n del bus De 8,5 V a 13 V.<\/li>\n<li class=\"ql-align-justify\">Resistencia del cable (m\u00e1xima) 50 \u03a9 a +20\u00b0C (+68\u00b0F), seg\u00fan el m\u00e9todo y el tama\u00f1o del cable que se utilicen.<\/li>\n<\/ul>\n<p><img decoding=\"async\" class=\"overview-center-img-web\" src=\"https:\/\/tvc.mx\/media\/171025\/BANNER-OFICIAL-A.png\" alt=\"\" \/><\/p>\n","protected":false},"excerpt":{"rendered":"<p>M\u00f3dulo de expansi\u00f3n MUX FPE-7039 El m\u00f3dulo de expansi\u00f3n FPE-7039 MUX est\u00e1 dise\u00f1ado para mejorar las caracter\u00edsticas convencionales de FACP D7024 o FPD-7024 o DS9400.\u00a0El m\u00f3dulo se conecta directamente al FACP y genera un total de 255 puntos direccionables. El m\u00f3dulo adem\u00e1s aumenta la cantidad&hellip;<\/p>\n","protected":false},"featured_media":5954,"comment_status":"open","ping_status":"closed","template":"","meta":{"om_disable_all_campaigns":false,"_monsterinsights_skip_tracking":false,"_monsterinsights_sitenote_active":false,"_monsterinsights_sitenote_note":"","_monsterinsights_sitenote_category":0},"product_brand":[],"product_cat":[505],"product_tag":[495,497,498,499,500,501,496,502],"class_list":{"0":"post-5955","1":"product","2":"type-product","3":"status-publish","4":"has-post-thumbnail","6":"product_cat-modulos-bosch-incendio-2","7":"product_tag-control-de-incendio","8":"product_tag-detectores","9":"product_tag-estacion-manual","10":"product_tag-estrobos-y-sirenas","11":"product_tag-modulos","12":"product_tag-paneles-de-control","13":"product_tag-sistemas-de-incendio","14":"product_tag-teclados","16":"first","17":"instock","18":"sale","19":"taxable","20":"shipping-taxable","21":"purchasable","22":"product-type-simple"},"aioseo_notices":[],"_links":{"self":[{"href":"https:\/\/tecsecmty.com\/index.php\/wp-json\/wp\/v2\/product\/5955","targetHints":{"allow":["GET"]}}],"collection":[{"href":"https:\/\/tecsecmty.com\/index.php\/wp-json\/wp\/v2\/product"}],"about":[{"href":"https:\/\/tecsecmty.com\/index.php\/wp-json\/wp\/v2\/types\/product"}],"replies":[{"embeddable":true,"href":"https:\/\/tecsecmty.com\/index.php\/wp-json\/wp\/v2\/comments?post=5955"}],"version-history":[{"count":0,"href":"https:\/\/tecsecmty.com\/index.php\/wp-json\/wp\/v2\/product\/5955\/revisions"}],"wp:featuredmedia":[{"embeddable":true,"href":"https:\/\/tecsecmty.com\/index.php\/wp-json\/wp\/v2\/media\/5954"}],"wp:attachment":[{"href":"https:\/\/tecsecmty.com\/index.php\/wp-json\/wp\/v2\/media?parent=5955"}],"wp:term":[{"taxonomy":"product_brand","embeddable":true,"href":"https:\/\/tecsecmty.com\/index.php\/wp-json\/wp\/v2\/product_brand?post=5955"},{"taxonomy":"product_cat","embeddable":true,"href":"https:\/\/tecsecmty.com\/index.php\/wp-json\/wp\/v2\/product_cat?post=5955"},{"taxonomy":"product_tag","embeddable":true,"href":"https:\/\/tecsecmty.com\/index.php\/wp-json\/wp\/v2\/product_tag?post=5955"}],"curies":[{"name":"wp","href":"https:\/\/api.w.org\/{rel}","templated":true}]}}