{"id":5961,"date":"2023-02-23T11:43:54","date_gmt":"2023-02-23T17:43:54","guid":{"rendered":"https:\/\/tecsecmty.com\/index.php\/producto\/bosch-f_fpp5000-fuente-de-alimentacion-externa-24v-6-amperes\/"},"modified":"2023-03-22T23:21:13","modified_gmt":"2023-03-23T05:21:13","slug":"bosch-f_fpp5000-fuente-de-alimentacion-externa-24v-6-amperes","status":"publish","type":"product","link":"https:\/\/tecsecmty.com\/index.php\/producto\/bosch-f_fpp5000-fuente-de-alimentacion-externa-24v-6-amperes\/","title":{"rendered":"BOSCH F_FPP5000 &#8211; Fuente de alimentacion externa 24V 6 amperes"},"content":{"rendered":"<h5 class=\"card-title text-center\">FPP 5000 Fuente de alimentaci\u00f3n externa<\/h5>\n<p class=\"ql-align-justify\"><strong>El kit de fuente de alimentaci\u00f3n externa FPP-5000 est\u00e1 dise\u00f1ado como fuente de alimentaci\u00f3n universal y tiene espacio para dos bater\u00edas de 12 V\/45 Ah.<\/strong>\u00a0Su configuraci\u00f3n incluye componentes de la central de incendios modular FPA\u20115000.<\/p>\n<p class=\"ql-align-justify\"><strong>Funciones b\u00e1sicas<\/strong><\/p>\n<p class=\"ql-align-justify\"><strong>En el caso de la fuente de alimentaci\u00f3n FPP-5000, el carril de la central hecho de pl\u00e1stico reforzado con fibra de vidrio lleva incorporado un m\u00f3dulo controlador de bater\u00edas BCM-0000-B.<\/strong>\u00a0La fuente de alimentaci\u00f3n se inserta en el soporte para fuente de alimentaci\u00f3n y est\u00e1 lista para funcionar inmediatamente mediante las conexiones de tomas y enchufes precableadas. El soporte cuenta con un sensor t\u00e9rmico.<\/p>\n<p class=\"ql-align-justify\">La fuente de alimentaci\u00f3n universal\u00a0<strong>UPS 2416 A<\/strong>\u00a0es<strong>t\u00e1 protegida contra sobre tensiones e inversi\u00f3n de polaridad<\/strong>. La tensi\u00f3n de salida se monitoriza y controla externamente. La salida FALLO indica que se ha producido un fallo. El LED verde integrado indica que la unidad est\u00e1 operativa. El m\u00f3dulo\u00a0<strong>controlador de bater\u00edas BCM\u20110000\u2011B controla la fuente de alimentaci\u00f3n y la carga de las bater\u00edas (2 x 12 V \/ 45 Ah)<\/strong>, seg\u00fan los par\u00e1metros de temperatura y los tiempos establecidos. Cada salida de tensi\u00f3n est\u00e1 fusionada electr\u00f3nicamente. Todas las salidas de tensi\u00f3n se pueden conectar en paralelo.<\/p>\n<p class=\"ql-align-justify\"><strong>Piezas incluidas<\/strong><\/p>\n<ul>\n<li class=\"ql-align-justify\">1 Carcasa de fuente de alimentaci\u00f3n, bastidor de instalaci\u00f3n mediano, con soporte para fuente de alimentaci\u00f3n<strong>\u00a0PMF 0002 A<\/strong>.<\/li>\n<li class=\"ql-align-justify\">1 Bastidor de montaje mediano\u00a0<strong>FMH 0000 A<\/strong>.<\/li>\n<li class=\"ql-align-justify\">1 Fuente de alimentaci\u00f3n universal de 24 V\/6 A\u00a0<strong>UPS 2416 A<\/strong>.<\/li>\n<li class=\"ql-align-justify\">1 Ra\u00edl de central corto\u00a0<strong>PRS 0002 A<\/strong>.<\/li>\n<li class=\"ql-align-justify\">1 M\u00f3dulo controlador de bater\u00edas\u00a0<strong>BCM-0000-B<\/strong>.<\/li>\n<li class=\"ql-align-justify\">1 Juego de cables BCM\/UPS<strong>\u00a0CPB 0000 A<\/strong>.<\/li>\n<li class=\"ql-align-justify\">1 Juego de cables BCM\/bater\u00eda\u00a0<strong>CBB 0000 A<\/strong>.<\/li>\n<li class=\"ql-align-justify\">1 Cable de conexi\u00f3n a las bater\u00edas para carcasa de instalaci\u00f3n en bastidor.<\/li>\n<li class=\"ql-align-justify\">1 Paquete complementario.<\/li>\n<\/ul>\n<p class=\"ql-align-justify\"><strong>Nota: FPP 5000 Kit fuente de alimentaci\u00f3n externa para fuente de alimentaci\u00f3n universal<\/strong><\/p>\n<p class=\"ql-align-justify\"><strong>N\u00famero de pedido: FPP 5000.<\/strong><\/p>\n<p class=\"ql-align-justify\"><strong>Principales caracter\u00edsticas<\/strong><\/p>\n<ul>\n<li class=\"ql-align-justify\">Proceso de carga controlado por temperatura y tiempo.<\/li>\n<li class=\"ql-align-justify\">Cada salida de tensi\u00f3n est\u00e1 protegida por fusibles.<\/li>\n<li class=\"ql-align-justify\">Puede llevar dos bater\u00edas<\/li>\n<\/ul>\n<p class=\"ql-align-justify\"><strong>Especificaciones<\/strong><\/p>\n<p class=\"ql-align-justify\"><strong>\u00a0El\u00e9ctricas<\/strong><\/p>\n<ul>\n<li class=\"ql-align-justify\">Rango de tensi\u00f3n de entrada: De 100 V CA a 240 V CA.<\/li>\n<li class=\"ql-align-justify\">Rango de frecuencia de entrada: De 50 Hz a 60 Hz.<\/li>\n<li class=\"ql-align-justify\">Eficacia 85%.<\/li>\n<li class=\"ql-align-justify\">Tiempo de solape &gt; 100 ms a 230 V CA.<\/li>\n<\/ul>\n<p class=\"ql-align-justify\"><strong>Tensi\u00f3n de salida<\/strong><\/p>\n<ul>\n<li class=\"ql-align-justify\">Suministro de alimentaci\u00f3n: De 26 a 29 V CC (seg\u00fan la temperatura).<\/li>\n<li class=\"ql-align-justify\">Suministro de red nominal: 26,8 V CC (a 40 \u00b0C).<\/li>\n<li class=\"ql-align-justify\">Bater\u00edas De 21 a 23 V CC<\/li>\n<li class=\"ql-align-justify\">Corriente de salida m\u00e1x. 6 A<\/li>\n<li class=\"ql-align-justify\">Salida m\u00e1x. 160 W (permanente)<\/li>\n<li class=\"ql-align-justify\">Capacidad de las salidas de fallo de bater\u00eda, fallo de CA y fallo general 0 V \/ 0 a 20 mA.<\/li>\n<li class=\"ql-align-justify\">Salidas de tensi\u00f3n: 2 salidas de conmutador +24 V \/ 2,8 A (20,4-30 V), almacenado por bater\u00eda.<\/li>\n<\/ul>\n<p class=\"ql-align-justify\"><strong>Mec\u00e1nicas<\/strong><\/p>\n<ul>\n<li class=\"ql-align-justify\">Material de la carcasa L\u00e1mina de acero, pintada.<\/li>\n<li class=\"ql-align-justify\">Color de la carcasa Gris pizarra, RAL 7015.<\/li>\n<li class=\"ql-align-justify\">Frontal: gris antracita, RAL 7016.<\/li>\n<li class=\"ql-align-justify\">Dimensiones (instalado) Aprox. 527 x 456 x 236 mm.<\/li>\n<\/ul>\n<p class=\"ql-align-justify\"><strong>Ambientales<\/strong><\/p>\n<ul>\n<li class=\"ql-align-justify\">Clases de instalaci\u00f3n seg\u00fan EN 60950: Instalaci\u00f3n clase I.<\/li>\n<li class=\"ql-align-justify\">Temperatura de funcionamiento permitida: De -5 \u00b0C a 50 \u00b0C.<\/li>\n<li class=\"ql-align-justify\">Temperatura de almacenamiento permitida: De -20 \u00b0C a 60 \u00b0C.<\/li>\n<li class=\"ql-align-justify\">Humedad relativa M\u00e1x. 95% sin condensaci\u00f3n.<\/li>\n<li class=\"ql-align-justify\">Nivel de protecci\u00f3n (IEC 60529) IP 30.<\/li>\n<li class=\"ql-align-justify\">Refrigeraci\u00f3n Ventilaci\u00f3n sin ventilador.<\/li>\n<\/ul>\n<p><img decoding=\"async\" class=\"overview-center-img-web\" src=\"https:\/\/tvc.mx\/media\/29159\/Logoopaginas-oficial-1920x400.png\" alt=\"\" \/><\/p>\n","protected":false},"excerpt":{"rendered":"<p>FPP 5000 Fuente de alimentaci\u00f3n externa El kit de fuente de alimentaci\u00f3n externa FPP-5000 est\u00e1 dise\u00f1ado como fuente de alimentaci\u00f3n universal y tiene espacio para dos bater\u00edas de 12 V\/45 Ah.\u00a0Su configuraci\u00f3n incluye componentes de la central de incendios modular FPA\u20115000. Funciones b\u00e1sicas En el&hellip;<\/p>\n","protected":false},"featured_media":5960,"comment_status":"open","ping_status":"closed","template":"","meta":{"om_disable_all_campaigns":false,"_monsterinsights_skip_tracking":false,"_monsterinsights_sitenote_active":false,"_monsterinsights_sitenote_note":"","_monsterinsights_sitenote_category":0},"product_brand":[],"product_cat":[505],"product_tag":[495,497,498,499,500,501,496,502],"class_list":{"0":"post-5961","1":"product","2":"type-product","3":"status-publish","4":"has-post-thumbnail","6":"product_cat-modulos-bosch-incendio-2","7":"product_tag-control-de-incendio","8":"product_tag-detectores","9":"product_tag-estacion-manual","10":"product_tag-estrobos-y-sirenas","11":"product_tag-modulos","12":"product_tag-paneles-de-control","13":"product_tag-sistemas-de-incendio","14":"product_tag-teclados","16":"first","17":"instock","18":"sale","19":"taxable","20":"shipping-taxable","21":"purchasable","22":"product-type-simple"},"aioseo_notices":[],"_links":{"self":[{"href":"https:\/\/tecsecmty.com\/index.php\/wp-json\/wp\/v2\/product\/5961","targetHints":{"allow":["GET"]}}],"collection":[{"href":"https:\/\/tecsecmty.com\/index.php\/wp-json\/wp\/v2\/product"}],"about":[{"href":"https:\/\/tecsecmty.com\/index.php\/wp-json\/wp\/v2\/types\/product"}],"replies":[{"embeddable":true,"href":"https:\/\/tecsecmty.com\/index.php\/wp-json\/wp\/v2\/comments?post=5961"}],"version-history":[{"count":0,"href":"https:\/\/tecsecmty.com\/index.php\/wp-json\/wp\/v2\/product\/5961\/revisions"}],"wp:featuredmedia":[{"embeddable":true,"href":"https:\/\/tecsecmty.com\/index.php\/wp-json\/wp\/v2\/media\/5960"}],"wp:attachment":[{"href":"https:\/\/tecsecmty.com\/index.php\/wp-json\/wp\/v2\/media?parent=5961"}],"wp:term":[{"taxonomy":"product_brand","embeddable":true,"href":"https:\/\/tecsecmty.com\/index.php\/wp-json\/wp\/v2\/product_brand?post=5961"},{"taxonomy":"product_cat","embeddable":true,"href":"https:\/\/tecsecmty.com\/index.php\/wp-json\/wp\/v2\/product_cat?post=5961"},{"taxonomy":"product_tag","embeddable":true,"href":"https:\/\/tecsecmty.com\/index.php\/wp-json\/wp\/v2\/product_tag?post=5961"}],"curies":[{"name":"wp","href":"https:\/\/api.w.org\/{rel}","templated":true}]}}