{"id":5963,"date":"2023-02-23T11:43:58","date_gmt":"2023-02-23T17:43:58","guid":{"rendered":"https:\/\/tecsecmty.com\/index.php\/producto\/bosch-f_fpp5000ti-modulo-de-averia-para-monitorear-fuente-fpp-5000\/"},"modified":"2023-03-22T23:21:13","modified_gmt":"2023-03-23T05:21:13","slug":"bosch-f_fpp5000ti-modulo-de-averia-para-monitorear-fuente-fpp-5000","status":"publish","type":"product","link":"https:\/\/tecsecmty.com\/index.php\/producto\/bosch-f_fpp5000ti-modulo-de-averia-para-monitorear-fuente-fpp-5000\/","title":{"rendered":"BOSCH F_FPP5000TI &#8211; Modulo de averia para monitorear fuente FPP 5000"},"content":{"rendered":"<div class=\"row aling-items-center padding-bottom-2x\">\n<div class=\"col-lg-12\">\n<h5 class=\"card-title text-center\">FPP-5000-TI M\u00f3dulo de aver\u00eda para FPP-5000<\/h5>\n<p><strong>FPP-5000-TI<\/strong>\u00a0M\u00f3dulo de aver\u00eda para FPP-5000 recomendable para uso con el kit de fuente de alimentaci\u00f3n externa FPP-5000 de 24 V\/6 A.<\/p>\n<p><strong>N\u00famero de pedido: FPP-5000-TI.<\/strong><\/p>\n<p><img decoding=\"async\" class=\"overview-center-img- aligncenter\" src=\"https:\/\/tvc.mx\/media\/1831\/Logoopaginas-oficial.png\" alt=\"\" \/><\/div>\n<\/div>\n<div class=\"row aling-items-center padding-bottom-2x\">\n<div class=\"col-lg-12\">\n<p>El m\u00f3dulo\u00a0<strong>FPP-5000-TI<\/strong>\u00a0es una extensi\u00f3n del kit de fuente de alimentaci\u00f3n externa FPP-5000 de 24 V\/6 A. Permite transmitir el mensaje aver\u00eda de la se\u00f1al de alimentaci\u00f3n y de fallo de bater\u00eda a la central de incendios a trav\u00e9s dela red de seguridad local LSN.<\/p>\n<p>Las correspondientes salidas suministran los dos mensajes de aver\u00eda en el M\u00f3dulo Controlador de Bater\u00eda BCM 0000 A. El m\u00f3dulo se encuentra conectado directamente con el bus de datos LSN y se alimenta autom\u00e1ticamente a trav\u00e9s de este.<\/p>\n<\/div>\n<\/div>\n<div class=\"row aling-items-center padding-bottom-2x\">\n<div class=\"col-lg-12\">\n<p><strong>Caracter\u00edsticas B\u00e1sicas:<\/strong><\/p>\n<ul>\n<li>Instalaci\u00f3n y detecci\u00f3n autom\u00e1tica mediante una simple inserci\u00f3n del m\u00f3dulo en el ra\u00edl de la central.<\/li>\n<li>Transmisi\u00f3n de mensajes de fallo de alimentaci\u00f3n y de fallo de bater\u00eda mediante la red de seguridad local (LSN).<\/li>\n<\/ul>\n<\/div>\n<\/div>\n","protected":false},"excerpt":{"rendered":"<p>FPP-5000-TI M\u00f3dulo de aver\u00eda para FPP-5000 FPP-5000-TI\u00a0M\u00f3dulo de aver\u00eda para FPP-5000 recomendable para uso con el kit de fuente de alimentaci\u00f3n externa FPP-5000 de 24 V\/6 A. N\u00famero de pedido: FPP-5000-TI. El m\u00f3dulo\u00a0FPP-5000-TI\u00a0es una extensi\u00f3n del kit de fuente de alimentaci\u00f3n externa FPP-5000 de 24&hellip;<\/p>\n","protected":false},"featured_media":5962,"comment_status":"open","ping_status":"closed","template":"","meta":{"om_disable_all_campaigns":false,"_monsterinsights_skip_tracking":false,"_monsterinsights_sitenote_active":false,"_monsterinsights_sitenote_note":"","_monsterinsights_sitenote_category":0},"product_brand":[],"product_cat":[505],"product_tag":[495,497,498,499,500,501,496,502],"class_list":{"0":"post-5963","1":"product","2":"type-product","3":"status-publish","4":"has-post-thumbnail","6":"product_cat-modulos-bosch-incendio-2","7":"product_tag-control-de-incendio","8":"product_tag-detectores","9":"product_tag-estacion-manual","10":"product_tag-estrobos-y-sirenas","11":"product_tag-modulos","12":"product_tag-paneles-de-control","13":"product_tag-sistemas-de-incendio","14":"product_tag-teclados","16":"first","17":"instock","18":"sale","19":"taxable","20":"shipping-taxable","21":"purchasable","22":"product-type-simple"},"aioseo_notices":[],"_links":{"self":[{"href":"https:\/\/tecsecmty.com\/index.php\/wp-json\/wp\/v2\/product\/5963","targetHints":{"allow":["GET"]}}],"collection":[{"href":"https:\/\/tecsecmty.com\/index.php\/wp-json\/wp\/v2\/product"}],"about":[{"href":"https:\/\/tecsecmty.com\/index.php\/wp-json\/wp\/v2\/types\/product"}],"replies":[{"embeddable":true,"href":"https:\/\/tecsecmty.com\/index.php\/wp-json\/wp\/v2\/comments?post=5963"}],"version-history":[{"count":0,"href":"https:\/\/tecsecmty.com\/index.php\/wp-json\/wp\/v2\/product\/5963\/revisions"}],"wp:featuredmedia":[{"embeddable":true,"href":"https:\/\/tecsecmty.com\/index.php\/wp-json\/wp\/v2\/media\/5962"}],"wp:attachment":[{"href":"https:\/\/tecsecmty.com\/index.php\/wp-json\/wp\/v2\/media?parent=5963"}],"wp:term":[{"taxonomy":"product_brand","embeddable":true,"href":"https:\/\/tecsecmty.com\/index.php\/wp-json\/wp\/v2\/product_brand?post=5963"},{"taxonomy":"product_cat","embeddable":true,"href":"https:\/\/tecsecmty.com\/index.php\/wp-json\/wp\/v2\/product_cat?post=5963"},{"taxonomy":"product_tag","embeddable":true,"href":"https:\/\/tecsecmty.com\/index.php\/wp-json\/wp\/v2\/product_tag?post=5963"}],"curies":[{"name":"wp","href":"https:\/\/api.w.org\/{rel}","templated":true}]}}