{"id":5965,"date":"2023-02-23T11:44:01","date_gmt":"2023-02-23T17:44:01","guid":{"rendered":"https:\/\/tecsecmty.com\/index.php\/producto\/bosch-f_fpprnac8a4c-fuente-de-poder-nac-extender-remote-24vcd-8-amp-4salidas\/"},"modified":"2023-03-22T23:21:14","modified_gmt":"2023-03-23T05:21:14","slug":"bosch-f_fpprnac8a4c-fuente-de-poder-nac-extender-remote-24vcd-8-amp-4salidas","status":"publish","type":"product","link":"https:\/\/tecsecmty.com\/index.php\/producto\/bosch-f_fpprnac8a4c-fuente-de-poder-nac-extender-remote-24vcd-8-amp-4salidas\/","title":{"rendered":"BOSCH F_FPPRNAC8A4C &#8211; Fuente de poder NAC extender remote 24VCD 8 AMP 4Salidas"},"content":{"rendered":"<div class=\"row aling-items-center padding-bottom-2x\">\n<div class=\"col-lg-12\">\n<h5 class=\"card-title text-center\">FPP\u2011RNAC\u20118A\u20114C Fuente de Alimentaci\u00f3n para Circuito de Dispositivos de Notificaci\u00f3n Remoto (RNAC)<\/h5>\n<p class=\"ql-align-justify\">\n<p><img decoding=\"async\" class=\"overview-center-img-web\" src=\"https:\/\/tvc.mx\/media\/170193\/BANNER-OFICIAL-A.png\" alt=\"\" \/><\/div>\n<\/div>\n<div class=\"row align-items-center padding-bottom-2x\">\n<div class=\"col-md-5\"><img decoding=\"async\" class=\"d-block m-auto img-thumbnail\" src=\"https:\/\/tvc.mx\/media\/83452\/FPP-RNAC-8A-4C.config5.png\" alt=\" \" \/><\/div>\n<div class=\"col-md-7 text-md-left text-center\">\n<h2>Descripci\u00f3n inicial<\/h2>\n<p class=\"text-muted\">\n<p class=\"ql-align-justify\"><strong>Use la fuente de alimentaci\u00f3n FPP\u2011RNAC\u20118A\u20114C para a\u00f1adir<\/strong><\/p>\n<p class=\"ql-align-justify\"><strong>cuatro circuitos de dispositivos de notificaci\u00f3n adicionales a una central de incendios (cuando se conecta a trav\u00e9s de un bus de opciones)<\/strong>; o como una fuente de alimentaci\u00f3n NAC para sistemas de se\u00f1alizaci\u00f3n de protecci\u00f3n de incendios (cuando se conecta directamente a la salida NAC). Los circuitos de dispositivos de notificaci\u00f3n adicionales pueden ser\u00a0<strong>NFPA 72<\/strong>, Clase B (Estilo Y) o Clase A(Estilo Z).<\/p>\n<p class=\"ql-align-justify\">Esta fuente de alimentaci\u00f3n regulada provee hasta 8 A de potencia que se usan para manejar cargas continuas e intermitentes. Esta potencia de 8 A puede distribuirse atrav\u00e9s de los cuatro circuitos de salida y el circuito de alimentaci\u00f3n auxiliar. La fuente de alimentaci\u00f3n\u00a0<strong>FPP\u2011RNAC\u20118A\u20114C<\/strong>\u00a0cumple el est\u00e1ndar UL para su uso con aplicaciones de alarma de incendio comerciales.<\/p>\n<p>&nbsp;<\/p>\n<\/div>\n<\/div>\n<hr class=\"padding-bottom-2x\" \/>\n<div class=\"row align-items-center padding-bottom-2x\">\n<div class=\"col-md-5 order-md-2\"><img decoding=\"async\" class=\"d-block m-auto img-thumbnail\" src=\"https:\/\/tvc.mx\/media\/83456\/FPP-RNAC-8A-4C.config7.png\" alt=\" \" \/><\/div>\n<div class=\"col-md-7 order-md-1 text-md-left text-center\">\n<h2>Funciones b\u00e1sicas<\/h2>\n<p class=\"text-muted\">\n<p class=\"ql-align-justify\"><strong>Conexiones Compatibles del Panel de Control<\/strong><\/p>\n<p class=\"ql-align-justify\"><strong>La fuente de alimentaci\u00f3n FPP\u2011RNAC\u20118A\u20114C es compatible con cualquier panel de control de la lista UL que use salidas de notificaci\u00f3n de\u00a0<\/strong><strong>Adem\u00e1s, es compatible con los siguientes Paneles de Control de Bosch: polaridad invertida con salidas reguladas de 12 VCC o 24 VCC.<\/strong><\/p>\n<p class=\"ql-align-justify\">Adem\u00e1s, es compatible con los siguientes Paneles de Control de Bosch:<\/p>\n<ul>\n<li class=\"ql-align-justify\">Central de Incendios Convencional de Dos Zonas D7022.<\/li>\n<li class=\"ql-align-justify\">Centrales de Incendios Anal\u00f3gicas D8024 y D10024A- Para la central convencional D7022 y las centrales anal\u00f3gicas D8024 y D10024A, la fuente de alimentaci\u00f3n FPP\u2011RNAC\u20118A\u20114C se conecta a trav\u00e9s de un circuito NAC. No es necesaria ninguna conexi\u00f3n a un bus de opciones.<\/li>\n<li class=\"ql-align-justify\">Central de Incendios Direccionable de cuatro zonas D7024.<\/li>\n<li class=\"ql-align-justify\">Central de Incendios de cuatro zonas DS9400i.<\/li>\n<li class=\"ql-align-justify\">Central de Incendios AddressiFire DS9400M.<\/li>\n<\/ul>\n<p class=\"ql-align-justify\"><strong>Nota: Conecte hasta dos fuentes de alimentaci\u00f3n FPP\u2011RNAC\u20118A\u20114C a los Paneles de Control D7024, DS9400i, o DS9400M.<\/strong><\/p>\n<p class=\"ql-align-justify\">El panel de control puede controlar de forma individual cada una de las cuatro salidas NAC outputs para cada fuente de alimentaci\u00f3n FPP\u2011RNAC\u20118A\u20114C. S\u00f3lo se sincronizar\u00e1n las cuatro salidas NAC de una mismaF PP\u2011RNAC\u20118A\u20114.<\/p>\n<p class=\"ql-align-justify\"><strong>FPD\u20117024 o FPA\u20111000\u2011UL FACP<\/strong><\/p>\n<p class=\"ql-align-justify\">&#8211;\u00a0<strong>Conecte hasta cuatro fuentes de alimentaci\u00f3n FPP\u2011RNAC\u20118A\u20114C a un panel de control FPD\u20117024 o FPA\u20111000\u2011UL. Cada una de las cuatro salidas NAC del circuito RNAC<\/strong>\u00a0se sincroniza y puede controlarse de manera individual, lo que hace un total de 16 circuitos sincronizados.<\/p>\n<p class=\"ql-align-justify\"><strong>Patrones de Salida NAC<\/strong><\/p>\n<p class=\"ql-align-justify\">Los circuitos NAC pueden configurarse para generar los siguientes patrones de salida:<\/p>\n<ul>\n<li class=\"ql-align-justify\">Continuo.<\/li>\n<li class=\"ql-align-justify\">C\u00f3digo Temporal 3.<\/li>\n<li class=\"ql-align-justify\">Intermitente.<\/li>\n<li class=\"ql-align-justify\">Intermitente r\u00e1pido.<\/li>\n<li class=\"ql-align-justify\">Sincronizaci\u00f3n con Wheelock.<\/li>\n<li class=\"ql-align-justify\">Sincronizaci\u00f3n con Gentex.<\/li>\n<li class=\"ql-align-justify\">Sincronizaci\u00f3n con System Sensor.<\/li>\n<\/ul>\n<p class=\"ql-align-justify\"><strong>Indicadores de Estado<\/strong><\/p>\n<p class=\"ql-align-justify\">Hay ocho LED de estado locales en la placa de circuito impreso de la FPP\u2011RNAC\u20118A\u20114C que muestran las siguientes condiciones:<\/p>\n<ul>\n<li class=\"ql-align-justify\">CA OK.<\/li>\n<li class=\"ql-align-justify\">Problema del Sistema.<\/li>\n<li class=\"ql-align-justify\">Fallo de Tierra.<\/li>\n<li class=\"ql-align-justify\">Entrada Activa.<\/li>\n<li class=\"ql-align-justify\">Problema de Salida 1, 2, 3 y 4.<\/li>\n<\/ul>\n<p class=\"ql-align-justify\"><strong>Configuraci\u00f3n del Conmutador DIP<\/strong><\/p>\n<p class=\"ql-align-justify\">Si se conecta al bus de opciones de la central de incendios, la\u00a0<strong>FPP\u2011RNAC\u20118A\u20114C<\/strong>\u00a0requiere su propia direcci\u00f3n de bus de opciones. Establezca esta direcci\u00f3n a trav\u00e9s de los conmutadores DIP.<\/p>\n<p class=\"ql-align-justify\"><strong>Configure los conmutadores DIP para elegir:<\/strong><\/p>\n<ul>\n<li class=\"ql-align-justify\">Salida NAC o de fuente de alimentaci\u00f3n.<\/li>\n<li class=\"ql-align-justify\">Opci\u00f3n Variable de Entrada NAC.<\/li>\n<li class=\"ql-align-justify\">Tiempo de Retardo de CA.<\/li>\n<\/ul>\n<p class=\"ql-align-justify\"><strong>Certificados y homologaciones<\/strong><\/p>\n<p class=\"ql-align-justify\"><strong>Regi\u00f3n EE.UU.<\/strong><\/p>\n<p class=\"ql-align-justify\"><strong>Certificaci\u00f3n<\/strong><\/p>\n<p class=\"ql-align-justify\"><strong>UL<\/strong><\/p>\n<ul>\n<li class=\"ql-align-justify\">UL UOXX: Control Unit Accessories, System (ANSI\/UL 864, 9th edition) and UTRZ: Power-supply Units (UL 1481)<\/li>\n<\/ul>\n<p class=\"ql-align-justify\"><strong>FM<\/strong><\/p>\n<ul>\n<li class=\"ql-align-justify\">CSFM 7300-1615:228.<\/li>\n<li class=\"ql-align-justify\">FDNY.<\/li>\n<li class=\"ql-align-justify\">CoA.<\/li>\n<li class=\"ql-align-justify\">6034.<\/li>\n<\/ul>\n<p>&nbsp;<\/p>\n<\/div>\n<\/div>\n<hr class=\"padding-bottom-2x\" \/>\n<div class=\"row align-items-center padding-bottom-2x\">\n<div class=\"col-md-5\"><img decoding=\"async\" class=\"d-block m-auto img-thumbnail\" src=\"https:\/\/tvc.mx\/media\/83460\/FPP-RNAC-8A-4C.config6.png\" alt=\" \" \/><\/div>\n<div class=\"col-md-7 text-md-left text-center\">\n<h2>Planificaci\u00f3n<\/h2>\n<p class=\"text-muted\">\n<p class=\"ql-align-justify\"><strong>Productos Compatibles<\/strong><\/p>\n<p class=\"ql-align-justify\">Los siguientes productos son compatibles con la Fuente de Alimentaci\u00f3n para RNAC FPP\u2011RNAC\u20118A\u20114C:<\/p>\n<p class=\"ql-align-justify\"><strong>Categor\u00edas<\/strong><\/p>\n<p class=\"ql-align-justify\"><strong>Bater\u00edas:<\/strong><\/p>\n<ul>\n<li class=\"ql-align-justify\">D126 Bater\u00eda de 12 V, 7 Ah.<\/li>\n<li class=\"ql-align-justify\">D1218 Bater\u00eda de 12 V, 18 Ah.<\/li>\n<li class=\"ql-align-justify\">D1224 Bater\u00eda de 12 V, 24 Ah.<\/li>\n<li class=\"ql-align-justify\">D1238 Bater\u00eda de 12 V, 38 Ah.<\/li>\n<\/ul>\n<p class=\"ql-align-justify\"><strong>Nota:\u00a0<\/strong>El gabinete puede alojar un m\u00e1ximo de dos bater\u00edas de 18 Ah y si requiere mas bater\u00edas gabinete de bater\u00edas contamos con el BATB-40.<\/p>\n<p class=\"ql-align-justify\"><strong>Cableado<\/strong><\/p>\n<p class=\"ql-align-justify\">Todo el cableado se conecta a la placa de la fuente de alimentaci\u00f3n mediante terminales de puerta elevadiza que admiten cables de hasta 2,3 mm. (12 AWG) de di\u00e1metro.<\/p>\n<p class=\"ql-align-justify\"><strong>Piezas incluidas<\/strong><\/p>\n<ul>\n<li class=\"ql-align-justify\">1 Placa FPP\u2011RNAC\u20118A\u20114C.<\/li>\n<li class=\"ql-align-justify\">1 Carcasa Grande AE4 (roja) con ventilaci\u00f3n.<\/li>\n<li class=\"ql-align-justify\">4 Resistencias de final de l\u00ednea (RFL) de 2,21 k\u03a9 (P\/ N: F01U034504).Para el reacondicionamiento de las aplicaciones, los valores de RFL permitidos est\u00e1n comprendidos entre 1 k\u03a9 y 20 k\u03a9.<\/li>\n<li class=\"ql-align-justify\">1 Paquete de hardware.<\/li>\n<\/ul>\n<p>&nbsp;<\/p>\n<\/div>\n<\/div>\n<hr class=\"padding-bottom-2x\" \/>\n<div class=\"row align-items-center padding-bottom-2x\">\n<div class=\"col-md-5 order-md-2\"><img decoding=\"async\" class=\"d-block m-auto img-thumbnail\" src=\"https:\/\/tvc.mx\/media\/83464\/FPP-RNAC-8A-4C.config8.png\" alt=\" \" \/><\/div>\n<div class=\"col-md-7 order-md-1 text-md-left text-center\">\n<h2>Caracter\u00edsticas y Especificaciones<\/h2>\n<p class=\"text-muted\">\n<p class=\"ql-align-justify\"><strong>Nota<\/strong>:\u00a0<strong>FPP\u2011RNAC\u20118A\u20114C Fuente de Alimentaci\u00f3n para Circuito de Dispositivos de Notificaci\u00f3n Remoto (RNAC) a\u00f1ade cuatro circuitos de dispositivos de notificaci\u00f3n adicionales a una central de incendios.<\/strong><\/p>\n<p class=\"ql-align-justify\"><strong>Numero de pedido: FPP-RNAC-8A-4C.<\/strong><\/p>\n<p class=\"ql-align-justify\"><strong>Principales Caracter\u00edsticas<\/strong><\/p>\n<ul>\n<li class=\"ql-align-justify\">8 A de potencia.<\/li>\n<li class=\"ql-align-justify\">Salidas completamente supervisadas.<\/li>\n<li class=\"ql-align-justify\">Configurable como salida NAC o alimentaci\u00f3n auxiliar constante.<\/li>\n<li class=\"ql-align-justify\">Salida de 24 VCC regulada (nominal) con protecci\u00f3n frente a sobrecargas.<\/li>\n<li class=\"ql-align-justify\">Patrones de NAC integrados.<\/li>\n<li class=\"ql-align-justify\">Cuatro circuitos de Clase B, Estilo Y o de Clase A, Estilo Z.<\/li>\n<li class=\"ql-align-justify\">Rel\u00e9 de problemas con forma C.<\/li>\n<li class=\"ql-align-justify\">Indicador de estado en el panel de control cuando se conecta al bus de opciones.<\/li>\n<li class=\"ql-align-justify\">Indicaci\u00f3n de fallo de tierra.<\/li>\n<li class=\"ql-align-justify\">Monitor de control de cargador.<\/li>\n<\/ul>\n<p class=\"ql-align-justify\"><strong>Especificaciones<\/strong><\/p>\n<p class=\"ql-align-justify\"><strong>Ambientales<\/strong><\/p>\n<ul>\n<li class=\"ql-align-justify\">Temperatura (operaci\u00f3n): De 0 \u00b0C a +49 \u00b0C (de +32 \u00b0F a +120 \u00b0F)<\/li>\n<\/ul>\n<p class=\"ql-align-justify\"><strong>Entradas (NAC)<\/strong><\/p>\n<ul>\n<li class=\"ql-align-justify\">Tiempo de Respuesta (de entrada a salida): 10 ms como m\u00e1ximo.<\/li>\n<\/ul>\n<p class=\"ql-align-justify\"><strong>Mec\u00e1nicas<\/strong><\/p>\n<ul>\n<li class=\"ql-align-justify\">Color: Rojo.<\/li>\n<li class=\"ql-align-justify\">Dimensiones (Al x An x Pr) sin puerta:52 cm. x 38 cm. x 10,4 cm.(20,4 pulg. x 14,8 pulg. x 4,1 pulg.).<\/li>\n<li class=\"ql-align-justify\">Material: acero laminado en fr\u00edo.<\/li>\n<li class=\"ql-align-justify\">Base: 1,2 mm. (18 AWG).<\/li>\n<li class=\"ql-align-justify\">Cubierta: 1,1 mm. (19 AWG).<\/li>\n<li class=\"ql-align-justify\">Salidas (auxiliares) Corriente (salida): 850 mA como m\u00e1ximo.<\/li>\n<li class=\"ql-align-justify\">Tensi\u00f3n (salida): 24 VCC (regulada).<\/li>\n<li class=\"ql-align-justify\">Salidas (NAC) Salida por circuito: 2,5 A como m\u00e1ximo.<\/li>\n<li class=\"ql-align-justify\">Salida (total): 8 A (todas las salidas NAC y auxiliares).<\/li>\n<li class=\"ql-align-justify\">Tensi\u00f3n (salida): 24 VCC (regulada).<\/li>\n<li class=\"ql-align-justify\">Tensi\u00f3n (en reposo): -24 VCC (regulada).<\/li>\n<li class=\"ql-align-justify\">Salidas (rel\u00e9s de problemas de CA y problemas).<\/li>\n<li class=\"ql-align-justify\">Tipo de Contacto: Forma C.<\/li>\n<li class=\"ql-align-justify\">Potencia (contacto): 1,5 A a 32 VCC.<\/li>\n<li class=\"ql-align-justify\">Requisitos de Alimentaci\u00f3n Corriente (entrada): 4,5 A como m\u00e1ximo (RMS).<\/li>\n<li class=\"ql-align-justify\">Alimentaci\u00f3n (entrada principal): 120 VCA, 60 Hz o 220 VCA, 50 Hz.<\/li>\n<li class=\"ql-align-justify\">Tensi\u00f3n (bater\u00eda) 24 VCC nominal.<\/li>\n<\/ul>\n<\/div>\n<\/div>\n","protected":false},"excerpt":{"rendered":"<p>FPP\u2011RNAC\u20118A\u20114C Fuente de Alimentaci\u00f3n para Circuito de Dispositivos de Notificaci\u00f3n Remoto (RNAC) Descripci\u00f3n inicial Use la fuente de alimentaci\u00f3n FPP\u2011RNAC\u20118A\u20114C para a\u00f1adir cuatro circuitos de dispositivos de notificaci\u00f3n adicionales a una central de incendios (cuando se conecta a trav\u00e9s de un bus de opciones); o&hellip;<\/p>\n","protected":false},"featured_media":5964,"comment_status":"open","ping_status":"closed","template":"","meta":{"om_disable_all_campaigns":false,"_monsterinsights_skip_tracking":false,"_monsterinsights_sitenote_active":false,"_monsterinsights_sitenote_note":"","_monsterinsights_sitenote_category":0},"product_brand":[],"product_cat":[505],"product_tag":[495,497,498,499,500,501,496,502],"class_list":{"0":"post-5965","1":"product","2":"type-product","3":"status-publish","4":"has-post-thumbnail","6":"product_cat-modulos-bosch-incendio-2","7":"product_tag-control-de-incendio","8":"product_tag-detectores","9":"product_tag-estacion-manual","10":"product_tag-estrobos-y-sirenas","11":"product_tag-modulos","12":"product_tag-paneles-de-control","13":"product_tag-sistemas-de-incendio","14":"product_tag-teclados","16":"first","17":"instock","18":"sale","19":"taxable","20":"shipping-taxable","21":"purchasable","22":"product-type-simple"},"aioseo_notices":[],"_links":{"self":[{"href":"https:\/\/tecsecmty.com\/index.php\/wp-json\/wp\/v2\/product\/5965","targetHints":{"allow":["GET"]}}],"collection":[{"href":"https:\/\/tecsecmty.com\/index.php\/wp-json\/wp\/v2\/product"}],"about":[{"href":"https:\/\/tecsecmty.com\/index.php\/wp-json\/wp\/v2\/types\/product"}],"replies":[{"embeddable":true,"href":"https:\/\/tecsecmty.com\/index.php\/wp-json\/wp\/v2\/comments?post=5965"}],"version-history":[{"count":0,"href":"https:\/\/tecsecmty.com\/index.php\/wp-json\/wp\/v2\/product\/5965\/revisions"}],"wp:featuredmedia":[{"embeddable":true,"href":"https:\/\/tecsecmty.com\/index.php\/wp-json\/wp\/v2\/media\/5964"}],"wp:attachment":[{"href":"https:\/\/tecsecmty.com\/index.php\/wp-json\/wp\/v2\/media?parent=5965"}],"wp:term":[{"taxonomy":"product_brand","embeddable":true,"href":"https:\/\/tecsecmty.com\/index.php\/wp-json\/wp\/v2\/product_brand?post=5965"},{"taxonomy":"product_cat","embeddable":true,"href":"https:\/\/tecsecmty.com\/index.php\/wp-json\/wp\/v2\/product_cat?post=5965"},{"taxonomy":"product_tag","embeddable":true,"href":"https:\/\/tecsecmty.com\/index.php\/wp-json\/wp\/v2\/product_tag?post=5965"}],"curies":[{"name":"wp","href":"https:\/\/api.w.org\/{rel}","templated":true}]}}