{"id":5969,"date":"2023-02-23T11:44:06","date_gmt":"2023-02-23T17:44:06","guid":{"rendered":"https:\/\/tecsecmty.com\/index.php\/producto\/bosch-f_fsm2500-software-de-monitoreo-y-gestion-soporta-hasta-2500-puntos-de-deteccion\/"},"modified":"2023-03-22T23:21:14","modified_gmt":"2023-03-23T05:21:14","slug":"bosch-f_fsm2500-software-de-monitoreo-y-gestion-soporta-hasta-2500-puntos-de-deteccion","status":"publish","type":"product","link":"https:\/\/tecsecmty.com\/index.php\/producto\/bosch-f_fsm2500-software-de-monitoreo-y-gestion-soporta-hasta-2500-puntos-de-deteccion\/","title":{"rendered":"BOSCH F_FSM2500 &#8211; Software de monitoreo y gestion soporta hasta 2500 puntos de deteccion"},"content":{"rendered":"<h5 class=\"card-title text-center\">Fire Monitoring System FSM-2500<\/h5>\n<p class=\"ql-align-justify\"><strong>Fire Monitoring System es una interfaz gr\u00e1fica de usuario para visualizar y controlar sistemas de alarma de incendio de tama\u00f1o peque\u00f1o a mediano con hasta 5.000 puntos de detecci\u00f3n.<\/strong>\u00a0es compatible con las centrales de alarmas de incendios FPA-5000 y FPA-1200.<\/p>\n<p class=\"ql-align-justify\"><strong>Resumen del sistema<\/strong><\/p>\n<p class=\"ql-align-justify\">Fire Monitoring System se puede conectar a las centrales de incendios FPA\u20111200 o FPA\u20115000 v\u00eda Ethernet. La conexi\u00f3n se debe habilitar con una clave de licencia de ADC-5000-OPC. Para cada Fire Monitoring System se necesita una sola clave de licencia.<\/p>\n<p class=\"ql-align-justify\">Se requiere una red Ethernet exclusiva para configurar una red de centrales alarmas de incendio (1). Por motivos de seguridad y fiabilidad, ninguna red destinada a otros fines (2) puede formar parte de este entorno de red especial. Fire Monitoring System debe formar parte de esta red Ethernet de alarmas de incendio sin acceso directo a Internet (3). Si se<\/p>\n<p class=\"ql-align-justify\">establece una conexi\u00f3n a Internet para recibir la licencia de Fire Monitoring system, esta deber\u00e1 eliminarse antes de poner en funcionamiento la red de alarmas de incendio. Solo se pueden usar los accesorios recomendados.<\/p>\n<p class=\"ql-align-justify\"><strong>Funciones b\u00e1sicas<\/strong><\/p>\n<p class=\"ql-align-justify\"><strong>Instalaci\u00f3n y utilizaci\u00f3n sencillas<\/strong><\/p>\n<p class=\"ql-align-justify\">Un asistente le gu\u00eda durante los procesos de instalaci\u00f3n y configuraci\u00f3n en tan s\u00f3lo unos pasos. La transferencia autom\u00e1tica de la configuraci\u00f3n de la central al software permite gestionar los objetos (p. ej. sensores predefinidos) c\u00f3modamente. Para agregar un objeto, el operador solo necesita hacer clic en la posici\u00f3n deseada del mapa. Los dispositivos del<\/p>\n<p class=\"ql-align-justify\">sistema se pueden asignar a objetos mediante un men\u00fa desplegable.<\/p>\n<p class=\"ql-align-justify\"><strong>Importaci\u00f3n de planos<\/strong><\/p>\n<p class=\"ql-align-justify\">Fire Monitoring System permite importar f\u00e1cilmente distintos formatos de archivos, incluidos dwg y dxf. El software asigna autom\u00e1ticamente la lista de detectores de la central de incendios al plano de planta.<\/p>\n<p class=\"ql-align-justify\"><strong>Gesti\u00f3n ampliada de mapas<\/strong><\/p>\n<p class=\"ql-align-justify\">En cada mapa es posible definir \u00e1reas especificas con el fin de crear submapas. Si se produce un evento, se ampl\u00eda autom\u00e1ticamente el submapa pertinente. El operador puede ampliar manualmente los mapas o submapas y una funci\u00f3n de desplazamiento permite<\/p>\n<p class=\"ql-align-justify\">mover el mapa en cualquier direcci\u00f3n.<\/p>\n<p class=\"ql-align-justify\"><strong>Gesti\u00f3n de objetos en el mapa<\/strong><\/p>\n<p class=\"ql-align-justify\">Es posible seleccionar un solo sensor o un grupo de dispositivos y moverlos a otro mapa arrastr\u00e1ndolos y solt\u00e1ndolos. Tambi\u00e9n se pueden copiar y pegar objetos en distintos mapas.<\/p>\n<p class=\"ql-align-justify\"><strong>Gesti\u00f3n de derechos de usuario<\/strong><\/p>\n<p class=\"ql-align-justify\">Las autorizaciones se basan en grupos personalizables. Los derechos para acceder, por<\/p>\n<p class=\"ql-align-justify\">ejemplo, a distintas fuentes, mapas, zonas de alarmas y dispositivos se gestionan en el nivel de grupo. Todos los usuarios pueden formar parte de uno o m\u00e1s grupos.<\/p>\n<p class=\"ql-align-justify\"><strong>Notificaci\u00f3n por correo electr\u00f3nico<\/strong><\/p>\n<p class=\"ql-align-justify\">Los eventos se pueden reenviar por correo electr\u00f3nico a los usuarios seg\u00fan su configuraci\u00f3n de usuario.<\/p>\n<p class=\"ql-align-justify\"><strong>Registro de eventos<\/strong><\/p>\n<p class=\"ql-align-justify\">En el registro de eventos quedan registrados todos los procedimientos y acciones. Es posible buscar seg\u00fan distintos criterios, agregar y generar estad\u00edsticas, realizar copias de seguridad o imprimir el registro de eventos. Los informes se pueden exportar a Excel.<\/p>\n<p class=\"ql-align-justify\"><strong>Conectividad<\/strong><\/p>\n<p class=\"ql-align-justify\">Fire Monitoring System admite la conexi\u00f3n de una central de detecci\u00f3n de incendios aut\u00f3noma o una red de centrales con hasta 5.000 puntos de detecci\u00f3n en total.<\/p>\n<p class=\"ql-align-justify\"><strong>Versiones idiom\u00e1ticas<\/strong><\/p>\n<p class=\"ql-align-justify\">Fire Monitoring System est\u00e1 disponible en los idiomas siguientes: alem\u00e1n, espa\u00f1ol, franc\u00e9s, holand\u00e9s, ingl\u00e9s, italiano, polaco, portugu\u00e9s, rumano, ruso y turco. Cada usuario puede definir el idioma de la interfaz de usuario individualmente.<\/p>\n<p class=\"ql-align-justify\"><strong>Planificaci\u00f3n<\/strong><\/p>\n<p class=\"ql-align-justify\"><strong>Requisitos de hardware<\/strong><\/p>\n<ul>\n<li class=\"ql-align-justify\">Procesador: Dual core (1,8 GHz o m\u00e1s).<\/li>\n<li class=\"ql-align-justify\">RAM: M\u00ednimo 2 GB.<\/li>\n<li class=\"ql-align-justify\">Espacio libre en disco duro: M\u00ednimo 1 GB.<\/li>\n<li class=\"ql-align-justify\">Tarjeta de red: 100 Mbps.<\/li>\n<li class=\"ql-align-justify\">Resoluci\u00f3n del monitor: M\u00ednimo 1366 x 768 p\u00edxeles.<\/li>\n<\/ul>\n<p class=\"ql-align-justify\"><strong>Requisitos de software<\/strong><\/p>\n<ul>\n<li class=\"ql-align-justify\">Windows 7 (32 bits y 64 bits).<\/li>\n<li class=\"ql-align-justify\">Windows 8 (32 bits y 64 bits).<\/li>\n<li class=\"ql-align-justify\">Windows 10 (32 bits y 64 bits).<\/li>\n<li class=\"ql-align-justify\">Microsoft Office (Versi\u00f3n 2007 \/ 2010 \/ 2013).<\/li>\n<li class=\"ql-align-justify\">.NET Framework a partir de la versi\u00f3n 3.5.1.<\/li>\n<\/ul>\n<p><strong>Nota: Fire Monitoring System FSM-2500<\/strong><\/p>\n<p><strong>Software de control para gestionar hasta 2.500 puntos de detecci\u00f3n.<\/strong><\/p>\n<p class=\"ql-align-justify\"><strong>N\u00famero de pedido: FSM-2500<\/strong><\/p>\n<p class=\"ql-align-justify\"><strong>Principales caracter\u00edsticas<\/strong><\/p>\n<ul>\n<li>Control de centrales \u00fanicas o en red.<\/li>\n<li>Gesti\u00f3n de hasta 5.000 puntos de detecci\u00f3n.<\/li>\n<li>Conexi\u00f3n simult\u00e1nea de hasta 10 clientes.<\/li>\n<li>Registro detallado de eventos y operaciones.<\/li>\n<li class=\"ql-align-justify\">Instalaci\u00f3n y configuraci\u00f3n sencillas.<\/li>\n<\/ul>\n<p><img decoding=\"async\" class=\"overview-center-img-web\" src=\"https:\/\/tvc.mx\/media\/39678\/Logoopaginas-oficial-1920x400.png\" alt=\"\" \/><\/p>\n","protected":false},"excerpt":{"rendered":"<p>Fire Monitoring System FSM-2500 Fire Monitoring System es una interfaz gr\u00e1fica de usuario para visualizar y controlar sistemas de alarma de incendio de tama\u00f1o peque\u00f1o a mediano con hasta 5.000 puntos de detecci\u00f3n.\u00a0es compatible con las centrales de alarmas de incendios FPA-5000 y FPA-1200. Resumen&hellip;<\/p>\n","protected":false},"featured_media":5968,"comment_status":"open","ping_status":"closed","template":"","meta":{"om_disable_all_campaigns":false,"_monsterinsights_skip_tracking":false,"_monsterinsights_sitenote_active":false,"_monsterinsights_sitenote_note":"","_monsterinsights_sitenote_category":0},"product_brand":[],"product_cat":[505],"product_tag":[495,497,498,499,500,501,496,502],"class_list":{"0":"post-5969","1":"product","2":"type-product","3":"status-publish","4":"has-post-thumbnail","6":"product_cat-modulos-bosch-incendio-2","7":"product_tag-control-de-incendio","8":"product_tag-detectores","9":"product_tag-estacion-manual","10":"product_tag-estrobos-y-sirenas","11":"product_tag-modulos","12":"product_tag-paneles-de-control","13":"product_tag-sistemas-de-incendio","14":"product_tag-teclados","16":"first","17":"instock","18":"sale","19":"taxable","20":"shipping-taxable","21":"purchasable","22":"product-type-simple"},"aioseo_notices":[],"_links":{"self":[{"href":"https:\/\/tecsecmty.com\/index.php\/wp-json\/wp\/v2\/product\/5969","targetHints":{"allow":["GET"]}}],"collection":[{"href":"https:\/\/tecsecmty.com\/index.php\/wp-json\/wp\/v2\/product"}],"about":[{"href":"https:\/\/tecsecmty.com\/index.php\/wp-json\/wp\/v2\/types\/product"}],"replies":[{"embeddable":true,"href":"https:\/\/tecsecmty.com\/index.php\/wp-json\/wp\/v2\/comments?post=5969"}],"version-history":[{"count":0,"href":"https:\/\/tecsecmty.com\/index.php\/wp-json\/wp\/v2\/product\/5969\/revisions"}],"wp:featuredmedia":[{"embeddable":true,"href":"https:\/\/tecsecmty.com\/index.php\/wp-json\/wp\/v2\/media\/5968"}],"wp:attachment":[{"href":"https:\/\/tecsecmty.com\/index.php\/wp-json\/wp\/v2\/media?parent=5969"}],"wp:term":[{"taxonomy":"product_brand","embeddable":true,"href":"https:\/\/tecsecmty.com\/index.php\/wp-json\/wp\/v2\/product_brand?post=5969"},{"taxonomy":"product_cat","embeddable":true,"href":"https:\/\/tecsecmty.com\/index.php\/wp-json\/wp\/v2\/product_cat?post=5969"},{"taxonomy":"product_tag","embeddable":true,"href":"https:\/\/tecsecmty.com\/index.php\/wp-json\/wp\/v2\/product_tag?post=5969"}],"curies":[{"name":"wp","href":"https:\/\/api.w.org\/{rel}","templated":true}]}}