{"id":5971,"date":"2023-02-23T11:44:08","date_gmt":"2023-02-23T17:44:08","guid":{"rendered":"https:\/\/tecsecmty.com\/index.php\/producto\/bosch-f_hbc0010a-cabina-de-central-modular-para-10-modulos-compatible-fpa5000\/"},"modified":"2023-03-22T23:21:14","modified_gmt":"2023-03-23T05:21:14","slug":"bosch-f_hbc0010a-cabina-de-central-modular-para-10-modulos-compatible-fpa5000","status":"publish","type":"product","link":"https:\/\/tecsecmty.com\/index.php\/producto\/bosch-f_hbc0010a-cabina-de-central-modular-para-10-modulos-compatible-fpa5000\/","title":{"rendered":"BOSCH F_HBC0010A &#8211; Cabina de central modular para 10 modulos \/ Compatible FPA5000"},"content":{"rendered":"<h5 class=\"card-title text-center\">Cabina de central modular para 10 m\u00f3dulos para montaje en superficie o empotrado HBC 0010 A<\/h5>\n<p class=\"ql-align-justify\"><strong>La carcasa HBC 0010 A puede alojar una unidad de funcionamiento y visualizaci\u00f3n MPC con controlador de central, hasta diez m\u00f3dulos, bater\u00edas y fuentes de alimentaci\u00f3n.<\/strong>\u00a0La configuraci\u00f3n modular permite una sencilla ampliaci\u00f3n.<\/p>\n<p class=\"ql-align-justify\"><strong>Planificaci\u00f3n<\/strong><\/p>\n<p class=\"ql-align-justify\"><strong>Puede equiparse con:<\/strong><\/p>\n<ul>\n<li class=\"ql-align-justify\">1 unidad de mando y visualizaci\u00f3n MPC con controlador de la central.<\/li>\n<li class=\"ql-align-justify\">1 ra\u00edl de la central corto PRS 0002 A para 2 m\u00f3dulos.<\/li>\n<li class=\"ql-align-justify\">2 ra\u00edles de la central largos PRD 0004 A, cada uno para 4 m\u00f3dulos.<\/li>\n<li class=\"ql-align-justify\">HPD 0000 A Distribuidor de Alimentaci\u00f3n.<\/li>\n<li class=\"ql-align-justify\">1 soporte para fuente de alimentaci\u00f3n FPO\u20115000\u2011PSB\u2011CH para carcasas de tableros.<\/li>\n<li class=\"ql-align-justify\">2 bater\u00edas de 12 V\/28 Ah.<\/li>\n<\/ul>\n<p class=\"ql-align-justify\"><strong>Puede ampliarse con<\/strong>:<\/p>\n<ul>\n<li class=\"ql-align-justify\">FDT 0001 A Puerta frontal transparente con bloqueo en el lado derecho.<\/li>\n<li class=\"ql-align-justify\">FDT 0002 A Puerta frontal transparente con bloqueo en el lado izquierdo.<\/li>\n<\/ul>\n<p class=\"ql-align-justify\"><strong>Piezas incluidas<\/strong><\/p>\n<ul>\n<li class=\"ql-align-justify\">1 Carcasa<\/li>\n<\/ul>\n<p class=\"ql-align-justify\"><strong>Nota: HBC 0010 Cabina de central modular para 10 m\u00f3dulos para montaje en superficie o empotrado, o instalaci\u00f3n en racks de 482,6 mm (19&#8243;).<\/strong><\/p>\n<p class=\"ql-align-justify\"><strong>Numero de pedido: HBC 0010 A<\/strong><\/p>\n<p><img decoding=\"async\" class=\"overview-center-img-web\" src=\"https:\/\/tvc.mx\/media\/29799\/Logoopaginas-oficial-1920x400.png\" alt=\"\" \/><\/p>\n","protected":false},"excerpt":{"rendered":"<p>Cabina de central modular para 10 m\u00f3dulos para montaje en superficie o empotrado HBC 0010 A La carcasa HBC 0010 A puede alojar una unidad de funcionamiento y visualizaci\u00f3n MPC con controlador de central, hasta diez m\u00f3dulos, bater\u00edas y fuentes de alimentaci\u00f3n.\u00a0La configuraci\u00f3n modular permite&hellip;<\/p>\n","protected":false},"featured_media":5970,"comment_status":"open","ping_status":"closed","template":"","meta":{"om_disable_all_campaigns":false,"_monsterinsights_skip_tracking":false,"_monsterinsights_sitenote_active":false,"_monsterinsights_sitenote_note":"","_monsterinsights_sitenote_category":0},"product_brand":[],"product_cat":[505],"product_tag":[495,497,498,499,500,501,496,502],"class_list":{"0":"post-5971","1":"product","2":"type-product","3":"status-publish","4":"has-post-thumbnail","6":"product_cat-modulos-bosch-incendio-2","7":"product_tag-control-de-incendio","8":"product_tag-detectores","9":"product_tag-estacion-manual","10":"product_tag-estrobos-y-sirenas","11":"product_tag-modulos","12":"product_tag-paneles-de-control","13":"product_tag-sistemas-de-incendio","14":"product_tag-teclados","16":"first","17":"instock","18":"sale","19":"taxable","20":"shipping-taxable","21":"purchasable","22":"product-type-simple"},"aioseo_notices":[],"_links":{"self":[{"href":"https:\/\/tecsecmty.com\/index.php\/wp-json\/wp\/v2\/product\/5971","targetHints":{"allow":["GET"]}}],"collection":[{"href":"https:\/\/tecsecmty.com\/index.php\/wp-json\/wp\/v2\/product"}],"about":[{"href":"https:\/\/tecsecmty.com\/index.php\/wp-json\/wp\/v2\/types\/product"}],"replies":[{"embeddable":true,"href":"https:\/\/tecsecmty.com\/index.php\/wp-json\/wp\/v2\/comments?post=5971"}],"version-history":[{"count":0,"href":"https:\/\/tecsecmty.com\/index.php\/wp-json\/wp\/v2\/product\/5971\/revisions"}],"wp:featuredmedia":[{"embeddable":true,"href":"https:\/\/tecsecmty.com\/index.php\/wp-json\/wp\/v2\/media\/5970"}],"wp:attachment":[{"href":"https:\/\/tecsecmty.com\/index.php\/wp-json\/wp\/v2\/media?parent=5971"}],"wp:term":[{"taxonomy":"product_brand","embeddable":true,"href":"https:\/\/tecsecmty.com\/index.php\/wp-json\/wp\/v2\/product_brand?post=5971"},{"taxonomy":"product_cat","embeddable":true,"href":"https:\/\/tecsecmty.com\/index.php\/wp-json\/wp\/v2\/product_cat?post=5971"},{"taxonomy":"product_tag","embeddable":true,"href":"https:\/\/tecsecmty.com\/index.php\/wp-json\/wp\/v2\/product_tag?post=5971"}],"curies":[{"name":"wp","href":"https:\/\/api.w.org\/{rel}","templated":true}]}}