{"id":5981,"date":"2023-02-23T11:44:23","date_gmt":"2023-02-23T17:44:23","guid":{"rendered":"https:\/\/tecsecmty.com\/index.php\/producto\/bosch-f_iobr-caja-trasera-para-altavoz-estrobo-exterior\/"},"modified":"2023-03-22T23:21:14","modified_gmt":"2023-03-23T05:21:14","slug":"bosch-f_iobr-caja-trasera-para-altavoz-estrobo-exterior","status":"publish","type":"product","link":"https:\/\/tecsecmty.com\/index.php\/producto\/bosch-f_iobr-caja-trasera-para-altavoz-estrobo-exterior\/","title":{"rendered":"BOSCH F_IOBR- CAJA TRASERA PARA ALTAVOZ ESTROBO EXTERIOR"},"content":{"rendered":"<h5 class=\"card-title text-center\">IOB \u2011 R Caja posterior interior o exterior (rojo)<\/h5>\n<p class=\"ql-align-justify\"><strong>Una caja trasera de montaje en superficie de 13,3 cm. (5.25 pulg.) Cuadrado por 6.7 cm (2.625 pulg.) de profundidad.<\/strong>\u00a0Es roja con orificios ciegos para conducto de media pulgada y una junta para<\/p>\n<p class=\"ql-align-justify\">aplicaciones interiores o exteriores.<\/p>\n<p class=\"ql-align-justify\"><strong>Certificaciones y aprobaciones<\/strong><\/p>\n<p class=\"ql-align-justify\"><strong>Certificaci\u00f3n de regi\u00f3n<\/strong><\/p>\n<p class=\"ql-align-justify\"><strong>USA<\/strong><\/p>\n<p class=\"ql-align-justify\">UL UCST: dispositivos de se\u00f1al audible, se\u00f1al general (UL464), ULSZ: se\u00f1al audible<\/p>\n<p class=\"ql-align-justify\">Electrodom\u00e9sticos (UL464), UUMW: altavoces y amplificadores para sistemas de se\u00f1alizaci\u00f3n de protecci\u00f3n contra incendios (UL1480, UL1711, UL2043), UVAV: dispositivos de se\u00f1alizaci\u00f3n visual para sistemas de se\u00f1alizaci\u00f3n de protecci\u00f3n contra incendios (UL1638).<\/p>\n<p class=\"ql-align-justify\"><strong>Partes incluidas<\/strong><\/p>\n<ul>\n<li class=\"ql-align-justify\">1 caja trasera.<\/li>\n<li class=\"ql-align-justify\">1 paquete de hardware.<\/li>\n<\/ul>\n<p class=\"ql-align-justify\"><strong>Nota: IOB \u2011 R Caja posterior interior o exterior (rojo)<\/strong><\/p>\n<p class=\"ql-align-justify\"><strong>Cuadrado de 13.3 cm (5.25 pulg.), Profundidad de 6.7 cm (2.625 pulg.)<\/strong><\/p>\n<p class=\"ql-align-justify\"><strong>N\u00famero de pedido: IOB-R<\/strong><\/p>\n<p class=\"ql-align-justify\"><strong>Principales caracter\u00edsticas<\/strong><\/p>\n<ul>\n<li class=\"ql-align-justify\">Caja trasera de montaje en superficie roja.<\/li>\n<li class=\"ql-align-justify\">Orificios ciegos para conductos de media pulgada y una junta para aplicaciones interiores o exteriores.<\/li>\n<\/ul>\n<p class=\"ql-align-justify\"><strong>Especificaciones<\/strong><\/p>\n<ul>\n<li class=\"ql-align-justify\">Color: rojo.<\/li>\n<li class=\"ql-align-justify\">Dimensiones 13.3 cm (5.25 in.) Cuadrado por 6.7 cm (2.625 in.) De profundidad.<\/li>\n<li class=\"ql-align-justify\">Material: Pl\u00e1stico.<\/li>\n<li class=\"ql-align-justify\">Peso bruto: 0.26 kg ((9.17 oz.)<\/li>\n<li class=\"ql-align-justify\">Peso Neto: 0.23 kg (8.11 oz).<\/li>\n<\/ul>\n<p><img decoding=\"async\" class=\"overview-center-img-web\" src=\"https:\/\/tvc.mx\/media\/35375\/Logoopaginas-oficial-1920x400.png\" alt=\"\" \/><\/p>\n","protected":false},"excerpt":{"rendered":"<p>IOB \u2011 R Caja posterior interior o exterior (rojo) Una caja trasera de montaje en superficie de 13,3 cm. (5.25 pulg.) Cuadrado por 6.7 cm (2.625 pulg.) de profundidad.\u00a0Es roja con orificios ciegos para conducto de media pulgada y una junta para aplicaciones interiores o&hellip;<\/p>\n","protected":false},"featured_media":5980,"comment_status":"open","ping_status":"closed","template":"","meta":{"om_disable_all_campaigns":false,"_monsterinsights_skip_tracking":false,"_monsterinsights_sitenote_active":false,"_monsterinsights_sitenote_note":"","_monsterinsights_sitenote_category":0},"product_brand":[],"product_cat":[505],"product_tag":[495,497,498,499,500,501,496,502],"class_list":{"0":"post-5981","1":"product","2":"type-product","3":"status-publish","4":"has-post-thumbnail","6":"product_cat-modulos-bosch-incendio-2","7":"product_tag-control-de-incendio","8":"product_tag-detectores","9":"product_tag-estacion-manual","10":"product_tag-estrobos-y-sirenas","11":"product_tag-modulos","12":"product_tag-paneles-de-control","13":"product_tag-sistemas-de-incendio","14":"product_tag-teclados","16":"first","17":"instock","18":"sale","19":"taxable","20":"shipping-taxable","21":"purchasable","22":"product-type-simple"},"aioseo_notices":[],"_links":{"self":[{"href":"https:\/\/tecsecmty.com\/index.php\/wp-json\/wp\/v2\/product\/5981","targetHints":{"allow":["GET"]}}],"collection":[{"href":"https:\/\/tecsecmty.com\/index.php\/wp-json\/wp\/v2\/product"}],"about":[{"href":"https:\/\/tecsecmty.com\/index.php\/wp-json\/wp\/v2\/types\/product"}],"replies":[{"embeddable":true,"href":"https:\/\/tecsecmty.com\/index.php\/wp-json\/wp\/v2\/comments?post=5981"}],"version-history":[{"count":0,"href":"https:\/\/tecsecmty.com\/index.php\/wp-json\/wp\/v2\/product\/5981\/revisions"}],"wp:featuredmedia":[{"embeddable":true,"href":"https:\/\/tecsecmty.com\/index.php\/wp-json\/wp\/v2\/media\/5980"}],"wp:attachment":[{"href":"https:\/\/tecsecmty.com\/index.php\/wp-json\/wp\/v2\/media?parent=5981"}],"wp:term":[{"taxonomy":"product_brand","embeddable":true,"href":"https:\/\/tecsecmty.com\/index.php\/wp-json\/wp\/v2\/product_brand?post=5981"},{"taxonomy":"product_cat","embeddable":true,"href":"https:\/\/tecsecmty.com\/index.php\/wp-json\/wp\/v2\/product_cat?post=5981"},{"taxonomy":"product_tag","embeddable":true,"href":"https:\/\/tecsecmty.com\/index.php\/wp-json\/wp\/v2\/product_tag?post=5981"}],"curies":[{"name":"wp","href":"https:\/\/api.w.org\/{rel}","templated":true}]}}