{"id":5985,"date":"2023-02-23T11:44:29","date_gmt":"2023-02-23T17:44:29","guid":{"rendered":"https:\/\/tecsecmty.com\/index.php\/producto\/bosch-f_ios0020a-modulo-de-comunicacion-de-20-ma-puerto-rs232\/"},"modified":"2023-03-22T23:21:14","modified_gmt":"2023-03-23T05:21:14","slug":"bosch-f_ios0020a-modulo-de-comunicacion-de-20-ma-puerto-rs232","status":"publish","type":"product","link":"https:\/\/tecsecmty.com\/index.php\/producto\/bosch-f_ios0020a-modulo-de-comunicacion-de-20-ma-puerto-rs232\/","title":{"rendered":"BOSCH F_IOS0020A &#8211; Modulo de comunicacion de 20 MA \/ Puerto RS232"},"content":{"rendered":"<h5 class=\"card-title text-center\">M\u00f3dulo de comunicaci\u00f3n de 20 mA IOS 0020 A<\/h5>\n<p class=\"ql-align-justify\">El m\u00f3dulo de comunicaci\u00f3n IOS 0020 A contiene los m\u00f3dulos siguientes:<\/p>\n<ul>\n<li class=\"ql-align-justify\">Un m\u00f3dulo S20.<\/li>\n<li class=\"ql-align-justify\">U n m\u00f3dulo RS232 El sistema de alarma por voz Plena se puede conectar mediante RS232.<\/li>\n<\/ul>\n<p class=\"ql-align-justify\"><strong>Resumen del sistema<\/strong><\/p>\n<p class=\"ql-align-justify\"><strong>Descripci\u00f3n de Conector<\/strong><\/p>\n<ul>\n<li class=\"ql-align-justify\">1 | 2 &#8211; &#8211;<\/li>\n<li class=\"ql-align-justify\">3 | 4 TX &#8211; | + M\u00f3dulo de interfaz de 20 mA..<\/li>\n<li class=\"ql-align-justify\">5 | 6 RX + | &#8211; M\u00f3dulo de interfaz de 20 mA .<\/li>\n<li class=\"ql-align-justify\">7 | 8 AUX &#8211; | + Fuente de alimentaci\u00f3n 24 V CC\/m\u00e1x. 1,3 A .<\/li>\n<li class=\"ql-align-justify\">20 | 21 | 22 RXD | TXD | GND M\u00f3dulo RS232.<\/li>\n<\/ul>\n<p class=\"ql-align-justify\"><strong>Piezas incluidas<\/strong><\/p>\n<p class=\"ql-align-justify\"><strong>Cant. Componentes<\/strong><\/p>\n<ul>\n<li class=\"ql-align-justify\">1 IOS 0020 A M\u00f3dulo de comunicaci\u00f3n de 20 mA.<\/li>\n<\/ul>\n<p class=\"ql-align-justify\"><strong>Nota: M\u00f3dulo de comunicaci\u00f3n de 20 mA IOS 0020 A<\/strong><\/p>\n<p class=\"ql-align-justify\"><strong>M\u00f3dulo de comunicaci\u00f3n de 20 mA proporciona un m\u00f3dulo de cada de S20 y RS232.<\/strong><\/p>\n<p class=\"ql-align-justify\"><strong>N\u00famero de pedido: IOS 0020 A<\/strong><\/p>\n<p class=\"ql-align-justify\"><strong>Principales caracter\u00edsticas<\/strong><\/p>\n<ul>\n<li class=\"ql-align-justify\">Conexi\u00f3n de perif\u00e9ricos con una interfaz serie.<\/li>\n<li class=\"ql-align-justify\">Conexi\u00f3n de Plena mediante RS232.<\/li>\n<li class=\"ql-align-justify\">Sistema listo para funcionar, gracias a su tecnolog\u00eda \u00abplug-and-play\u00bb .<\/li>\n<li class=\"ql-align-justify\">Bloques de terminales conectables.<\/li>\n<\/ul>\n<p class=\"ql-align-justify\"><strong>Especificaciones<\/strong><\/p>\n<p class=\"ql-align-justify\"><strong>Datos el\u00e9ctricos<\/strong><\/p>\n<ul>\n<li class=\"ql-align-justify\">Tensi\u00f3n de entrada: De 20 V CC a 30 V CC 5 V CC \u00b1 5%.<\/li>\n<li class=\"ql-align-justify\">Consumo de corriente m\u00e1ximo 15 mA (a 24 VCC).<\/li>\n<li class=\"ql-align-justify\">Corriente auxiliar de salida m\u00e1x. 1,3 A a 24 VCC.<\/li>\n<\/ul>\n<p class=\"ql-align-justify\"><strong>Longitud de cable m\u00e1x.<\/strong><\/p>\n<ul>\n<li class=\"ql-align-justify\">Puerto 20 mA 1.000 m (3.280 pies).<\/li>\n<li class=\"ql-align-justify\">Puerto RS232 3 m (10 pies).<\/li>\n<\/ul>\n<p class=\"ql-align-justify\"><strong>Datos mec\u00e1nicos<\/strong><\/p>\n<ul>\n<li class=\"ql-align-justify\">Material de la carcasa: Pl\u00e1stico ABS, Polylac PA-766 (UL94 V\u20110).<\/li>\n<li class=\"ql-align-justify\">Color de la carcasa: Acabado satinado en antracita, RAL 7016.<\/li>\n<li class=\"ql-align-justify\">Dimensiones Aprox. 127 x 96 x 60 mm (5 x 3,8 x 2,4 pulg.)<\/li>\n<\/ul>\n<p class=\"ql-align-justify\"><strong>Peso<\/strong><\/p>\n<ul>\n<li class=\"ql-align-justify\">Sin embalaje Aprox. 175 g (6,2 onzas).<\/li>\n<li class=\"ql-align-justify\">Con embalaje Aprox. 350 g (12,4 onzas)<\/li>\n<\/ul>\n<p class=\"ql-align-justify\"><strong>Condiciones ambientales<\/strong><\/p>\n<ul>\n<li class=\"ql-align-justify\">Temperatura de funcionamiento permitida: De -5 \u00b0C a 50 \u00b0C (de 23 \u00b0F a 122 \u00b0F).<\/li>\n<li class=\"ql-align-justify\">Temperatura de almacenamiento permitida: De -20 \u00b0C a 60 \u00b0C (de -4 \u00b0F a 140 \u00b0F).<\/li>\n<li class=\"ql-align-justify\">Humedad relativa permitida: 95%, sin condensaci\u00f3n.<\/li>\n<li class=\"ql-align-justify\">Clase de protecci\u00f3n seg\u00fan IEC 60529: IP 30.<\/li>\n<\/ul>\n<p><img decoding=\"async\" class=\"overview-center-img-web\" src=\"https:\/\/tvc.mx\/media\/39162\/Logoopaginas-oficial-1920x400.png\" alt=\"\" \/><\/p>\n","protected":false},"excerpt":{"rendered":"<p>M\u00f3dulo de comunicaci\u00f3n de 20 mA IOS 0020 A El m\u00f3dulo de comunicaci\u00f3n IOS 0020 A contiene los m\u00f3dulos siguientes: Un m\u00f3dulo S20. U n m\u00f3dulo RS232 El sistema de alarma por voz Plena se puede conectar mediante RS232. Resumen del sistema Descripci\u00f3n de Conector&hellip;<\/p>\n","protected":false},"featured_media":5984,"comment_status":"open","ping_status":"closed","template":"","meta":{"om_disable_all_campaigns":false,"_monsterinsights_skip_tracking":false,"_monsterinsights_sitenote_active":false,"_monsterinsights_sitenote_note":"","_monsterinsights_sitenote_category":0},"product_brand":[],"product_cat":[505],"product_tag":[495,497,498,499,500,501,496,502],"class_list":{"0":"post-5985","1":"product","2":"type-product","3":"status-publish","4":"has-post-thumbnail","6":"product_cat-modulos-bosch-incendio-2","7":"product_tag-control-de-incendio","8":"product_tag-detectores","9":"product_tag-estacion-manual","10":"product_tag-estrobos-y-sirenas","11":"product_tag-modulos","12":"product_tag-paneles-de-control","13":"product_tag-sistemas-de-incendio","14":"product_tag-teclados","16":"first","17":"instock","18":"sale","19":"taxable","20":"shipping-taxable","21":"purchasable","22":"product-type-simple"},"aioseo_notices":[],"_links":{"self":[{"href":"https:\/\/tecsecmty.com\/index.php\/wp-json\/wp\/v2\/product\/5985","targetHints":{"allow":["GET"]}}],"collection":[{"href":"https:\/\/tecsecmty.com\/index.php\/wp-json\/wp\/v2\/product"}],"about":[{"href":"https:\/\/tecsecmty.com\/index.php\/wp-json\/wp\/v2\/types\/product"}],"replies":[{"embeddable":true,"href":"https:\/\/tecsecmty.com\/index.php\/wp-json\/wp\/v2\/comments?post=5985"}],"version-history":[{"count":0,"href":"https:\/\/tecsecmty.com\/index.php\/wp-json\/wp\/v2\/product\/5985\/revisions"}],"wp:featuredmedia":[{"embeddable":true,"href":"https:\/\/tecsecmty.com\/index.php\/wp-json\/wp\/v2\/media\/5984"}],"wp:attachment":[{"href":"https:\/\/tecsecmty.com\/index.php\/wp-json\/wp\/v2\/media?parent=5985"}],"wp:term":[{"taxonomy":"product_brand","embeddable":true,"href":"https:\/\/tecsecmty.com\/index.php\/wp-json\/wp\/v2\/product_brand?post=5985"},{"taxonomy":"product_cat","embeddable":true,"href":"https:\/\/tecsecmty.com\/index.php\/wp-json\/wp\/v2\/product_cat?post=5985"},{"taxonomy":"product_tag","embeddable":true,"href":"https:\/\/tecsecmty.com\/index.php\/wp-json\/wp\/v2\/product_tag?post=5985"}],"curies":[{"name":"wp","href":"https:\/\/api.w.org\/{rel}","templated":true}]}}