{"id":5987,"date":"2023-02-23T11:44:31","date_gmt":"2023-02-23T17:44:31","guid":{"rendered":"https:\/\/tecsecmty.com\/index.php\/producto\/bosch-f_ios0232a-modulo-de-comunicacion-rs232\/"},"modified":"2023-03-22T23:21:14","modified_gmt":"2023-03-23T05:21:14","slug":"bosch-f_ios0232a-modulo-de-comunicacion-rs232","status":"publish","type":"product","link":"https:\/\/tecsecmty.com\/index.php\/producto\/bosch-f_ios0232a-modulo-de-comunicacion-rs232\/","title":{"rendered":"BOSCH F_IOS0232A- MODULO DE COMUNICACION RS232"},"content":{"rendered":"<h5 class=\"card-title text-center\">M\u00f3dulo de comunicaci\u00f3n IOS 0232 A<\/h5>\n<p class=\"ql-align-justify\"><strong>El m\u00f3dulo de comunicaci\u00f3n RS232 se puede utilizar para conectar dos dispositivos entre s\u00ed mediante dos interfaces serie independientes.<\/strong>\u00a0Por ejemplo, un sistema de alarma por voz Plena, un ordenador port\u00e1til o una impresora.<\/p>\n<p class=\"ql-align-justify\"><strong>Piezas incluidas<\/strong><\/p>\n<p class=\"ql-align-justify\"><strong>Cant. Componentes<\/strong><\/p>\n<ul>\n<li class=\"ql-align-justify\">1 IOS 0232 A RS232 M\u00f3dulo de comunicaci\u00f3n.<\/li>\n<\/ul>\n<p class=\"ql-align-justify\"><strong>Nota: M\u00f3dulo de comunicaci\u00f3n IOS 0232 A<\/strong><\/p>\n<p class=\"ql-align-justify\"><strong>M\u00f3dulo de comunicaci\u00f3n RS232 para conectar dos dispositivos entre s\u00ed mediante dos interfaces serie independientes; por ejemplo, un sistema de alarma por voz Plena, un ordenador port\u00e1til o una impresora.<\/strong><\/p>\n<p class=\"ql-align-justify\"><strong>Numero de pedido: IOS 0232 A<\/strong><\/p>\n<p class=\"ql-align-justify\"><strong>Principales caracter\u00edsticas<\/strong><\/p>\n<ul>\n<li class=\"ql-align-justify\">Conexi\u00f3n de perif\u00e9ricos con una interfaz serie RS232.<\/li>\n<li class=\"ql-align-justify\">Sistema listo para funcionar, gracias a su tecnolog\u00eda \u00abplug-and-play\u00bb y a los bloques de terminales enchufables.<\/li>\n<\/ul>\n<p class=\"ql-align-justify\"><strong>Especificaciones<\/strong><\/p>\n<p class=\"ql-align-justify\"><strong>Datos el\u00e9ctricos<\/strong><\/p>\n<ul>\n<li class=\"ql-align-justify\">Tensi\u00f3n de entrada: De 20 V CC a 30 VCC (m\u00edn&#8230;m\u00e1x.) 5 V CC \u00b1 5%.<\/li>\n<li class=\"ql-align-justify\">Consumo de corriente m\u00e1ximo: De 15 mA (a 24 VCC).<\/li>\n<li class=\"ql-align-justify\">Longitud de cable m\u00e1x. 3 m (10 pies) por interfaz.<\/li>\n<\/ul>\n<p class=\"ql-align-justify\"><strong>Datos mec\u00e1nicos<\/strong><\/p>\n<ul>\n<li class=\"ql-align-justify\">Material de la carcasa Pl\u00e1stico ABS, Polylac PA-766 (UL94 V\u20110).<\/li>\n<li class=\"ql-align-justify\">Color de la carcasa Acabado satinado en antracita, RAL 7016.<\/li>\n<li class=\"ql-align-justify\">Dimensiones Aprox.: De 127 x 96 x 60 mm (5 x 3,8 x 2,4 pulg.)<\/li>\n<\/ul>\n<p class=\"ql-align-justify\"><strong>Peso<\/strong><\/p>\n<ul>\n<li class=\"ql-align-justify\">Sin embalaje Aprox. 180 g (6,3 onzas).<\/li>\n<li class=\"ql-align-justify\">Con embalaje Aprox. 230 g (8,1 onzas).<\/li>\n<\/ul>\n<p class=\"ql-align-justify\"><strong>Condiciones ambientales<\/strong><\/p>\n<ul>\n<li class=\"ql-align-justify\">Temperatura de funcionamiento permitida: De -5 \u00b0C a 50 \u00b0C (de 23 \u00b0F a 122 \u00b0F) Temperatura de almacenamiento permitida: De -20 \u00b0C a 60 \u00b0C (de -4 \u00b0F a 140 \u00b0F).<\/li>\n<li class=\"ql-align-justify\">Humedad relativa permitida 95%, sin condensaci\u00f3n.<\/li>\n<li class=\"ql-align-justify\">Clase de protecci\u00f3n seg\u00fan IEC 60529: IP 30.<\/li>\n<\/ul>\n<p><img decoding=\"async\" class=\"overview-center-img-web\" src=\"https:\/\/tvc.mx\/media\/39552\/Logoopaginas-oficial-1920x400.png\" alt=\"\" \/><\/p>\n","protected":false},"excerpt":{"rendered":"<p>M\u00f3dulo de comunicaci\u00f3n IOS 0232 A El m\u00f3dulo de comunicaci\u00f3n RS232 se puede utilizar para conectar dos dispositivos entre s\u00ed mediante dos interfaces serie independientes.\u00a0Por ejemplo, un sistema de alarma por voz Plena, un ordenador port\u00e1til o una impresora. Piezas incluidas Cant. Componentes 1 IOS&hellip;<\/p>\n","protected":false},"featured_media":5986,"comment_status":"open","ping_status":"closed","template":"","meta":{"om_disable_all_campaigns":false,"_monsterinsights_skip_tracking":false,"_monsterinsights_sitenote_active":false,"_monsterinsights_sitenote_note":"","_monsterinsights_sitenote_category":0},"product_brand":[],"product_cat":[505],"product_tag":[495,497,498,499,500,501,496,502],"class_list":{"0":"post-5987","1":"product","2":"type-product","3":"status-publish","4":"has-post-thumbnail","6":"product_cat-modulos-bosch-incendio-2","7":"product_tag-control-de-incendio","8":"product_tag-detectores","9":"product_tag-estacion-manual","10":"product_tag-estrobos-y-sirenas","11":"product_tag-modulos","12":"product_tag-paneles-de-control","13":"product_tag-sistemas-de-incendio","14":"product_tag-teclados","16":"first","17":"instock","18":"sale","19":"taxable","20":"shipping-taxable","21":"purchasable","22":"product-type-simple"},"aioseo_notices":[],"_links":{"self":[{"href":"https:\/\/tecsecmty.com\/index.php\/wp-json\/wp\/v2\/product\/5987","targetHints":{"allow":["GET"]}}],"collection":[{"href":"https:\/\/tecsecmty.com\/index.php\/wp-json\/wp\/v2\/product"}],"about":[{"href":"https:\/\/tecsecmty.com\/index.php\/wp-json\/wp\/v2\/types\/product"}],"replies":[{"embeddable":true,"href":"https:\/\/tecsecmty.com\/index.php\/wp-json\/wp\/v2\/comments?post=5987"}],"version-history":[{"count":0,"href":"https:\/\/tecsecmty.com\/index.php\/wp-json\/wp\/v2\/product\/5987\/revisions"}],"wp:featuredmedia":[{"embeddable":true,"href":"https:\/\/tecsecmty.com\/index.php\/wp-json\/wp\/v2\/media\/5986"}],"wp:attachment":[{"href":"https:\/\/tecsecmty.com\/index.php\/wp-json\/wp\/v2\/media?parent=5987"}],"wp:term":[{"taxonomy":"product_brand","embeddable":true,"href":"https:\/\/tecsecmty.com\/index.php\/wp-json\/wp\/v2\/product_brand?post=5987"},{"taxonomy":"product_cat","embeddable":true,"href":"https:\/\/tecsecmty.com\/index.php\/wp-json\/wp\/v2\/product_cat?post=5987"},{"taxonomy":"product_tag","embeddable":true,"href":"https:\/\/tecsecmty.com\/index.php\/wp-json\/wp\/v2\/product_tag?post=5987"}],"curies":[{"name":"wp","href":"https:\/\/api.w.org\/{rel}","templated":true}]}}