{"id":5991,"date":"2023-02-23T11:44:38","date_gmt":"2023-02-23T17:44:38","guid":{"rendered":"https:\/\/tecsecmty.com\/index.php\/producto\/bosch-f_lsn1500a-modulo-lazo-lsn-longitu-de-linea-hasta-3000m-corriente-hasta-1500ma\/"},"modified":"2023-03-22T23:21:14","modified_gmt":"2023-03-23T05:21:14","slug":"bosch-f_lsn1500a-modulo-lazo-lsn-longitu-de-linea-hasta-3000m-corriente-hasta-1500ma","status":"publish","type":"product","link":"https:\/\/tecsecmty.com\/index.php\/producto\/bosch-f_lsn1500a-modulo-lazo-lsn-longitu-de-linea-hasta-3000m-corriente-hasta-1500ma\/","title":{"rendered":"BOSCH F_LSN1500A &#8211; Modulo lazo LSN \/ LONGITU De linea hasta 3000M \/ Corriente hasta 1500MA"},"content":{"rendered":"<h5 class=\"card-title text-center\">LSN 1500 A M\u00f3dulo LSN improved de 1500 mA<\/h5>\n<p class=\"ql-align-justify\"><strong>Este m\u00f3dulo permite conectar un lazo LSN a un m\u00e1ximo de 254 elementos LSN improved con una corriente de l\u00ednea m\u00e1xima de 1500 mA o hasta 127 elementos LSN cl\u00e1sicos, con una corriente de l\u00ednea m\u00e1xima de 300 mA.<\/strong><\/p>\n<p class=\"ql-align-justify\"><strong>Planificaci\u00f3n<\/strong><\/p>\n<p class=\"ql-align-justify\">L\u00edmites de sistema para cada m\u00f3dulo LSN improved LSN 1500 A.<\/p>\n<p class=\"ql-align-justify\">Nota: El consumo de corriente de los dispositivos conectados y la longitud del cable se pueden calcular con el software de dise\u00f1o FSD.<\/p>\n<ul>\n<li class=\"ql-align-justify\">Se deben tener en cuenta los est\u00e1ndares y directrices espec\u00edficos del pa\u00eds en el dise\u00f1o.<\/li>\n<li class=\"ql-align-justify\">S\u00f3lo se puede conectar en el lateral izquierdo de un carril de la central PRD 0004 A y necesita dos ranuras.<\/li>\n<li class=\"ql-align-justify\">Para el funcionamiento del sistema de detecci\u00f3n de incendios conforme a la norma EN 54-13, es necesario que todos los ramales y derivaciones en T terminen en un m\u00f3dulo RFL.<\/li>\n<\/ul>\n<p class=\"ql-align-justify\"><strong>Piezas incluidas<\/strong><\/p>\n<p class=\"ql-align-justify\"><strong>Cant. Componentes<\/strong><\/p>\n<ul>\n<li class=\"ql-align-justify\">1 LSN 1500 A M\u00f3dulo LSN improved de 1500 mA.<\/li>\n<\/ul>\n<p class=\"ql-align-justify\">Nota: Se puede suministrar cuando lo solicite.<\/p>\n<p class=\"ql-align-justify\"><strong>Nota: LSN 1500 A M\u00f3dulo LSN improved de 1500 mA para conectar un lazo LSN a un m\u00e1ximo de 254 elementos LSN improved con una corriente de l\u00ednea m\u00e1xima de 1500 mA o hasta 127 elementos LSN cl\u00e1sicos, con una corriente de l\u00ednea m\u00e1xima de 300 mA.<\/strong><\/p>\n<p class=\"ql-align-justify\"><strong>Numero de pedido: LSN 1500 A<\/strong><\/p>\n<p class=\"ql-align-justify\"><strong>Principales caracter\u00edsticas<\/strong><\/p>\n<ul>\n<li class=\"ql-align-justify\">Hasta 254 elementos LSN improved.<\/li>\n<li class=\"ql-align-justify\">Longitud de l\u00ednea de hasta 3000 m, dependiendo de la configuraci\u00f3n y del tipo de cable.<\/li>\n<li class=\"ql-align-justify\">Posibilidad de uso de cable sin protecci\u00f3n.<\/li>\n<li class=\"ql-align-justify\">Corriente de l\u00ednea de hasta 1500 mA, dependiendo de la configuraci\u00f3n y del tipo de cable.<\/li>\n<li class=\"ql-align-justify\">Salida de tensi\u00f3n adicional (compatible con ERT).<\/li>\n<li class=\"ql-align-justify\">Estructuras de red flexibles (lazo, ramal y derivaci\u00f3n en T).<\/li>\n<li class=\"ql-align-justify\">T\u00e9cnicas de direccionamiento: LSN improved con direccionamiento autom\u00e1tico, direccionamiento autom\u00e1tico LSN cl\u00e1sico y asignaci\u00f3n manual de direcciones.<\/li>\n<\/ul>\n<p class=\"ql-align-justify\"><strong>Especificaciones<\/strong><\/p>\n<p class=\"ql-align-justify\"><strong>Sistemas el\u00e9ctricos<\/strong><\/p>\n<ul>\n<li class=\"ql-align-justify\">Tensi\u00f3n de entrada De 20 V CC a 30 V CC\/ 5 VCC \u00b1 5%.<\/li>\n<li class=\"ql-align-justify\">Consumo de corriente m\u00e1ximo: 4010 mA a 24 VCC.<\/li>\n<\/ul>\n<p class=\"ql-align-justify\"><strong>Tensi\u00f3n de salida:<\/strong><\/p>\n<ul>\n<li class=\"ql-align-justify\">LSN 30 \u00b1 0,85 VCC.<\/li>\n<li class=\"ql-align-justify\">Alimentaci\u00f3n auxiliar 28 \u00b1 1,0 VCC.<\/li>\n<\/ul>\n<p class=\"ql-align-justify\"><strong>Consumo de corriente nominal<\/strong><\/p>\n<ul>\n<li class=\"ql-align-justify\">M\u00f3dulo 260 mA a 24 VCC.<\/li>\n<li class=\"ql-align-justify\">LSN 1,7 x consumo de corriente de elementos LSN \u2022 AUX 1,2 x alimentaci\u00f3n auxiliar.<\/li>\n<\/ul>\n<p class=\"ql-align-justify\"><strong>Corriente de l\u00ednea LSN:<\/strong><\/p>\n<ul>\n<li class=\"ql-align-justify\">En reposo M\u00e1x. 750 mA, dependiendo de la configuraci\u00f3n y del tipo de cable.<\/li>\n<li class=\"ql-align-justify\">Alarma M\u00e1x. 1500 mA, dependiendo de la configuraci\u00f3n y del tipo de cable, M\u00e1x. 300 mA en una conexi\u00f3n de elementos LSN cl\u00e1sicos.<\/li>\n<li class=\"ql-align-justify\">Alimentaci\u00f3n auxiliar (28 VCC) M\u00e1x. 500 mA en un lazo LSN (sistema ERT) o 2 de 500 mA como m\u00e1ximo en 2 empalmes de ramal.<\/li>\n<\/ul>\n<p class=\"ql-align-justify\"><strong>Mec\u00e1nicas<\/strong><\/p>\n<ul>\n<li class=\"ql-align-justify\">Elementos de funcionamiento y visualizaci\u00f3n 2 LED (rojo = alarma, amarillo = fallo) 1 bot\u00f3n (test de LED).<\/li>\n<li class=\"ql-align-justify\">Material de la carcasa Pl\u00e1stico ABS, (UL94 V-0).<\/li>\n<li class=\"ql-align-justify\">Color de la carcasa Acabado satinado en antracita, RAL 7016.<\/li>\n<li class=\"ql-align-justify\">Dimensiones Aprox. 127 x 190 x 60 mm (5 x 7,6 x 2,4 pulg.)<\/li>\n<li class=\"ql-align-justify\">Peso Aprox.: 440 g.<\/li>\n<\/ul>\n<p class=\"ql-align-justify\"><strong>L\u00edmites del sistema<\/strong><\/p>\n<ul>\n<li class=\"ql-align-justify\">Longitud de l\u00ednea m\u00e1x. 3000 m, dependiendo de la configuraci\u00f3n y del tipo de cable.<\/li>\n<\/ul>\n<p class=\"ql-align-justify\"><strong>N\u00famero de elementos<\/strong><\/p>\n<ul>\n<li class=\"ql-align-justify\">M\u00e1x. de 127 elementos LSN cl\u00e1sicos.<\/li>\n<li class=\"ql-align-justify\">M\u00e1x. de 254 elementos LSN improved.<\/li>\n<\/ul>\n<p class=\"ql-align-justify\"><strong>Ambientales<\/strong><\/p>\n<ul>\n<li class=\"ql-align-justify\">Temperatura de funcionamiento permitida: De -5 \u00b0C a 50 \u00b0C (de 23 \u00b0F a 122 \u00b0F).<\/li>\n<li class=\"ql-align-justify\">Temperatura de almacenamiento permitida: De -20 \u00b0C a 60 \u00b0C (de -4 \u00b0F a 140 \u00b0F).<\/li>\n<li class=\"ql-align-justify\">Humedad relativa permitida 95%, sin condensaci\u00f3n.<\/li>\n<li class=\"ql-align-justify\">Clase de protecci\u00f3n seg\u00fan IEC 60529: IP 30.<\/li>\n<\/ul>\n<p><img decoding=\"async\" class=\"overview-center-img-web\" src=\"https:\/\/tvc.mx\/media\/36351\/Logoopaginas-oficial-1920x400.png\" alt=\"\" \/><\/p>\n","protected":false},"excerpt":{"rendered":"<p>LSN 1500 A M\u00f3dulo LSN improved de 1500 mA Este m\u00f3dulo permite conectar un lazo LSN a un m\u00e1ximo de 254 elementos LSN improved con una corriente de l\u00ednea m\u00e1xima de 1500 mA o hasta 127 elementos LSN cl\u00e1sicos, con una corriente de l\u00ednea m\u00e1xima&hellip;<\/p>\n","protected":false},"featured_media":5990,"comment_status":"open","ping_status":"closed","template":"","meta":{"om_disable_all_campaigns":false,"_monsterinsights_skip_tracking":false,"_monsterinsights_sitenote_active":false,"_monsterinsights_sitenote_note":"","_monsterinsights_sitenote_category":0},"product_brand":[],"product_cat":[505],"product_tag":[495,497,498,499,500,501,496,502],"class_list":{"0":"post-5991","1":"product","2":"type-product","3":"status-publish","4":"has-post-thumbnail","6":"product_cat-modulos-bosch-incendio-2","7":"product_tag-control-de-incendio","8":"product_tag-detectores","9":"product_tag-estacion-manual","10":"product_tag-estrobos-y-sirenas","11":"product_tag-modulos","12":"product_tag-paneles-de-control","13":"product_tag-sistemas-de-incendio","14":"product_tag-teclados","16":"first","17":"instock","18":"sale","19":"taxable","20":"shipping-taxable","21":"purchasable","22":"product-type-simple"},"aioseo_notices":[],"_links":{"self":[{"href":"https:\/\/tecsecmty.com\/index.php\/wp-json\/wp\/v2\/product\/5991","targetHints":{"allow":["GET"]}}],"collection":[{"href":"https:\/\/tecsecmty.com\/index.php\/wp-json\/wp\/v2\/product"}],"about":[{"href":"https:\/\/tecsecmty.com\/index.php\/wp-json\/wp\/v2\/types\/product"}],"replies":[{"embeddable":true,"href":"https:\/\/tecsecmty.com\/index.php\/wp-json\/wp\/v2\/comments?post=5991"}],"version-history":[{"count":0,"href":"https:\/\/tecsecmty.com\/index.php\/wp-json\/wp\/v2\/product\/5991\/revisions"}],"wp:featuredmedia":[{"embeddable":true,"href":"https:\/\/tecsecmty.com\/index.php\/wp-json\/wp\/v2\/media\/5990"}],"wp:attachment":[{"href":"https:\/\/tecsecmty.com\/index.php\/wp-json\/wp\/v2\/media?parent=5991"}],"wp:term":[{"taxonomy":"product_brand","embeddable":true,"href":"https:\/\/tecsecmty.com\/index.php\/wp-json\/wp\/v2\/product_brand?post=5991"},{"taxonomy":"product_cat","embeddable":true,"href":"https:\/\/tecsecmty.com\/index.php\/wp-json\/wp\/v2\/product_cat?post=5991"},{"taxonomy":"product_tag","embeddable":true,"href":"https:\/\/tecsecmty.com\/index.php\/wp-json\/wp\/v2\/product_tag?post=5991"}],"curies":[{"name":"wp","href":"https:\/\/api.w.org\/{rel}","templated":true}]}}