{"id":6001,"date":"2023-02-23T11:44:47","date_gmt":"2023-02-23T17:44:47","guid":{"rendered":"https:\/\/tecsecmty.com\/index.php\/producto\/bosch-f_mbmfa-ensamblaje-de-telefono-maestro-de-incendios\/"},"modified":"2023-03-22T23:21:15","modified_gmt":"2023-03-23T05:21:15","slug":"bosch-f_mbmfa-ensamblaje-de-telefono-maestro-de-incendios","status":"publish","type":"product","link":"https:\/\/tecsecmty.com\/index.php\/producto\/bosch-f_mbmfa-ensamblaje-de-telefono-maestro-de-incendios\/","title":{"rendered":"BOSCH F_MBMFA- ENSAMBLAJE DE TELEFONO MAESTRO DE INCENDIOS"},"content":{"rendered":"<div class=\"row aling-items-center padding-bottom-2x\">\n<div class=\"col-lg-12\">\n<h5 class=\"card-title text-center\">Descripci\u00f3n inicial<\/h5>\n<p><strong>MBMFA- ENSAMBLAJE DE TELEFONO MAESTRO DE INCENDIOS<\/strong><\/p>\n<p><img decoding=\"async\" class=\"overview-center-img-web\" src=\"https:\/\/tvc.mx\/media\/243331\/BANNER-OFICIAL-A.png\" alt=\"\" \/><\/div>\n<\/div>\n<div class=\"row align-items-center padding-bottom-2x\">\n<div class=\"col-md-5 order-md-2\"><img decoding=\"async\" class=\"d-block m-auto img-thumbnail\" src=\"https:\/\/tvc.mx\/media\/243355\/MBMFA_400X300.png\" alt=\" \" \/><\/div>\n<div class=\"col-md-7 order-md-1 text-md-left text-center\">\n<h2>Caracter\u00edsticas y Especificaciones<\/h2>\n<p class=\"text-muted\">\n<p>El sistema Bosch EVAX para aplicaciones de gran altura es un sistema de megafon\u00eda y reubicaci\u00f3n de emergencia en red con sistema telef\u00f3nico bidireccional integrado para bomberos. Eso opera con el panel de control de alarma contra incendios (FACP) en un edificio para proporcionar una respuesta autom\u00e1tica a la seguridad de la vida emergencias. Al tiempo que proporciona todas las funciones necesarias para un sistema de evacuaci\u00f3n por voz eficaz, puede transmitir evacuaci\u00f3n, permanencia en el lugar u otro p\u00fablico anuncios de direcciones y mensajes autom\u00e1ticos con m\u00faltiples canales de audio simult\u00e1neo.<\/p>\n<p>Configure su sistema para incluir tel\u00e9fonos de bomberos o estaciones de Warden seg\u00fan sea necesario, para bomberos comunicaciones para complementar las radios bidireccionales y para uso en \u00e1reas de asistencia de refugio tan atrapadas los individuos pueden comunicarse con el comando de fuego.<\/p>\n<p class=\"ql-align-justify\">Las funciones de control de humo incluyen autom\u00e1tico o manual presurizaci\u00f3n positiva o negativa para compartimentos, pisos o escaleras. Las interfaces f\u00e1ciles de usar permiten autoridades del departamento de bomberos para hacerse cargo de los controles y<\/p>\n<p>comunicarse efectivamente.<\/p>\n<\/div>\n<\/div>\n","protected":false},"excerpt":{"rendered":"<p>Descripci\u00f3n inicial MBMFA- ENSAMBLAJE DE TELEFONO MAESTRO DE INCENDIOS Caracter\u00edsticas y Especificaciones El sistema Bosch EVAX para aplicaciones de gran altura es un sistema de megafon\u00eda y reubicaci\u00f3n de emergencia en red con sistema telef\u00f3nico bidireccional integrado para bomberos. Eso opera con el panel de&hellip;<\/p>\n","protected":false},"featured_media":6000,"comment_status":"open","ping_status":"closed","template":"","meta":{"om_disable_all_campaigns":false,"_monsterinsights_skip_tracking":false,"_monsterinsights_sitenote_active":false,"_monsterinsights_sitenote_note":"","_monsterinsights_sitenote_category":0},"product_brand":[],"product_cat":[505],"product_tag":[495,497,498,499,500,501,496,502],"class_list":{"0":"post-6001","1":"product","2":"type-product","3":"status-publish","4":"has-post-thumbnail","6":"product_cat-modulos-bosch-incendio-2","7":"product_tag-control-de-incendio","8":"product_tag-detectores","9":"product_tag-estacion-manual","10":"product_tag-estrobos-y-sirenas","11":"product_tag-modulos","12":"product_tag-paneles-de-control","13":"product_tag-sistemas-de-incendio","14":"product_tag-teclados","16":"first","17":"instock","18":"sale","19":"taxable","20":"shipping-taxable","21":"purchasable","22":"product-type-simple"},"aioseo_notices":[],"_links":{"self":[{"href":"https:\/\/tecsecmty.com\/index.php\/wp-json\/wp\/v2\/product\/6001","targetHints":{"allow":["GET"]}}],"collection":[{"href":"https:\/\/tecsecmty.com\/index.php\/wp-json\/wp\/v2\/product"}],"about":[{"href":"https:\/\/tecsecmty.com\/index.php\/wp-json\/wp\/v2\/types\/product"}],"replies":[{"embeddable":true,"href":"https:\/\/tecsecmty.com\/index.php\/wp-json\/wp\/v2\/comments?post=6001"}],"version-history":[{"count":0,"href":"https:\/\/tecsecmty.com\/index.php\/wp-json\/wp\/v2\/product\/6001\/revisions"}],"wp:featuredmedia":[{"embeddable":true,"href":"https:\/\/tecsecmty.com\/index.php\/wp-json\/wp\/v2\/media\/6000"}],"wp:attachment":[{"href":"https:\/\/tecsecmty.com\/index.php\/wp-json\/wp\/v2\/media?parent=6001"}],"wp:term":[{"taxonomy":"product_brand","embeddable":true,"href":"https:\/\/tecsecmty.com\/index.php\/wp-json\/wp\/v2\/product_brand?post=6001"},{"taxonomy":"product_cat","embeddable":true,"href":"https:\/\/tecsecmty.com\/index.php\/wp-json\/wp\/v2\/product_cat?post=6001"},{"taxonomy":"product_tag","embeddable":true,"href":"https:\/\/tecsecmty.com\/index.php\/wp-json\/wp\/v2\/product_tag?post=6001"}],"curies":[{"name":"wp","href":"https:\/\/api.w.org\/{rel}","templated":true}]}}