{"id":6005,"date":"2023-02-23T11:44:50","date_gmt":"2023-02-23T17:44:50","guid":{"rendered":"https:\/\/tecsecmty.com\/index.php\/producto\/bosch-f_mph0010a-cabina-de-central-modular-para-10-modulos-montaje-en-bastidor\/"},"modified":"2023-03-22T23:21:15","modified_gmt":"2023-03-23T05:21:15","slug":"bosch-f_mph0010a-cabina-de-central-modular-para-10-modulos-montaje-en-bastidor","status":"publish","type":"product","link":"https:\/\/tecsecmty.com\/index.php\/producto\/bosch-f_mph0010a-cabina-de-central-modular-para-10-modulos-montaje-en-bastidor\/","title":{"rendered":"BOSCH F_MPH0010A &#8211; Cabina de central modular para 10 modulos \/ Montaje en bastidor"},"content":{"rendered":"<h5 class=\"card-title text-center\">MPH 0010 A Cabina de central modular para 10 m\u00f3dulos, montaje en bastidor<\/h5>\n<p class=\"ql-align-justify\"><strong>La carcasa MPH 0010 A puede alojar una unidad de funcionamiento y visualizaci\u00f3n MPC con controlador de central, as\u00ed como un m\u00e1ximo de 10 m\u00f3dulos.\u00a0<\/strong>Las bater\u00edas y fuentes de alimentaci\u00f3n se deben instalar en una carcasa de fuente de alimentaci\u00f3n independiente. La configuraci\u00f3n modular permite una sencilla ampliaci\u00f3n.<\/p>\n<p class=\"ql-align-justify\"><strong>Planificaci\u00f3n<\/strong><\/p>\n<p class=\"ql-align-justify\"><strong>El siguiente equipo es necesario para la carcasa de tableros modular MPH 0010 A, instalaci\u00f3n en bastidor:<\/strong><\/p>\n<ul>\n<li class=\"ql-align-justify\">Un bastidor de montaje grande FBH 0000 A o bien.<\/li>\n<li class=\"ql-align-justify\">Un kit de instalaci\u00f3n en rack FRB 0019 A para racks de 482,6 mm (19&#8243;).<\/li>\n<\/ul>\n<p class=\"ql-align-justify\"><strong>Puede equiparse con:<\/strong><\/p>\n<ul>\n<li class=\"ql-align-justify\">1 unidad de mando y visualizaci\u00f3n MPC con controlador de la central.<\/li>\n<li class=\"ql-align-justify\">1 ra\u00edl de la central corto PRS 0002 A para 2 m\u00f3dulos.<\/li>\n<li class=\"ql-align-justify\">2 ra\u00edles de la central largos PRD 0004 A, cada uno para 4 m\u00f3dulos .<\/li>\n<\/ul>\n<p class=\"ql-align-justify\"><strong>Puede ampliarse con:<\/strong><\/p>\n<ul>\n<li class=\"ql-align-justify\">FDT 0000 A Puerta frontal transparente, bloqueo en el lado derecho.<\/li>\n<li class=\"ql-align-justify\">FDT 0003 Puerta frontal transparente, bloqueo en el lado izquierdo.<\/li>\n<\/ul>\n<p class=\"ql-align-justify\"><strong>Piezas incluidas\u00a0<\/strong><\/p>\n<ul>\n<li class=\"ql-align-justify\">1 Carcasa.<\/li>\n<\/ul>\n<p class=\"ql-align-justify\"><strong>Nota: Informaci\u00f3n sobre pedidos MPH 0010 A<\/strong><\/p>\n<p class=\"ql-align-justify\"><strong>Cabina de central modular para 10 m\u00f3dulos, montaje en bastidor para montaje en superficie o instalaci\u00f3n en racks de 482,6 mm (19&#8243;).<\/strong><\/p>\n<p class=\"ql-align-justify\"><strong>Numero de pedido: MPH 0010 A.<\/strong><\/p>\n<p><img decoding=\"async\" class=\"overview-center-img- aligncenter\" src=\"https:\/\/tvc.mx\/media\/12037\/Logoopaginas-oficial.png\" alt=\"\" \/><\/p>\n","protected":false},"excerpt":{"rendered":"<p>MPH 0010 A Cabina de central modular para 10 m\u00f3dulos, montaje en bastidor La carcasa MPH 0010 A puede alojar una unidad de funcionamiento y visualizaci\u00f3n MPC con controlador de central, as\u00ed como un m\u00e1ximo de 10 m\u00f3dulos.\u00a0Las bater\u00edas y fuentes de alimentaci\u00f3n se deben&hellip;<\/p>\n","protected":false},"featured_media":6004,"comment_status":"open","ping_status":"closed","template":"","meta":{"om_disable_all_campaigns":false,"_monsterinsights_skip_tracking":false,"_monsterinsights_sitenote_active":false,"_monsterinsights_sitenote_note":"","_monsterinsights_sitenote_category":0},"product_brand":[],"product_cat":[505],"product_tag":[495,497,498,499,500,501,496,502],"class_list":{"0":"post-6005","1":"product","2":"type-product","3":"status-publish","4":"has-post-thumbnail","6":"product_cat-modulos-bosch-incendio-2","7":"product_tag-control-de-incendio","8":"product_tag-detectores","9":"product_tag-estacion-manual","10":"product_tag-estrobos-y-sirenas","11":"product_tag-modulos","12":"product_tag-paneles-de-control","13":"product_tag-sistemas-de-incendio","14":"product_tag-teclados","16":"first","17":"instock","18":"sale","19":"taxable","20":"shipping-taxable","21":"purchasable","22":"product-type-simple"},"aioseo_notices":[],"_links":{"self":[{"href":"https:\/\/tecsecmty.com\/index.php\/wp-json\/wp\/v2\/product\/6005","targetHints":{"allow":["GET"]}}],"collection":[{"href":"https:\/\/tecsecmty.com\/index.php\/wp-json\/wp\/v2\/product"}],"about":[{"href":"https:\/\/tecsecmty.com\/index.php\/wp-json\/wp\/v2\/types\/product"}],"replies":[{"embeddable":true,"href":"https:\/\/tecsecmty.com\/index.php\/wp-json\/wp\/v2\/comments?post=6005"}],"version-history":[{"count":0,"href":"https:\/\/tecsecmty.com\/index.php\/wp-json\/wp\/v2\/product\/6005\/revisions"}],"wp:featuredmedia":[{"embeddable":true,"href":"https:\/\/tecsecmty.com\/index.php\/wp-json\/wp\/v2\/media\/6004"}],"wp:attachment":[{"href":"https:\/\/tecsecmty.com\/index.php\/wp-json\/wp\/v2\/media?parent=6005"}],"wp:term":[{"taxonomy":"product_brand","embeddable":true,"href":"https:\/\/tecsecmty.com\/index.php\/wp-json\/wp\/v2\/product_brand?post=6005"},{"taxonomy":"product_cat","embeddable":true,"href":"https:\/\/tecsecmty.com\/index.php\/wp-json\/wp\/v2\/product_cat?post=6005"},{"taxonomy":"product_tag","embeddable":true,"href":"https:\/\/tecsecmty.com\/index.php\/wp-json\/wp\/v2\/product_tag?post=6005"}],"curies":[{"name":"wp","href":"https:\/\/api.w.org\/{rel}","templated":true}]}}