{"id":6007,"date":"2023-02-23T11:44:51","date_gmt":"2023-02-23T17:44:51","guid":{"rendered":"https:\/\/tecsecmty.com\/index.php\/producto\/bosch-f_nzm0002a-modulo-2-salidas-supervizadas-nac-est-y-z-fpa5000-500ma\/"},"modified":"2023-03-22T23:21:16","modified_gmt":"2023-03-23T05:21:16","slug":"bosch-f_nzm0002a-modulo-2-salidas-supervizadas-nac-est-y-z-fpa5000-500ma","status":"publish","type":"product","link":"https:\/\/tecsecmty.com\/index.php\/producto\/bosch-f_nzm0002a-modulo-2-salidas-supervizadas-nac-est-y-z-fpa5000-500ma\/","title":{"rendered":"BOSCH F_NZM0002A &#8211; Modulo 2 salidas SUPERVIZADAS NAC EST y \/ Z FPA5000 500MA"},"content":{"rendered":"<div class=\"row aling-items-center padding-bottom-2x\">\n<div class=\"col-lg-12\">\n<h5 class=\"card-title text-center\">NZM 0002 A M\u00f3dulo zonas dispositivos notificaci<\/h5>\n<p>&nbsp;<\/p>\n<p><img decoding=\"async\" class=\"overview-center-img- aligncenter\" src=\"https:\/\/tvc.mx\/media\/11495\/Logoopaginas-oficial.png\" alt=\"\" \/><\/div>\n<\/div>\n<div class=\"row align-items-center padding-bottom-2x\">\n<div class=\"col-md-5\"><img decoding=\"async\" class=\"d-block m-auto img-thumbnail\" src=\"https:\/\/tvc.mx\/media\/82468\/NZM-0002-A.config5.png\" alt=\" \" \/><\/div>\n<div class=\"col-md-7 text-md-left text-center\">\n<h2>Resumen del sistema<\/h2>\n<p class=\"text-muted\">\n<p class=\"ql-align-justify\">El m\u00f3dulo de \u00e1reas de notificaci\u00f3n de aplicaciones NZM 0002 A proporciona dos l\u00edneas primarias controladas. Esto permite conectar dos l\u00edneas independientes de \u00e1reas de notificaci\u00f3n de aplicaciones.<\/p>\n<p class=\"ql-align-justify\"><strong>Conexi\u00f3n de los siguientes equipos:<\/strong><\/p>\n<ul>\n<li class=\"ql-align-justify\">Sirenas<\/li>\n<li class=\"ql-align-justify\">Luces Estrobosc\u00f3picas<\/li>\n<li class=\"ql-align-justify\">Bocinas<\/li>\n<\/ul>\n<p class=\"ql-align-justify\">El estado de funcionamiento de cada zona se muestra mediante un LED rojo y otro amarillo.<\/p>\n<p>&nbsp;<\/p>\n<\/div>\n<\/div>\n<hr class=\"padding-bottom-2x\" \/>\n<div class=\"row align-items-center padding-bottom-2x\">\n<div class=\"col-md-5 order-md-2\"><img decoding=\"async\" class=\"d-block m-auto img-thumbnail\" src=\"https:\/\/tvc.mx\/media\/82472\/NZM-0002-A.config6.png\" alt=\" \" \/><\/div>\n<div class=\"col-md-7 order-md-1 text-md-left text-center\">\n<h2>Notas de configuraci\u00f3n\/instalaci\u00f3n<\/h2>\n<p class=\"text-muted\">\n<p class=\"ql-align-justify\"><strong>Notas de configuraci\u00f3n\/instalaci\u00f3n<\/strong><\/p>\n<p class=\"ql-align-justify\">Para que el sistema de detecci\u00f3n de incendios funcione conforme a la norma EN 54-13, las l\u00edneas del dispositivo de se\u00f1alaci\u00f3n deben estar dise\u00f1adas en topolog\u00eda lazo.<\/p>\n<p class=\"ql-align-justify\"><strong>Piezas incluidas<\/strong><\/p>\n<ul>\n<li class=\"ql-align-justify\">1 M\u00f3dulo de zonas de dispositivo de notificaci\u00f3n NZM 0002 A.<\/li>\n<li class=\"ql-align-justify\">2 Tiras de etiquetado.<\/li>\n<li class=\"ql-align-justify\">2 Resistencias de 3,9 kOhm.<\/li>\n<\/ul>\n<p>&nbsp;<\/p>\n<\/div>\n<\/div>\n<hr class=\"padding-bottom-2x\" \/>\n<div class=\"row align-items-center padding-bottom-2x\">\n<div class=\"col-md-5\"><img decoding=\"async\" class=\"d-block m-auto img-thumbnail\" src=\"https:\/\/tvc.mx\/media\/82476\/NZM-0002-A.config7.png\" alt=\" \" \/><\/div>\n<div class=\"col-md-7 text-md-left text-center\">\n<h2>Caracter\u00edsticas y Especificaciones<\/h2>\n<p class=\"text-muted\">\n<p class=\"ql-align-justify\"><strong>Nota: NZM 0002 A M\u00f3dulo zonas dispositivos notificaci\u00f3n para conectar 2 l\u00edneas independientes de zonas de notificaci\u00f3n de aplicaciones, lo que proporciona 2 l\u00edneas primarias controladas.<\/strong><\/p>\n<p class=\"ql-align-justify\"><strong>N\u00famero de pedido: NZM 0002.<\/strong><\/p>\n<p class=\"ql-align-justify\"><strong>Principales\u00a0<\/strong><strong>Caracter\u00edsticas<\/strong><\/p>\n<ul>\n<li class=\"ql-align-justify\">Control supervisado de dispositivos de se\u00f1alizaci\u00f3n mediante la inversi\u00f3n de polaridad de la tensi\u00f3n.<\/li>\n<li class=\"ql-align-justify\">Sistema listo para funcionar, gracias a su tecnolog\u00eda\u00bbplug-and-play\u00bb y a los bloques de terminales enchufables.<\/li>\n<\/ul>\n<p class=\"ql-align-justify\"><strong>Especificaciones<\/strong><\/p>\n<p class=\"ql-align-justify\"><strong>El\u00e9ctricas<\/strong><\/p>\n<ul>\n<li class=\"ql-align-justify\">Tensi\u00f3n de entrada De 20 V CC a 30 V CC\/ 5 V CC \u00b15 %.<\/li>\n<\/ul>\n<p class=\"ql-align-justify\"><strong>Consumo de corriente m\u00e1ximo<\/strong><\/p>\n<ul>\n<li class=\"ql-align-justify\">En reposo (2 zonas) 40 mA (a 24 V CC).<\/li>\n<li class=\"ql-align-justify\">Alarma (2 zonas) 65 mA (a 24 V CC).<\/li>\n<li class=\"ql-align-justify\">Tensi\u00f3n m\u00ednima de salida 20,2 V CC.<\/li>\n<li class=\"ql-align-justify\">Tensi\u00f3n m\u00e1xima de salida 29,5 V CC.<\/li>\n<li class=\"ql-align-justify\">Corriente de salida m\u00e1xima para suministro de alimentaci\u00f3n a trav\u00e9s del ra\u00edl 500 mA por cada l\u00ednea de \u00e1rea de notificaci\u00f3n de aplicaciones (en caso de que se produzca una alarma).<\/li>\n<li class=\"ql-align-justify\">Corriente de salida m\u00e1xima para suministro de alimentaci\u00f3n externo 2,8 A por cada l\u00ednea de \u00e1rea de notificaci\u00f3n de aplicaciones (en caso de que se produzca una alarma).<\/li>\n<li class=\"ql-align-justify\">Longitud de cable m\u00e1xima En funci\u00f3n del tipo y n\u00famero de dispositivos de se\u00f1alizaci\u00f3n conectados.<\/li>\n<\/ul>\n<p class=\"ql-align-justify\"><strong>Mec\u00e1nicos<\/strong><\/p>\n<ul>\n<li class=\"ql-align-justify\">Elementos de funcionamiento\/ indicadores 4 LED (2 rojos, 2 amarillos) 2 teclas (prueba de LED).<\/li>\n<li class=\"ql-align-justify\">Material de la carcasa Pl\u00e1stico ABS, Polylac PA\u2011766.<\/li>\n<li class=\"ql-align-justify\">Color de la carcasa Acabado satinado en antracita, RAL 7016.<\/li>\n<li class=\"ql-align-justify\">Dimensiones Aprox. 127 x 96 x 60 mm.<\/li>\n<li class=\"ql-align-justify\">Peso Aprox. 135 g.<\/li>\n<\/ul>\n<p class=\"ql-align-justify\"><strong>Ambientales<\/strong><\/p>\n<ul>\n<li class=\"ql-align-justify\">Temperatura de funcionamiento permitida: De -5 \u00b0C a 50 \u00b0C.<\/li>\n<li class=\"ql-align-justify\">Temperatura de almacenamiento permitida: De -20 \u00b0C a 60 \u00b0C<\/li>\n<li class=\"ql-align-justify\">Humedad relativa permitida 95%, sin condensaci\u00f3n<\/li>\n<li class=\"ql-align-justify\">Clase de protecci\u00f3n seg\u00fan IEC 60529: IP 30.<\/li>\n<\/ul>\n<\/div>\n<\/div>\n","protected":false},"excerpt":{"rendered":"<p>NZM 0002 A M\u00f3dulo zonas dispositivos notificaci &nbsp; Resumen del sistema El m\u00f3dulo de \u00e1reas de notificaci\u00f3n de aplicaciones NZM 0002 A proporciona dos l\u00edneas primarias controladas. Esto permite conectar dos l\u00edneas independientes de \u00e1reas de notificaci\u00f3n de aplicaciones. Conexi\u00f3n de los siguientes equipos: Sirenas&hellip;<\/p>\n","protected":false},"featured_media":6006,"comment_status":"open","ping_status":"closed","template":"","meta":{"om_disable_all_campaigns":false,"_monsterinsights_skip_tracking":false,"_monsterinsights_sitenote_active":false,"_monsterinsights_sitenote_note":"","_monsterinsights_sitenote_category":0},"product_brand":[],"product_cat":[505],"product_tag":[495,497,498,499,500,501,496,502],"class_list":{"0":"post-6007","1":"product","2":"type-product","3":"status-publish","4":"has-post-thumbnail","6":"product_cat-modulos-bosch-incendio-2","7":"product_tag-control-de-incendio","8":"product_tag-detectores","9":"product_tag-estacion-manual","10":"product_tag-estrobos-y-sirenas","11":"product_tag-modulos","12":"product_tag-paneles-de-control","13":"product_tag-sistemas-de-incendio","14":"product_tag-teclados","16":"first","17":"instock","18":"sale","19":"taxable","20":"shipping-taxable","21":"purchasable","22":"product-type-simple"},"aioseo_notices":[],"_links":{"self":[{"href":"https:\/\/tecsecmty.com\/index.php\/wp-json\/wp\/v2\/product\/6007","targetHints":{"allow":["GET"]}}],"collection":[{"href":"https:\/\/tecsecmty.com\/index.php\/wp-json\/wp\/v2\/product"}],"about":[{"href":"https:\/\/tecsecmty.com\/index.php\/wp-json\/wp\/v2\/types\/product"}],"replies":[{"embeddable":true,"href":"https:\/\/tecsecmty.com\/index.php\/wp-json\/wp\/v2\/comments?post=6007"}],"version-history":[{"count":0,"href":"https:\/\/tecsecmty.com\/index.php\/wp-json\/wp\/v2\/product\/6007\/revisions"}],"wp:featuredmedia":[{"embeddable":true,"href":"https:\/\/tecsecmty.com\/index.php\/wp-json\/wp\/v2\/media\/6006"}],"wp:attachment":[{"href":"https:\/\/tecsecmty.com\/index.php\/wp-json\/wp\/v2\/media?parent=6007"}],"wp:term":[{"taxonomy":"product_brand","embeddable":true,"href":"https:\/\/tecsecmty.com\/index.php\/wp-json\/wp\/v2\/product_brand?post=6007"},{"taxonomy":"product_cat","embeddable":true,"href":"https:\/\/tecsecmty.com\/index.php\/wp-json\/wp\/v2\/product_cat?post=6007"},{"taxonomy":"product_tag","embeddable":true,"href":"https:\/\/tecsecmty.com\/index.php\/wp-json\/wp\/v2\/product_tag?post=6007"}],"curies":[{"name":"wp","href":"https:\/\/api.w.org\/{rel}","templated":true}]}}