{"id":601,"date":"2023-02-14T04:23:54","date_gmt":"2023-02-14T04:23:54","guid":{"rendered":"https:\/\/tecsecmty.com\/?post_type=product&#038;p=601"},"modified":"2023-03-22T23:20:36","modified_gmt":"2023-03-23T05:20:36","slug":"kit-solar-ip-all-in-one-camara-bala-2-megapixel-darkfighter-lente-2-8-mm-panel-solar-bateria-de-respaldo-hasta-60-dias-conexion-4g-accesorios-de-instalacion","status":"publish","type":"product","link":"https:\/\/tecsecmty.com\/index.php\/producto\/kit-solar-ip-all-in-one-camara-bala-2-megapixel-darkfighter-lente-2-8-mm-panel-solar-bateria-de-respaldo-hasta-60-dias-conexion-4g-accesorios-de-instalacion\/","title":{"rendered":"Kit Solar IP All in One \/ Camara Bala 2 Megapixel DarkFighter \/ Lente 2.8 mm \/ Panel Solar \/ Bateria de Respaldo (Hasta 60 Dias) \/ Conexion 4G \/ Accesorios de Instalacion"},"content":{"rendered":"<div class=\"container\">\n<div class=\"row\">\n<div class=\"col-md-12\">\n<div class=\"row\">\n<div class=\"row\">\n<div class=\"col-md-12\">\n<h4 class=\"text-primary center info-text\" style=\"text-align: center;\">Informaci\u00f3n de Producto<\/h4>\n<\/div>\n<\/div>\n<div class=\"row\" style=\"text-align: center;\">\n<div class=\"col-md-12\">\n<h3>Kit Solar IP All in One \/ C\u00e1mara Bala 2 Megapixel DarkFighter \/ Lente 2.8 mm \/ Panel Solar \/ Bater\u00eda de Respaldo (Hasta 60 D\u00edas) \/ Conexi\u00f3n 4G \/ Accesorios de Instalaci\u00f3n<\/h3>\n<\/div>\n<\/div>\n<div id=\"producto_container\" class=\"row\" style=\"text-align: center;\">\n<div class=\"col-md-4\"><img decoding=\"async\" class=\"img-responsive center-block\" src=\"https:\/\/ftp3.syscom.mx\/usuarios\/fotos\/BancoFotografiasSyscom\/HIKVISION\/DS2XS6A25G0I_CH20S40_K\/DS2XS6A25G0I_CH20S40_K-p.PNG\" alt=\"DS-2XS6A25G0-I\/CH20S40\/K\" \/><\/p>\n<div class=\"row\">\n<div id=\"galerias\" class=\"col-sm-12\"><\/div>\n<\/div>\n<\/div>\n<div class=\"col-md-4\">\n<div><img decoding=\"async\" class=\"img-responsive img-thumbnail\" src=\"https:\/\/ftp3.syscom.mx\/usuarios\/fotos\/logotipos\/hikvision.png\" \/><\/div>\n<div><img decoding=\"async\" class=\"icono_info_product\" src=\"https:\/\/ftp3.syscom.mx\/usuarios\/ftp\/syscom_mx\/5-12-14-42-4g.png\" \/><img decoding=\"async\" class=\"icono_info_product\" src=\"https:\/\/ftp3.syscom.mx\/cdn-cgi\/image\/format=auto,width=75\/usuarios\/ftp\/syscom_mx\/2-11-9-0-darkfighter-1(1).png?v=1612483410?v=1.05\" \/><\/div>\n<div>\n<p>Modelo:\u00a0<span class=\"modelo-marca\">DS-2XS6A25G0-I\/CH20S40\/K<\/span><\/p>\n<p>Marca:\u00a0<span class=\"modelo-marca\">HIKVISION<\/span><\/p>\n<\/div>\n<div>\n<h2 class=\"no_margin_top\"><\/h2>\n<\/div>\n<\/div>\n<\/div>\n<\/div>\n<div class=\"row \" style=\"text-align: center;\">\n<div class=\"col-md-12\">\n<div class=\"row\">\n<h3 class=\"text-primary\">Especificaciones:<\/h3>\n<\/div>\n<div class=\"row well\">\n<p><img decoding=\"async\" class=\"fr-fic fr-dii\" src=\"https:\/\/ftp3.syscom.mx\/usuarios\/jsosa\/HIKVISION\/imagenes\/logo\/hikvision%20see%20far.png\" \/><\/p>\n<div class=\"row\"><\/div>\n<div class=\"row\">\n<div class=\"col-sm-4\">\n<div><strong>Caracter\u00edsticas principales:<\/strong><\/p>\n<ul>\n<li>Sensor de imagen: 1\/2.8&#8243; CMOS Scan Progresivo.<\/li>\n<li>Iluminaci\u00f3n m\u00ednima: Color: 0.004 Lux @ (F1.4, AGC ON).<\/li>\n<li>Distancia focal: 2.8 mm.<\/li>\n<li>Distancia de IR: 30 m IR EXIR inteligente.<\/li>\n<li>Dia \/ Noche real (filtro ICR).<\/li>\n<li>Funciones : WDR real (120 dB) \/ 3D-DNR \/ EIS \/ HLC \/ BLC<\/li>\n<li>Detecci\u00f3n de cambio de escena \/ Equipaje desatendido \/ Cruce de linea \/ Detecci\u00f3n de intrusi\u00f3n.<\/li>\n<li>Ranura para SIM de datos (4G).<\/li>\n<\/ul>\n<\/div>\n<\/div>\n<div class=\"col-sm-4\">\n<div><strong>Caracter\u00edsticas F\u00edsicas y El\u00e9ctricas:<\/strong><\/p>\n<ul>\n<li>Aplicaci\u00f3n: Interior \/ Exterior.<\/li>\n<li>Protecci\u00f3n: IP67.<\/li>\n<li>Temperatura de operaci\u00f3n: -40\u00b0C a 70\u00b0C.<\/li>\n<li>Alimentaci\u00f3n \/ Consumo: 12 Vcc.<\/li>\n<li>Dimensiones: 29.9&#8243; \u00d7 28.8&#8243; \u00d7 23.1&#8243;<\/li>\n<li>Peso: 12.96 kgs.<\/li>\n<li>Garant\u00eda: 5 a\u00f1os.<\/li>\n<li><strong>Incluye:<\/strong>\u00a0c\u00e1mara, panel solar, bater\u00eda de respaldo, montaje de poste, brazo para camara y panel.<\/li>\n<\/ul>\n<p><strong>Interfaces:<\/strong><\/p>\n<ul>\n<li>Red: 1 puerto RJ45 (10 \/ 100 Mbps).<\/li>\n<\/ul>\n<\/div>\n<\/div>\n<div class=\"col-sm-4\">\n<div><strong>Bater\u00eda:<\/strong><\/p>\n<ul>\n<li>Tipo: Litio<\/li>\n<li>Capacidad de carga: 20Ah<\/li>\n<li>Voltaje m\u00e1ximo de carga: 12.6 V<\/li>\n<li>Temperatura de operaci\u00f3n: -5\u00b0C a 60\u00b0C.<\/li>\n<li>Ciclos de vida: +800<\/li>\n<\/ul>\n<\/div>\n<\/div>\n<\/div>\n<p>&nbsp;<\/p>\n<div class=\"row\">\n<div class=\"col-sm-12\">\n<div><strong>Funciones de red y almacenamiento:<\/strong><\/p>\n<ul>\n<li>Protocolos:\u00a0IPv4\/IPv6, HTTP, HTTPS, 802.1x, Qos, FTP, SMTP, UPnP, SNMP, DNS, DDNS, NTP, RTSP,RTCP, RTP, TCP\/IP, DHCP, PPPoE, UDP, IGMP, ICMP, Bonjour<\/li>\n<li>Soporta ONVIF (Profile S, Profile G, Profile T) \/ ISAPI \/ SDK.<\/li>\n<li>Soporta NAS.<\/li>\n<li>Soporta navegadores Chrome, IE, Mozilla, Safari.<\/li>\n<li>Soporta triple streaming.<\/li>\n<li>Soporta 6 usuarios simult\u00e1neos.<\/li>\n<li>Soporta Micro SD de hasta 256 GB (no incluida).<\/li>\n<\/ul>\n<\/div>\n<\/div>\n<\/div>\n<p>&nbsp;<\/p>\n<p><img decoding=\"async\" class=\"fr-fic fr-dii\" src=\"https:\/\/ftp3.syscom.mx\/usuarios\/fotos\/DS2XS6A25G0I\/CH20S40\/K\/197957-presentacio%CC%81n1.png\" \/><\/p>\n<div class=\"row\">\n<div class=\"col-sm-12\">\n<div><strong>NUEVAS estaciones aut\u00f3nomas alimentadas por energ\u00eda solar para sitios temporales y ubicaciones remotas que no cuentan con red o conexiones el\u00e9ctricas tradicionales.<\/strong>El kit de c\u00e1mara solar 4G de Hikvision incluye todos los componentes necesarios para brindar seguridad en sitios remotos o ubicaciones temporales que no tienen acceso a una red o energ\u00eda. Esto incluye sitios de construcci\u00f3n, eventos especiales al aire libre, aplicaciones de granjas y ranchos, y m\u00e1s. El primero de su tipo para la industria, algunos los beneficios son:<\/p>\n<ul>\n<li>Reduzca el costo de instalaci\u00f3n al no tener que tirar ning\u00fan cable.<\/li>\n<li>Mitigue el riesgo de perderse un evento en un \u00e1rea que no puede soportar la instalaci\u00f3n de una c\u00e1mara al\u00e1mbrica.<\/li>\n<li>Mejore su plan de seguridad general al poder ver \u00e1reas que nunca antes podr\u00eda haber visto.<\/li>\n<li>Cumpla con las normas que te obligan a ver todo el per\u00edmetro de tu propiedad en todo momento.<\/li>\n<li>Reduzca el riesgo de un reclamo de responsabilidad falso agregando c\u00e1maras a \u00e1reas que antes no se pod\u00edan ver.<\/li>\n<\/ul>\n<p>&nbsp;<\/p>\n<\/div>\n<\/div>\n<\/div>\n<p>&nbsp;<\/p>\n<h1><strong>Recursos<\/strong><\/h1>\n<p>&nbsp;<\/p>\n<div class=\"row default_margin_bottom\">\n<div class=\"col-sm-4\"><a href=\"https:\/\/www.hikvision.com\/es-la\/support\/download\/software\/ivms4200-series\/?q=serie%20ivms4200&amp;position=1\" target=\"_blank\" rel=\"noopener\"><img decoding=\"async\" class=\"img-responsive\" src=\"https:\/\/ftp3.syscom.mx\/usuarios\/gmagos\/HIK\/IP\/IPC\/Imagenes%20pagina\/Descargas%20IVMS4200.jpg\" \/><\/a><\/div>\n<div class=\"col-sm-4\"><a href=\"https:\/\/appstore.hikvision.com\/\" target=\"_blank\" rel=\"noopener\"><img decoding=\"async\" class=\"img-responsive\" src=\"https:\/\/ftp3.syscom.mx\/usuarios\/gmagos\/HIK\/IP\/IPC\/Imagenes%20pagina\/Descargas%20de%20app.jpg\" \/><\/a><\/div>\n<div class=\"col-sm-4\"><a href=\"https:\/\/ftp3.syscom.mx\/usuarios\/ftp\/2021\/03\/19\/15437\/DS-2XS6A25G0-I_CH20S40_Datasheet_V5.5.111_20201107.pdf\" target=\"_blank\" rel=\"noopener\"><img decoding=\"async\" class=\"img-responsive\" src=\"https:\/\/ftp3.syscom.mx\/usuarios\/gmagos\/HIK\/IP\/IPC\/Imagenes%20pagina\/Descarga%20de%20PDF.jpg\" \/><\/a><\/div>\n<\/div>\n<p>&nbsp;<\/p>\n<p>&#8212;<\/p>\n<p><img decoding=\"async\" class=\"fr-fic fr-dii\" src=\"https:\/\/ftp3.syscom.mx\/usuarios\/fotos\/DS2XS6A25G0I\/CH20S40\/K\/197957-presentacio%CC%81n5.png\" \/><\/p>\n<p><img decoding=\"async\" class=\"fr-fic fr-dii\" src=\"https:\/\/ftp3.syscom.mx\/usuarios\/fotos\/DS2XS6A25G0I\/CH20S40\/K\/197957-presentacio%CC%81n6.png\" \/><\/p>\n<p><img decoding=\"async\" class=\"fr-fic fr-dii\" src=\"https:\/\/ftp3.syscom.mx\/usuarios\/fotos\/DS2XS6A25G0I\/CH20S40\/K\/197957-presentacio%CC%81n4.png\" \/><\/p>\n<p><strong>Nota: El SIM no esta incluido en el kit, debe ser adquirido por separado.<\/strong><\/p>\n<p>&nbsp;<\/p>\n<p><img decoding=\"async\" class=\"fr-fic fr-dii\" src=\"https:\/\/ftp3.syscom.mx\/usuarios\/jsosa\/HIKVISION\/imagenes\/banners\/solution%20complete.png\" \/><\/p>\n<p>&nbsp;<\/p>\n<\/div>\n<\/div>\n<\/div>\n<\/div>\n<\/div>\n<\/div>\n<p><img decoding=\"async\" class=\"aligncenter\" src=\"https:\/\/tracker.metricool.com\/c3po.jpg?hash=95c94f37730bb8f54dd4308f1f878f9\" \/><\/p>\n","protected":false},"excerpt":{"rendered":"<p>Informaci\u00f3n de Producto Kit Solar IP All in One \/ C\u00e1mara Bala 2 Megapixel DarkFighter \/ Lente 2.8 mm \/ Panel Solar \/ Bater\u00eda de Respaldo (Hasta 60 D\u00edas) \/ Conexi\u00f3n 4G \/ Accesorios de Instalaci\u00f3n Modelo:\u00a0DS-2XS6A25G0-I\/CH20S40\/K Marca:\u00a0HIKVISION Especificaciones: Caracter\u00edsticas principales: Sensor de imagen: 1\/2.8&#8243;&hellip;<\/p>\n","protected":false},"featured_media":704,"comment_status":"open","ping_status":"closed","template":"","meta":{"om_disable_all_campaigns":false,"_monsterinsights_skip_tracking":false,"_monsterinsights_sitenote_active":false,"_monsterinsights_sitenote_note":"","_monsterinsights_sitenote_category":0},"product_brand":[],"product_cat":[35],"product_tag":[38,37,36],"class_list":{"0":"post-601","1":"product","2":"type-product","3":"status-publish","4":"has-post-thumbnail","6":"product_cat-hik-vision","7":"product_tag-camaras-de-seguridad","8":"product_tag-hikvision","9":"product_tag-kit-4-cameras-hiklook","11":"first","12":"instock","13":"taxable","14":"shipping-taxable","15":"product-type-simple"},"aioseo_notices":[],"_links":{"self":[{"href":"https:\/\/tecsecmty.com\/index.php\/wp-json\/wp\/v2\/product\/601","targetHints":{"allow":["GET"]}}],"collection":[{"href":"https:\/\/tecsecmty.com\/index.php\/wp-json\/wp\/v2\/product"}],"about":[{"href":"https:\/\/tecsecmty.com\/index.php\/wp-json\/wp\/v2\/types\/product"}],"replies":[{"embeddable":true,"href":"https:\/\/tecsecmty.com\/index.php\/wp-json\/wp\/v2\/comments?post=601"}],"version-history":[{"count":0,"href":"https:\/\/tecsecmty.com\/index.php\/wp-json\/wp\/v2\/product\/601\/revisions"}],"wp:featuredmedia":[{"embeddable":true,"href":"https:\/\/tecsecmty.com\/index.php\/wp-json\/wp\/v2\/media\/704"}],"wp:attachment":[{"href":"https:\/\/tecsecmty.com\/index.php\/wp-json\/wp\/v2\/media?parent=601"}],"wp:term":[{"taxonomy":"product_brand","embeddable":true,"href":"https:\/\/tecsecmty.com\/index.php\/wp-json\/wp\/v2\/product_brand?post=601"},{"taxonomy":"product_cat","embeddable":true,"href":"https:\/\/tecsecmty.com\/index.php\/wp-json\/wp\/v2\/product_cat?post=601"},{"taxonomy":"product_tag","embeddable":true,"href":"https:\/\/tecsecmty.com\/index.php\/wp-json\/wp\/v2\/product_tag?post=601"}],"curies":[{"name":"wp","href":"https:\/\/api.w.org\/{rel}","templated":true}]}}