{"id":6013,"date":"2023-02-23T11:44:57","date_gmt":"2023-02-23T17:44:57","guid":{"rendered":"https:\/\/tecsecmty.com\/index.php\/producto\/bosch-f_prs0002c-rail-de-central-corto-para-panel-fpa5000\/"},"modified":"2023-03-22T23:21:16","modified_gmt":"2023-03-23T05:21:16","slug":"bosch-f_prs0002c-rail-de-central-corto-para-panel-fpa5000","status":"publish","type":"product","link":"https:\/\/tecsecmty.com\/index.php\/producto\/bosch-f_prs0002c-rail-de-central-corto-para-panel-fpa5000\/","title":{"rendered":"BOSCH F_PRS0002C &#8211; Rail de central corto para panel FPA5000"},"content":{"rendered":"<div class=\"row aling-items-center padding-bottom-2x\">\n<div class=\"col-lg-12\">\n<h5 class=\"card-title text-center\">PRS-0002-C Ra\u00edl de central corto<\/h5>\n<p class=\"ql-align-justify\">\n<p><img decoding=\"async\" class=\"overview-center-img- aligncenter\" src=\"https:\/\/tvc.mx\/media\/11974\/Logoopaginas-oficial.png\" alt=\"\" \/><\/div>\n<\/div>\n<div class=\"row align-items-center padding-bottom-2x\">\n<div class=\"col-md-5\"><img decoding=\"async\" class=\"d-block m-auto img-thumbnail\" src=\"https:\/\/tvc.mx\/media\/83660\/PRS-0002-C.config5.png\" alt=\" \" \/><\/div>\n<div class=\"col-md-7 text-md-left text-center\">\n<h2>Resumen del sistema<\/h2>\n<p class=\"text-muted\">\n<p><strong>El ra\u00edl de central corto y el ra\u00edl de central largo son elementos plug-and-play fabricados con pl\u00e1stico reforzado con fibra de vidrio para dos o cuatro m\u00f3dulos.\u00a0<\/strong>La alimentaci\u00f3n para ambos m\u00f3dulos y todo el flujo de datos entre el m\u00f3dulo y el panel de control se consiguen mediante los contactos de los enchufes del ra\u00edl.<\/p>\n<p>&nbsp;<\/p>\n<\/div>\n<\/div>\n<hr class=\"padding-bottom-2x\" \/>\n<div class=\"row align-items-center padding-bottom-2x\">\n<div class=\"col-md-5 order-md-2\"><img decoding=\"async\" class=\"d-block m-auto img-thumbnail\" src=\"https:\/\/tvc.mx\/media\/83664\/PRS-0002-C.config6.png\" alt=\" \" \/><\/div>\n<div class=\"col-md-7 order-md-1 text-md-left text-center\">\n<h2>Funciones b\u00e1sicas<\/h2>\n<p class=\"text-muted\">\n<p class=\"ql-align-justify\"><strong>Los ra\u00edles de central reciben una alimentaci\u00f3n de 24 V mediante el m\u00f3dulo controlador de bater\u00edas BCM-0000-B y disponen de un transformador CC\/CC integrado que genera la tensi\u00f3n en funcionamiento de 5 V que necesitan los m\u00f3dulos.<\/strong><\/p>\n<p class=\"ql-align-justify\"><strong>PRS-0002-C Ra\u00edl de central corto<\/strong><\/p>\n<p class=\"ql-align-justify\">El ra\u00edl de central corto dispone de dos ranuras para m\u00f3dulos. Debido a que se encuentra oculto detr\u00e1s de la unidad de funcionamiento y visualizaci\u00f3n con controlador de la central, el ra\u00edl de central corto est\u00e1 destinado al montaje de los siguientes m\u00f3dulos sin elementos de funcionamiento y visualizaci\u00f3n:<\/p>\n<ul>\n<li class=\"ql-align-justify\">BCM-0000-B M\u00f3dulo controlador de bater\u00edas.<\/li>\n<li class=\"ql-align-justify\">IOS 0020 A e IOS 0232 A M\u00f3dulos de comunicaci\u00f3n.<\/li>\n<\/ul>\n<p class=\"ql-align-justify\"><strong>Piezas incluidas<\/strong><\/p>\n<ul>\n<li class=\"ql-align-justify\">1 PRS-0002-C Ra\u00edl de central corto, para 2 m\u00f3dulos.<\/li>\n<\/ul>\n<p>&nbsp;<\/p>\n<\/div>\n<\/div>\n<hr class=\"padding-bottom-2x\" \/>\n<div class=\"row align-items-center padding-bottom-2x\">\n<div class=\"col-md-5\"><img decoding=\"async\" class=\"d-block m-auto img-thumbnail\" src=\"https:\/\/tvc.mx\/media\/83668\/PRS-0002-C.config7.png\" alt=\" \" \/><\/div>\n<div class=\"col-md-7 text-md-left text-center\">\n<h2>Caracter\u00edsticas y Especificaciones<\/h2>\n<p class=\"text-muted\">\n<p class=\"ql-align-justify\"><strong>Nota: PRS-0002-C Ra\u00edl de central corto Dispone de ranuras para hasta 2 m\u00f3dulos.<\/strong><\/p>\n<p class=\"ql-align-justify\"><strong>N\u00famero de pedido: PRS-0002-C.<\/strong><\/p>\n<p class=\"ql-align-justify\"><strong>Principales Caracter\u00edsticas<\/strong><\/p>\n<ul>\n<li class=\"ql-align-justify\">Ra\u00edles plug-and-play.<\/li>\n<li class=\"ql-align-justify\">Adecuado para dos o cuatro m\u00f3dulos.<\/li>\n<\/ul>\n<p class=\"ql-align-justify\"><strong>Especificaciones<\/strong><\/p>\n<p class=\"ql-align-justify\"><strong>T\u00e9cnicas<\/strong><\/p>\n<ul>\n<li class=\"ql-align-justify\">Datos el\u00e9ctricos Tensi\u00f3n de entrada 24 V CC mediante BCM-0000-B Tensi\u00f3n de salida.<\/li>\n<li class=\"ql-align-justify\">24 V CC mediante BCM-0000-B.<\/li>\n<li class=\"ql-align-justify\">5 V CC mediante transformador CC\/CC.<\/li>\n<\/ul>\n<p class=\"ql-align-justify\"><strong>Mec\u00e1nicos<\/strong><\/p>\n<ul>\n<li class=\"ql-align-justify\">Material Pl\u00e1stico ABS, Polylac PA-766 (UL94 V\u20110) Color<\/li>\n<li class=\"ql-align-justify\">Acabado satinado en antracita, RAL 7016.<\/li>\n<\/ul>\n<p class=\"ql-align-justify\"><strong>Ambientales<\/strong><\/p>\n<ul>\n<li class=\"ql-align-justify\">Temperatura de funcionamiento permitida: De -5 \u00b0C a 50 \u00b0C (de 23 \u00b0F a 122 \u00b0F).<\/li>\n<li class=\"ql-align-justify\">Temperatura de almacenamiento permitida: De -20 \u00b0C a 60 \u00b0C (de -4 \u00b0F a 140 \u00b0F.<\/li>\n<\/ul>\n<\/div>\n<\/div>\n","protected":false},"excerpt":{"rendered":"<p>PRS-0002-C Ra\u00edl de central corto Resumen del sistema El ra\u00edl de central corto y el ra\u00edl de central largo son elementos plug-and-play fabricados con pl\u00e1stico reforzado con fibra de vidrio para dos o cuatro m\u00f3dulos.\u00a0La alimentaci\u00f3n para ambos m\u00f3dulos y todo el flujo de datos&hellip;<\/p>\n","protected":false},"featured_media":6012,"comment_status":"open","ping_status":"closed","template":"","meta":{"om_disable_all_campaigns":false,"_monsterinsights_skip_tracking":false,"_monsterinsights_sitenote_active":false,"_monsterinsights_sitenote_note":"","_monsterinsights_sitenote_category":0},"product_brand":[],"product_cat":[505],"product_tag":[495,497,498,499,500,501,496,502],"class_list":{"0":"post-6013","1":"product","2":"type-product","3":"status-publish","4":"has-post-thumbnail","6":"product_cat-modulos-bosch-incendio-2","7":"product_tag-control-de-incendio","8":"product_tag-detectores","9":"product_tag-estacion-manual","10":"product_tag-estrobos-y-sirenas","11":"product_tag-modulos","12":"product_tag-paneles-de-control","13":"product_tag-sistemas-de-incendio","14":"product_tag-teclados","16":"first","17":"instock","18":"sale","19":"taxable","20":"shipping-taxable","21":"purchasable","22":"product-type-simple"},"aioseo_notices":[],"_links":{"self":[{"href":"https:\/\/tecsecmty.com\/index.php\/wp-json\/wp\/v2\/product\/6013","targetHints":{"allow":["GET"]}}],"collection":[{"href":"https:\/\/tecsecmty.com\/index.php\/wp-json\/wp\/v2\/product"}],"about":[{"href":"https:\/\/tecsecmty.com\/index.php\/wp-json\/wp\/v2\/types\/product"}],"replies":[{"embeddable":true,"href":"https:\/\/tecsecmty.com\/index.php\/wp-json\/wp\/v2\/comments?post=6013"}],"version-history":[{"count":0,"href":"https:\/\/tecsecmty.com\/index.php\/wp-json\/wp\/v2\/product\/6013\/revisions"}],"wp:featuredmedia":[{"embeddable":true,"href":"https:\/\/tecsecmty.com\/index.php\/wp-json\/wp\/v2\/media\/6012"}],"wp:attachment":[{"href":"https:\/\/tecsecmty.com\/index.php\/wp-json\/wp\/v2\/media?parent=6013"}],"wp:term":[{"taxonomy":"product_brand","embeddable":true,"href":"https:\/\/tecsecmty.com\/index.php\/wp-json\/wp\/v2\/product_brand?post=6013"},{"taxonomy":"product_cat","embeddable":true,"href":"https:\/\/tecsecmty.com\/index.php\/wp-json\/wp\/v2\/product_cat?post=6013"},{"taxonomy":"product_tag","embeddable":true,"href":"https:\/\/tecsecmty.com\/index.php\/wp-json\/wp\/v2\/product_tag?post=6013"}],"curies":[{"name":"wp","href":"https:\/\/api.w.org\/{rel}","templated":true}]}}